{"id":165,"date":"2014-11-26T15:37:33","date_gmt":"2014-11-26T15:37:33","guid":{"rendered":"http:\/\/md.rcm.upr.edu\/50years\/?page_id=165"},"modified":"2020-10-01T16:45:03","modified_gmt":"2020-10-01T16:45:03","slug":"personalidades","status":"publish","type":"page","link":"https:\/\/md.rcm.upr.edu\/50years\/personalidades\/","title":{"rendered":"Personalidades"},"content":{"rendered":"<div class=\"wpb-content-wrapper\"><p>[vc_row][vc_column width=&#8221;1\/4&#8243;][vc_single_image image=&#8221;169&#8243; img_size=&#8221;full&#8221; add_caption=&#8221;yes&#8221; alignment=&#8221;center&#8221; style=&#8221;vc_box_rounded&#8221;][\/vc_column][vc_column width=&#8221;3\/4&#8243;][vc_column_text]<\/p>\n<p style=\"text-align: justify;\"><strong>Conrado F. Asenjo<\/strong><\/p>\n<p style=\"text-align: justify;\">Por: Aura Jim\u00e9nez de Panepinto<\/p>\n<p style=\"text-align: justify;\">El Dr. Conrado F. Asenjo naci\u00f3 en San Juan, Puerto Rico, el 6 de diciembre de 1908. Luego de terminar sus estudios de escuela superior en su ciudad natal, se traslad\u00f3 a Nueva York para proseguir sus estudios universitarios. Hizo sus estudios de bachillerato en ingenier\u00eda qu\u00edmica en el Instituto Polit\u00e9cnico de Rensselair en la ciudad de Troy. Curs\u00f3 sus estudios graduados hacia la maestr\u00eda y doctorado en filosof\u00eda en la Universidad de Wisconsin,especializ\u00e1ndose en fitoqu\u00edmica y bioqu\u00edmica. Hizo estudios pos doctorales en campus cient\u00edficos tales como patolog\u00eda cl\u00ednica, nutrici\u00f3n, farmacolog\u00eda, adiestramiento en radiois\u00f3topos e investigaciones en inmunolog\u00eda.<\/p>\n<p style=\"text-align: justify;\">Durante el verano de 1931-1932, estando en su tercer a\u00f1o de ingenier\u00eda qu\u00edmica, decide hacer su tesis de grado en el contenido de vitamina A del aceite de tibur\u00f3n. Su inter\u00e9s lo lleva a ponerse en contacto con el Dr. Joseph H. Axtmayer en la Escuela de Medicina Tropical de Puerto Rico. El doctor Axtmayer hab\u00eda realizado estudios del contenido de vitamina A del achiote. Bajo la tutela de \u00e9ste, es que se inicia el doctor Asenjo en la investigaci\u00f3n cient\u00edfica.<\/p>\n<p style=\"text-align: justify;\">Al terminar sus estudios, regresa a Puerto Rico y aceptado para formar parte del personal t\u00e9cnico de la Escuela de Medicina Tropical. Con el correr del tiempo, lleg\u00f3 a ser profesor asociado y jefe del Departamento de Qu\u00edmica y Nutrici\u00f3n de la Escuela.<\/p>\n<p style=\"text-align: justify;\">En la Escuela de Medicina de la Universidad de Puerto Rico en 1962, fue nombrado profesor de bioqu\u00edmica y nutrici\u00f3n. Ocup\u00f3 el puesto de decano asociado de esta Escuela desde 1966 hasta 1976. Dirigi\u00f3 adem\u00e1s la Escuela Graduada del Recinto de Ciencias M\u00e9dicas desde 1966 hasta 1972.<\/p>\n<p style=\"text-align: justify;\">Conocedor de la importancia que tiene la biblioteca para el investigador, foment\u00f3 el uso de \u00e9sta entre sus estudiantes. Coordinaba con las bibliotecarias para que le ofrecieran cursos a estos, de manera que los capacitaran para llevar a cabo sus estudios e investigaciones con \u00e9xito.<\/p>\n<p style=\"text-align: justify;\">El doctor Asenjo reconoci\u00f3 la capacidad de nuestra Biblioteca y la promocion\u00f3 dentro de la instituci\u00f3n y fuera de ella. Siempre que ten\u00eda visitantes, los llevaba a la Biblioteca para que pudieran apreciar los recursos bibliogr\u00e1ficos disponibles, de los cuales se sent\u00eda muy orgulloso.<\/p>\n<p style=\"text-align: justify;\">Desde el primer momento que se inici\u00f3 el plan de construcci\u00f3n del nuevo edificio del Recinto de Ciencias M\u00e9dicas, el doctor Asenjo estuvo \u00edntimamente involucrado en el mismo. El entonces Rector, Dr. Adan Nigaglioni, le encomend\u00f3 la tarea de trasladar todos los departamentos de la Escuela de Medicina al nuevo edificio. Tom\u00f3 especial inter\u00e9s en el traslado de la Biblioteca y los Departamentos de Ciencias B\u00e1sicas, pendiente siempre de que todo estuviera protegido y en su lugar apropiado.<\/p>\n<p style=\"text-align: justify;\">Su labor como investigador fue reconocida mundialmente, especialmente por su descubrimiento del contenido de vitamina C de la acerola. Puso muy en alto el nombre de Puerto Rico en m\u00faltiples congresos internacionales y por ende el Recinto de Ciencias M\u00e9dicas, al cual dedic\u00f3 toda su vida.<\/p>\n<p style=\"text-align: justify;\">La Biblioteca del Recinto de Ciencias M\u00e9dicas se siente muy honrada con llevar el nombre de tan insigne cient\u00edfico e investigador quien siempre contribuy\u00f3 a enriquecer sus recursos bibliogr\u00e1ficos.<\/p>\n<p>[\/vc_column_text][\/vc_column][\/vc_row][vc_row][vc_column width=&#8221;1\/4&#8243;][vc_empty_space][vc_single_image image=&#8221;168&#8243; img_size=&#8221;full&#8221; add_caption=&#8221;yes&#8221; alignment=&#8221;center&#8221; style=&#8221;vc_box_rounded&#8221;][\/vc_column][vc_column width=&#8221;3\/4&#8243;][vc_empty_space][vc_column_text]<strong>Coronel Bailey K. Ashford<\/strong><\/p>\n<p>Nace en Washington (D.C.) el 18 de septiembre de 1873 y fallece en 1934. Se grad\u00faa como m\u00e9dico en 1896 en la Universidad de Georgetown pasando en 1897 a formar parte, como m\u00e9dico, del ejercito de EEUU donde alcanza el grado de coronel. En 1898 llega con las tropas americanas y tras la guerra se dedica a estudiar las condiciones an\u00e9micas de los campesinos puertorrique\u00f1os, comprobando m\u00e1s tarde, que eran v\u00edctimas de la uncinariasis. Para controlar esta enfermedad realiza una campa\u00f1a de gran \u00e9xito. En 1911 funda junto a los doctores Pedro Guti\u00e9rrez Igaravidez e Isaac Gonz\u00e1lez Mart\u00ednez, el Instituto de Medicina Tropical, m\u00e1s tarde Escuela de Medicina de la UPR. Muere el 10 de septiembre de 1934.[\/vc_column_text][\/vc_column][\/vc_row][vc_row][vc_column width=&#8221;1\/4&#8243;][vc_empty_space][vc_single_image image=&#8221;170&#8243; img_size=&#8221;full&#8221; add_caption=&#8221;yes&#8221; alignment=&#8221;center&#8221; style=&#8221;vc_box_rounded&#8221;][\/vc_column][vc_column width=&#8221;3\/4&#8243;][vc_empty_space][vc_column_text]<strong>Jaime Ben\u00edtez<\/strong><\/p>\n<p>Jaime Ben\u00edtez, autor, acad\u00e9mico, pol\u00edtico, naci\u00f3 en octubre 29 de 1908 en Vieques, una isla peque\u00f1a cerca de veinte millas de las orillas de Puerto Rico. Su madre muri\u00f3 cuando \u00e9l ten\u00eda seis a\u00f1os de edad, y su padre muri\u00f3 un a\u00f1o m\u00e1s tarde. Le correspondi\u00f3 a su hermana mayor, que viv\u00eda en San Juan, Puerto Rico, el educarlo. Ben\u00edtez atendi\u00f3 a escuelas p\u00fablicas locales, pero en 1926 deja la isla para asistir a la universidad de Georgetown en Washington, D.C., en donde recibi\u00f3 un grado de LL.B. en 1930 y LL.M. en 1931. Ese mismo a\u00f1o pas\u00f3 el \u201cBar Examination\u201d del Districto de Columbia y volvi\u00f3 a Puerto Rico. Complet\u00f3 un M.A. en la universidad de Chicago en 1938.<\/p>\n<p>En 1931 Ben\u00edtez comenz\u00f3 una carrera en la educaci\u00f3n en la Universidad de Puerto Rico que transcurri\u00f3 cuatro d\u00e9cadas: fu\u00e9 profesor asociado de Ciencias Sociales y Pol\u00edticas (1931-1942), Rector (1942-1966), y Presidente del Sistema Universitario de Puerto Rico (1966-1971). Cuando Ben\u00edtez comenz\u00f3 a ense\u00f1ar, la universidad ten\u00eda tres mil estudiantes; para el momento en que \u00e9l se fu\u00e9, la universidad hab\u00eda crecido a cuarenta y cinco mil bajo su direcci\u00f3n.<\/p>\n<p>Ben\u00edtez ha publicado art\u00edculos, ensayos, y numerosos libros. Un contribuidor importante al desarrollo de la educaci\u00f3n superior en Puerto Rico, Benitez es el autor de un n\u00famero de libros que se refieren al sistema universitario, incluyendo Junto a la Torre \u2013 Jornadas de un Programa Universitario (1963); \u00c9tica y Estilo de la Universidad (1964); La Universidad del Futuro (1964); y Sobre el Futuro Cultural y Pol\u00edtico de Puerto Rico (1965).<\/p>\n<p>A partir de 1956 a 1971 era director y contribuidor a La Torre, revisi\u00f3n literaria de la Universidad de Puerto Rico. Adem\u00e1s de su carrera acad\u00e9mica, Ben\u00edtez tambi\u00e9n mantuvo un papel activo en numerosas organizaciones nacionales e internacionales: era miembro de la Comisi\u00f3n nacional de Estados Unidos para la Organizaci\u00f3n Educativa, Cient\u00edfica, y Cultural de las Naciones Unidas (la UNESCO) a partir de 1948 a 1954, y atendi\u00f3 a las convenciones de la UNESCO en Par\u00eds, Francia (1950) y La Habana, Cuba (1952); fu\u00e9 miembro de la Convenci\u00f3n Constitucional de Puerto Rico, y Presidente del Comit\u00e9 sobre la Carta de Derechos de 1951 a 1952. Fungi\u00f3 como Presidente de la Asociaci\u00f3n Nacional de las Universidades Estatales de 1957 a 1958.<\/p>\n<p>En 1972 Ben\u00edtez fu\u00e9 elegido Comisionado Residente de Puerto Rico por un t\u00e9rmino de cuatro a\u00f1os. En la casa de representantes de E.E.U.U. fu\u00e9 asignado al Comit\u00e9 de Educaci\u00f3n y Trabajo, una asignaci\u00f3n importante a un comit\u00e9 para un hombre que se interesaba profundamente en la educaci\u00f3n y que ten\u00eda inter\u00e9s en las condiciones sociales y de trabajo en Puerto Rico. En el 94vo congreso, Ben\u00edtez introdujo la legislaci\u00f3n para ampliar la educaci\u00f3n superior a Puerto Rico en 1965.<\/p>\n<p>Despu\u00e9s de una reelecci\u00f3n fracasada, Ben\u00edtez volvi\u00f3 a Puerto Rico. Ense\u00f1\u00f3 en la Universidad Interamericana de Puerto Rico del 1980 al 1986. Ha sido desde entonces Profesor de Gobierno en la American University en Bayam\u00f3n, Puerto Rico.[\/vc_column_text][\/vc_column][\/vc_row]<\/p>\n<\/div>","protected":false},"excerpt":{"rendered":"<p>[vc_row][vc_column width=&#8221;1\/4&#8243;][vc_single_image image=&#8221;169&#8243; img_size=&#8221;full&#8221; add_caption=&#8221;yes&#8221; alignment=&#8221;center&#8221; style=&#8221;vc_box_rounded&#8221;][\/vc_column][vc_column width=&#8221;3\/4&#8243;][vc_column_text] Conrado F. Asenjo Por: Aura Jim\u00e9nez de Panepinto El Dr. Conrado F. Asenjo naci\u00f3 en San Juan, Puerto Rico, el 6 de diciembre de 1908. Luego de terminar sus estudios de escuela superior en su ciudad natal, se traslad\u00f3 a Nueva York para proseguir sus estudios universitarios.&hellip;<\/p>\n","protected":false},"author":1,"featured_media":0,"parent":0,"menu_order":0,"comment_status":"closed","ping_status":"closed","template":"","meta":{"footnotes":""},"class_list":["post-165","page","type-page","status-publish","hentry","description-off"],"aioseo_notices":[],"_links":{"self":[{"href":"https:\/\/md.rcm.upr.edu\/50years\/wp-json\/wp\/v2\/pages\/165","targetHints":{"allow":["GET"]}}],"collection":[{"href":"https:\/\/md.rcm.upr.edu\/50years\/wp-json\/wp\/v2\/pages"}],"about":[{"href":"https:\/\/md.rcm.upr.edu\/50years\/wp-json\/wp\/v2\/types\/page"}],"author":[{"embeddable":true,"href":"https:\/\/md.rcm.upr.edu\/50years\/wp-json\/wp\/v2\/users\/1"}],"replies":[{"embeddable":true,"href":"https:\/\/md.rcm.upr.edu\/50years\/wp-json\/wp\/v2\/comments?post=165"}],"version-history":[{"count":0,"href":"https:\/\/md.rcm.upr.edu\/50years\/wp-json\/wp\/v2\/pages\/165\/revisions"}],"wp:attachment":[{"href":"https:\/\/md.rcm.upr.edu\/50years\/wp-json\/wp\/v2\/media?parent=165"}],"curies":[{"name":"wp","href":"https:\/\/api.w.org\/{rel}","templated":true}]}}