{"id":175,"date":"2014-11-26T16:54:23","date_gmt":"2014-11-26T16:54:23","guid":{"rendered":"http:\/\/md.rcm.upr.edu\/50years\/?page_id=175"},"modified":"2020-10-01T14:04:24","modified_gmt":"2020-10-01T14:04:24","slug":"agradecimientos","status":"publish","type":"page","link":"https:\/\/md.rcm.upr.edu\/50years\/agradecimientos\/","title":{"rendered":"Agradecimientos"},"content":{"rendered":"<p><strong>Colaboradores:<\/strong><\/p>\n<ul>\n<li>Mar\u00eda Luisa Camacho<br \/>\nCentro para Inform\u00e1tica y Tecnolog\u00eda<\/li>\n<li>Maritza Clemente y Mar\u00eda C. Delgado<br \/>\nOficina de Curr\u00edculo, Escuela de Medicina UPR<br \/>\nFotos clases graduadas 1968-1999 y clase graduanda 2000.<\/li>\n<li>Annie Rodriguez<br \/>\nOficina de Asuntos Estudiantiles, Escuela de Medicina UPR<br \/>\nFotograf\u00edas tipo &#8220;collage&#8221; clases graduadas 1954-1968<\/li>\n<li>Dr. \u00c1ngel Rom\u00e1n Franco<br \/>\nDepartamento de Patolog\u00eda<br \/>\nPor su valiosa aportaci\u00f3n en la obtenci\u00f3n de archivos, fotos y material relacionado con la Historia de la Escuela de Medicina de la Universidad de Puerto Rico (UPR).<\/li>\n<li>Profesora Carmen Santos Corrada<br \/>\nBiblioteca Recinto de Ciencias M\u00e9dicas<\/li>\n<\/ul>\n<p><strong>Cr\u00e9ditos<\/strong><\/p>\n<p><strong>Fotograf\u00edas Utilizadas:<\/strong><\/p>\n<ul>\n<li>Divisi\u00f3n de Recursos Audiovisuales, Recinto de Ciencias M\u00e9dicas (hoy en d\u00eda Departamento de Tecnolog\u00eda Educativa)<\/li>\n<li>Peri\u00f3dico El Nuevo D\u00eda. Edici\u00f3n 2 de agosto de 1999.<\/li>\n<li>Foto figura del Momento &#8211; Dr. Iv\u00e1n Gonz\u00e1lez Cancel<\/li>\n<li>Peri\u00f3dico El Nuevo D\u00eda. Edici\u00f3n 10 de marzo de 2000.<\/li>\n<li>Foto Dra. Nilda Candelario &#8211; Suplemento Especial: &#8220;Semana de La Mujer&#8221;<\/li>\n<li>El\u00edas Santiago Fotos Escuela de Medicina Tropical<\/li>\n<\/ul>\n<p><strong>Textos Reproducidos:<\/strong><\/p>\n<ul>\n<li>The Academy of Achievement<\/li>\n<li>Biograf\u00eda Antonia Coello de Novello<\/li>\n<li>Ciudad Futura<\/li>\n<li>Biograf\u00eda Dios de la Medicina<\/li>\n<li>Aura Jim\u00e9nez de Panepinto<\/li>\n<li>Biograf\u00eda Dr. Conrado Asenjo<\/li>\n<li>Peri\u00f3dico El Nuevo D\u00eda. Edici\u00f3n 2 de agosto de 1999.<\/li>\n<li>Figura del Momento &#8211; Dr. Iv\u00e1n Gonz\u00e1lez Cancel<\/li>\n<li>Peri\u00f3dico El Nuevo D\u00eda. Edici\u00f3n 10 de marzo de 2000.<\/li>\n<li>Suplemento especial: &#8220;Semana de La Mujer&#8221;<\/li>\n<li>Rivero M\u00e9ndez, Angel. &#8220;Cr\u00f3nica de la Guerra Hispano-Americana en Puerto Rico&#8221;. R\u00edo Piedras, P.R.: Editorial Edil, 1972<\/li>\n<li>Biograf\u00eda Dr. Bailey K. Ashford<\/li>\n<li>United States Library of Congress<\/li>\n<li>Biograf\u00eda Jaime Benitez<\/li>\n<\/ul>\n","protected":false},"excerpt":{"rendered":"<p>Colaboradores: Mar\u00eda Luisa Camacho Centro para Inform\u00e1tica y Tecnolog\u00eda Maritza Clemente y Mar\u00eda C. Delgado Oficina de Curr\u00edculo, Escuela de Medicina UPR Fotos clases graduadas 1968-1999 y clase graduanda 2000. Annie Rodriguez Oficina de Asuntos Estudiantiles, Escuela de Medicina UPR Fotograf\u00edas tipo &#8220;collage&#8221; clases graduadas 1954-1968 Dr. \u00c1ngel Rom\u00e1n Franco Departamento de Patolog\u00eda Por su&hellip;<\/p>\n","protected":false},"author":1,"featured_media":0,"parent":0,"menu_order":0,"comment_status":"closed","ping_status":"closed","template":"","meta":{"footnotes":""},"class_list":["post-175","page","type-page","status-publish","hentry","description-off"],"aioseo_notices":[],"_links":{"self":[{"href":"https:\/\/md.rcm.upr.edu\/50years\/wp-json\/wp\/v2\/pages\/175","targetHints":{"allow":["GET"]}}],"collection":[{"href":"https:\/\/md.rcm.upr.edu\/50years\/wp-json\/wp\/v2\/pages"}],"about":[{"href":"https:\/\/md.rcm.upr.edu\/50years\/wp-json\/wp\/v2\/types\/page"}],"author":[{"embeddable":true,"href":"https:\/\/md.rcm.upr.edu\/50years\/wp-json\/wp\/v2\/users\/1"}],"replies":[{"embeddable":true,"href":"https:\/\/md.rcm.upr.edu\/50years\/wp-json\/wp\/v2\/comments?post=175"}],"version-history":[{"count":0,"href":"https:\/\/md.rcm.upr.edu\/50years\/wp-json\/wp\/v2\/pages\/175\/revisions"}],"wp:attachment":[{"href":"https:\/\/md.rcm.upr.edu\/50years\/wp-json\/wp\/v2\/media?parent=175"}],"curies":[{"name":"wp","href":"https:\/\/api.w.org\/{rel}","templated":true}]}}