{"id":41,"date":"2014-11-25T19:02:45","date_gmt":"2014-11-25T19:02:45","guid":{"rendered":"http:\/\/md.rcm.upr.edu\/50years\/?page_id=41"},"modified":"2023-03-13T18:02:49","modified_gmt":"2023-03-13T18:02:49","slug":"simbolos","status":"publish","type":"page","link":"https:\/\/md.rcm.upr.edu\/50years\/simbolos\/","title":{"rendered":"Simbolos"},"content":{"rendered":"<div class=\"wpb-content-wrapper\"><p>[vc_row][vc_column width=&#8221;1\/4&#8243;][vc_single_image image=&#8221;684&#8243; img_size=&#8221;full&#8221; alignment=&#8221;center&#8221;][\/vc_column][vc_column width=&#8221;3\/4&#8243;][vc_column_text]<strong>Logo de la Escuela de Medicina<\/strong><\/p>\n<p>El sello que identifica la Escuela de Medicina est\u00e1 compuesto de un bast\u00f3n color verde del Dios de la Medicina, el cual contiene una flama verde en el borde superior, una culebra color blanca entrelaza el bast\u00f3n, el cual tiene de fondo un sol con los rayos amarillos, los cuales se encuentran a su vez en un fondo blanco. Este logo se encuentra dentro de un c\u00edrculo blanco, cuyo borde es negro y tiene las palabras de Escuela de Medicina en la parte superior y las palabras Universidad de Puerto Rico dentro de un bander\u00edn color blanco en la parte inferior del c\u00edrculo. Todo esto se encuentra bajo un libro color blanco y verde que representa el veh\u00edculo por el cual se transmite el conocimiento. En la parte superior del bast\u00f3n aparece el a\u00f1o de 1950, a\u00f1o en que se fund\u00f3 la Escuela de Medicina de la Universidad de Puerto Rico.[\/vc_column_text][\/vc_column][\/vc_row][vc_row][vc_column width=&#8221;1\/4&#8243;][vc_single_image image=&#8221;43&#8243; img_size=&#8221;full&#8221; alignment=&#8221;center&#8221;][\/vc_column][vc_column width=&#8221;3\/4&#8243;][vc_column_text]<strong>Juramento de Hip\u00f3crates<\/strong><\/p>\n<p>Hip\u00f3crates &#8211; c\u00e9lebre m\u00e9dico Griego, nacido en la isla de Cos entre 470 y 460 A.C. Perteneci\u00f3 a la familia que cre\u00edan ser descendientes del m\u00edtico dios Esculapio, hijo de Apolo. Exist\u00eda una larga tradici\u00f3n m\u00e9dica en Grecia antes de sus d\u00edas, y \u00e9l es el heredero principal de su predecesor Herodicus; el cual ampli\u00f3 su educaci\u00f3n con extensos viajes. Se dice, aunque la evidencia es poco satisfactoria, que tom\u00f3 parte en los esfuerzos para controlar la gran plaga que devast\u00f3 Atenas al comenzar la guerra del Peloponeso. Muri\u00f3 en Larissa entre 380 y 360 A.C. A Hipocr\u00e1tes se le atribuyen muchos de los escritos m\u00e9dicos griegos, pero muchos seguramente no son suyos. Entre cinco y seis de estos, sin embargo, se consideran escritos genuinos de \u00e9l, y entre estos el m\u00e1s famoso lo es el &#8220;Juramento.&#8221;[\/vc_column_text][\/vc_column][\/vc_row][vc_row][vc_column width=&#8221;1\/4&#8243;][vc_single_image image=&#8221;44&#8243; img_size=&#8221;full&#8221; alignment=&#8221;center&#8221;][\/vc_column][vc_column width=&#8221;3\/4&#8243;][vc_column_text]<strong>Juramento de los Profesionales de la Salud<\/strong><\/p>\n<p>Este es el juramento que hacen todos los graduandos de la Escuela de Medicina del Recinto de Ciencias M\u00e9dicas[\/vc_column_text][\/vc_column][\/vc_row][vc_row][vc_column width=&#8221;1\/4&#8243;][vc_single_image image=&#8221;45&#8243; img_size=&#8221;full&#8221; alignment=&#8221;center&#8221;][\/vc_column][vc_column width=&#8221;3\/4&#8243;][vc_column_text]<strong>Esculapio \u00f3 Asclepio &#8211; Dios de la Medicina<\/strong><\/p>\n<p>ESCULAPIO (mit. romana) \u00f3 ASCLEPIO (mit. griega):<\/p>\n<p>Era hijo de Apolo y de Cor\u00f3nide, una hermosa muchacha de Tesalia. \u00c9sta le era infiel, por lo que Apolo la mat\u00f3 entregando a su hijo reci\u00e9n nacido al centauro Quir\u00f3n para que lo criara. Quir\u00f3n le educ\u00f3 en la ciencia de la medicina y le ense\u00f1\u00f3 todo sobre las hierbas, las plantas y la composici\u00f3n de los medicamentos, dando lugar a que, gracias a su inteligencia, Asclepio sobrepasara las capacidades de su maestro. Tuvo ocasi\u00f3n de demostrar sus aptitudes acompa\u00f1ando a los Argonautas en su expedici\u00f3n a la C\u00f3lquide, pero no se content\u00f3 s\u00f3lo con curar a los enfermos sino que tambi\u00e9n ide\u00f3 un sistema para resucitar a los muertos con lo que dio vida a gran cantidad de personajes. Esto provoc\u00f3 que el Hades se quedar\u00e1 vac\u00edo por lo que el dios de este inframundo se quej\u00f3 a Zeus quien le mat\u00f3 con uno de sus rayos. Su muerte provoc\u00f3 su engrandecimiento y Asclepio se convirti\u00f3, as\u00ed, en dios de la medicina. Se le representa como un hombre barbudo con un palo con una serpiente enroscada y va acompa\u00f1ado de un gallo a sus pies, s\u00edmbolo de vigilancia. Sus hijos Podaliro y Macaonte tambi\u00e9n fueron grandes m\u00e9dicos a la par que bravos soldados. Los enfermos de Grecia cre\u00edan que si acud\u00edan a alg\u00fan templo a \u00e9l consagrado y le ofrec\u00edan sacrificios \u00e9ste se les aparecer\u00eda en sue\u00f1os recet\u00e1ndoles un remedio a su problema.<\/p>\n<p>Biograf\u00eda Mitol\u00f3gica tomada de\u00a0<a href=\"http:\/\/www.ciudadfutura.com\/tesalia\/\">http:\/\/www.ciudadfutura.com\/tesalia\/<\/a>[\/vc_column_text][\/vc_column][\/vc_row]<\/p>\n<\/div>","protected":false},"excerpt":{"rendered":"<p>[vc_row][vc_column width=&#8221;1\/4&#8243;][vc_single_image image=&#8221;684&#8243; img_size=&#8221;full&#8221; alignment=&#8221;center&#8221;][\/vc_column][vc_column width=&#8221;3\/4&#8243;][vc_column_text]Logo de la Escuela de Medicina El sello que identifica la Escuela de Medicina est\u00e1 compuesto de un bast\u00f3n color verde del Dios de la Medicina, el cual contiene una flama verde en el borde superior, una culebra color blanca entrelaza el bast\u00f3n, el cual tiene de fondo un sol&hellip;<\/p>\n","protected":false},"author":1,"featured_media":0,"parent":0,"menu_order":0,"comment_status":"closed","ping_status":"closed","template":"","meta":{"footnotes":""},"class_list":["post-41","page","type-page","status-publish","hentry","description-off"],"aioseo_notices":[],"_links":{"self":[{"href":"https:\/\/md.rcm.upr.edu\/50years\/wp-json\/wp\/v2\/pages\/41","targetHints":{"allow":["GET"]}}],"collection":[{"href":"https:\/\/md.rcm.upr.edu\/50years\/wp-json\/wp\/v2\/pages"}],"about":[{"href":"https:\/\/md.rcm.upr.edu\/50years\/wp-json\/wp\/v2\/types\/page"}],"author":[{"embeddable":true,"href":"https:\/\/md.rcm.upr.edu\/50years\/wp-json\/wp\/v2\/users\/1"}],"replies":[{"embeddable":true,"href":"https:\/\/md.rcm.upr.edu\/50years\/wp-json\/wp\/v2\/comments?post=41"}],"version-history":[{"count":0,"href":"https:\/\/md.rcm.upr.edu\/50years\/wp-json\/wp\/v2\/pages\/41\/revisions"}],"wp:attachment":[{"href":"https:\/\/md.rcm.upr.edu\/50years\/wp-json\/wp\/v2\/media?parent=41"}],"curies":[{"name":"wp","href":"https:\/\/api.w.org\/{rel}","templated":true}]}}