{"id":1070,"date":"2016-08-22T15:19:55","date_gmt":"2016-08-22T15:19:55","guid":{"rendered":"http:\/\/md.rcm.upr.edu\/actu5401\/?page_id=1070"},"modified":"2020-03-20T13:50:20","modified_gmt":"2020-03-20T17:50:20","slug":"estudio-zika-002","status":"publish","type":"page","link":"https:\/\/md.rcm.upr.edu\/actu5401\/estudio-zika-002\/","title":{"rendered":"ZIKA"},"content":{"rendered":"<div class=\"wpb-content-wrapper\"><p>[vc_row][vc_column][vc_column_text]<\/p>\n<h4>ESTUDIOS COMPLETADOS<\/h4>\n<p>[\/vc_column_text][\/vc_column][\/vc_row][vc_row][vc_column][vc_custom_heading text=&#8221;ZIKA-002&#8243; font_container=&#8221;tag:h2|text_align:left|color:%23000000&#8243; google_fonts=&#8221;font_family:Droid%20Sans%3Aregular%2C700|font_style:400%20regular%3A400%3Anormal&#8221;][vc_column_text]El estudio de investigaci\u00f3n ZIKA 002 tiene el prop\u00f3sito de evaluar la seguridad de una vacuna llamada GLS-5700 para la prevenci\u00f3n de la infecci\u00f3n causada por el virus del Zika. Este estudio es un ensayo de investigaci\u00f3n cl\u00ednica que se realiza para determinar si una vacuna bajo investigaci\u00f3n es segura, se tolera y puede provocar una respuesta inmune que pueda indicar la capacidad para prevenir una infecci\u00f3n causada por el virus del Zika.<\/p>\n<p>&nbsp;<\/p>\n<p><img loading=\"lazy\" decoding=\"async\" class=\"alignnone wp-image-1100\" src=\"http:\/\/md.rcm.upr.edu\/actu5401\/wp-content\/uploads\/sites\/28\/2016\/08\/Flyer.jpg\" alt=\"Flyer\" width=\"615\" height=\"796\" \/>[\/vc_column_text][vc_separator][vc_custom_heading text=&#8221;Subestudio ARBO-001&#8243; font_container=&#8221;tag:h2|text_align:left|color:%23000000&#8243; google_fonts=&#8221;font_family:Droid%20Sans%3Aregular%2C700|font_style:400%20regular%3A400%3Anormal&#8221;][vc_column_text]Este subestudio se realiza para comprender mejor las reacciones inmunes que se producen en aquellas personas a las que se les diagnostic\u00f3 infecci\u00f3n causada por el virus del Zika recientemente o en el pasado.<\/p>\n<p><a href=\"https:\/\/md.rcm.upr.edu\/actu5401\/wp-content\/uploads\/sites\/28\/2017\/12\/santana-bagurjorge_22836441_advertisementflyerifyouhadbeendiagnosed170275410assubmitted-wirb-approved.pdf\"><img loading=\"lazy\" decoding=\"async\" class=\"alignnone size-medium wp-image-1478\" src=\"https:\/\/md.rcm.upr.edu\/actu5401\/wp-content\/uploads\/sites\/28\/2017\/12\/Flyer-ARBO-001-300x233.jpg\" alt=\"\" width=\"300\" height=\"233\" srcset=\"https:\/\/md.rcm.upr.edu\/actu5401\/wp-content\/uploads\/sites\/28\/2017\/12\/Flyer-ARBO-001-300x233.jpg 300w, https:\/\/md.rcm.upr.edu\/actu5401\/wp-content\/uploads\/sites\/28\/2017\/12\/Flyer-ARBO-001-150x117.jpg 150w, https:\/\/md.rcm.upr.edu\/actu5401\/wp-content\/uploads\/sites\/28\/2017\/12\/Flyer-ARBO-001-768x597.jpg 768w, https:\/\/md.rcm.upr.edu\/actu5401\/wp-content\/uploads\/sites\/28\/2017\/12\/Flyer-ARBO-001-1024x795.jpg 1024w, https:\/\/md.rcm.upr.edu\/actu5401\/wp-content\/uploads\/sites\/28\/2017\/12\/Flyer-ARBO-001.jpg 1044w\" sizes=\"auto, (max-width: 300px) 100vw, 300px\" \/><\/a><\/p>\n<p>\u00bfQu\u00e9 tiene que hacer si participa en este estudio?<br \/>\nPuede participar en este estudio si tiene entre 18 y 65 a\u00f1os de edad, y tiene un diagn\u00f3stico confirmado de infecci\u00f3n causada por el virus del Zika en cualquier momento. Como parte del estudio, se le pedir\u00e1 que done una peque\u00f1a cantidad de sangre, responda un breve cuestionario sobre la infecci\u00f3n causada por el virus del Zika y proporcione una copia del resultado del an\u00e1lisis de detecci\u00f3n del virus del Zika.<\/p>\n<p>Para m\u00e1s informaci\u00f3n:<br \/>\nDaniel Casiano, Director Equipo de Comunidad<br \/>\ndaniel.casiano@upr.edu<br \/>\nTel. 787-767-9192, -9193, -9194, -9195<\/p>\n<p>[\/vc_column_text][vc_separator][vc_custom_heading text=&#8221;Subestudio ARBO-004&#8243; font_container=&#8221;tag:h2|text_align:left|color:%23000000&#8243; google_fonts=&#8221;font_family:Droid%20Sans%3Aregular%2C700|font_style:400%20regular%3A400%3Anormal&#8221;][vc_column_text]<\/p>\n<p><img loading=\"lazy\" decoding=\"async\" class=\"alignnone size-medium wp-image-1634\" src=\"https:\/\/md.rcm.upr.edu\/actu5401\/wp-content\/uploads\/sites\/28\/2018\/10\/AdvertisementBeaResearchVolunteerTo227936970AsSubmitted_29259646-300x250.jpeg\" alt=\"Imagen de Flyer ARBO-004\" width=\"300\" height=\"250\" srcset=\"https:\/\/md.rcm.upr.edu\/actu5401\/wp-content\/uploads\/sites\/28\/2018\/10\/AdvertisementBeaResearchVolunteerTo227936970AsSubmitted_29259646-300x250.jpeg 300w, https:\/\/md.rcm.upr.edu\/actu5401\/wp-content\/uploads\/sites\/28\/2018\/10\/AdvertisementBeaResearchVolunteerTo227936970AsSubmitted_29259646-150x125.jpeg 150w, https:\/\/md.rcm.upr.edu\/actu5401\/wp-content\/uploads\/sites\/28\/2018\/10\/AdvertisementBeaResearchVolunteerTo227936970AsSubmitted_29259646.jpeg 336w\" sizes=\"auto, (max-width: 300px) 100vw, 300px\" \/><\/p>\n<p>Para m\u00e1s informaci\u00f3n:<br \/>\nDaniel Casiano, Director Equipo de Comunidad<br \/>\ndaniel.casiano@upr.edu<br \/>\nTel. 787-767-9192, -9193, -9194, -9195[\/vc_column_text][vc_separator][vc_custom_heading text=&#8221;NOTICIAS&#8221; font_container=&#8221;tag:h2|font_size:30|text_align:left&#8221; google_fonts=&#8221;font_family:Basic%3Aregular|font_style:400%20regular%3A400%3Anormal&#8221;][\/vc_column][\/vc_row][vc_row][vc_column][vc_column_text]<a href=\"https:\/\/www.nytimes.com\/es\/2016\/08\/30\/comienza-la-prueba-de-una-vacuna-contra-el-zika-en-puerto-rico\/\">Comienza la prueba de la vacuna contra el zika en Puerto Rico<\/a><br \/>\nAgosto 30, 2016<\/p>\n<p><a href=\"http:\/\/www.elnuevodia.com\/noticias\/locales\/nota\/llegalavacunadelzikaalaisla-2237958\/\">Llega la vacuna del zika a la Isla<\/a><\/p>\n<p>Septiembre 5, 2016<\/p>\n<p><a href=\"https:\/\/globenewswire.com\/news-release\/2016\/09\/12\/871113\/0\/en\/Inovio-s-Zika-Vaccine-Selected-As-2016-Technology-Breakthrough.html\">Inovio\u2019s Zika Vaccine Selected As 2016 Technology Breakthrough<\/a><\/p>\n<p>Septiembre 12, 2016[\/vc_column_text][vc_custom_heading text=&#8221;ESPERANZA ANTE VACUNA DEL ZIKA&#8221; font_container=&#8221;tag:h2|font_size:30|text_align:left&#8221; google_fonts=&#8221;font_family:Basic%3Aregular|font_style:400%20regular%3A400%3Anormal&#8221;][vc_column_text]<\/p>\n<p><iframe loading=\"lazy\" title=\"Esperanza ante vacuna contra el Zika\" src=\"https:\/\/player.vimeo.com\/video\/179767762?dnt=1&#038;app_id=122963\" width=\"1200\" height=\"675\" frameborder=\"0\" allow=\"autoplay; fullscreen\" allowfullscreen><\/iframe><\/p>\n<p>[\/vc_column_text][vc_custom_heading text=&#8221;NOTICIAS ADICIONALES&#8221; font_container=&#8221;tag:h2|font_size:30|text_align:left&#8221; google_fonts=&#8221;font_family:Basic%3Aregular|font_style:400%20regular%3A400%3Anormal&#8221;][vc_column_text]<strong>Espa\u00f1ol<\/strong><\/p>\n<p>La primera vacuna contra el zika se probar\u00e1 en seres humanos este a\u00f1o:\u00a0<a href=\"https:\/\/hipertextual.com\/2016\/06\/zika-vacuna-inovio\">https:\/\/hipertextual.com\/2016\/06\/zika-vacuna-inovio<\/a><\/p>\n<p><strong>Ingl\u00e9s<\/strong><br \/>\nReuters\u00a0<a href=\"http:\/\/www.reuters.com\/article\/us-health-zika-usa-idUSKCN10E2AY\">http:\/\/www.reuters.com\/article\/us-health-zika-usa-idUSKCN10E2AY<\/a><br \/>\nPenn Medicine\u00a0<a href=\"http:\/\/news.pennmedicine.org\/blog\/2016\/08\/penn-medicine-kicks-off-zika-vaccine-trial-as-athletes-head-to-rio-2016.html\">http:\/\/news.pennmedicine.org\/blog\/2016\/08\/penn-medicine-kicks-off-zika-vaccine-trial-as-athletes-head-to-rio-2016.html<\/a><br \/>\nPhilladelphia\u00a0<a href=\"http:\/\/www.phillymag.com\/business\/2016\/06\/24\/inovio-zika-vaccine-human-testing\/#JxOLuGIKbRfZPSqx.01\">http:\/\/www.phillymag.com\/business\/2016\/06\/24\/inovio-zika-vaccine-human-testing\/#JxOLuGIKbRfZPSqx.01<\/a><br \/>\nReuters\u00a0<a href=\"http:\/\/www.reuters.com\/article\/us-health-zika-inovio-pharma-idUSKCN0Z619C\">http:\/\/www.reuters.com\/article\/us-health-zika-inovio-pharma-idUSKCN0Z619C<\/a><br \/>\nThe Washington Post\u00a0<a href=\"https:\/\/www.washingtonpost.com\/news\/to-your-health\/wp\/2016\/06\/20\/scientists-announce-important-zika-milestone-first-vaccine-ready-for-human-trials\/\">https:\/\/www.washingtonpost.com\/news\/to-your-health\/wp\/2016\/06\/20\/scientists-announce-important-zika-milestone-first-vaccine-ready-for-human-trials\/<\/a>[\/vc_column_text][vc_custom_heading text=&#8221;M\u00e1s informaci\u00f3n sobre el virus del Zika:&#8221; font_container=&#8221;tag:h2|font_size:30|text_align:left&#8221; google_fonts=&#8221;font_family:Basic%3Aregular|font_style:400%20regular%3A400%3Anormal&#8221;][vc_column_text]<img loading=\"lazy\" decoding=\"async\" class=\"alignnone wp-image-1341\" src=\"https:\/\/md.rcm.upr.edu\/actu5401\/wp-content\/uploads\/sites\/28\/2016\/08\/SaludLogo.jpg\" alt=\"\" width=\"84\" height=\"64\" srcset=\"https:\/\/md.rcm.upr.edu\/actu5401\/wp-content\/uploads\/sites\/28\/2016\/08\/SaludLogo.jpg 158w, https:\/\/md.rcm.upr.edu\/actu5401\/wp-content\/uploads\/sites\/28\/2016\/08\/SaludLogo-150x114.jpg 150w\" sizes=\"auto, (max-width: 84px) 100vw, 84px\" \/>\u00a0 \u00a0<strong>&#8211;<\/strong>\u00a0<a href=\"http:\/\/www.salud.gov.pr\/Sobre-tu-Salud\/Pages\/Condiciones\/Zika.aspx\"><strong>Departamento de Salud<\/strong><\/a><\/p>\n<p><img loading=\"lazy\" decoding=\"async\" class=\"alignnone wp-image-1343\" src=\"https:\/\/md.rcm.upr.edu\/actu5401\/wp-content\/uploads\/sites\/28\/2016\/08\/CDC_logo.jpeg\" alt=\"\" width=\"52\" height=\"52\" srcset=\"https:\/\/md.rcm.upr.edu\/actu5401\/wp-content\/uploads\/sites\/28\/2016\/08\/CDC_logo.jpeg 195w, https:\/\/md.rcm.upr.edu\/actu5401\/wp-content\/uploads\/sites\/28\/2016\/08\/CDC_logo-150x150.jpeg 150w\" sizes=\"auto, (max-width: 52px) 100vw, 52px\" \/>\u00a0 \u00a0 \u00a0 \u00a0 \u00a0 \u00a0<b>\u00a0&#8211;<\/b>\u00a0<strong><a href=\"http:\/\/espanol.cdc.gov\/zika\/\" target=\"_blank\" rel=\"noopener noreferrer\">Centros para el Control y la Prevenci\u00f3n de Enfermedades<\/a>\u00a0<\/strong><\/p>\n<p><img loading=\"lazy\" decoding=\"async\" class=\"alignnone wp-image-1342\" src=\"https:\/\/md.rcm.upr.edu\/actu5401\/wp-content\/uploads\/sites\/28\/2016\/08\/ops-logo-300x112.jpg\" alt=\"\" width=\"107\" height=\"40\" srcset=\"https:\/\/md.rcm.upr.edu\/actu5401\/wp-content\/uploads\/sites\/28\/2016\/08\/ops-logo-300x112.jpg 300w, https:\/\/md.rcm.upr.edu\/actu5401\/wp-content\/uploads\/sites\/28\/2016\/08\/ops-logo-150x56.jpg 150w, https:\/\/md.rcm.upr.edu\/actu5401\/wp-content\/uploads\/sites\/28\/2016\/08\/ops-logo.jpg 328w\" sizes=\"auto, (max-width: 107px) 100vw, 107px\" \/>\u00a0<strong>&#8211;<\/strong> <strong><a href=\"http:\/\/www.paho.org\/hq\/index.php?option=com_content&amp;view=article&amp;id=11585&amp;Itemid=41688&amp;lang=es\" target=\"_blank\" rel=\"noopener noreferrer\">Organizaci\u00f3n Panamericana de la Salud<\/a><\/strong><\/p>\n<p><img loading=\"lazy\" decoding=\"async\" class=\"alignnone wp-image-1631\" src=\"https:\/\/md.rcm.upr.edu\/actu5401\/wp-content\/uploads\/sites\/28\/2018\/10\/Deten-el-zika.jpg\" alt=\"\" width=\"71\" height=\"71\" \/>\u00a0 \u00a0 \u00a0 \u00a0 \u00a0 \u00a0\u00a0<strong>&#8211; <a href=\"http:\/\/detenelzika.org\/\" target=\"_blank\" rel=\"noopener noreferrer\">Det\u00e9n el Zika<\/a><\/strong>[\/vc_column_text][\/vc_column][\/vc_row][vc_row][vc_column][\/vc_column][\/vc_row]<\/p>\n<\/div>","protected":false},"excerpt":{"rendered":"<p>[vc_row][vc_column][vc_column_text] ESTUDIOS COMPLETADOS [\/vc_column_text][\/vc_column][\/vc_row][vc_row][vc_column][vc_custom_heading text=&#8221;ZIKA-002&#8243; font_container=&#8221;tag:h2|text_align:left|color:%23000000&#8243; google_fonts=&#8221;font_family:Droid%20Sans%3Aregular%2C700|font_style:400%20regular%3A400%3Anormal&#8221;][vc_column_text]El estudio de investigaci\u00f3n ZIKA 002 tiene el prop\u00f3sito de evaluar la seguridad de una vacuna llamada GLS-5700 para la prevenci\u00f3n de la infecci\u00f3n causada por el virus del Zika. Este estudio es un ensayo de investigaci\u00f3n cl\u00ednica que se realiza para determinar si una vacuna bajo investigaci\u00f3n es&hellip;<\/p>\n","protected":false},"author":78,"featured_media":0,"parent":0,"menu_order":0,"comment_status":"closed","ping_status":"closed","template":"","meta":{"footnotes":""},"class_list":["post-1070","page","type-page","status-publish","hentry","description-off"],"_links":{"self":[{"href":"https:\/\/md.rcm.upr.edu\/actu5401\/wp-json\/wp\/v2\/pages\/1070","targetHints":{"allow":["GET"]}}],"collection":[{"href":"https:\/\/md.rcm.upr.edu\/actu5401\/wp-json\/wp\/v2\/pages"}],"about":[{"href":"https:\/\/md.rcm.upr.edu\/actu5401\/wp-json\/wp\/v2\/types\/page"}],"author":[{"embeddable":true,"href":"https:\/\/md.rcm.upr.edu\/actu5401\/wp-json\/wp\/v2\/users\/78"}],"replies":[{"embeddable":true,"href":"https:\/\/md.rcm.upr.edu\/actu5401\/wp-json\/wp\/v2\/comments?post=1070"}],"version-history":[{"count":0,"href":"https:\/\/md.rcm.upr.edu\/actu5401\/wp-json\/wp\/v2\/pages\/1070\/revisions"}],"wp:attachment":[{"href":"https:\/\/md.rcm.upr.edu\/actu5401\/wp-json\/wp\/v2\/media?parent=1070"}],"curies":[{"name":"wp","href":"https:\/\/api.w.org\/{rel}","templated":true}]}}