{"id":1352,"date":"2017-07-31T19:00:38","date_gmt":"2017-07-31T19:00:38","guid":{"rendered":"https:\/\/md.rcm.upr.edu\/actu5401\/?page_id=1352"},"modified":"2021-12-13T09:59:35","modified_gmt":"2021-12-13T13:59:35","slug":"servicios","status":"publish","type":"page","link":"https:\/\/md.rcm.upr.edu\/actu5401\/servicios\/","title":{"rendered":"SERVICIOS"},"content":{"rendered":"<h4><strong>Horario de Servicios<\/strong><\/h4>\n<h4><strong><em>Lunes a Viernes &#8211; 7:00am-3:00pm<\/em><\/strong><\/h4>\n<p>&nbsp;<\/p>\n<h4><strong>Servicios que ofrecen<\/strong><\/h4>\n<ul>\n<li>Alcance comunitario con pruebas de VIH libre de costo<\/li>\n<li>Cernimiento\/Pruebas de VIH en la facilidad<\/li>\n<li>Conferencias (charlas educativas y otros)<\/li>\n<li>Consejer\u00eda preventiva<\/li>\n<li>Distribuci\u00f3n de condones y otros medios profil\u00e1cticos<\/li>\n<li>Informaci\u00f3n p\u00fablica sobre la prevenci\u00f3n del VIH<\/li>\n<li>Informaci\u00f3n sobre VIH a trav\u00e9s de Internet o las redes sociales<\/li>\n<li>Intervenci\u00f3n educativa en la comunidad<\/li>\n<\/ul>\n<h4><strong>Servicios que ofrecen a trav\u00e9s de los estudios cl\u00ednicos<\/strong><\/h4>\n<ul>\n<li>M\u00e9dico primario<\/li>\n<li>M\u00e9dicos Especialista<\/li>\n<li>Enfermer\u00eda<\/li>\n<li>Intervenci\u00f3n educativa grupal<\/li>\n<li>Intervenci\u00f3n educativa individual<\/li>\n<li>Intervenci\u00f3n educativa temprana<\/li>\n<li>Investigaci\u00f3n cl\u00ednica<\/li>\n<li>Consejer\u00eda en adherencia<\/li>\n<li>Laboratorios<\/li>\n<li>Medicamentos (VIH, HCV, otros)<\/li>\n<li>Participaci\u00f3n del paciente en la toma de decisiones sobre el tratamiento m\u00e9dico o psicol\u00f3gico que ha de seguir<\/li>\n<li>Recordatorio de citas v\u00eda mensaje de texto<\/li>\n<li>Recordatorio de citas v\u00eda telef\u00f3nica<\/li>\n<li>Referido a servicios cl\u00ednicos<\/li>\n<li>Referidos a centros de rehabilitaci\u00f3n<\/li>\n<li>Referidos a servicios externos<\/li>\n<li>Referidos a servicios internos de la organizaci\u00f3n<\/li>\n<li>Servicios a parejas (PS)<\/li>\n<li>Vacunaci\u00f3n preventiva<\/li>\n<\/ul>\n<h4><strong>Poblaci\u00f3n a la que se le brinda<\/strong>\u00a0servicios<strong> a trav\u00e9s de estudios cl\u00ednicos<\/strong><\/h4>\n<ul>\n<li>HombreS<\/li>\n<li>Mujeres<\/li>\n<li>18 a\u00f1os en adelante<\/li>\n<li>VIH Infectado y no-infectados<\/li>\n<li>Infecci\u00f3n por VIH agudo y cr\u00f3nico<\/li>\n<li>HCV<\/li>\n<li>Co-infectados VIH y HCV<\/li>\n<li>HBV<\/li>\n<li>Co-infectado VIH y HBV<\/li>\n<li>VIH na\u00efve a tratamiento<\/li>\n<li>Co-morbilidades no-infecciosas, no asociadas a VIH\/Sida<\/li>\n<li>Co-morbilidades infecciosas, asociadas a VIH\/Sida<\/li>\n<\/ul>\n","protected":false},"excerpt":{"rendered":"<p>Horario de Servicios Lunes a Viernes &#8211; 7:00am-3:00pm &nbsp; Servicios que ofrecen Alcance comunitario con pruebas de VIH libre de costo Cernimiento\/Pruebas de VIH en la facilidad Conferencias (charlas educativas y otros) Consejer\u00eda preventiva Distribuci\u00f3n de condones y otros medios profil\u00e1cticos Informaci\u00f3n p\u00fablica sobre la prevenci\u00f3n del VIH Informaci\u00f3n sobre VIH a trav\u00e9s de Internet&hellip;<\/p>\n","protected":false},"author":78,"featured_media":0,"parent":0,"menu_order":0,"comment_status":"closed","ping_status":"closed","template":"","meta":{"footnotes":""},"class_list":["post-1352","page","type-page","status-publish","hentry","description-off"],"aioseo_notices":[],"_links":{"self":[{"href":"https:\/\/md.rcm.upr.edu\/actu5401\/wp-json\/wp\/v2\/pages\/1352","targetHints":{"allow":["GET"]}}],"collection":[{"href":"https:\/\/md.rcm.upr.edu\/actu5401\/wp-json\/wp\/v2\/pages"}],"about":[{"href":"https:\/\/md.rcm.upr.edu\/actu5401\/wp-json\/wp\/v2\/types\/page"}],"author":[{"embeddable":true,"href":"https:\/\/md.rcm.upr.edu\/actu5401\/wp-json\/wp\/v2\/users\/78"}],"replies":[{"embeddable":true,"href":"https:\/\/md.rcm.upr.edu\/actu5401\/wp-json\/wp\/v2\/comments?post=1352"}],"version-history":[{"count":0,"href":"https:\/\/md.rcm.upr.edu\/actu5401\/wp-json\/wp\/v2\/pages\/1352\/revisions"}],"wp:attachment":[{"href":"https:\/\/md.rcm.upr.edu\/actu5401\/wp-json\/wp\/v2\/media?parent=1352"}],"curies":[{"name":"wp","href":"https:\/\/api.w.org\/{rel}","templated":true}]}}