{"id":14,"date":"2014-08-20T13:14:57","date_gmt":"2014-08-20T13:14:57","guid":{"rendered":"http:\/\/md.rcm.upr.edu\/actu5401\/?page_id=14"},"modified":"2024-01-08T09:31:11","modified_gmt":"2024-01-08T13:31:11","slug":"welcome","status":"publish","type":"page","link":"https:\/\/md.rcm.upr.edu\/actu5401\/","title":{"rendered":"AIDS Clinical Trials Unit"},"content":{"rendered":"<div class=\"wpb-content-wrapper\"><p>[vc_row][vc_column width=&#8221;1\/4&#8243;][vc_single_image image=&#8221;2469&#8243; img_size=&#8221;full&#8221; alignment=&#8221;center&#8221;][vc_column_text]<strong>Jorge L. Santana Bagur, MD-FIDSA<br \/>\n<\/strong><strong>Investigador Principal<\/strong>[\/vc_column_text][\/vc_column][vc_column width=&#8221;3\/4&#8243;][vc_column_text]ACTU son las siglas en ingl\u00e9s para &#8220;AIDS Clinical Trials Unit&#8221;, o Unidad de Investigaciones Cl\u00ednicas sobre SIDA. El Proyecto ACTU es parte de una red de centros de investigaci\u00f3n cl\u00ednica sobre SIDA en diferentes universidades en los Estados Unidos, Puerto Rico, Brasil e Italia.<\/p>\n<p>Estos centros participan en la investigaci\u00f3n cient\u00edfica de nuevos tratamientos para el SIDA y de otras condiciones relacionadas a la infecci\u00f3n por el Virus de la Inmunodeficiencia Humana (VIH).<\/p>\n<p>El Proyecto ACTU est\u00e1 adscrito al Departamento de Medicina de la Escuela de Medicina del Recinto de Ciencias M\u00e9dicas, Universidad de Puerto Rico. Este proyecto est\u00e1 auspiciado por los Institutos Nacionales de la Salud (NIH) y el Instituto Nacional de Alergia y Enfermedades Infecciosas (NIAID).<\/p>\n<p><a title=\"\u00bfCon que prop\u00f3sito se cre\u00f3 Proyecto ACTU en Puerto Rico?\" href=\"https:\/\/md.rcm.upr.edu\/actu5401\/?page_id=17\">\u00bfCon que prop\u00f3sito se cre\u00f3 Proyecto ACTU en Puerto Rico?<\/a><\/p>\n<p><a title=\"\u00bfQui\u00e9nes pueden participar en el Proyecto ACTU?\" href=\"https:\/\/md.rcm.upr.edu\/actu5401\/?page_id=19\">\u00bfQui\u00e9nes pueden participar en el Proyecto ACTU?<\/a><\/p>\n<p>El Proyecto ACTU adscrito al Departamento de Medicina, Escuela de Medicina, Recinto de Ciencias M\u00e9dicas, Universidad de Puerto Rico, se fund\u00f3 en el a\u00f1o 1990. Desde el 1 de diciembre de 2006, es una de las tres cl\u00ednicas de investigaci\u00f3n que comprenden la Unidad de Investigaciones Cl\u00ednicas de la Universidad de Puerto Rico (UPR-CTU, por sus siglas en Ingl\u00e9s).<\/p>\n<p>El Proyecto ACTU cuenta con un personal multidisciplinario (altamente adiestrado y cualificado) entre ellas, investigadores, coordinadoras, m\u00e9dicos, enfermeras, farmac\u00e9utica, tecn\u00f3loga m\u00e9dica, personal de datos y administrativo.<\/p>\n<p>La misi\u00f3n del Proyecto ACTU es proveerle a la poblaci\u00f3n de Puerto Rico lo m\u00e1s avanzado en tratamientos\/procedimientos\/dispositivos en investigaci\u00f3n cl\u00ednica para el manejo del VIH\/SIDA y condiciones relacionadas.<\/p>\n<p>La visi\u00f3n es proveer un servicio de excelencia a todos los participantes que puedan beneficiarse de nuestros servicios.[\/vc_column_text][\/vc_column][\/vc_row][vc_row][vc_column width=&#8221;1\/4&#8243;][\/vc_column][vc_column width=&#8221;3\/4&#8243;]<div id=\"ultimate-heading-407469d284fab5b4a\" class=\"uvc-heading ult-adjust-bottom-margin ultimate-heading-407469d284fab5b4a uvc-3374  uvc-heading-default-font-sizes\" data-hspacer=\"no_spacer\"  data-halign=\"left\" style=\"text-align:left\"><div class=\"uvc-heading-spacer no_spacer\" style=\"top\"><\/div><div class=\"uvc-main-heading ult-responsive\"  data-ultimate-target='.uvc-heading.ultimate-heading-407469d284fab5b4a h3'  data-responsive-json-new='{\"font-size\":\"\",\"line-height\":\"\"}' ><h3 style=\"--font-weight:theme;\">Novedades<\/h3><\/div><\/div>[vc_empty_space][\/vc_column][\/vc_row][vc_row][vc_column width=&#8221;1\/4&#8243;][\/vc_column][vc_column width=&#8221;3\/4&#8243;][vc_row_inner][vc_column_inner width=&#8221;1\/2&#8243;][vc_single_image image=&#8221;1832&#8243; img_size=&#8221;large&#8221; alignment=&#8221;center&#8221; onclick=&#8221;custom_link&#8221; link=&#8221;https:\/\/www.facebook.com\/revistamsp\/videos\/233447847523890\/UzpfSTQwNzEzNDE0MjczMTQ1MjoxNjk3MzczMzYwMzc0MTg0\/&#8221;][vc_column_text]Experiencias en el campo de la salud p\u00fablica, el acceso a los servicios m\u00e9dicos, recetas y medicamentos luego del paso del hurac\u00e1n Mar\u00eda[\/vc_column_text][\/vc_column_inner][vc_column_inner width=&#8221;1\/2&#8243;][vc_single_image image=&#8221;1917&#8243; img_size=&#8221;large&#8221; alignment=&#8221;center&#8221; onclick=&#8221;custom_link&#8221; link=&#8221;https:\/\/business.facebook.com\/revistamsp\/videos\/2409471419267907\/&#8221;][vc_column_text]Primera Conferencia de HIV y Hepatitis en Puerto Rico<\/p>\n<p>Revista Medicina y Salud P\u00fablica &#8211; 24 de agosto del 2019[\/vc_column_text][\/vc_column_inner][\/vc_row_inner][\/vc_column][\/vc_row][vc_row][vc_column width=&#8221;1\/4&#8243;][\/vc_column][vc_column width=&#8221;3\/4&#8243;][vc_row_inner][vc_column_inner width=&#8221;1\/2&#8243;][vc_video link=&#8221;https:\/\/www.youtube.com\/watch?v=IB4G2t-Km2Q&#8221;][vc_column_text]Conoce las bacterias y virus que mas afectan a los puertorrique\u00f1os y latinos &#8211; 21 de agosto del 2018[\/vc_column_text][\/vc_column_inner][vc_column_inner width=&#8221;1\/2&#8243;][vc_video link=&#8221;https:\/\/www.youtube.com\/watch?v=-n31ZyojteI&#8221; align=&#8221;center&#8221; el_class=&#8221;https:\/\/business.facebook.com\/revistamsp\/videos\/2409471419267907\/&#8221;][vc_column_text]Noticentro a las 11am Entrevsita al Dr Jorge Santana del Recinto de Ciencias Medicas &#8211; 12 de agosto del 2013[\/vc_column_text][\/vc_column_inner][\/vc_row_inner][\/vc_column][\/vc_row][vc_row][vc_column width=&#8221;1\/4&#8243;][\/vc_column][vc_column width=&#8221;3\/4&#8243;][vc_row_inner][vc_column_inner width=&#8221;1\/2&#8243;][vc_single_image image=&#8221;2130&#8243; img_size=&#8221;medium&#8221; alignment=&#8221;center&#8221; onclick=&#8221;custom_link&#8221; link=&#8221;http:\/\/uni.vi\/8KRh102hA38&#8243;][vc_column_text]<\/p>\n<p class=\"Title__TitleStyled-sc-180ww46-0 fPtGLz _3KpQa\" style=\"text-align: left;\"><a href=\"http:\/\/uni.vi\/8KRh102hA38\"><em>Cifras indican que han aumentado los casos de VIH entre los hombres j\u00f3venes en Puerto Rico<\/em><\/a><\/p>\n<p>[\/vc_column_text][\/vc_column_inner][vc_column_inner width=&#8221;1\/2&#8243;][vc_single_image image=&#8221;1809&#8243; img_size=&#8221;large&#8221; alignment=&#8221;center&#8221; onclick=&#8221;img_link_large&#8221;][vc_column_text]Puerto Rico Meeting on Hepatitis &amp; HIV 2019[\/vc_column_text][\/vc_column_inner][\/vc_row_inner][\/vc_column][\/vc_row]<\/p>\n<\/div>","protected":false},"excerpt":{"rendered":"<p>[vc_row][vc_column width=&#8221;1\/4&#8243;][vc_single_image image=&#8221;2469&#8243; img_size=&#8221;full&#8221; alignment=&#8221;center&#8221;][vc_column_text]Jorge L. Santana Bagur, MD-FIDSA Investigador Principal[\/vc_column_text][\/vc_column][vc_column width=&#8221;3\/4&#8243;][vc_column_text]ACTU son las siglas en ingl\u00e9s para &#8220;AIDS Clinical Trials Unit&#8221;, o Unidad de Investigaciones Cl\u00ednicas sobre SIDA. El Proyecto ACTU es parte de una red de centros de investigaci\u00f3n cl\u00ednica sobre SIDA en diferentes universidades en los Estados Unidos, Puerto Rico, Brasil e&hellip;<\/p>\n","protected":false},"author":1,"featured_media":1915,"parent":0,"menu_order":0,"comment_status":"closed","ping_status":"closed","template":"","meta":{"footnotes":""},"class_list":["post-14","page","type-page","status-publish","has-post-thumbnail","hentry","description-off"],"aioseo_notices":[],"_links":{"self":[{"href":"https:\/\/md.rcm.upr.edu\/actu5401\/wp-json\/wp\/v2\/pages\/14","targetHints":{"allow":["GET"]}}],"collection":[{"href":"https:\/\/md.rcm.upr.edu\/actu5401\/wp-json\/wp\/v2\/pages"}],"about":[{"href":"https:\/\/md.rcm.upr.edu\/actu5401\/wp-json\/wp\/v2\/types\/page"}],"author":[{"embeddable":true,"href":"https:\/\/md.rcm.upr.edu\/actu5401\/wp-json\/wp\/v2\/users\/1"}],"replies":[{"embeddable":true,"href":"https:\/\/md.rcm.upr.edu\/actu5401\/wp-json\/wp\/v2\/comments?post=14"}],"version-history":[{"count":0,"href":"https:\/\/md.rcm.upr.edu\/actu5401\/wp-json\/wp\/v2\/pages\/14\/revisions"}],"wp:featuredmedia":[{"embeddable":true,"href":"https:\/\/md.rcm.upr.edu\/actu5401\/wp-json\/wp\/v2\/media\/1915"}],"wp:attachment":[{"href":"https:\/\/md.rcm.upr.edu\/actu5401\/wp-json\/wp\/v2\/media?parent=14"}],"curies":[{"name":"wp","href":"https:\/\/api.w.org\/{rel}","templated":true}]}}