{"id":17,"date":"2014-08-20T13:15:19","date_gmt":"2014-08-20T13:15:19","guid":{"rendered":"http:\/\/md.rcm.upr.edu\/actu5401\/?page_id=17"},"modified":"2020-03-20T13:50:20","modified_gmt":"2020-03-20T17:50:20","slug":"con-que-proposito-se-creo-proyecto-actu-en-puerto-rico","status":"publish","type":"page","link":"https:\/\/md.rcm.upr.edu\/actu5401\/con-que-proposito-se-creo-proyecto-actu-en-puerto-rico\/","title":{"rendered":"\u00bfCon que prop\u00f3sito se cre\u00f3 Proyecto ACTU en Puerto Rico?"},"content":{"rendered":"<p style=\"text-align: justify\">El Proyecto ACTU se cre\u00f3 para ofrecer a las personas VIH+\/SIDA la oportunidad de participar voluntariamente en estudios de investigaci\u00f3n cl\u00ednica en el tratamiento de la infecci\u00f3n por el VIH y sus complicaciones.<\/p>\n<p style=\"text-align: justify\">Contamos actualmente con varios estudios disponibles para aquellas personas VIH+\/SIDA que cumplan con los criterios de los protocolos de investigaci\u00f3n.<\/p>\n","protected":false},"excerpt":{"rendered":"<p>El Proyecto ACTU se cre\u00f3 para ofrecer a las personas VIH+\/SIDA la oportunidad de participar voluntariamente en estudios de investigaci\u00f3n cl\u00ednica en el tratamiento de la infecci\u00f3n por el VIH y sus complicaciones. Contamos actualmente con varios estudios disponibles para aquellas personas VIH+\/SIDA que cumplan con los criterios de los protocolos de investigaci\u00f3n.<\/p>\n","protected":false},"author":78,"featured_media":0,"parent":0,"menu_order":0,"comment_status":"closed","ping_status":"closed","template":"","meta":{"footnotes":""},"class_list":["post-17","page","type-page","status-publish","hentry","description-off"],"aioseo_notices":[],"_links":{"self":[{"href":"https:\/\/md.rcm.upr.edu\/actu5401\/wp-json\/wp\/v2\/pages\/17","targetHints":{"allow":["GET"]}}],"collection":[{"href":"https:\/\/md.rcm.upr.edu\/actu5401\/wp-json\/wp\/v2\/pages"}],"about":[{"href":"https:\/\/md.rcm.upr.edu\/actu5401\/wp-json\/wp\/v2\/types\/page"}],"author":[{"embeddable":true,"href":"https:\/\/md.rcm.upr.edu\/actu5401\/wp-json\/wp\/v2\/users\/78"}],"replies":[{"embeddable":true,"href":"https:\/\/md.rcm.upr.edu\/actu5401\/wp-json\/wp\/v2\/comments?post=17"}],"version-history":[{"count":0,"href":"https:\/\/md.rcm.upr.edu\/actu5401\/wp-json\/wp\/v2\/pages\/17\/revisions"}],"wp:attachment":[{"href":"https:\/\/md.rcm.upr.edu\/actu5401\/wp-json\/wp\/v2\/media?parent=17"}],"curies":[{"name":"wp","href":"https:\/\/api.w.org\/{rel}","templated":true}]}}