{"id":1751,"date":"2019-06-24T09:27:00","date_gmt":"2019-06-24T13:27:00","guid":{"rendered":"https:\/\/md.rcm.upr.edu\/actu5401\/?page_id=1751"},"modified":"2023-10-24T14:35:21","modified_gmt":"2023-10-24T18:35:21","slug":"contacto-2","status":"publish","type":"page","link":"https:\/\/md.rcm.upr.edu\/actu5401\/contacto-2\/","title":{"rendered":"CONTACTO"},"content":{"rendered":"<div class=\"wpb-content-wrapper\"><p>[vc_row][vc_column]<div id=\"ultimate-heading-194569d2975fe9743\" class=\"uvc-heading ult-adjust-bottom-margin ultimate-heading-194569d2975fe9743 uvc-7622  uvc-heading-default-font-sizes\" data-hspacer=\"no_spacer\"  data-halign=\"left\" style=\"text-align:left\"><div class=\"uvc-heading-spacer no_spacer\" style=\"top\"><\/div><div class=\"uvc-main-heading ult-responsive\"  data-ultimate-target='.uvc-heading.ultimate-heading-194569d2975fe9743 h3'  data-responsive-json-new='{\"font-size\":\"\",\"line-height\":\"\"}' ><h3 style=\"--font-weight:theme;\">Como llegar:<\/h3><\/div><\/div>[vc_empty_space][vc_single_image image=&#8221;2442&#8243; img_size=&#8221;full&#8221;][vc_empty_space][vc_gmaps link=&#8221;#E-8_JTNDaWZyYW1lJTIwc3JjJTNEJTIyaHR0cHMlM0ElMkYlMkZ3d3cuZ29vZ2xlLmNvbSUyRm1hcHMlMkZlbWJlZCUzRnBiJTNEJTIxMW0xOCUyMTFtMTIlMjExbTMlMjExZDM3ODUuOTIwMDU5MjQ3OTk4MyUyMTJkLTY2LjA3NDEyMTI4NDY5Mjg0JTIxM2QxOC4zOTY0ODkwNzc3NTc3MjglMjEybTMlMjExZjAlMjEyZjAlMjEzZjAlMjEzbTIlMjExaTEwMjQlMjEyaTc2OCUyMTRmMTMuMSUyMTNtMyUyMTFtMiUyMTFzMHg4YzAzNjg1ZmI0Yjc0YTJiJTI1M0EweDM2ODgzMWQwYjZiY2NmMGElMjEyc1Byb3llY3RvJTJCQUNUVSUyMTVlMCUyMTNtMiUyMTFzZW4lMjEyc3ByJTIxNHYxNTYxMzgzNTY5Mjc2JTIxNW0yJTIxMXNlbiUyMTJzcHIlMjIlMjB3aWR0aCUzRCUyMjYwMCUyMiUyMGhlaWdodCUzRCUyMjQ1MCUyMiUyMGZyYW1lYm9yZGVyJTNEJTIyMCUyMiUyMHN0eWxlJTNEJTIyYm9yZGVyJTNBMCUyMiUyMGFsbG93ZnVsbHNjcmVlbiUzRSUzQyUyRmlmcmFtZSUzRQ==&#8221;][vc_empty_space][\/vc_column][\/vc_row][vc_row][vc_column]<div id=\"ultimate-heading-712369d2975fe97ac\" class=\"uvc-heading ult-adjust-bottom-margin ultimate-heading-712369d2975fe97ac uvc-3299  uvc-heading-default-font-sizes\" data-hspacer=\"no_spacer\"  data-halign=\"left\" style=\"text-align:left\"><div class=\"uvc-heading-spacer no_spacer\" style=\"top\"><\/div><div class=\"uvc-main-heading ult-responsive\"  data-ultimate-target='.uvc-heading.ultimate-heading-712369d2975fe97ac h3'  data-responsive-json-new='{\"font-size\":\"\",\"line-height\":\"\"}' ><h3 style=\"--font-weight:theme;\">Contacto:<\/h3><\/div><\/div>[vc_empty_space][vc_column_text]<strong>Direcci\u00f3n F\u00edsica \/ Street Address<\/strong><\/p>\n<p>:<a href=\"https:\/\/www.google.com\/maps\/place\/Proyecto+ACTU\/@18.396484,-66.0741213,17z\/data=!3m1!4b1!4m5!3m4!1s0x8c03685fb4b74a2b:0x368831d0b6bccf0a!8m2!3d18.3964815!4d-66.0719338\">Edifico Biom\u00e9dico II, Suite 100, Contiguo al Centro Comprensivo de C\u00e1ncer en Centro M\u00e9dico, \u00a0San Juan, PR 00935<\/a><\/p>\n<p><strong>Direcci\u00f3n Postal \/ Postal Address:<\/strong><\/p>\n<p>P.O.Box 365067,<br \/>\nRecinto de Ciencia M\u00e9dicas-UPR,<br \/>\nSan Juan, PR 00936-5067<\/p>\n<p><strong>Tel. (787) 767-9193 \/-9192<\/strong><\/p>\n<p><strong>Fax\u00a0 (787) 754-8002<\/strong><\/p>\n<p><strong>E-mail:<\/strong><\/p>\n<p><a href=\"mailto:jorge.santana3@upr.edu\">jorge.santana3@upr.edu<\/a>, <a href=\"mailto:Sylvia.davila1@upr.edu\">Sylvia.davila1@upr.edu<\/a>[\/vc_column_text][\/vc_column][\/vc_row]<\/p>\n<\/div>","protected":false},"excerpt":{"rendered":"<p>[vc_row][vc_column][vc_empty_space][vc_single_image image=&#8221;2442&#8243; img_size=&#8221;full&#8221;][vc_empty_space][vc_gmaps link=&#8221;#E-8_JTNDaWZyYW1lJTIwc3JjJTNEJTIyaHR0cHMlM0ElMkYlMkZ3d3cuZ29vZ2xlLmNvbSUyRm1hcHMlMkZlbWJlZCUzRnBiJTNEJTIxMW0xOCUyMTFtMTIlMjExbTMlMjExZDM3ODUuOTIwMDU5MjQ3OTk4MyUyMTJkLTY2LjA3NDEyMTI4NDY5Mjg0JTIxM2QxOC4zOTY0ODkwNzc3NTc3MjglMjEybTMlMjExZjAlMjEyZjAlMjEzZjAlMjEzbTIlMjExaTEwMjQlMjEyaTc2OCUyMTRmMTMuMSUyMTNtMyUyMTFtMiUyMTFzMHg4YzAzNjg1ZmI0Yjc0YTJiJTI1M0EweDM2ODgzMWQwYjZiY2NmMGElMjEyc1Byb3llY3RvJTJCQUNUVSUyMTVlMCUyMTNtMiUyMTFzZW4lMjEyc3ByJTIxNHYxNTYxMzgzNTY5Mjc2JTIxNW0yJTIxMXNlbiUyMTJzcHIlMjIlMjB3aWR0aCUzRCUyMjYwMCUyMiUyMGhlaWdodCUzRCUyMjQ1MCUyMiUyMGZyYW1lYm9yZGVyJTNEJTIyMCUyMiUyMHN0eWxlJTNEJTIyYm9yZGVyJTNBMCUyMiUyMGFsbG93ZnVsbHNjcmVlbiUzRSUzQyUyRmlmcmFtZSUzRQ==&#8221;][vc_empty_space][\/vc_column][\/vc_row][vc_row][vc_column][vc_empty_space][vc_column_text]Direcci\u00f3n F\u00edsica \/ Street Address :Edifico Biom\u00e9dico II, Suite 100, Contiguo al Centro Comprensivo de C\u00e1ncer en Centro M\u00e9dico, \u00a0San Juan, PR 00935 Direcci\u00f3n Postal \/ Postal Address: P.O.Box 365067, Recinto de Ciencia M\u00e9dicas-UPR, San Juan, PR 00936-5067 Tel. (787) 767-9193 \/-9192 Fax\u00a0 (787) 754-8002 E-mail: jorge.santana3@upr.edu, Sylvia.davila1@upr.edu[\/vc_column_text][\/vc_column][\/vc_row]<\/p>\n","protected":false},"author":1,"featured_media":0,"parent":0,"menu_order":0,"comment_status":"closed","ping_status":"closed","template":"","meta":{"footnotes":""},"class_list":["post-1751","page","type-page","status-publish","hentry","description-off"],"aioseo_notices":[],"_links":{"self":[{"href":"https:\/\/md.rcm.upr.edu\/actu5401\/wp-json\/wp\/v2\/pages\/1751","targetHints":{"allow":["GET"]}}],"collection":[{"href":"https:\/\/md.rcm.upr.edu\/actu5401\/wp-json\/wp\/v2\/pages"}],"about":[{"href":"https:\/\/md.rcm.upr.edu\/actu5401\/wp-json\/wp\/v2\/types\/page"}],"author":[{"embeddable":true,"href":"https:\/\/md.rcm.upr.edu\/actu5401\/wp-json\/wp\/v2\/users\/1"}],"replies":[{"embeddable":true,"href":"https:\/\/md.rcm.upr.edu\/actu5401\/wp-json\/wp\/v2\/comments?post=1751"}],"version-history":[{"count":0,"href":"https:\/\/md.rcm.upr.edu\/actu5401\/wp-json\/wp\/v2\/pages\/1751\/revisions"}],"wp:attachment":[{"href":"https:\/\/md.rcm.upr.edu\/actu5401\/wp-json\/wp\/v2\/media?parent=1751"}],"curies":[{"name":"wp","href":"https:\/\/api.w.org\/{rel}","templated":true}]}}