{"id":1886,"date":"2020-01-21T13:54:34","date_gmt":"2020-01-21T17:54:34","guid":{"rendered":"https:\/\/md.rcm.upr.edu\/actu5401\/?page_id=1886"},"modified":"2023-10-24T12:31:08","modified_gmt":"2023-10-24T16:31:08","slug":"vph","status":"publish","type":"page","link":"https:\/\/md.rcm.upr.edu\/actu5401\/vph\/","title":{"rendered":"VPH"},"content":{"rendered":"<div class=\"wpb-content-wrapper\"><p>[vc_row][vc_column][vc_column_text]<\/p>\r\n<p><strong>Virus del Papiloma Humano (VPH)<\/strong><\/p>\r\n<p>En esta secci\u00f3n encontrar\u00e1s informaci\u00f3n sobre el Virus del Papiloma Humano (VPH) y sobre nuestro estudio ULACNet 201.<\/p>\r\n<p><a href=\"https:\/\/md.rcm.upr.edu\/actu5401\/wp-content\/uploads\/sites\/28\/2020\/04\/U54-Trial-1-BROCHURE-FINAL-aprobado-por-IRB-y-CEE-20FEB2020-SPA-page-001.jpg\"><img loading=\"lazy\" decoding=\"async\" class=\"aligncenter wp-image-2013 size-full\" src=\"https:\/\/md.rcm.upr.edu\/actu5401\/wp-content\/uploads\/sites\/28\/2020\/04\/U54-Trial-1-BROCHURE-FINAL-aprobado-por-IRB-y-CEE-20FEB2020-SPA-page-001.jpg\" alt=\"Brochure\" width=\"2500\" height=\"1705\" srcset=\"https:\/\/md.rcm.upr.edu\/actu5401\/wp-content\/uploads\/sites\/28\/2020\/04\/U54-Trial-1-BROCHURE-FINAL-aprobado-por-IRB-y-CEE-20FEB2020-SPA-page-001.jpg 2500w, https:\/\/md.rcm.upr.edu\/actu5401\/wp-content\/uploads\/sites\/28\/2020\/04\/U54-Trial-1-BROCHURE-FINAL-aprobado-por-IRB-y-CEE-20FEB2020-SPA-page-001-300x205.jpg 300w, https:\/\/md.rcm.upr.edu\/actu5401\/wp-content\/uploads\/sites\/28\/2020\/04\/U54-Trial-1-BROCHURE-FINAL-aprobado-por-IRB-y-CEE-20FEB2020-SPA-page-001-1024x698.jpg 1024w, https:\/\/md.rcm.upr.edu\/actu5401\/wp-content\/uploads\/sites\/28\/2020\/04\/U54-Trial-1-BROCHURE-FINAL-aprobado-por-IRB-y-CEE-20FEB2020-SPA-page-001-150x102.jpg 150w, https:\/\/md.rcm.upr.edu\/actu5401\/wp-content\/uploads\/sites\/28\/2020\/04\/U54-Trial-1-BROCHURE-FINAL-aprobado-por-IRB-y-CEE-20FEB2020-SPA-page-001-768x524.jpg 768w, https:\/\/md.rcm.upr.edu\/actu5401\/wp-content\/uploads\/sites\/28\/2020\/04\/U54-Trial-1-BROCHURE-FINAL-aprobado-por-IRB-y-CEE-20FEB2020-SPA-page-001-1536x1048.jpg 1536w, https:\/\/md.rcm.upr.edu\/actu5401\/wp-content\/uploads\/sites\/28\/2020\/04\/U54-Trial-1-BROCHURE-FINAL-aprobado-por-IRB-y-CEE-20FEB2020-SPA-page-001-2048x1397.jpg 2048w\" sizes=\"auto, (max-width: 2500px) 100vw, 2500px\" \/><\/a> \u00a0 \u00a0<a href=\"https:\/\/md.rcm.upr.edu\/actu5401\/wp-content\/uploads\/sites\/28\/2020\/09\/VPHFLYER.jpg\"><img loading=\"lazy\" decoding=\"async\" class=\"aligncenter wp-image-2256\" src=\"https:\/\/md.rcm.upr.edu\/actu5401\/wp-content\/uploads\/sites\/28\/2020\/09\/VPHFLYER.jpg\" alt=\"Brochure ACTU\" width=\"796\" height=\"542\" srcset=\"https:\/\/md.rcm.upr.edu\/actu5401\/wp-content\/uploads\/sites\/28\/2020\/09\/VPHFLYER.jpg 1024w, https:\/\/md.rcm.upr.edu\/actu5401\/wp-content\/uploads\/sites\/28\/2020\/09\/VPHFLYER-300x204.jpg 300w, https:\/\/md.rcm.upr.edu\/actu5401\/wp-content\/uploads\/sites\/28\/2020\/09\/VPHFLYER-150x102.jpg 150w, https:\/\/md.rcm.upr.edu\/actu5401\/wp-content\/uploads\/sites\/28\/2020\/09\/VPHFLYER-768x524.jpg 768w\" sizes=\"auto, (max-width: 796px) 100vw, 796px\" \/><\/a><\/p>\r\n<p><img loading=\"lazy\" decoding=\"async\" class=\"aligncenter wp-image-2379 size-full\" src=\"https:\/\/md.rcm.upr.edu\/actu5401\/wp-content\/uploads\/sites\/28\/2021\/05\/ULACNet-201-Mujeres-Trans-Brochure-1..jpg\" alt=\"Brochure Investigacion ACTU\" width=\"1106\" height=\"866\" srcset=\"https:\/\/md.rcm.upr.edu\/actu5401\/wp-content\/uploads\/sites\/28\/2021\/05\/ULACNet-201-Mujeres-Trans-Brochure-1..jpg 1106w, https:\/\/md.rcm.upr.edu\/actu5401\/wp-content\/uploads\/sites\/28\/2021\/05\/ULACNet-201-Mujeres-Trans-Brochure-1.-300x235.jpg 300w, https:\/\/md.rcm.upr.edu\/actu5401\/wp-content\/uploads\/sites\/28\/2021\/05\/ULACNet-201-Mujeres-Trans-Brochure-1.-1024x802.jpg 1024w, https:\/\/md.rcm.upr.edu\/actu5401\/wp-content\/uploads\/sites\/28\/2021\/05\/ULACNet-201-Mujeres-Trans-Brochure-1.-150x117.jpg 150w, https:\/\/md.rcm.upr.edu\/actu5401\/wp-content\/uploads\/sites\/28\/2021\/05\/ULACNet-201-Mujeres-Trans-Brochure-1.-768x601.jpg 768w\" sizes=\"auto, (max-width: 1106px) 100vw, 1106px\" \/><\/p>\r\n<p><img loading=\"lazy\" decoding=\"async\" class=\"aligncenter wp-image-2380 size-full\" src=\"https:\/\/md.rcm.upr.edu\/actu5401\/wp-content\/uploads\/sites\/28\/2021\/05\/ULACNet-201-Mujeres-Trans-Brochure-2.jpg\" alt=\"Brochure Investigacion ACTU 2 pagina\" width=\"1106\" height=\"865\" srcset=\"https:\/\/md.rcm.upr.edu\/actu5401\/wp-content\/uploads\/sites\/28\/2021\/05\/ULACNet-201-Mujeres-Trans-Brochure-2.jpg 1106w, https:\/\/md.rcm.upr.edu\/actu5401\/wp-content\/uploads\/sites\/28\/2021\/05\/ULACNet-201-Mujeres-Trans-Brochure-2-300x235.jpg 300w, https:\/\/md.rcm.upr.edu\/actu5401\/wp-content\/uploads\/sites\/28\/2021\/05\/ULACNet-201-Mujeres-Trans-Brochure-2-1024x801.jpg 1024w, https:\/\/md.rcm.upr.edu\/actu5401\/wp-content\/uploads\/sites\/28\/2021\/05\/ULACNet-201-Mujeres-Trans-Brochure-2-150x117.jpg 150w, https:\/\/md.rcm.upr.edu\/actu5401\/wp-content\/uploads\/sites\/28\/2021\/05\/ULACNet-201-Mujeres-Trans-Brochure-2-768x601.jpg 768w\" sizes=\"auto, (max-width: 1106px) 100vw, 1106px\" \/><br \/><img loading=\"lazy\" decoding=\"async\" class=\"aligncenter wp-image-2258 size-full\" src=\"https:\/\/md.rcm.upr.edu\/actu5401\/wp-content\/uploads\/sites\/28\/2020\/09\/VPH-NOTICIA.jpg\" alt=\"Anuncio vacuna\" width=\"1440\" height=\"1102\" srcset=\"https:\/\/md.rcm.upr.edu\/actu5401\/wp-content\/uploads\/sites\/28\/2020\/09\/VPH-NOTICIA.jpg 1440w, https:\/\/md.rcm.upr.edu\/actu5401\/wp-content\/uploads\/sites\/28\/2020\/09\/VPH-NOTICIA-300x230.jpg 300w, https:\/\/md.rcm.upr.edu\/actu5401\/wp-content\/uploads\/sites\/28\/2020\/09\/VPH-NOTICIA-1024x784.jpg 1024w, https:\/\/md.rcm.upr.edu\/actu5401\/wp-content\/uploads\/sites\/28\/2020\/09\/VPH-NOTICIA-150x115.jpg 150w, https:\/\/md.rcm.upr.edu\/actu5401\/wp-content\/uploads\/sites\/28\/2020\/09\/VPH-NOTICIA-768x588.jpg 768w\" sizes=\"auto, (max-width: 1440px) 100vw, 1440px\" \/><\/p>\r\n<p><strong>Ciencias Medicas realizar\u00e1 el estudio: Prevenci\u00f3n de VPH Oral en Hombres viviendo con VIH<\/strong><\/p>\r\n<!-- \/wp:post-content -->\r\n<p><!-- wp:paragraph --> Con el prop\u00f3sito de desarrollar estudios que aborden la prevenci\u00f3n de c\u00e1ncer relacionados con el virus del papiloma humano (VPH) en personas que viven con el inmunodeficiencia humana (VIH), el Recinto de Ciencias M\u00e9dicas (RCM) de la Universidad de Puerto Rico (UPR) inform\u00f3 hoy la implementaci\u00f3n del estudio U54: Prevenci\u00f3n de VPH Oral en Hombres viviendo con VIH.<\/p>\r\n<!-- \/wp:paragraph -->\r\n<p><!-- wp:paragraph --> El estudio en en conjunto al Centro de Asociaci\u00f3n Multinacional para Prevenir el C\u00e1ncer Asociado al VPH en Personas que viven con VIH en Brasil, M\u00e9xico, Puerto Rico (PHAC-BMPR) y el Proyecto ACTU.<\/p>\r\n<!-- \/wp:paragraph -->\r\n<p><!-- wp:paragraph --> El Proyecto ACTU es una de las tres entidades que recibi\u00f3 una subvenci\u00f3n US-Latin American-Caribbean Clinical Trials Network (ULACNet), U54 bajo el auspicio del Instituto Nacional del C\u00e1ncer (NCI).<\/p>\r\n<!-- \/wp:paragraph -->\r\n<p><!-- wp:paragraph --> Se espera que los resultados de los ensayos cl\u00ednicos de ULACNet influyan en el desarrollo de gu\u00edas de pr\u00e1ctica cl\u00ednica para mejorar la atenci\u00f3n cl\u00ednica preventiva y reducir la carga de los c\u00e1nceres altamente prevenibles relacionados con el VPH en las personas que viven con el VIH.<\/p>\r\n<!-- \/wp:paragraph -->\r\n<p><!-- wp:paragraph --> El PHAC-BMPR se centrar\u00e1 en dos c\u00e1nceres asociados al VPH que provocan una morbilidad y mortalidad importantes, tales como c\u00e1ncer de orofaringe asociado al VPH (VPH-OPC) y c\u00e1ncer de cuello uterino. https:\/\/www.youtube.com\/watch?v=7piU2fLbLiI&amp;feature=youtu.be<\/p>\r\n<p><!-- wp:heading --><strong>Estudiar\u00e1n en la isla c\u00f3mo prevenir el VPH en pacientes con VIH<br \/><\/strong><!-- wp:paragraph --><a href=\"https:\/\/www.wapa.tv\/noticias\/salud\/estudiaran-en-la-isla-como-prevenir-el-vph-en-pacientes-con-vih_20131122470597.html\">https:\/\/www.wapa.tv\/noticias\/salud\/estudiaran-en-la-isla-como-prevenir-el-vph-en-pacientes-con-vih_20131122470597.html<\/a><\/p>\r\n<!-- \/wp:paragraph -->\r\n<p><!-- wp:heading --><strong>Aumentan casos de c\u00e1ncer de orofaringe entre hombres<br \/><\/strong><!-- wp:paragraph --><a href=\"https:\/\/www.telemundopr.com\/noticias\/puerto-rico\/aumentan-casos-de-cancer-de-orofaringe-entre-hombres\/2050404\/\">https:\/\/www.telemundopr.com\/noticias\/puerto-rico\/aumentan-casos-de-cancer-de-orofaringe-entre-hombres\/2050404\/<\/a><\/p>\r\n<p><!-- \/wp:paragraph --><!-- \/wp:heading -->\u00a0Equipo del Centro de Asociaci\u00f3n Multinacional para Prevenir el C\u00e1ncer Asociado al VPH en Personas que viven con VIH en Brasil, M\u00e9xico, Puerto Rico (PHAC-BMPR) y del Proyecto ACTU<\/p>\r\n<p><!-- wp:heading {\"level\":4} \/-->\u00a0<\/p>\r\n<p>[\/vc_column_text][\/vc_column][\/vc_row][vc_row][vc_column][vc_media_grid grid_id=&#8221;vc_gid:1698164905135-a5883d90-149c-1&#8243; include=&#8221;2021,2023,2024,2025,2026&#8243;][\/vc_column][\/vc_row][vc_row][vc_column][vc_column_text]<\/p>\r\n<!-- wp:heading {\"level\":4} -->\r\n<h4>Bolet\u00edn A &#8211; Centro Mujer y Salud UPR-RCM<\/h4>\r\n<p><!-- \/wp:heading -->\u00a0<\/p>\r\n<!-- wp:image {\"id\":2010,\"sizeSlug\":\"large\"} -->\r\n<figure class=\"wp-block-image size-large\"><img loading=\"lazy\" decoding=\"async\" width=\"768\" height=\"1024\" class=\"wp-image-2010 aligncenter\" src=\"https:\/\/md.rcm.upr.edu\/actu5401\/wp-content\/uploads\/sites\/28\/2020\/04\/Boletina-enero-2020-VPH-1-page-001-768x1024.jpg\" alt=\"\" srcset=\"https:\/\/md.rcm.upr.edu\/actu5401\/wp-content\/uploads\/sites\/28\/2020\/04\/Boletina-enero-2020-VPH-1-page-001-768x1024.jpg 768w, https:\/\/md.rcm.upr.edu\/actu5401\/wp-content\/uploads\/sites\/28\/2020\/04\/Boletina-enero-2020-VPH-1-page-001-225x300.jpg 225w, https:\/\/md.rcm.upr.edu\/actu5401\/wp-content\/uploads\/sites\/28\/2020\/04\/Boletina-enero-2020-VPH-1-page-001-113x150.jpg 113w, https:\/\/md.rcm.upr.edu\/actu5401\/wp-content\/uploads\/sites\/28\/2020\/04\/Boletina-enero-2020-VPH-1-page-001.jpg 1125w\" sizes=\"auto, (max-width: 768px) 100vw, 768px\" \/><\/figure>\r\n<p><!-- \/wp:image -->[\/vc_column_text][\/vc_column][\/vc_row][vc_row][vc_column][vc_column_text]<\/p>\r\n<p><!-- \/wp:heading --><!-- \/wp:paragraph -->[\/vc_column_text][\/vc_column][\/vc_row]<\/p><\/div>","protected":false},"excerpt":{"rendered":"<p>[vc_row][vc_column][vc_column_text] Virus del Papiloma Humano (VPH) En esta secci\u00f3n encontrar\u00e1s informaci\u00f3n sobre el Virus del Papiloma Humano (VPH) y sobre nuestro estudio ULACNet 201. \u00a0 \u00a0 Ciencias Medicas realizar\u00e1 el estudio: Prevenci\u00f3n de VPH Oral en Hombres viviendo con VIH Con el prop\u00f3sito de desarrollar estudios que aborden la prevenci\u00f3n de c\u00e1ncer relacionados con el&hellip;<\/p>\n","protected":false},"author":1,"featured_media":0,"parent":0,"menu_order":0,"comment_status":"closed","ping_status":"closed","template":"","meta":{"footnotes":""},"class_list":["post-1886","page","type-page","status-publish","hentry","description-off"],"aioseo_notices":[],"_links":{"self":[{"href":"https:\/\/md.rcm.upr.edu\/actu5401\/wp-json\/wp\/v2\/pages\/1886","targetHints":{"allow":["GET"]}}],"collection":[{"href":"https:\/\/md.rcm.upr.edu\/actu5401\/wp-json\/wp\/v2\/pages"}],"about":[{"href":"https:\/\/md.rcm.upr.edu\/actu5401\/wp-json\/wp\/v2\/types\/page"}],"author":[{"embeddable":true,"href":"https:\/\/md.rcm.upr.edu\/actu5401\/wp-json\/wp\/v2\/users\/1"}],"replies":[{"embeddable":true,"href":"https:\/\/md.rcm.upr.edu\/actu5401\/wp-json\/wp\/v2\/comments?post=1886"}],"version-history":[{"count":0,"href":"https:\/\/md.rcm.upr.edu\/actu5401\/wp-json\/wp\/v2\/pages\/1886\/revisions"}],"wp:attachment":[{"href":"https:\/\/md.rcm.upr.edu\/actu5401\/wp-json\/wp\/v2\/media?parent=1886"}],"curies":[{"name":"wp","href":"https:\/\/api.w.org\/{rel}","templated":true}]}}