{"id":1899,"date":"2020-03-16T09:02:09","date_gmt":"2020-03-16T13:02:09","guid":{"rendered":"https:\/\/md.rcm.upr.edu\/actu5401\/?page_id=1899"},"modified":"2020-10-23T08:41:51","modified_gmt":"2020-10-23T12:41:51","slug":"coronavirus-covid-19","status":"publish","type":"page","link":"https:\/\/md.rcm.upr.edu\/actu5401\/coronavirus-covid-19\/","title":{"rendered":"Coronavirus (COVID-19)"},"content":{"rendered":"<div class=\"wpb-content-wrapper\"><h3 style=\"text-align: center\">Bienvenidos a la p\u00e1gina de informaci\u00f3n relacionada al Coronavirus (COVID-19)<\/h3>\n<p>&nbsp;<\/p>\n<p>&nbsp;<\/p>\n<p>&nbsp;<\/p>\n<p>&nbsp;<\/p>\n<h4><\/h4>\n<p>[vc_column width=&#8221;1\/2&#8243;][vc_column_text]<\/p>\n<ul>\n<li>\n<p class=\"main-heading\"><a href=\"https:\/\/www.wapa.tv\/noticias\/salud\/realizan-en-la-isla-ensayos-clinicos-de-nueva-infusion-para-tratar-el-covid-19_20131122488032.html?fbclid=IwAR2OSz1IsYrqxdPmlCk7jn6P0YPgvHokoUmOLT1MFeak4GXSRNGX8XTEmbQ\">Realizan en la isla ensayos cl\u00ednicos de nueva infusi\u00f3n para tratar el Covid-19<\/a><\/p>\n<\/li>\n<\/ul>\n<p>&nbsp;<\/p>\n<ul>\n<li><a href=\"https:\/\/www.wapa.tv\/noticias\/salud\/ocho-a-diez-posibles-vacunas-contra-el-coronavirus-estan-avanzadas_20131122478771.html?fbclid=IwAR1wRrXwklWxB6qW5dg87dJusDmCj6A05LB48ZIQZjaywn094dngyyp0fn4\">NOTICENTRO:Ocho a diez posibles vacunas contra el coronavirus est\u00e1n avanzada<\/a><\/li>\n<\/ul>\n<p>&nbsp;<\/p>\n<ul>\n<li><a href=\"https:\/\/www.wapa.tv\/noticias\/salud\/mas-cerca-la-prueba-de-saliva-para-detectar-el-covid-19_20131122478769.html?fbclid=IwAR32VI5Qo1Icq3oShWbdphoHFb6Fobz-Zb1ySgOSvntn7qs1CvWvxL4XljA\">NOTICENTRO: M\u00e1s cerca la prueba de saliva para detectar el COVID-19<\/a><\/li>\n<\/ul>\n<p>&nbsp;<\/p>\n<ul>\n<li><a href=\"https:\/\/medicinaysaludpublica.com\/recinto-de-ciencias-medicas-se-une-a-centros-de-ee-uu-para-estudiar-tratamiento-contra-el-covid-19\/\">MEDICINA Y SALUD PUBLICA: Recinto de Ciencias M\u00e9dicas se une a centros de EE UU para estudiar tratamiento contra el COVID-19<\/a><\/li>\n<\/ul>\n<p>&nbsp;<\/p>\n<ul>\n<li><a href=\"http:\/\/www.salud.gov.pr\/Pages\/coronavirus.aspx\">INFORMACION DEL DEPARTAMENTO DE SALUD DE PUERTO RICO<\/a><\/li>\n<\/ul>\n<p>[\/vc_column_text][\/vc_column][vc_row][vc_column][vc_text_separator title=&#8221;GUIAS DEL CDC&#8221; color=&#8221;peacoc&#8221; style=&#8221;double&#8221; border_width=&#8221;4&#8243;][vc_empty_space height=&#8221;16px&#8221;][vc_row_inner][vc_column_inner width=&#8221;1\/2&#8243;][vc_single_image image=&#8221;2049&#8243; img_size=&#8221;large&#8221; alignment=&#8221;center&#8221;][vc_single_image image=&#8221;2050&#8243; img_size=&#8221;large&#8221; alignment=&#8221;center&#8221;][\/vc_column_inner][vc_column_inner width=&#8221;1\/2&#8243;][vc_single_image image=&#8221;2051&#8243; img_size=&#8221;large&#8221; alignment=&#8221;center&#8221;][vc_single_image image=&#8221;2052&#8243; img_size=&#8221;large&#8221; alignment=&#8221;center&#8221;][\/vc_column_inner][\/vc_row_inner][\/vc_column][\/vc_row]<\/p>\n<\/div>","protected":false},"excerpt":{"rendered":"<p>Bienvenidos a la p\u00e1gina de informaci\u00f3n relacionada al Coronavirus (COVID-19) &nbsp; &nbsp; &nbsp; &nbsp; [vc_column width=&#8221;1\/2&#8243;][vc_column_text] Realizan en la isla ensayos cl\u00ednicos de nueva infusi\u00f3n para tratar el Covid-19 &nbsp; NOTICENTRO:Ocho a diez posibles vacunas contra el coronavirus est\u00e1n avanzada &nbsp; NOTICENTRO: M\u00e1s cerca la prueba de saliva para detectar el COVID-19 &nbsp; MEDICINA Y&hellip;<\/p>\n","protected":false},"author":78,"featured_media":1943,"parent":0,"menu_order":0,"comment_status":"closed","ping_status":"closed","template":"","meta":{"footnotes":""},"class_list":["post-1899","page","type-page","status-publish","has-post-thumbnail","hentry","description-off"],"aioseo_notices":[],"_links":{"self":[{"href":"https:\/\/md.rcm.upr.edu\/actu5401\/wp-json\/wp\/v2\/pages\/1899","targetHints":{"allow":["GET"]}}],"collection":[{"href":"https:\/\/md.rcm.upr.edu\/actu5401\/wp-json\/wp\/v2\/pages"}],"about":[{"href":"https:\/\/md.rcm.upr.edu\/actu5401\/wp-json\/wp\/v2\/types\/page"}],"author":[{"embeddable":true,"href":"https:\/\/md.rcm.upr.edu\/actu5401\/wp-json\/wp\/v2\/users\/78"}],"replies":[{"embeddable":true,"href":"https:\/\/md.rcm.upr.edu\/actu5401\/wp-json\/wp\/v2\/comments?post=1899"}],"version-history":[{"count":0,"href":"https:\/\/md.rcm.upr.edu\/actu5401\/wp-json\/wp\/v2\/pages\/1899\/revisions"}],"wp:featuredmedia":[{"embeddable":true,"href":"https:\/\/md.rcm.upr.edu\/actu5401\/wp-json\/wp\/v2\/media\/1943"}],"wp:attachment":[{"href":"https:\/\/md.rcm.upr.edu\/actu5401\/wp-json\/wp\/v2\/media?parent=1899"}],"curies":[{"name":"wp","href":"https:\/\/api.w.org\/{rel}","templated":true}]}}