{"id":23,"date":"2014-08-20T13:19:36","date_gmt":"2014-08-20T13:19:36","guid":{"rendered":"http:\/\/md.rcm.upr.edu\/actu5401\/?page_id=23"},"modified":"2020-03-20T13:50:20","modified_gmt":"2020-03-20T17:50:20","slug":"el-proyecto-actu-en-mi-vida","status":"publish","type":"page","link":"https:\/\/md.rcm.upr.edu\/actu5401\/el-proyecto-actu-en-mi-vida\/","title":{"rendered":"Testimonio 1"},"content":{"rendered":"<p style=\"text-align: justify;\"><strong>El Proyecto ACTU en mi vida:<\/strong><\/p>\n<p style=\"text-align: justify;\">Ha significado una nueva esperanza , a seguir viviendo para seguir cuidando a mis ni\u00f1os y seguir esperando un milagro para la cura. Ya he aprendido a vivir con \u00e9l; para m\u00ed significa una ayuda enorme para nosotros los pacientes que no tenemos recursos para comprar los medicamentos y tener la fe de que hay mucha gente como ustedes que se preocupan por nosotros, que nos tratan como personas.<\/p>\n<p style=\"text-align: justify;\">M.O. (Participante)<\/p>\n<p style=\"text-align: justify;\">ncr<\/p>\n<p style=\"text-align: justify;\">7\/mayo\/99<\/p>\n","protected":false},"excerpt":{"rendered":"<p>El Proyecto ACTU en mi vida: Ha significado una nueva esperanza , a seguir viviendo para seguir cuidando a mis ni\u00f1os y seguir esperando un milagro para la cura. Ya he aprendido a vivir con \u00e9l; para m\u00ed significa una ayuda enorme para nosotros los pacientes que no tenemos recursos para comprar los medicamentos y&hellip;<\/p>\n","protected":false},"author":78,"featured_media":0,"parent":0,"menu_order":0,"comment_status":"open","ping_status":"open","template":"","meta":{"footnotes":""},"class_list":["post-23","page","type-page","status-publish","hentry","description-off"],"aioseo_notices":[],"_links":{"self":[{"href":"https:\/\/md.rcm.upr.edu\/actu5401\/wp-json\/wp\/v2\/pages\/23","targetHints":{"allow":["GET"]}}],"collection":[{"href":"https:\/\/md.rcm.upr.edu\/actu5401\/wp-json\/wp\/v2\/pages"}],"about":[{"href":"https:\/\/md.rcm.upr.edu\/actu5401\/wp-json\/wp\/v2\/types\/page"}],"author":[{"embeddable":true,"href":"https:\/\/md.rcm.upr.edu\/actu5401\/wp-json\/wp\/v2\/users\/78"}],"replies":[{"embeddable":true,"href":"https:\/\/md.rcm.upr.edu\/actu5401\/wp-json\/wp\/v2\/comments?post=23"}],"version-history":[{"count":0,"href":"https:\/\/md.rcm.upr.edu\/actu5401\/wp-json\/wp\/v2\/pages\/23\/revisions"}],"wp:attachment":[{"href":"https:\/\/md.rcm.upr.edu\/actu5401\/wp-json\/wp\/v2\/media?parent=23"}],"curies":[{"name":"wp","href":"https:\/\/api.w.org\/{rel}","templated":true}]}}