{"id":2386,"date":"2021-05-18T09:03:54","date_gmt":"2021-05-18T13:03:54","guid":{"rendered":"https:\/\/md.rcm.upr.edu\/actu5401\/?page_id=2386"},"modified":"2023-10-24T12:16:54","modified_gmt":"2023-10-24T16:16:54","slug":"estudio-mosaico","status":"publish","type":"page","link":"https:\/\/md.rcm.upr.edu\/actu5401\/estudio-mosaico\/","title":{"rendered":"Estudio MOSAICO"},"content":{"rendered":"<div class=\"wpb-content-wrapper\"><p>[vc_row][vc_column][vc_column_text]<img loading=\"lazy\" decoding=\"async\" class=\"size-full wp-image-2388 alignright\" src=\"https:\/\/md.rcm.upr.edu\/actu5401\/wp-content\/uploads\/sites\/28\/2021\/05\/HVTN-logo.png\" alt=\"\" width=\"297\" height=\"107\" srcset=\"https:\/\/md.rcm.upr.edu\/actu5401\/wp-content\/uploads\/sites\/28\/2021\/05\/HVTN-logo.png 297w, https:\/\/md.rcm.upr.edu\/actu5401\/wp-content\/uploads\/sites\/28\/2021\/05\/HVTN-logo-150x54.png 150w\" sizes=\"auto, (max-width: 297px) 100vw, 297px\" \/><br \/>\n<strong>MOSAICO<\/strong><\/p>\n<p><a href=\"https:\/\/www.mosaicostudy.com\/es\/\">(mosaicostudy.com)<\/a><\/p>\n<p><strong>Objetivo\u00a0<\/strong><\/p>\n<p><img loading=\"lazy\" decoding=\"async\" class=\"size-medium wp-image-2389 alignright\" src=\"https:\/\/md.rcm.upr.edu\/actu5401\/wp-content\/uploads\/sites\/28\/2021\/05\/GAMMA-logo-300x153.png\" alt=\"\" width=\"300\" height=\"153\" srcset=\"https:\/\/md.rcm.upr.edu\/actu5401\/wp-content\/uploads\/sites\/28\/2021\/05\/GAMMA-logo-300x153.png 300w, https:\/\/md.rcm.upr.edu\/actu5401\/wp-content\/uploads\/sites\/28\/2021\/05\/GAMMA-logo-150x76.png 150w, https:\/\/md.rcm.upr.edu\/actu5401\/wp-content\/uploads\/sites\/28\/2021\/05\/GAMMA-logo.png 715w\" sizes=\"auto, (max-width: 300px) 100vw, 300px\" \/><\/p>\n<div class=\"answer\">\n<ul>\n<li>Evaluar si las vacunas del estudio pueden prevenir la infecci\u00f3n por VIH.<\/li>\n<li>Proporcionar m\u00e1s informaci\u00f3n sobre la seguridad de las vacunas del estudio.<\/li>\n<li>Averiguar c\u00f3mo responde el sistema inmunol\u00f3gico de las personas a las vacunas del estudio.<\/li>\n<li>Recabar datos que nos ayuden a predecir si una vacuna puede prevenir la infecci\u00f3n por VIH.<\/li>\n<\/ul>\n<\/div>\n<p><strong>\u00bfQui\u00e9n puede participar de este estudio? <\/strong><\/p>\n<ul>\n<li>Hombres cisg\u00e9nero que tienen relaciones sexuales con hombres cisg\u00e9nero.<\/li>\n<li>Hombres y mujeres transg\u00e9nero que tienen relaciones sexuales con hombres cisg\u00e9nero y\/o personas transg\u00e9nero.<\/li>\n<li>Personas de 18 a 60 a\u00f1os de edad.<\/li>\n<li>Personas VIH negativo.<\/li>\n<\/ul>\n<p>&nbsp;<\/p>\n<p><img loading=\"lazy\" decoding=\"async\" class=\"aligncenter wp-image-2413 size-full\" src=\"https:\/\/md.rcm.upr.edu\/actu5401\/wp-content\/uploads\/sites\/28\/2021\/06\/MOSAICO-Brochure-1.jpg\" alt=\"\" width=\"1052\" height=\"812\" srcset=\"https:\/\/md.rcm.upr.edu\/actu5401\/wp-content\/uploads\/sites\/28\/2021\/06\/MOSAICO-Brochure-1.jpg 1052w, https:\/\/md.rcm.upr.edu\/actu5401\/wp-content\/uploads\/sites\/28\/2021\/06\/MOSAICO-Brochure-1-300x232.jpg 300w, https:\/\/md.rcm.upr.edu\/actu5401\/wp-content\/uploads\/sites\/28\/2021\/06\/MOSAICO-Brochure-1-1024x790.jpg 1024w, https:\/\/md.rcm.upr.edu\/actu5401\/wp-content\/uploads\/sites\/28\/2021\/06\/MOSAICO-Brochure-1-150x116.jpg 150w, https:\/\/md.rcm.upr.edu\/actu5401\/wp-content\/uploads\/sites\/28\/2021\/06\/MOSAICO-Brochure-1-768x593.jpg 768w\" sizes=\"auto, (max-width: 1052px) 100vw, 1052px\" \/><\/p>\n<p><img loading=\"lazy\" decoding=\"async\" class=\"aligncenter wp-image-2414 size-full\" src=\"https:\/\/md.rcm.upr.edu\/actu5401\/wp-content\/uploads\/sites\/28\/2021\/06\/MOSAICO-Brochure-2.jpg\" alt=\"\" width=\"1051\" height=\"813\" srcset=\"https:\/\/md.rcm.upr.edu\/actu5401\/wp-content\/uploads\/sites\/28\/2021\/06\/MOSAICO-Brochure-2.jpg 1051w, https:\/\/md.rcm.upr.edu\/actu5401\/wp-content\/uploads\/sites\/28\/2021\/06\/MOSAICO-Brochure-2-300x232.jpg 300w, https:\/\/md.rcm.upr.edu\/actu5401\/wp-content\/uploads\/sites\/28\/2021\/06\/MOSAICO-Brochure-2-1024x792.jpg 1024w, https:\/\/md.rcm.upr.edu\/actu5401\/wp-content\/uploads\/sites\/28\/2021\/06\/MOSAICO-Brochure-2-150x116.jpg 150w, https:\/\/md.rcm.upr.edu\/actu5401\/wp-content\/uploads\/sites\/28\/2021\/06\/MOSAICO-Brochure-2-768x594.jpg 768w\" sizes=\"auto, (max-width: 1051px) 100vw, 1051px\" \/><\/p>\n<p><img loading=\"lazy\" decoding=\"async\" class=\"aligncenter wp-image-2399 size-full\" src=\"https:\/\/md.rcm.upr.edu\/actu5401\/wp-content\/uploads\/sites\/28\/2021\/05\/HVTN-Postcard-1.jpg\" alt=\"\" width=\"1284\" height=\"901\" srcset=\"https:\/\/md.rcm.upr.edu\/actu5401\/wp-content\/uploads\/sites\/28\/2021\/05\/HVTN-Postcard-1.jpg 1284w, https:\/\/md.rcm.upr.edu\/actu5401\/wp-content\/uploads\/sites\/28\/2021\/05\/HVTN-Postcard-1-300x211.jpg 300w, https:\/\/md.rcm.upr.edu\/actu5401\/wp-content\/uploads\/sites\/28\/2021\/05\/HVTN-Postcard-1-1024x719.jpg 1024w, https:\/\/md.rcm.upr.edu\/actu5401\/wp-content\/uploads\/sites\/28\/2021\/05\/HVTN-Postcard-1-150x105.jpg 150w, https:\/\/md.rcm.upr.edu\/actu5401\/wp-content\/uploads\/sites\/28\/2021\/05\/HVTN-Postcard-1-768x539.jpg 768w\" sizes=\"auto, (max-width: 1284px) 100vw, 1284px\" \/><img loading=\"lazy\" decoding=\"async\" class=\"aligncenter wp-image-2400 size-full\" src=\"https:\/\/md.rcm.upr.edu\/actu5401\/wp-content\/uploads\/sites\/28\/2021\/05\/HVTN-Postcard-2.png\" alt=\"\" width=\"1277\" height=\"900\" srcset=\"https:\/\/md.rcm.upr.edu\/actu5401\/wp-content\/uploads\/sites\/28\/2021\/05\/HVTN-Postcard-2.png 1277w, https:\/\/md.rcm.upr.edu\/actu5401\/wp-content\/uploads\/sites\/28\/2021\/05\/HVTN-Postcard-2-300x211.png 300w, https:\/\/md.rcm.upr.edu\/actu5401\/wp-content\/uploads\/sites\/28\/2021\/05\/HVTN-Postcard-2-1024x722.png 1024w, https:\/\/md.rcm.upr.edu\/actu5401\/wp-content\/uploads\/sites\/28\/2021\/05\/HVTN-Postcard-2-150x106.png 150w, https:\/\/md.rcm.upr.edu\/actu5401\/wp-content\/uploads\/sites\/28\/2021\/05\/HVTN-Postcard-2-768x541.png 768w\" sizes=\"auto, (max-width: 1277px) 100vw, 1277px\" \/><\/p>\n<p><strong>Presentaci\u00f3n del estudio MOSAICO<\/strong><\/p>\n<p>9 de Junio de 2021<\/p>\n<p><img loading=\"lazy\" decoding=\"async\" class=\"alignnone wp-image-2408\" src=\"https:\/\/md.rcm.upr.edu\/actu5401\/wp-content\/uploads\/sites\/28\/2021\/06\/PHOTO-2021-06-08-17-18-00-300x169.jpg\" alt=\"\" width=\"513\" height=\"289\" srcset=\"https:\/\/md.rcm.upr.edu\/actu5401\/wp-content\/uploads\/sites\/28\/2021\/06\/PHOTO-2021-06-08-17-18-00-300x169.jpg 300w, https:\/\/md.rcm.upr.edu\/actu5401\/wp-content\/uploads\/sites\/28\/2021\/06\/PHOTO-2021-06-08-17-18-00-1024x576.jpg 1024w, https:\/\/md.rcm.upr.edu\/actu5401\/wp-content\/uploads\/sites\/28\/2021\/06\/PHOTO-2021-06-08-17-18-00-150x84.jpg 150w, https:\/\/md.rcm.upr.edu\/actu5401\/wp-content\/uploads\/sites\/28\/2021\/06\/PHOTO-2021-06-08-17-18-00-768x432.jpg 768w, https:\/\/md.rcm.upr.edu\/actu5401\/wp-content\/uploads\/sites\/28\/2021\/06\/PHOTO-2021-06-08-17-18-00-1536x864.jpg 1536w, https:\/\/md.rcm.upr.edu\/actu5401\/wp-content\/uploads\/sites\/28\/2021\/06\/PHOTO-2021-06-08-17-18-00.jpg 2048w\" sizes=\"auto, (max-width: 513px) 100vw, 513px\" \/> <img loading=\"lazy\" decoding=\"async\" class=\"alignnone wp-image-2409\" src=\"https:\/\/md.rcm.upr.edu\/actu5401\/wp-content\/uploads\/sites\/28\/2021\/06\/PHOTO-2021-06-08-17-17-59-1-300x225.jpg\" alt=\"\" width=\"384\" height=\"288\" srcset=\"https:\/\/md.rcm.upr.edu\/actu5401\/wp-content\/uploads\/sites\/28\/2021\/06\/PHOTO-2021-06-08-17-17-59-1-300x225.jpg 300w, https:\/\/md.rcm.upr.edu\/actu5401\/wp-content\/uploads\/sites\/28\/2021\/06\/PHOTO-2021-06-08-17-17-59-1-150x113.jpg 150w, https:\/\/md.rcm.upr.edu\/actu5401\/wp-content\/uploads\/sites\/28\/2021\/06\/PHOTO-2021-06-08-17-17-59-1.jpg 640w\" sizes=\"auto, (max-width: 384px) 100vw, 384px\" \/> <img loading=\"lazy\" decoding=\"async\" class=\"alignnone wp-image-2410\" src=\"https:\/\/md.rcm.upr.edu\/actu5401\/wp-content\/uploads\/sites\/28\/2021\/06\/PHOTO-2021-06-08-17-17-59-300x225.jpg\" alt=\"\" width=\"383\" height=\"287\" srcset=\"https:\/\/md.rcm.upr.edu\/actu5401\/wp-content\/uploads\/sites\/28\/2021\/06\/PHOTO-2021-06-08-17-17-59-300x225.jpg 300w, https:\/\/md.rcm.upr.edu\/actu5401\/wp-content\/uploads\/sites\/28\/2021\/06\/PHOTO-2021-06-08-17-17-59-150x113.jpg 150w, https:\/\/md.rcm.upr.edu\/actu5401\/wp-content\/uploads\/sites\/28\/2021\/06\/PHOTO-2021-06-08-17-17-59.jpg 640w\" sizes=\"auto, (max-width: 383px) 100vw, 383px\" \/><\/p>\n<p><strong>Publicaciones<\/strong><\/p>\n<h3 class=\"entry-title\">Puerto Rico se une a pa\u00edses que realizan estudio de vacunas experimentales para la prevenci\u00f3n del VIH<\/h3>\n<p><a href=\"http:\/\/www.laesquina.com\/web\/salud\/puerto-rico-se-une-a-paises-que-realizan-estudio-de-vacunas-experimentales-para-la-prevencion-del-vih\/\">Puerto Rico se une a pa\u00edses que realizan estudio de vacunas experimentales para la prevenci\u00f3n del VIH \u2013 Peri\u00f3dico La Esquina<\/a><\/p>\n<h3 class=\"article-title selectionShareable\">Puerto Rico participar\u00e1 de estudio de vacunas experimentales para prevenci\u00f3n del VIH<\/h3>\n<p><a href=\"https:\/\/www.metro.pr\/pr\/noticias\/2021\/06\/04\/puerto-rico-participara-de-estudio-de-vacunas-experimentales-para-prevencion-del-vih.html\">Puerto Rico participar\u00e1 de estudio de vacunas experimentales para prevenci\u00f3n del VIH | Metro<\/a><\/p>\n<p><strong>Videos<\/strong><\/p>\n<p class=\"video-hero__title\"><strong>Trabajan en estudio cl\u00ednico que busca dar paso a vacunas contra el VIH<\/strong><\/p>\n<p><a href=\"https:\/\/www.telemundopr.com\/noticias\/puerto-rico\/trabajan-en-estudio-clinico-que-busca-dar-paso-a-vacunas-contra-el-vih\/2224133\/\">Trabajan en estudio cl\u00ednico que busca dar paso a vacunas contra el VIH \u2013 Telemundo Puerto Rico (telemundopr.com)<\/a>[\/vc_column_text][\/vc_column][\/vc_row]<\/p>\n<\/div>","protected":false},"excerpt":{"rendered":"<p>[vc_row][vc_column][vc_column_text] MOSAICO (mosaicostudy.com) Objetivo\u00a0 Evaluar si las vacunas del estudio pueden prevenir la infecci\u00f3n por VIH. Proporcionar m\u00e1s informaci\u00f3n sobre la seguridad de las vacunas del estudio. Averiguar c\u00f3mo responde el sistema inmunol\u00f3gico de las personas a las vacunas del estudio. Recabar datos que nos ayuden a predecir si una vacuna puede prevenir la infecci\u00f3n&hellip;<\/p>\n","protected":false},"author":1,"featured_media":0,"parent":0,"menu_order":0,"comment_status":"closed","ping_status":"closed","template":"","meta":{"footnotes":""},"class_list":["post-2386","page","type-page","status-publish","hentry","description-off"],"aioseo_notices":[],"_links":{"self":[{"href":"https:\/\/md.rcm.upr.edu\/actu5401\/wp-json\/wp\/v2\/pages\/2386","targetHints":{"allow":["GET"]}}],"collection":[{"href":"https:\/\/md.rcm.upr.edu\/actu5401\/wp-json\/wp\/v2\/pages"}],"about":[{"href":"https:\/\/md.rcm.upr.edu\/actu5401\/wp-json\/wp\/v2\/types\/page"}],"author":[{"embeddable":true,"href":"https:\/\/md.rcm.upr.edu\/actu5401\/wp-json\/wp\/v2\/users\/1"}],"replies":[{"embeddable":true,"href":"https:\/\/md.rcm.upr.edu\/actu5401\/wp-json\/wp\/v2\/comments?post=2386"}],"version-history":[{"count":0,"href":"https:\/\/md.rcm.upr.edu\/actu5401\/wp-json\/wp\/v2\/pages\/2386\/revisions"}],"wp:attachment":[{"href":"https:\/\/md.rcm.upr.edu\/actu5401\/wp-json\/wp\/v2\/media?parent=2386"}],"curies":[{"name":"wp","href":"https:\/\/api.w.org\/{rel}","templated":true}]}}