{"id":27,"date":"2014-08-20T13:21:12","date_gmt":"2014-08-20T13:21:12","guid":{"rendered":"http:\/\/md.rcm.upr.edu\/actu5401\/?page_id=27"},"modified":"2020-03-20T13:50:20","modified_gmt":"2020-03-20T17:50:20","slug":"testimonio-2","status":"publish","type":"page","link":"https:\/\/md.rcm.upr.edu\/actu5401\/testimonio-2\/","title":{"rendered":"Testimonio 2"},"content":{"rendered":"<p><strong>El Proyecto ACTU en mi vida:<\/strong><\/p>\n<p style=\"text-align: justify;\">Yo me siento distinta desde que empec\u00e9 en el 1994. He superado mis temores de morir, ya lo acepto y estoy mejor preparada para lo que venga. Pero mientras yo me pueda cuidar, con la ayuda de ustedes y el Proyecto ACTU lo har\u00e9. Ustedes ya son parte de mi vida personal y dependo de todos con su apoyo y recomendaciones. Me siento a gusto en el Proyecto ACTU, sus facilidades son limpias, el personal hace su trabajo y espero no tener que irme de ACTU en buen tiempo. He visto otros proyectos y no es lo mismo.<\/p>\n<p style=\"text-align: justify;\">Agradezco todo lo que han hecho por m\u00ed. Sin ustedes yo no estar\u00eda aqu\u00ed.<\/p>\n<p>B. (Participante)<\/p>\n<p>7\/mayo\/99<\/p>\n","protected":false},"excerpt":{"rendered":"<p>El Proyecto ACTU en mi vida: Yo me siento distinta desde que empec\u00e9 en el 1994. He superado mis temores de morir, ya lo acepto y estoy mejor preparada para lo que venga. Pero mientras yo me pueda cuidar, con la ayuda de ustedes y el Proyecto ACTU lo har\u00e9. Ustedes ya son parte de&hellip;<\/p>\n","protected":false},"author":78,"featured_media":0,"parent":0,"menu_order":0,"comment_status":"open","ping_status":"open","template":"","meta":{"footnotes":""},"class_list":["post-27","page","type-page","status-publish","hentry","description-off"],"aioseo_notices":[],"_links":{"self":[{"href":"https:\/\/md.rcm.upr.edu\/actu5401\/wp-json\/wp\/v2\/pages\/27","targetHints":{"allow":["GET"]}}],"collection":[{"href":"https:\/\/md.rcm.upr.edu\/actu5401\/wp-json\/wp\/v2\/pages"}],"about":[{"href":"https:\/\/md.rcm.upr.edu\/actu5401\/wp-json\/wp\/v2\/types\/page"}],"author":[{"embeddable":true,"href":"https:\/\/md.rcm.upr.edu\/actu5401\/wp-json\/wp\/v2\/users\/78"}],"replies":[{"embeddable":true,"href":"https:\/\/md.rcm.upr.edu\/actu5401\/wp-json\/wp\/v2\/comments?post=27"}],"version-history":[{"count":0,"href":"https:\/\/md.rcm.upr.edu\/actu5401\/wp-json\/wp\/v2\/pages\/27\/revisions"}],"wp:attachment":[{"href":"https:\/\/md.rcm.upr.edu\/actu5401\/wp-json\/wp\/v2\/media?parent=27"}],"curies":[{"name":"wp","href":"https:\/\/api.w.org\/{rel}","templated":true}]}}