{"id":29,"date":"2014-08-20T13:26:58","date_gmt":"2014-08-20T13:26:58","guid":{"rendered":"http:\/\/md.rcm.upr.edu\/actu5401\/?page_id=29"},"modified":"2020-03-20T13:50:20","modified_gmt":"2020-03-20T17:50:20","slug":"testimonio-3","status":"publish","type":"page","link":"https:\/\/md.rcm.upr.edu\/actu5401\/testimonio-3\/","title":{"rendered":"Testimonio 3"},"content":{"rendered":"<p><strong>El Proyecto ACTU en mi vida:<\/strong><\/p>\n<p style=\"text-align: justify;\">Ha sido un gran privilegio para m\u00ed haber sido escogida para ser parte del Proyecto ACTU. Desde el comienzo: la dedicaci\u00f3n, el respeto, la simpat\u00eda y el esfuerzo de todo el personal hacia mi persona es algo que no tendr\u00eda palabras para poder expresar mi agradecimiento. Han formado una parte muy importante de mi vida. Me dieron todo lo necesario para seguir adelante. El servicio ha sido excelente y muy beneficioso para m\u00ed, pues logr\u00e9 una superaci\u00f3n total y exhorto a otras personas con el mismo problema del VIH a que se den una oportunidad. Gracias a todos por el amor y la confianza que me han brindado.<\/p>\n<p style=\"text-align: justify;\">A.F.(Participante)<\/p>\n<p>7\/mayo\/99<\/p>\n","protected":false},"excerpt":{"rendered":"<p>El Proyecto ACTU en mi vida: Ha sido un gran privilegio para m\u00ed haber sido escogida para ser parte del Proyecto ACTU. Desde el comienzo: la dedicaci\u00f3n, el respeto, la simpat\u00eda y el esfuerzo de todo el personal hacia mi persona es algo que no tendr\u00eda palabras para poder expresar mi agradecimiento. Han formado una&hellip;<\/p>\n","protected":false},"author":78,"featured_media":0,"parent":0,"menu_order":0,"comment_status":"open","ping_status":"open","template":"","meta":{"footnotes":""},"class_list":["post-29","page","type-page","status-publish","hentry","description-off"],"aioseo_notices":[],"_links":{"self":[{"href":"https:\/\/md.rcm.upr.edu\/actu5401\/wp-json\/wp\/v2\/pages\/29","targetHints":{"allow":["GET"]}}],"collection":[{"href":"https:\/\/md.rcm.upr.edu\/actu5401\/wp-json\/wp\/v2\/pages"}],"about":[{"href":"https:\/\/md.rcm.upr.edu\/actu5401\/wp-json\/wp\/v2\/types\/page"}],"author":[{"embeddable":true,"href":"https:\/\/md.rcm.upr.edu\/actu5401\/wp-json\/wp\/v2\/users\/78"}],"replies":[{"embeddable":true,"href":"https:\/\/md.rcm.upr.edu\/actu5401\/wp-json\/wp\/v2\/comments?post=29"}],"version-history":[{"count":0,"href":"https:\/\/md.rcm.upr.edu\/actu5401\/wp-json\/wp\/v2\/pages\/29\/revisions"}],"wp:attachment":[{"href":"https:\/\/md.rcm.upr.edu\/actu5401\/wp-json\/wp\/v2\/media?parent=29"}],"curies":[{"name":"wp","href":"https:\/\/api.w.org\/{rel}","templated":true}]}}