{"id":70,"date":"2014-08-20T14:00:12","date_gmt":"2014-08-20T14:00:12","guid":{"rendered":"http:\/\/md.rcm.upr.edu\/actu5401\/?page_id=70"},"modified":"2021-05-11T08:13:40","modified_gmt":"2021-05-11T12:13:40","slug":"cabjac","status":"publish","type":"page","link":"https:\/\/md.rcm.upr.edu\/actu5401\/cabjac\/","title":{"rendered":"CAB\/JAC"},"content":{"rendered":"<div class=\"wpb-content-wrapper\"><h3><strong>JUNTA ASESORA DE LA COMUNIDAD<\/strong><\/h3>\n<p>La Junta Asesora de la Comunidad (JAC) es un comit\u00e9 constituido por personas viviendo con el VIH\/SIDA, representantes de organizaciones comunitarias que atienden personas con VIH\/SIDA y miembros de la comunidad en general. Con el prop\u00f3sito de asesorar a los investigadores de la Unidad de Investigaciones Cl\u00ednicas sobre SIDA (ACTU), en la implementaci\u00f3n de estudios de investigaciones cl\u00ednicas, estrategias para el reclutamiento y la retenci\u00f3n de participantes en los distintos protocolos.<\/p>\n<p>&nbsp;<\/p>\n<p><strong>METAS<\/strong><\/p>\n<p>&nbsp;<\/p>\n<p><img loading=\"lazy\" decoding=\"async\" class=\"wp-image-71 alignleft\" src=\"https:\/\/md.rcm.upr.edu\/actu5401\/wp-content\/uploads\/sites\/28\/2014\/08\/logojacpr-300x298.png\" alt=\"\" width=\"243\" height=\"241\" srcset=\"https:\/\/md.rcm.upr.edu\/actu5401\/wp-content\/uploads\/sites\/28\/2014\/08\/logojacpr-300x298.png 300w, https:\/\/md.rcm.upr.edu\/actu5401\/wp-content\/uploads\/sites\/28\/2014\/08\/logojacpr-150x150.png 150w, https:\/\/md.rcm.upr.edu\/actu5401\/wp-content\/uploads\/sites\/28\/2014\/08\/logojacpr-100x100.png 100w, https:\/\/md.rcm.upr.edu\/actu5401\/wp-content\/uploads\/sites\/28\/2014\/08\/logojacpr-105x105.png 105w, https:\/\/md.rcm.upr.edu\/actu5401\/wp-content\/uploads\/sites\/28\/2014\/08\/logojacpr-75x75.png 75w, https:\/\/md.rcm.upr.edu\/actu5401\/wp-content\/uploads\/sites\/28\/2014\/08\/logojacpr-56x56.png 56w, https:\/\/md.rcm.upr.edu\/actu5401\/wp-content\/uploads\/sites\/28\/2014\/08\/logojacpr-69x69.png 69w, https:\/\/md.rcm.upr.edu\/actu5401\/wp-content\/uploads\/sites\/28\/2014\/08\/logojacpr-145x145.png 145w, https:\/\/md.rcm.upr.edu\/actu5401\/wp-content\/uploads\/sites\/28\/2014\/08\/logojacpr.png 328w\" sizes=\"auto, (max-width: 243px) 100vw, 243px\" \/><\/p>\n<p>&nbsp;<\/p>\n<ul>\n<li>Servir de enlace entre la Unidad de Investigaciones Cl\u00ednicas (ACTU), los participantes en los protocolos de investigaci\u00f3n y la comunidad en general.<\/li>\n<li>Representar en la Junta a los distintos grupos poblacionales infectados y viviendo con el VIH\/SIDA.<\/li>\n<li>Asesorar a los Investigadores Principales en el proceso de reclutamiento, logrando especialmente la representaci\u00f3n de voluntari@s para asegurar la diversidad e inclusi\u00f3n de los diferentes grupos poblacionales.<\/li>\n<li>Asesorar con el prop\u00f3sito de sugerir posibles estudios de investigaciones cl\u00ednicas que sean relevantes a las necesidades de la poblaci\u00f3n con VIH\/SIDA en Puerto Rico.<\/li>\n<li>Revisar los protocolos de investigaciones disponibles y que se est\u00e9n llevando a cabo en la Unidad, con el prop\u00f3sito de asesorar sobre las posibles soluciones a situaciones que limiten la participaci\u00f3n de voluntari@s.<\/li>\n<\/ul>\n<p align=\"left\">\n<p align=\"left\">\n<p align=\"left\">\n<p align=\"left\"><em>No se discrimina por g\u00e9nero, religi\u00f3n, nivel econ\u00f3mico, origen \u00e9tnico, orientaci\u00f3n sexual, ideas pol\u00edticas o religiosas ni por impedimentos f\u00edsicos o mentales.<\/em><\/p>\n<p>&nbsp;<\/p>\n<p><strong>\u00bfPor qu\u00e9 ser miembro de la JAC?<\/strong><\/p>\n<p>Ser parte y colaboradores de las decisiones e iniciativas en el logro de una mejor calidad de vida para los hombres y mujeres viviendo con VIH\/SIDA, uniendo esfuerzos para encontrar una posible cura para el SIDA.<\/p>\n<ul>\n<li>Entender los procesos de investigaci\u00f3n cient\u00edfica.<\/li>\n<li>Forzar una alianza viable que conduzca al mejoramiento de los conocimientos sobre el VIH\/SIDA.<\/li>\n<li>Ser portavoz con respecto a los estudios cl\u00ednicos espec\u00edficos, su desarrollo, implementaci\u00f3n y resultados.<\/li>\n<li>Abogar por los participantes de los estudios cl\u00ednicos.<\/li>\n<li>Ofrecer asistencia en los aspectos relacionados con el reclutamiento y retenci\u00f3n de los participantes en los estudios.<\/li>\n<li>Promover prop\u00f3sitos y pr\u00e1cticas \u00e9ticas en la investigaci\u00f3n.<\/li>\n<\/ul>\n<p>Contacto de la Junta Asesora (CAB\/JAC) :<\/p>\n<p>Daniel O\u2019Neill<\/p>\n<p><span class=\"style9\">correo electr\u00f3nico:<a href=\"mailto:floresdov@hotmail.com\">floresdov@hotmail.com<\/a><\/span><\/p>\n<p><span class=\"style9\">Tel\u00e9fono: 787-603-0036<\/span><\/p>\n<p>&nbsp;<\/p>\n<p><a href=\"http:\/\/md.rcm.upr.edu\/actu5401\/wp-content\/uploads\/sites\/28\/2014\/09\/cabnewsletter_sep_2011.pdf\">CAB Newsletter<\/a>[\/vc_column_text][\/vc_column][\/vc_row][vc_row][vc_column]<div id=\"uvc-type-wrap-1794\"  data-ultimate-target='#uvc-type-wrap-1794'  data-responsive-json-new='{\"font-size\":\"desktop:30px;\",\"line-height\":\"\"}'  class=\"uvc-type-wrap  ult-adjust-bottom-margin ult-responsive  uvc-type-align-left uvc-type-no-prefix uvc-wrap-36687803669d29754f05a6\" style=\"text-align:left;\"><span id=\"typed-36687803669d29754f05a6\" class=\"ultimate-typed-main \" style=\"color:#000000; font-weight:bold; text-transform: unset;\"><\/span><script type=\"text\/javascript\">\n\t\t\t\t\t\tjQuery(function($){ \n\t\t\t\t\t\t\t$(document).ready(function(){\n\t\t\t\t\t\t\t\tif( typeof jQuery(\"#typed-36687803669d29754f05a6\").typed == \"function\"){\n\t\t\t\t\t\t\t\t\t$(\"#typed-36687803669d29754f05a6\").typed({\n\t\t\t\t\t\t\t\t\t\tstrings: [\"\u00a1CONOCE AL CAB!\"],\n\t\t\t\t\t\t\t\t\t\ttypeSpeed: 35,\n\t\t\t\t\t\t\t\t\t\tbackSpeed: 0,\n\t\t\t\t\t\t\t\t\t\tstartDelay: \"200\",\n\t\t\t\t\t\t\t\t\t\tbackDelay: \"1500\",\n\t\t\t\t\t\t\t\t\t\tloop: true,\n\t\t\t\t\t\t\t\t\t\tloopCount: false,\n\t\t\t\t\t\t\t\t\t\tshowCursor: true,\n\t\t\t\t\t\t\t\t\t\tcursorChar: \"|\",\n\t\t\t\t\t\t\t\t\t\tattr: null\n\t\t\t\t\t\t\t\t\t});\n\t\t\t\t\t\t\t\t}\n\t\t\t\t\t\t\t});\n\t\t\t\t\t\t});\n\t\t\t\t\t<\/script><\/div>[\/vc_column][\/vc_row][vc_row][vc_column][vc_column_text]DANIEL O&#8217;NEILL<\/p>\n<p><a href=\"https:\/\/anchorstudy.org\/baylor\/team\/daniel-oneil\">https:\/\/anchorstudy.org\/baylor\/team\/daniel-oneil<\/a><\/p>\n<p>&nbsp;<\/p>\n<p><img loading=\"lazy\" decoding=\"async\" class=\"alignnone size-full wp-image-1299\" src=\"https:\/\/md.rcm.upr.edu\/actu5401\/wp-content\/uploads\/sites\/28\/2014\/08\/daniel-pr.jpg\" alt=\"Foto de Daniel O'neill, Miembro de la junta asesora de la comunidad\" width=\"280\" height=\"280\" srcset=\"https:\/\/md.rcm.upr.edu\/actu5401\/wp-content\/uploads\/sites\/28\/2014\/08\/daniel-pr.jpg 280w, https:\/\/md.rcm.upr.edu\/actu5401\/wp-content\/uploads\/sites\/28\/2014\/08\/daniel-pr-150x150.jpg 150w\" sizes=\"auto, (max-width: 280px) 100vw, 280px\" \/><\/p>\n<p>LUIS HERNANDEZ<\/p>\n<p><a href=\"https:\/\/anchorstudy.org\/baylor\/team\/angel-luis-hernandez\">https:\/\/anchorstudy.org\/baylor\/team\/angel-luis-hernandez<\/a><\/p>\n<p><img loading=\"lazy\" decoding=\"async\" class=\"alignnone size-full wp-image-1298\" src=\"https:\/\/md.rcm.upr.edu\/actu5401\/wp-content\/uploads\/sites\/28\/2014\/08\/hernandez_angel_luis.jpg\" alt=\"Foto de Luis Hernandez, miembro de la junta asesora de la comunidad\" width=\"280\" height=\"280\" srcset=\"https:\/\/md.rcm.upr.edu\/actu5401\/wp-content\/uploads\/sites\/28\/2014\/08\/hernandez_angel_luis.jpg 280w, https:\/\/md.rcm.upr.edu\/actu5401\/wp-content\/uploads\/sites\/28\/2014\/08\/hernandez_angel_luis-150x150.jpg 150w\" sizes=\"auto, (max-width: 280px) 100vw, 280px\" \/>[\/vc_column_text][\/vc_column][\/vc_row][vc_row][vc_column][vc_column_text]<\/p>\n<h2><strong>JAC Navidad 2017<\/strong><\/h2>\n<p>15 de Diciembre de 2017[\/vc_column_text][vc_media_grid grid_id=&#8221;vc_gid:1594042362784-6648b733-5550-6&#8243; include=&#8221;1490,1491&#8243;][\/vc_column][\/vc_row][vc_row][vc_column][vc_column_text]<\/p>\n<h2><strong>&#8220;OPEN HOUSE&#8221; del Proyecto ACTU<\/strong><\/h2>\n<p>16 de Agosto de 2016[\/vc_column_text][vc_media_grid grid_id=&#8221;vc_gid:1594042362786-e0b44ae7-8919-3&#8243; include=&#8221;1023,1024,1022,1034,1033,1032&#8243;][\/vc_column][\/vc_row]<\/p>\n<\/div>","protected":false},"excerpt":{"rendered":"<p>JUNTA ASESORA DE LA COMUNIDAD La Junta Asesora de la Comunidad (JAC) es un comit\u00e9 constituido por personas viviendo con el VIH\/SIDA, representantes de organizaciones comunitarias que atienden personas con VIH\/SIDA y miembros de la comunidad en general. Con el prop\u00f3sito de asesorar a los investigadores de la Unidad de Investigaciones Cl\u00ednicas sobre SIDA (ACTU),&hellip;<\/p>\n","protected":false},"author":78,"featured_media":0,"parent":0,"menu_order":0,"comment_status":"closed","ping_status":"closed","template":"","meta":{"footnotes":""},"class_list":["post-70","page","type-page","status-publish","hentry","description-off"],"aioseo_notices":[],"_links":{"self":[{"href":"https:\/\/md.rcm.upr.edu\/actu5401\/wp-json\/wp\/v2\/pages\/70","targetHints":{"allow":["GET"]}}],"collection":[{"href":"https:\/\/md.rcm.upr.edu\/actu5401\/wp-json\/wp\/v2\/pages"}],"about":[{"href":"https:\/\/md.rcm.upr.edu\/actu5401\/wp-json\/wp\/v2\/types\/page"}],"author":[{"embeddable":true,"href":"https:\/\/md.rcm.upr.edu\/actu5401\/wp-json\/wp\/v2\/users\/78"}],"replies":[{"embeddable":true,"href":"https:\/\/md.rcm.upr.edu\/actu5401\/wp-json\/wp\/v2\/comments?post=70"}],"version-history":[{"count":0,"href":"https:\/\/md.rcm.upr.edu\/actu5401\/wp-json\/wp\/v2\/pages\/70\/revisions"}],"wp:attachment":[{"href":"https:\/\/md.rcm.upr.edu\/actu5401\/wp-json\/wp\/v2\/media?parent=70"}],"curies":[{"name":"wp","href":"https:\/\/api.w.org\/{rel}","templated":true}]}}