{"id":224,"date":"2015-05-04T16:53:07","date_gmt":"2015-05-04T16:53:07","guid":{"rendered":"http:\/\/md.rcm.upr.edu\/adsa\/?page_id=224"},"modified":"2023-10-31T10:41:33","modified_gmt":"2023-10-31T14:41:33","slug":"safety-in-the-school-of-medicine","status":"publish","type":"page","link":"https:\/\/md.rcm.upr.edu\/adsa\/safety-in-the-school-of-medicine\/","title":{"rendered":"Safety in the School of Medicine"},"content":{"rendered":"<div class=\"wpb-content-wrapper\"><p>[vc_row][vc_column]<div class=\"dt-fancy-separator title-left h3-size style-disabled accent-title-color\" style=\"width: 100%;\"><div class=\"dt-fancy-title\"><span class=\"separator-holder separator-left\"><\/span>Taller:C\u00f3mo Proteger tu Vida Ante la Amenaza de un Acto de Violencia o Tirador Activo en el Campus o Lugar de Trabajo<span class=\"separator-holder separator-right\"><\/span><\/div><\/div>[vc_empty_space][\/vc_column][\/vc_row][vc_row][vc_column][vc_single_image image=&#8221;1961&#8243; img_size=&#8221;large&#8221; alignment=&#8221;center&#8221; onclick=&#8221;link_image&#8221;]<div class=\"standard-arrow list-divider bullet-top\"><ul>\n<li><a href=\"https:\/\/md.rcm.upr.edu\/adsa\/wp-content\/uploads\/sites\/42\/2018\/02\/coordinadoras-web-escuela-medicina.pdf\">Coordinadoras Web &#8211; Escuela de Medicina<\/a><\/li>\n<li><a href=\"https:\/\/md.rcm.upr.edu\/adsa\/wp-content\/uploads\/sites\/42\/2018\/02\/coordinadoras-web-etica-gubernamental.pdf\">Coordinadoras Web Etica Gubernamental RCM<\/a><\/li>\n<\/ul>\n<\/div>[\/vc_column][\/vc_row][vc_row][vc_column][vc_separator border_width=&#8221;2&#8243;]<div class=\"dt-fancy-separator title-left h3-size style-disabled accent-title-color\" style=\"width: 100%;\"><div class=\"dt-fancy-title\"><span class=\"separator-holder separator-left\"><\/span>Protocolos<span class=\"separator-holder separator-right\"><\/span><\/div><\/div>[vc_empty_space]<div class=\"standard-arrow list-divider bullet-top\"><ul>\n<li><a href=\"http:\/\/de.rcm.upr.edu\/Docs\/SME\/Protocolos\/protocolo-manejo-casos-malaria.pdf\">Protocolo de Manejo de Casos de Malaria<\/a><\/li>\n<li><a href=\"http:\/\/de.rcm.upr.edu\/Docs\/SME\/Protocolos\/protocolo-enfermedades-infectocontagiosas.pdf\">Protocolo de Enfermedades Infectocontagiosas<\/a><\/li>\n<li><a href=\"http:\/\/de.rcm.upr.edu\/Docs\/SME\/Protocolos\/protocolo-quimioprofilaxis-VIH.pdf\">Protocolo para el Manejo de Posible Exposici\u00f3n a Pat\u00f3genos en Sangre HIV y Hepatitis B<\/a><\/li>\n<li><a href=\"http:\/\/de.rcm.upr.edu\/Docs\/SME\/Protocolos\/Protocolo-Herpes-B.pdf\">Protocolo Herpes B<\/a><\/li>\n<\/ul>\n<\/div>[vc_empty_space]<div class=\"dt-fancy-separator title-left h3-size style-disabled accent-title-color\" style=\"width: 100%;\"><div class=\"dt-fancy-title\"><span class=\"separator-holder separator-left\"><\/span>Informaci\u00f3n<span class=\"separator-holder separator-right\"><\/span><\/div><\/div>[vc_empty_space]<div class=\"standard-arrow list-divider bullet-top\"><ul>\n<li><a href=\"http:\/\/de.rcm.upr.edu\/Docs\/SME\/Informacion\/Informacion_Serv_Med_Estudiantes_2013.pdf\">Informaci\u00f3n de Servicios M\u00e9dicos<\/a><\/li>\n<li><a href=\"http:\/\/de.rcm.upr.edu\/Docs\/SME\/Boletines\/Precauciones-Universales-(Boletin).pdf\">Precauciones Universales<\/a><\/li>\n<li><a href=\"http:\/\/de.rcm.upr.edu\/Docs\/SME\/Informacion\/Lavado-de-manos.pdf\">Lavado de Manos<\/a><\/li>\n<\/ul>\n<\/div>[vc_empty_space]<div class=\"dt-fancy-separator title-left h3-size style-disabled accent-title-color\" style=\"width: 100%;\"><div class=\"dt-fancy-title\"><span class=\"separator-holder separator-left\"><\/span>Safety Documents<span class=\"separator-holder separator-right\"><\/span><\/div><\/div>[vc_empty_space][vc_column_text]<div class='w3eden'>\n    <div class=''>\n\n        \n        <div id=\"content_wpdm_package_1\">\n            <div class='row'><div class='col-lg-12 col-md-6 col-12'><!-- WPDM Link Template: Default Template -->\n\n<div class=\"link-template-default card mb-2\">\n    <div class=\"card-body\">\n        <div class=\"media\">\n            <div class=\"mr-3 img-48\"><img decoding=\"async\" class=\"wpdm_icon\" alt=\"Icon\" src=\"https:\/\/md.rcm.upr.edu\/adsa\/wp-content\/plugins\/download-manager\/assets\/file-type-icons\/pdf.svg\" \/><\/div>\n            <div class=\"media-body\">\n                <h3 class=\"package-title\"><a href='https:\/\/md.rcm.upr.edu\/adsa\/download\/12-8-sd-1-msc-policies-on-infectious-and-environmental-hazards-spanish\/'>12.8 SD-1 MSC Policies on Infectious and environmental hazards (Spanish)<\/a><\/h3>\n                <div class=\"text-muted text-small\"><i class=\"fas fa-copy\"><\/i> 1 file(s) <i class=\"fas fa-hdd ml-3\"><\/i> 883.15 KB<\/div>\n            <\/div>\n            <div class=\"ml-3\">\n                <a class='wpdm-download-link download-on-click btn btn-primary ' rel='nofollow' href='#' data-downloadurl=\"https:\/\/md.rcm.upr.edu\/adsa\/download\/12-8-sd-1-msc-policies-on-infectious-and-environmental-hazards-spanish\/?wpdmdl=817&refresh=69de5c2d4caf01776180269\">Download<\/a>\n            <\/div>\n        <\/div>\n    <\/div>\n<\/div>\n\n<\/div><div class='col-lg-12 col-md-6 col-12'><!-- WPDM Link Template: Default Template -->\n\n<div class=\"link-template-default card mb-2\">\n    <div class=\"card-body\">\n        <div class=\"media\">\n            <div class=\"mr-3 img-48\"><img decoding=\"async\" class=\"wpdm_icon\" alt=\"Icon\" src=\"https:\/\/md.rcm.upr.edu\/adsa\/wp-content\/plugins\/download-manager\/assets\/file-type-icons\/pdf.svg\" \/><\/div>\n            <div class=\"media-body\">\n                <h3 class=\"package-title\"><a href='https:\/\/md.rcm.upr.edu\/adsa\/download\/12-8-sd-1-msc-protocol-on-exposure-to-blood-pathogens-spanish\/'>12.8 SD-1 MSC Protocol on exposure to blood pathogens (Spanish)<\/a><\/h3>\n                <div class=\"text-muted text-small\"><i class=\"fas fa-copy\"><\/i> 1 file(s) <i class=\"fas fa-hdd ml-3\"><\/i> 642.76 KB<\/div>\n            <\/div>\n            <div class=\"ml-3\">\n                <a class='wpdm-download-link download-on-click btn btn-primary ' rel='nofollow' href='#' data-downloadurl=\"https:\/\/md.rcm.upr.edu\/adsa\/download\/12-8-sd-1-msc-protocol-on-exposure-to-blood-pathogens-spanish\/?wpdmdl=820&refresh=69de5c2d4de181776180269\">Download<\/a>\n            <\/div>\n        <\/div>\n    <\/div>\n<\/div>\n\n<\/div><div class='col-lg-12 col-md-6 col-12'><!-- WPDM Link Template: Default Template -->\n\n<div class=\"link-template-default card mb-2\">\n    <div class=\"card-body\">\n        <div class=\"media\">\n            <div class=\"mr-3 img-48\"><img decoding=\"async\" class=\"wpdm_icon\" alt=\"Icon\" src=\"https:\/\/md.rcm.upr.edu\/adsa\/wp-content\/plugins\/download-manager\/assets\/file-type-icons\/pdf.svg\" \/><\/div>\n            <div class=\"media-body\">\n                <h3 class=\"package-title\"><a href='https:\/\/md.rcm.upr.edu\/adsa\/download\/12-8-sd-2-guide-implications-id-exposure-and-disability\/'>12.8 SD-2 Guide Implications ID exposure and disability<\/a><\/h3>\n                <div class=\"text-muted text-small\"><i class=\"fas fa-copy\"><\/i> 1 file(s) <i class=\"fas fa-hdd ml-3\"><\/i> 251.96 KB<\/div>\n            <\/div>\n            <div class=\"ml-3\">\n                <a class='wpdm-download-link download-on-click btn btn-primary ' rel='nofollow' href='#' data-downloadurl=\"https:\/\/md.rcm.upr.edu\/adsa\/download\/12-8-sd-2-guide-implications-id-exposure-and-disability\/?wpdmdl=823&refresh=69de5c2d4e7bf1776180269\">Download<\/a>\n            <\/div>\n        <\/div>\n    <\/div>\n<\/div>\n\n<\/div><div class='col-lg-12 col-md-6 col-12'><!-- WPDM Link Template: Default Template -->\n\n<div class=\"link-template-default card mb-2\">\n    <div class=\"card-body\">\n        <div class=\"media\">\n            <div class=\"mr-3 img-48\"><img decoding=\"async\" class=\"wpdm_icon\" alt=\"Icon\" src=\"https:\/\/md.rcm.upr.edu\/adsa\/wp-content\/plugins\/download-manager\/assets\/file-type-icons\/pdf.svg\" \/><\/div>\n            <div class=\"media-body\">\n                <h3 class=\"package-title\"><a href='https:\/\/md.rcm.upr.edu\/adsa\/download\/you-can-survive-a-critical-illness-2\/'>You Can Survive A Critical Illness<\/a><\/h3>\n                <div class=\"text-muted text-small\"><i class=\"fas fa-copy\"><\/i> 1 file(s) <i class=\"fas fa-hdd ml-3\"><\/i> 2.44 MB<\/div>\n            <\/div>\n            <div class=\"ml-3\">\n                <a class='wpdm-download-link download-on-click btn btn-primary ' rel='nofollow' href='#' data-downloadurl=\"https:\/\/md.rcm.upr.edu\/adsa\/download\/you-can-survive-a-critical-illness-2\/?wpdmdl=826&refresh=69de5c2d4f1911776180269\">Download<\/a>\n            <\/div>\n        <\/div>\n    <\/div>\n<\/div>\n\n<\/div><div class='col-lg-12 col-md-6 col-12'><!-- WPDM Link Template: Default Template -->\n\n<div class=\"link-template-default card mb-2\">\n    <div class=\"card-body\">\n        <div class=\"media\">\n            <div class=\"mr-3 img-48\"><img decoding=\"async\" class=\"wpdm_icon\" alt=\"Icon\" src=\"https:\/\/md.rcm.upr.edu\/adsa\/wp-content\/plugins\/download-manager\/assets\/file-type-icons\/pdf.svg\" \/><\/div>\n            <div class=\"media-body\">\n                <h3 class=\"package-title\"><a href='https:\/\/md.rcm.upr.edu\/adsa\/download\/security-plan\/'>Security Plan<\/a><\/h3>\n                <div class=\"text-muted text-small\"><i class=\"fas fa-copy\"><\/i> 1 file(s) <i class=\"fas fa-hdd ml-3\"><\/i> 419.98 KB<\/div>\n            <\/div>\n            <div class=\"ml-3\">\n                <a class='wpdm-download-link download-on-click btn btn-primary ' rel='nofollow' href='#' data-downloadurl=\"https:\/\/md.rcm.upr.edu\/adsa\/download\/security-plan\/?wpdmdl=829&refresh=69de5c2d4fb611776180269\">Download<\/a>\n            <\/div>\n        <\/div>\n    <\/div>\n<\/div>\n\n<\/div><div class='col-lg-12 col-md-6 col-12'><!-- WPDM Link Template: Default Template -->\n\n<div class=\"link-template-default card mb-2\">\n    <div class=\"card-body\">\n        <div class=\"media\">\n            <div class=\"mr-3 img-48\"><img decoding=\"async\" class=\"wpdm_icon\" alt=\"Icon\" src=\"https:\/\/md.rcm.upr.edu\/adsa\/wp-content\/plugins\/download-manager\/assets\/file-type-icons\/pdf.svg\" \/><\/div>\n            <div class=\"media-body\">\n                <h3 class=\"package-title\"><a href='https:\/\/md.rcm.upr.edu\/adsa\/download\/epidemics-after-natural-disasters\/'>Epidemics after Natural Disasters<\/a><\/h3>\n                <div class=\"text-muted text-small\"><i class=\"fas fa-copy\"><\/i> 1 file(s) <i class=\"fas fa-hdd ml-3\"><\/i> 223.88 KB<\/div>\n            <\/div>\n            <div class=\"ml-3\">\n                <a class='wpdm-download-link download-on-click btn btn-primary ' rel='nofollow' href='#' data-downloadurl=\"https:\/\/md.rcm.upr.edu\/adsa\/download\/epidemics-after-natural-disasters\/?wpdmdl=1921&refresh=69de5c2d504fb1776180269\">Download<\/a>\n            <\/div>\n        <\/div>\n    <\/div>\n<\/div>\n\n<\/div><div class='col-lg-12 col-md-6 col-12'><!-- WPDM Link Template: Default Template -->\n\n<div class=\"link-template-default card mb-2\">\n    <div class=\"card-body\">\n        <div class=\"media\">\n            <div class=\"mr-3 img-48\"><img decoding=\"async\" class=\"wpdm_icon\" alt=\"Icon\" src=\"https:\/\/md.rcm.upr.edu\/adsa\/wp-content\/plugins\/download-manager\/assets\/file-type-icons\/pdf.svg\" \/><\/div>\n            <div class=\"media-body\">\n                <h3 class=\"package-title\"><a href='https:\/\/md.rcm.upr.edu\/adsa\/download\/leptospirosis\/'>Leptospirosis<\/a><\/h3>\n                <div class=\"text-muted text-small\"><i class=\"fas fa-copy\"><\/i> 1 file(s) <i class=\"fas fa-hdd ml-3\"><\/i> 89.20 KB<\/div>\n            <\/div>\n            <div class=\"ml-3\">\n                <a class='wpdm-download-link download-on-click btn btn-primary ' rel='nofollow' href='#' data-downloadurl=\"https:\/\/md.rcm.upr.edu\/adsa\/download\/leptospirosis\/?wpdmdl=1922&refresh=69de5c2d50eaf1776180269\">Download<\/a>\n            <\/div>\n        <\/div>\n    <\/div>\n<\/div>\n\n<\/div><div class='col-lg-12 col-md-6 col-12'><!-- WPDM Link Template: Default Template -->\n\n<div class=\"link-template-default card mb-2\">\n    <div class=\"card-body\">\n        <div class=\"media\">\n            <div class=\"mr-3 img-48\"><img decoding=\"async\" class=\"wpdm_icon\" alt=\"Icon\" src=\"https:\/\/md.rcm.upr.edu\/adsa\/wp-content\/plugins\/download-manager\/assets\/file-type-icons\/pdf.svg\" \/><\/div>\n            <div class=\"media-body\">\n                <h3 class=\"package-title\"><a href='https:\/\/md.rcm.upr.edu\/adsa\/download\/manejo-del-agua\/'>Manejo del agua<\/a><\/h3>\n                <div class=\"text-muted text-small\"><i class=\"fas fa-copy\"><\/i> 1 file(s) <i class=\"fas fa-hdd ml-3\"><\/i> 193.63 KB<\/div>\n            <\/div>\n            <div class=\"ml-3\">\n                <a class='wpdm-download-link download-on-click btn btn-primary ' rel='nofollow' href='#' data-downloadurl=\"https:\/\/md.rcm.upr.edu\/adsa\/download\/manejo-del-agua\/?wpdmdl=1923&refresh=69de5c2d518781776180269\">Download<\/a>\n            <\/div>\n        <\/div>\n    <\/div>\n<\/div>\n\n<\/div><\/div>            <div style='clear:both'><\/div><div class='text-center'><ul class='pagination wpdm-pagination pagination-centered text-center'><\/ul><\/div><div style='clear:both'><\/div>        <\/div>\n\n        <div style='clear:both'><\/div>\n    <\/div>\n<\/div>\n[\/vc_column_text]<div class=\"dt-fancy-separator title-left h3-size style-disabled accent-title-color\" style=\"width: 100%;\"><div class=\"dt-fancy-title\"><span class=\"separator-holder separator-left\"><\/span>Multimedia<span class=\"separator-holder separator-right\"><\/span><\/div><\/div>[vc_empty_space][vc_column_text]Charla Seguridad en Predios RCM &#8211; 05\/12\/2017 [<a href=\"http:\/\/media.md.rcm.upr.edu\/Mediasite\/Play\/73da09bbebfa4f6181519d6bad2144891d\">Ver<\/a>]<\/p>\n<p>Charla Oficina de Seguridad &#8211; [<a href=\"http:\/\/media.md.rcm.upr.edu\/Mediasite\/Play\/88dd96c86e94453f97edffe16dec8bba1d\">Ver<\/a>]<\/p>\n<p>[\/vc_column_text][vc_empty_space]<div class=\"dt-fancy-separator title-left h3-size style-disabled accent-title-color\" style=\"width: 100%;\"><div class=\"dt-fancy-title\"><span class=\"separator-holder separator-left\"><\/span>Mini c\u00e1psulas de Salud- para prevenir enfermedades despu\u00e9s del hurac\u00e1n en Puerto Rico<span class=\"separator-holder separator-right\"><\/span><\/div><\/div>[vc_empty_space][\/vc_column][\/vc_row][vc_row][vc_column width=&#8221;1\/3&#8243;][vc_video link=&#8221;https:\/\/youtu.be\/xw_7r3izMPA&#8221; align=&#8221;center&#8221;][\/vc_column][vc_column width=&#8221;1\/3&#8243;][vc_video link=&#8221;https:\/\/youtu.be\/3TzmebJliIQ&#8221; align=&#8221;center&#8221;][\/vc_column][vc_column width=&#8221;1\/3&#8243;][vc_video link=&#8221;https:\/\/youtu.be\/ZYvqyAzbmyE&#8221; align=&#8221;center&#8221;][\/vc_column][\/vc_row][vc_row][vc_column width=&#8221;1\/3&#8243;][vc_video link=&#8221;https:\/\/youtu.be\/Nld8gI474dI&#8221; align=&#8221;center&#8221;][\/vc_column][vc_column width=&#8221;1\/3&#8243;][vc_video link=&#8221;https:\/\/youtu.be\/t27cU8xt1d0&#8243; align=&#8221;center&#8221;][\/vc_column][vc_column width=&#8221;1\/3&#8243;][vc_video link=&#8221;https:\/\/youtu.be\/tK6aCRNTrho&#8221; align=&#8221;center&#8221;][\/vc_column][\/vc_row]<\/p>\n<\/div>","protected":false},"excerpt":{"rendered":"<p>[vc_row][vc_column][vc_empty_space][\/vc_column][\/vc_row][vc_row][vc_column][vc_single_image image=&#8221;1961&#8243; img_size=&#8221;large&#8221; alignment=&#8221;center&#8221; onclick=&#8221;link_image&#8221;][\/vc_column][\/vc_row][vc_row][vc_column][vc_separator border_width=&#8221;2&#8243;][vc_empty_space][vc_empty_space][vc_empty_space][vc_empty_space][vc_empty_space][vc_column_text][\/vc_column_text][vc_empty_space][vc_column_text]Charla Seguridad en Predios RCM &#8211; 05\/12\/2017 [Ver] Charla Oficina de Seguridad &#8211; [Ver] [\/vc_column_text][vc_empty_space][vc_empty_space][\/vc_column][\/vc_row][vc_row][vc_column width=&#8221;1\/3&#8243;][vc_video link=&#8221;https:\/\/youtu.be\/xw_7r3izMPA&#8221; align=&#8221;center&#8221;][\/vc_column][vc_column width=&#8221;1\/3&#8243;][vc_video link=&#8221;https:\/\/youtu.be\/3TzmebJliIQ&#8221; align=&#8221;center&#8221;][\/vc_column][vc_column width=&#8221;1\/3&#8243;][vc_video link=&#8221;https:\/\/youtu.be\/ZYvqyAzbmyE&#8221; align=&#8221;center&#8221;][\/vc_column][\/vc_row][vc_row][vc_column width=&#8221;1\/3&#8243;][vc_video link=&#8221;https:\/\/youtu.be\/Nld8gI474dI&#8221; align=&#8221;center&#8221;][\/vc_column][vc_column width=&#8221;1\/3&#8243;][vc_video link=&#8221;https:\/\/youtu.be\/t27cU8xt1d0&#8243; align=&#8221;center&#8221;][\/vc_column][vc_column width=&#8221;1\/3&#8243;][vc_video link=&#8221;https:\/\/youtu.be\/tK6aCRNTrho&#8221; align=&#8221;center&#8221;][\/vc_column][\/vc_row]<\/p>\n","protected":false},"author":1,"featured_media":0,"parent":0,"menu_order":0,"comment_status":"closed","ping_status":"closed","template":"","meta":{"footnotes":""},"class_list":["post-224","page","type-page","status-publish","hentry","description-off"],"aioseo_notices":[],"_links":{"self":[{"href":"https:\/\/md.rcm.upr.edu\/adsa\/wp-json\/wp\/v2\/pages\/224","targetHints":{"allow":["GET"]}}],"collection":[{"href":"https:\/\/md.rcm.upr.edu\/adsa\/wp-json\/wp\/v2\/pages"}],"about":[{"href":"https:\/\/md.rcm.upr.edu\/adsa\/wp-json\/wp\/v2\/types\/page"}],"author":[{"embeddable":true,"href":"https:\/\/md.rcm.upr.edu\/adsa\/wp-json\/wp\/v2\/users\/1"}],"replies":[{"embeddable":true,"href":"https:\/\/md.rcm.upr.edu\/adsa\/wp-json\/wp\/v2\/comments?post=224"}],"version-history":[{"count":0,"href":"https:\/\/md.rcm.upr.edu\/adsa\/wp-json\/wp\/v2\/pages\/224\/revisions"}],"wp:attachment":[{"href":"https:\/\/md.rcm.upr.edu\/adsa\/wp-json\/wp\/v2\/media?parent=224"}],"curies":[{"name":"wp","href":"https:\/\/api.w.org\/{rel}","templated":true}]}}