{"id":241,"date":"2015-05-11T17:43:11","date_gmt":"2015-05-11T17:43:11","guid":{"rendered":"http:\/\/md.rcm.upr.edu\/adsa\/?page_id=241"},"modified":"2017-01-17T12:42:33","modified_gmt":"2017-01-17T16:42:33","slug":"groups-organizations","status":"publish","type":"page","link":"https:\/\/md.rcm.upr.edu\/adsa\/groups-organizations\/","title":{"rendered":"Groups &#038; Organizations"},"content":{"rendered":"<p>Organizaciones Estudiantiles de Medicina 2016-2017<\/p>\n<table>\n<tbody>\n<tr>\n<td width=\"168\">Presidente de la Org.<\/td>\n<td width=\"186\">Organizaci\u00f3n<\/td>\n<td width=\"75\">A\u00f1o que cursa<\/td>\n<td width=\"195\">email<\/td>\n<\/tr>\n<tr>\n<td width=\"168\">Shirin Shokooh<\/td>\n<td width=\"186\">Asociaci\u00f3n\u00a0 Saud Mental (ASaMe)<\/td>\n<td width=\"75\">4to<\/td>\n<td width=\"195\">shirin.shokooh@upr.edu<\/td>\n<\/tr>\n<tr>\n<td width=\"168\">Erica Otero C\u00e1rdenas<\/td>\n<td width=\"186\">Gold Humanism Honor Society (GHHS) Cap\u00edtulo UPR-RCM<\/td>\n<td width=\"75\">4to<\/td>\n<td width=\"195\">erica.otero@upr.edu<\/td>\n<\/tr>\n<tr>\n<td width=\"168\">Luis Rodr\u00edguez Ortiz<\/td>\n<td width=\"186\">University of Puerto Rico Sorad Interest Group in Diagnostic Radiology (SORAD)<\/td>\n<td width=\"75\">4to<\/td>\n<td width=\"195\">luis.rodriguez64@upr.edu<\/td>\n<\/tr>\n<tr>\n<td width=\"168\">Michael J. Rivera Rios<\/td>\n<td width=\"186\">American Medical Student Association UPR School of Medicine<\/td>\n<td width=\"75\">2do<\/td>\n<td width=\"195\">michael.rivera15@upr.edu<\/td>\n<\/tr>\n<tr>\n<td width=\"168\">Jean C. Rodr\u00edguez Agramonte<\/td>\n<td width=\"186\">Internal Medicine-Pediatrics Student Association<\/td>\n<td width=\"75\">4to<\/td>\n<td width=\"195\">jean.rodriguez3@upr.edu<\/td>\n<\/tr>\n<tr>\n<td width=\"168\">Bryan Morales Vargas<\/td>\n<td width=\"186\">Pathology Medical Student Interest group (PMSIG)<\/td>\n<td width=\"75\">3ro<\/td>\n<td width=\"195\">bryan.morales1@upr.edu<\/td>\n<\/tr>\n<tr>\n<td width=\"168\">Signia Camacho V\u00e9lez<\/td>\n<td width=\"186\">Family Medicine interest group-RCM<\/td>\n<td width=\"75\">4to<\/td>\n<td width=\"195\">signia.camacho@upr.edu<\/td>\n<\/tr>\n<tr>\n<td width=\"168\">Richard Silva Cantillo<\/td>\n<td width=\"186\">ACP Internal Medicine Interest Group<\/td>\n<td width=\"75\">4to<\/td>\n<td width=\"195\">richard.silva@upr.edu<\/td>\n<\/tr>\n<tr>\n<td width=\"168\">Jorge L. Mej\u00edas Ramos<\/td>\n<td width=\"186\">Asociaci\u00f3n de Est. de Pediatr\u00eda (AEP)<\/td>\n<td width=\"75\">3ro<\/td>\n<td width=\"195\">jorge.mejias@upr.edu<\/p>\n<p>&nbsp;<\/td>\n<\/tr>\n<tr>\n<td width=\"168\">Beatriz Figueroa D\u00edaz<\/td>\n<td width=\"186\">Medical Students Pro-Education (MSPE)<\/td>\n<td width=\"75\">3ro<\/td>\n<td width=\"195\">beatriz.figueroa1@upr.edu<\/p>\n<p>&nbsp;<\/td>\n<\/tr>\n<tr>\n<td width=\"168\">Nicole P. Rebollo Rodr\u00edguez<\/td>\n<td width=\"186\">Asoc. De Estudiantes al Servicio de la Comunidad AESCO<\/td>\n<td width=\"75\">4to<\/td>\n<td width=\"195\">nicole.rebollo@upr.edu<\/td>\n<\/tr>\n<tr>\n<td width=\"168\">Gabriel Noble Cruz<\/td>\n<td width=\"186\">Asociaci\u00f3n Estudiantil Elegidos para Servir<\/td>\n<td width=\"75\">2do<\/td>\n<td width=\"195\">gabriel.noble@upr.edu<\/td>\n<\/tr>\n<\/tbody>\n<\/table>\n","protected":false},"excerpt":{"rendered":"<p>Organizaciones Estudiantiles de Medicina 2016-2017 Presidente de la Org. Organizaci\u00f3n A\u00f1o que cursa email Shirin Shokooh Asociaci\u00f3n\u00a0 Saud Mental (ASaMe) 4to shirin.shokooh@upr.edu Erica Otero C\u00e1rdenas Gold Humanism Honor Society (GHHS) Cap\u00edtulo UPR-RCM 4to erica.otero@upr.edu Luis Rodr\u00edguez Ortiz University of Puerto Rico Sorad Interest Group in Diagnostic Radiology (SORAD) 4to luis.rodriguez64@upr.edu Michael J. Rivera Rios American&hellip;<\/p>\n","protected":false},"author":20,"featured_media":0,"parent":0,"menu_order":0,"comment_status":"closed","ping_status":"closed","template":"","meta":{"footnotes":""},"class_list":["post-241","page","type-page","status-publish","hentry","description-off"],"aioseo_notices":[],"_links":{"self":[{"href":"https:\/\/md.rcm.upr.edu\/adsa\/wp-json\/wp\/v2\/pages\/241","targetHints":{"allow":["GET"]}}],"collection":[{"href":"https:\/\/md.rcm.upr.edu\/adsa\/wp-json\/wp\/v2\/pages"}],"about":[{"href":"https:\/\/md.rcm.upr.edu\/adsa\/wp-json\/wp\/v2\/types\/page"}],"author":[{"embeddable":true,"href":"https:\/\/md.rcm.upr.edu\/adsa\/wp-json\/wp\/v2\/users\/20"}],"replies":[{"embeddable":true,"href":"https:\/\/md.rcm.upr.edu\/adsa\/wp-json\/wp\/v2\/comments?post=241"}],"version-history":[{"count":0,"href":"https:\/\/md.rcm.upr.edu\/adsa\/wp-json\/wp\/v2\/pages\/241\/revisions"}],"wp:attachment":[{"href":"https:\/\/md.rcm.upr.edu\/adsa\/wp-json\/wp\/v2\/media?parent=241"}],"curies":[{"name":"wp","href":"https:\/\/api.w.org\/{rel}","templated":true}]}}