{"id":98,"date":"2014-07-22T15:17:29","date_gmt":"2014-07-22T15:17:29","guid":{"rendered":"http:\/\/md.rcm.upr.edu\/anatomyneurobiology\/?page_id=98"},"modified":"2020-06-12T09:46:40","modified_gmt":"2020-06-12T13:46:40","slug":"dr-juan-carlos-jorge","status":"publish","type":"page","link":"https:\/\/md.rcm.upr.edu\/anatomyneurobiology\/dr-juan-carlos-jorge\/","title":{"rendered":"Dr. Juan Carlos Jorge"},"content":{"rendered":"<div class=\"wpb-content-wrapper\"><p>[vc_row][vc_column][vc_column_text]<img loading=\"lazy\" decoding=\"async\" class=\"size-full wp-image-494 alignright\" src=\"https:\/\/md.rcm.upr.edu\/anatomyneurobiology\/wp-content\/uploads\/sites\/23\/2014\/07\/jcj.jpg\" alt=\"\" width=\"116\" height=\"139\" srcset=\"https:\/\/md.rcm.upr.edu\/anatomyneurobiology\/wp-content\/uploads\/sites\/23\/2014\/07\/jcj.jpg 116w, https:\/\/md.rcm.upr.edu\/anatomyneurobiology\/wp-content\/uploads\/sites\/23\/2014\/07\/jcj-83x100.jpg 83w\" sizes=\"auto, (max-width: 116px) 100vw, 116px\" \/>Professor<br \/>\nLaboratory of Sex and Gender Variance<br \/>\nMedical Sciences Campus, Edificio Principal Dr. Guillermo Arbona Irizarry, Lab A520\/A521\/A522<br \/>\n<a href=\"mailto:juan.jorge@upr.edu\">juan.jorge@upr.edu<\/a><br \/>\n787-758-2525 x1506, 1536<\/p>\n<p>International Journal of Sexual Health, Advisory Board<\/p>\n<p>Research interests: The study of human intersexuality informs us about scientific misconceptions on sex and gender.\u00a0 In addition, it allows us to think about the embodiment of identity from transdisciplinary perspectives.[\/vc_column_text][vc_column_text]<strong>Graduate Students<\/strong><\/p>\n<p>Barbara L. Riestra Candelaria<br \/>\nPhD Student<br \/>\nAnatomy &amp; Neurobiology<br \/>\nUniversity of Puerto Rico, Medical Sciences Campus<br \/>\n<a href=\"mailto:barbara.riestra@upr.edu\">barbara.riestra@upr.edu<\/a><\/p>\n<p>Coriness Pineyro Ruiz, M.S.<br \/>\nPhD Student<br \/>\nAnatomy &amp; Neurobiology<br \/>\nUniversity of Puerto Rico, Medical Sciences Campus<br \/>\n<a href=\"mailto:coriness.pineyro@upr.edu\">coriness.pineyro@upr.edu<\/a>[\/vc_column_text][vc_column_text]<strong>Publications (since 2007)<\/strong><\/p>\n<p>Pi\u00f1eyro-Ruiz C, Chorna NE, P\u00e9rez-Brayfield MR and <strong>Jorge JC<\/strong> (2020). Severity-Dependent Profile of the Metabolome in Hypospadias. Front. Pediatr. 8:202. doi: 10.3389\/fped.2020.00202<\/p>\n<p>Pi\u00f1eyro-Ruiz C, Serrano H, P\u00e9rez-Brayfield MR and <strong>Jorge JC<\/strong> (2020). New frontiers on the molecular underpinnings of hypospadias according to severity, Arab Journal of Urology, DOI: 10.1080\/2090598X.2020.1760589<\/p>\n<p><strong>Jorge JC<\/strong>, Valerio-P\u00e9rez L, Esteban C &amp; Rivera- Lassen AI (2019). Intersex care in the United States and international standards of human rights, Global Public Health, DOI: 10.1080\/17441692.2019.1706759<\/p>\n<p>Real-Quintanar T, Robles-Garc\u00eda R, Medina-Mora ME, <strong>Jorge JC<\/strong>, V\u00e1zquez-P\u00e9rez L.\u00a0 (2019). Transgender identity and cryptorchidism: Case Study.\u00a0 Salud Mental, 42(1), 51-57. doi: 10.17711\/SM.0185-3325.2019.007<\/p>\n<p>Riestra-Candelaria BL*, Rodr\u00edguez-Mojica W, <strong>Jorge JC<\/strong> (2018) Anatomical criteria to measure the adult right liver lobe by ultrasound. Sonography 64-69 doi:10.1002\/sono.12162<\/p>\n<p>S\u00e1nchez-Montoya EL, Reyes, MA, Pardo J, Nu\u00f1ez-Alarc\u00f3n J, Ortiz JG, Jorge,\u00a0<strong>Jorge JC<\/strong>, B\u00f3rquez, AM, Simirgiotis MJ.\u00a0(2017). High resolution UHPLC-MS metabolomics and sedative-anxiolytic effects of Latua pubiflora: a mystic plant used by Mapuche Amerindians.\u00a0Front. Pharmacol. 8:494. doi: 10.3389\/fphar.2017.00494.<\/p>\n<p>Saavedra-Belaunde JA, Soto-Aviles O,\u00a0<strong>Jorge J<\/strong>, Escudero K, Vazquez-Cruz M, Perez-Brayfield M.\u00a0\u00a0(2017).\u00a0 Can regional anesthesia have an effect on surgical outcomes in patients undergoing distal hypospadia surgery?\u00a0\u00a0J Pediatr Urol. 2017 Feb;13(1):45.e1-45.e4. doi:10.1016\/j.jpurol.2016.09.0 11. Epub 2016 Oct 26.<\/p>\n<p><strong>Jorge JC<\/strong>, P\u00e9rez-Brayfield MR, Torres CM, Pi\u00f1eyro-Ruiz C, Torres N (2016). Age of the mother as a risk factor and timing of hypospadias repair according to severity. SOJ Urology &amp; Nephrology, 2(1):1-5.<\/p>\n<p><strong>Jorge JC<\/strong> (2016). El nombrar cl\u00ednico: La disforia de g\u00e9nero. Diversidad, 7:1. Available at: www.boletindiversidad.org<\/p>\n<p>P\u00e9rez-Brayfield MR, <strong>Jorge JC<\/strong>, Avil\u00e9s LA, D\u00edaz J, Ortiz V and Morales-Cosme W (2016) Concordance of Expert and Parental Opinion about Hypospadias Surgical Outcome Is Severity Dependent. Front. Pediatr. 4:2. doi: 10.3389\/fped.2016.00002<\/p>\n<p>Riestra-Candelaria BL, V\u00e1zquez-Qui\u00f1ones LE, Rodr\u00edguez-Mojica W, <strong>Jorge JC <\/strong>(2016). Ultrasound Accuracy of Liver Length Measurement With Cadaveric Specimens. Journal of Diagnostic Medical Sonography, Vol. 32(1) 12\u201319. DOI: 10.1177\/8756479315621287.<\/p>\n<p><strong>Jorge, JC<\/strong> (2015). Disforia de g\u00e9nero: un diagn\u00f3stico contumaz destinado al olvido. Fuentes Human\u00edsticas, 51: 41-56.<\/p>\n<p>Avil\u00e9s LA, Alvelo-Maldonado L, Padr\u00f3-Mojica I, Seguinot J, <strong>Jorge JC<\/strong>. (2014). Risk factors, prevalence trend, and spatial clustering of hypospadias cases in Puerto Rico. Journal of Pediatric Urology, 2014 May 9. pii: S1477-5131(14)00132-6. doi: 10.1016\/j.jpurol.2014.03.014. PMID: 24857284<\/p>\n<p><strong>Jorge JC<\/strong> and Agramonte-Machado A. (2013). Standards of care for congenital adrenal hyperplasia: a call for change in the Caribbean region. Sexuality Research and Social Policy 10, 3, 233-241.<\/p>\n<p><strong>Jorge, JC<\/strong>. (2011). Lecciones m\u00e9dicas sobre la variante sexual: el hermafrodita del siglo XVI y el intersexual del siglo XXI. Cuicuilco, 18 (52), 251-272.<\/p>\n<p>Acevedo P, <strong>Jorge JC<\/strong>, Cruz-S\u00e1nchez A, Amy E, Barreto-Estrada J. A ten-year assessment of anabolic steroid misuse among competitive athletes in Puerto Rico. West Indian Medical Journal, 2011; 60 (5): 531-535.<\/p>\n<p><strong>Jorge JC<\/strong> (2010a). The embryology of gender. Journal of LGBT Youth, 7: 310-319. Reprinted in Spanish as: Jorge JC (2010b). La embriolog\u00eda del g\u00e9nero y modelos moleculares emergentes para explicar la diferenciaci\u00f3n sexual. Sexolog\u00eda, 15(2), 37-49.<\/p>\n<p><strong>Jorge JC <\/strong>(2010c). El Corpus Sexual de la Biomedicina, Sexolog\u00eda y Sociedad 42: 22-34.<\/p>\n<p>S\u00e1nchez-Montoya E, Hernandez L, Barreto-Estrada J, Ortiz JG, <strong>Jorge JC<\/strong> (2010). The testosterone metabolite 3\u03b1-Diol enhances female rat sexual motivation when infused in the Nucleus accumbens shell. Journal of Sexual Medicine, 7, 3598-3609.<\/p>\n<p><strong>Jorge JC<\/strong>, Echeverri C, Medina Y, Acevedo P (2008a). Male gender identity in an XX individual with congenital adrenal hyperplasia. Journal of Sexual Medicine, 5: 122-131.<\/p>\n<p>Letter to the editor: Jorge JC, Echeverri C, Medina Y, Acevedo P (2008b). Male gender identity in an XX individual with congenital adrenal hyperplasia. a response by the authors. J Sexual Medicine, 6, 298-299<\/p>\n<p><strong>Jorge JC <\/strong>(2007). Statistical management of ambiguity: bodies that defy the algorithm of sex classification. DataCr\u00edtica: International Journal of Critical Statistics 1 (1): 19-37.\u00a0\u00a0 http:\/\/datacritica.info\/ojs\/index.php\/datacritica\/article\/viewArticle\/6<\/p>\n<p>Barreto-Estrada JL, Parrilla-Carrero J<strong>, Jorge JC <\/strong>(2007). Exposure to an anabolic steroid changes female mice sexual responses according to sex partner. Journal of Sexual Medicine, 4 (4): 878-885.<\/p>\n<p>Recent contributions:<\/p>\n<p>Manual Diagn\u00f3stico en Sexolog\u00eda, Tercera Edici\u00f3n (2012). Federaci\u00f3n Latinoamericana de Sociedades de Sexolog\u00eda y Educaci\u00f3n Sexual (FLASSES), Academia Internacional de Sexolog\u00eda M\u00e9dica (AISM), Asociaci\u00f3n Mundial de Sexolog\u00eda M\u00e9dica (AMSM). Editorial CIPV: Caracas, Venezuela. ISBN 978-980-12-5311-2<\/p>\n<p>Rol: Miembro del equipo operativo, tercera edici\u00f3n.<\/p>\n<p><strong>Jorge JC<\/strong> (2010d). Commentary: What exactly is gender incongruence? For: Sexuality Policy Watch, Rio de Janeiro-Brazil. Available in: <a href=\"http:\/\/www.sxpolitics.org\">http:\/\/www.sxpolitics.org<\/a><\/p>\n<p>Acevedo P, <strong>Jorge JC<\/strong>, Cruz-S\u00e1nchez A, Amy E, Barreto-Estrada J. (2010). A ten-year assessment of anabolic steroid misuse among competitive athletes in Puerto Rico. In: XXXI FIMS Sports Medicine World Congress, Medimond International Proceedings. Itlay: Editografica. ISBN 978-88-7587-589-3[\/vc_column_text][\/vc_column][\/vc_row]<\/p>\n<\/div>","protected":false},"excerpt":{"rendered":"<p>[vc_row][vc_column][vc_column_text]Professor Laboratory of Sex and Gender Variance Medical Sciences Campus, Edificio Principal Dr. Guillermo Arbona Irizarry, Lab A520\/A521\/A522 juan.jorge@upr.edu 787-758-2525 x1506, 1536 International Journal of Sexual Health, Advisory Board Research interests: The study of human intersexuality informs us about scientific misconceptions on sex and gender.\u00a0 In addition, it allows us to think about the embodiment&hellip;<\/p>\n","protected":false},"author":1,"featured_media":0,"parent":0,"menu_order":0,"comment_status":"closed","ping_status":"closed","template":"","meta":{"jetpack_post_was_ever_published":false,"footnotes":""},"class_list":["post-98","page","type-page","status-publish","hentry","description-off"],"aioseo_notices":[],"jetpack_sharing_enabled":true,"jetpack_shortlink":"https:\/\/wp.me\/P658ug-1A","_links":{"self":[{"href":"https:\/\/md.rcm.upr.edu\/anatomyneurobiology\/wp-json\/wp\/v2\/pages\/98","targetHints":{"allow":["GET"]}}],"collection":[{"href":"https:\/\/md.rcm.upr.edu\/anatomyneurobiology\/wp-json\/wp\/v2\/pages"}],"about":[{"href":"https:\/\/md.rcm.upr.edu\/anatomyneurobiology\/wp-json\/wp\/v2\/types\/page"}],"author":[{"embeddable":true,"href":"https:\/\/md.rcm.upr.edu\/anatomyneurobiology\/wp-json\/wp\/v2\/users\/1"}],"replies":[{"embeddable":true,"href":"https:\/\/md.rcm.upr.edu\/anatomyneurobiology\/wp-json\/wp\/v2\/comments?post=98"}],"version-history":[{"count":0,"href":"https:\/\/md.rcm.upr.edu\/anatomyneurobiology\/wp-json\/wp\/v2\/pages\/98\/revisions"}],"wp:attachment":[{"href":"https:\/\/md.rcm.upr.edu\/anatomyneurobiology\/wp-json\/wp\/v2\/media?parent=98"}],"curies":[{"name":"wp","href":"https:\/\/api.w.org\/{rel}","templated":true}]}}