{"id":1400,"date":"2025-10-22T08:46:08","date_gmt":"2025-10-22T12:46:08","guid":{"rendered":"https:\/\/md.rcm.upr.edu\/anesthesiology\/?page_id=1400"},"modified":"2026-03-30T08:05:55","modified_gmt":"2026-03-30T12:05:55","slug":"research-publications","status":"publish","type":"page","link":"https:\/\/md.rcm.upr.edu\/anesthesiology\/research-publications\/","title":{"rendered":"Research Publications"},"content":{"rendered":"<div class=\"wpb-content-wrapper\"><p>[vc_row][vc_column][vc_column_text]<\/p>\r\n\r\n<p><strong>Recent Publications<\/strong><\/p>\r\n<h4>2026<\/h4>\r\n<p><a href=\"https:\/\/www.cureus.com\/articles\/465061-anesthetic-challenges-in-debulking-surgery-of-massive-plexiform-neurofibroma-with-neurofibromatosis-type-1-a-case-report-of-intraoperative-generalized-involuntary-movements-and-severe-blood-loss#!\/\"><span data-olk-copy-source=\"MessageBody\">Anesthetic Challenges in Debulking Surgery of Massive Plexiform Neurofibroma with Neurofibromatosis Type 1: A Case Report of Intraoperative Generalized Involuntary Movements and Severe Blood Loss<\/span><\/a><\/p>\r\n<ul>\r\n<li>Authors Ana Nido-Cebollero, Gerardo Garcia-Rivera, Harold L. Rivera-Alvarado, Felix A. Rullan-Lopez de Victoria,\u00a0 Andr\u00e9s B. Sosa-Gonz\u00e1lez, Hector Torres, Maria J. Crespo<\/li>\r\n<\/ul>\r\n<h4>2025<\/h4>\r\n<p><a href=\"https:\/\/www.cureus.com\/articles\/441863-navigating-the-crisis-of-white-cord-syndrome-in-a-diabetic-female-patient-after-cervical-spine-surgery-a-case-report#!\/authors\">Navigating the Crisis of White Cord Syndrome in a Diabetic Female Patient After Cervical Spine Surgery: A Case Report<\/a><\/p>\r\n<ul>\r\n<li>Authors: Harold L. Rivera-Alvarado , Guillermo Garcia-Vargas , Juli\u00e1n J. Zayas-V\u00e9lez , Amanda Cintron-Santiago , Myrna Morales-Franqui , Emil A. Pastrana ,\u00a0 Hector Torres-P\u00e9rez, Maria J. Crespo<\/li>\r\n<\/ul>\r\n<p><a href=\"https:\/\/doi.org\/10.7759\/cureus.90303\" target=\"_blank\" rel=\"noopener\">Anesthetic Considerations for and Management of a Parturient With Jarcho-Levin Syndrome: A Case Report of Continuous Spinal Anesthesia for Preterm Cesarean Section.<\/a>\u00a0<\/p>\r\n<ul class=\"wp-block-list\">\r\n<li>Authors: \u00c1mbar Ram\u00edrez-Rodr\u00edguez , Juli\u00e1n J. Zayas-V\u00e9lez , Dimaris Dom\u00ednguez , Evelyn Carrero , Maria J. Crespo<\/li>\r\n<\/ul>\r\n<p><a href=\"https:\/\/doi.org\/10.7759\/cureus.83287\" target=\"_blank\" rel=\"noopener\">Successful Anesthetic Management for Laparoscopic Gynecological Surgery in Adult-Onset Alexander\u2019s Disease: A Case Report.<\/a><\/p>\r\n<ul class=\"wp-block-list\">\r\n<li>Authors: Christian Maldonado-Crespo , Juli\u00e1n J. Zayas-V\u00e9lez , Elfren Col\u00f3n-Rodr\u00edguez , Maria J. Crespo<\/li>\r\n<\/ul>\r\n<h4>2024<\/h4>\r\n<p><a href=\"https:\/\/doi.org\/10.7759\/cureus.56973\" target=\"_blank\" rel=\"noopener\">Acute Respiratory Failure Secondary to Low-Dose Opioid Administration in a Patient With Obstructive Sleep Apnea and Obesity Hypoventilation Syndrome After Undergoing Trans-sphenoidal Tumor Resection.<\/a>\u00a0<\/p>\r\n<ul class=\"wp-block-list\">\r\n<li>Authors: Dennys Rivera-P\u00e9rez , Adrian B. Muniz-Sarriera , Joshua Marcial , Hector Torres-P\u00e9rez , Elfren Col\u00f3n-Rodr\u00edguez , Maria J. Crespo<\/li>\r\n<\/ul>\r\n<div class=\"gap\" style=\"line-height: 10px; height: 10px;\"><\/div>\r\n<h4>2023<\/h4>\r\n<p><a href=\"https:\/\/doi.org\/10.3389\/fneur.2023.1165155\" target=\"_blank\" rel=\"noopener\">Case report: A combination of nitroglycerin and adenosine proves effective in repairing a cerebral arteriovenous malformation.<\/a>\u00a0<\/p>\r\n<ul class=\"wp-block-list\">\r\n<li>Authors: Virginia Rojas-Nieves , Cristian Rosa-Carrasquillo , Allan J. Reyes-Sullivan , Marie Rom\u00e1n , Caleb E. Feliciano-Valls , H\u00e9ctor M. Torres-P\u00e9rez , Pamela Fern\u00e1ndez , Mar\u00eda J. Crespo<\/li>\r\n<\/ul>\r\n<p><a href=\"https:\/\/doi.org\/10.7759\/cureus.40363\" target=\"_blank\" rel=\"noopener\">Anesthetic Management Including Postoperative Regional Anesthesia in a Young Adult Patient With Von Willebrand Disease and Osteogenesis Imperfecta.<\/a><\/p>\r\n<ul class=\"wp-block-list\">\r\n<li>Authors: Dennys Rivera-P\u00e9rez , Cristian Rosa-Carrasquillo , Allan J. Reyes-Sullivan , Hector M. Torres-P\u00e9rez , Maria J. Crespo<\/li>\r\n<\/ul>\r\n<p>&nbsp;<\/p>\r\n<p>&nbsp;<\/p>\r\n<!-- \/wp:post-content -->\r\n\r\n<!-- wp:list -->\r\n<ul class=\"wp-block-list\"><!-- wp:list-item --><\/ul>\r\n<ul class=\"wp-block-list\"><!-- \/wp:list-item -->\r\n\r\n<!-- wp:list-item --><\/ul>\r\n<!-- \/wp:list-item -->\r\n\r\n<!-- wp:paragraph -->\r\n<p><strong>Abstract Publications<\/strong><\/p>\r\n<p>Plateau Pressure Values are Higher than Expected in Patients with BMI &gt;25 kg\/m2 During Low Tidal Volume Mechanical Ventilation.<\/p>\r\n<ul class=\"wp-block-list\">\r\n<li><em>Puerto Rico Health Science Journal: March (Annual Forum Abstract Supplement).<\/em> 2023;42(1):7.<\/li>\r\n<li>Authors: Rosa-Carrasquillo C, Reyes-Sullivan A, Torres-P\u00e9rez H, Crespo MJ.\u00a0<\/li>\r\n<\/ul>\r\n<p>Elevated Plateau Pressures in Patients with BMI &gt;25 kg\/m2 during low tidal volume mechanical ventilation.<\/p>\r\n<ul class=\"wp-block-list\">\r\n<li><em>Anesthesia &amp; Analgesia: Abstracts of International Anesthesia Research Society &amp; Society of Critical Care Anesthesiologists Annual Meetings<\/em> 2023;136(5S):795.<\/li>\r\n<li>Authors: Rosa-Carrasquillo C, Reyes-Sullivan A, Torres-P\u00e9rez H, Crespo MJ.\u00a0<\/li>\r\n<!-- \/wp:paragraph --><\/ul>\r\n<!-- \/wp:list -->\r\n\r\n<!-- wp:paragraph \/-->\r\n<p>[\/vc_column_text][\/vc_column][\/vc_row]<\/p><\/div>","protected":false},"excerpt":{"rendered":"<p>[vc_row][vc_column][vc_column_text] Recent Publications 2026 Anesthetic Challenges in Debulking Surgery of Massive Plexiform Neurofibroma with Neurofibromatosis Type 1: A Case Report of Intraoperative Generalized Involuntary Movements and Severe Blood Loss Authors Ana Nido-Cebollero, Gerardo Garcia-Rivera, Harold L. Rivera-Alvarado, Felix A. Rullan-Lopez de Victoria,\u00a0 Andr\u00e9s B. Sosa-Gonz\u00e1lez, Hector Torres, Maria J. Crespo 2025 Navigating the Crisis of&hellip;<\/p>\n","protected":false},"author":110,"featured_media":1390,"parent":0,"menu_order":0,"comment_status":"closed","ping_status":"closed","template":"","meta":{"footnotes":""},"class_list":["post-1400","page","type-page","status-publish","has-post-thumbnail","hentry","description-off"],"aioseo_notices":[],"_links":{"self":[{"href":"https:\/\/md.rcm.upr.edu\/anesthesiology\/wp-json\/wp\/v2\/pages\/1400","targetHints":{"allow":["GET"]}}],"collection":[{"href":"https:\/\/md.rcm.upr.edu\/anesthesiology\/wp-json\/wp\/v2\/pages"}],"about":[{"href":"https:\/\/md.rcm.upr.edu\/anesthesiology\/wp-json\/wp\/v2\/types\/page"}],"author":[{"embeddable":true,"href":"https:\/\/md.rcm.upr.edu\/anesthesiology\/wp-json\/wp\/v2\/users\/110"}],"replies":[{"embeddable":true,"href":"https:\/\/md.rcm.upr.edu\/anesthesiology\/wp-json\/wp\/v2\/comments?post=1400"}],"version-history":[{"count":14,"href":"https:\/\/md.rcm.upr.edu\/anesthesiology\/wp-json\/wp\/v2\/pages\/1400\/revisions"}],"predecessor-version":[{"id":2282,"href":"https:\/\/md.rcm.upr.edu\/anesthesiology\/wp-json\/wp\/v2\/pages\/1400\/revisions\/2282"}],"wp:featuredmedia":[{"embeddable":true,"href":"https:\/\/md.rcm.upr.edu\/anesthesiology\/wp-json\/wp\/v2\/media\/1390"}],"wp:attachment":[{"href":"https:\/\/md.rcm.upr.edu\/anesthesiology\/wp-json\/wp\/v2\/media?parent=1400"}],"curies":[{"name":"wp","href":"https:\/\/api.w.org\/{rel}","templated":true}]}}