{"id":11,"date":"2019-01-17T16:37:25","date_gmt":"2019-01-17T16:37:25","guid":{"rendered":"https:\/\/md.rcm.upr.edu\/cemi\/?page_id=11"},"modified":"2021-08-30T14:34:34","modified_gmt":"2021-08-30T18:34:34","slug":"inicio","status":"publish","type":"page","link":"https:\/\/md.rcm.upr.edu\/cemi\/","title":{"rendered":"Inicio"},"content":{"rendered":"<div class=\"wpb-content-wrapper\"><p>[vc_row][vc_column width=&#8221;3\/4&#8243;][vc_column_text]El Centro de Estudios Materno-Infantiles (CEMI) se estableci\u00f3 debido a la necesidad de seguir a las mujeres embarazadas identificadas como mujeres que viven con VIH. Esto fue parte de un programa de cernimiento que comenz\u00f3 en el hospital de la Universidad de Puerto Rico para el 1987. A todas las mujeres que recib\u00edan cuidado prenatal se les ofrec\u00eda realizarse la prueba de VIH luego de firmar un consentimiento informado. Este programa, fue quiz\u00e1s, el primero en la naci\u00f3n que decidi\u00f3 proveer consejer\u00eda y pruebas de VIH a mujeres embarazadas. La tasa de aceptaci\u00f3n fue de 97% y la sero-prevalencia fue de 1.4% en 1987-88. En comparaci\u00f3n, la sero-prevalencia de las mujeres embarazadas en NY fue de 1.3% durante el mismo periodo de tiempo.<\/p>\n<p>Esta prevalencia indica que una de cada 71 mujeres que daban a luz en el Hospital Universitario estaba infectada con el VIH. Sin embargo, aunque en esos momentos no hab\u00eda tratamientos, creemos que el paciente deb\u00eda conocer su status de VIH, ya que esto influye en sus decisiones sobre sus estilos de vida, futuros embarazos y otras estrategias de prevenci\u00f3n. La consejer\u00eda consist\u00eda en informaci\u00f3n sobre el resultado de embarazo, riesgo de transmisi\u00f3n perinatal, opciones de embarazo, cambios en estilos de vida y revelaci\u00f3n del diagn\u00f3stico. La cl\u00ednica se desarroll\u00f3 como el Centro de Estudios Materno-Infantiles (CEMI) porque todos los programas perinatales y de la cl\u00ednica longitudinal decidieron integrarse.<\/p>\n<p>Hoy d\u00eda la pol\u00edtica p\u00fablica en PR y en la pr\u00e1ctica, toda mujer embarazada debe ser evaluada con la prueba de cernimiento de VIH y se estableci\u00f3 una pol\u00edtica de ofrecer la prueba r\u00e1pida en las salas de parto a toda mujer que no haya tenido la prueba en el embarazo o la repetida durante el tercer trimestre. Las estrategias de reducci\u00f3n de riesgo de transmisi\u00f3n incluyen tratamiento antirretroviral en el embarazo, cuidado en el parto o ces\u00e1rea, tratamiento al bebe por 6 semanas y uso de f\u00f3rmula de alimentaci\u00f3n al infante (leche maternizada).<\/p>\n<p>Puerto Rico elimin\u00f3 la transmisi\u00f3n del VIH de madre a infante desde hace casi dos d\u00e9cadas.[\/vc_column_text][\/vc_column][vc_column width=&#8221;1\/4&#8243;][vc_widget_sidebar sidebar_id=&#8221;sidebar_1&#8243;][\/vc_column][\/vc_row][vc_row][vc_column][vc_column_text]<strong>Servicios Psicol\u00f3gicos<\/strong><\/p>\n<p>Ante la declaraci\u00f3n de \u201cestado de emergencia en todo Puerto Rico respecto al brote\u00a0del COVID-19 que actualmente aqueja la poblaci\u00f3n mundial\u201d y velando por la continuidad del servicio a nuestras pacientes estaremos ofreciendo seguimiento de los servicios psicol\u00f3gico por medios electr\u00f3nicos. Los medios electr\u00f3nicos pueden ser tel\u00e9fonos y computadoras.<\/p>\n<p>Este servicio:<\/p>\n<ul>\n<li>ser\u00e1 provisto de manera temporera mientras dure la emergencia.<\/li>\n<li>est\u00e1 disponible solo para pacientes de CEMI.<\/li>\n<li>estar\u00e1 disponible los martes y jueves entre los horarios de 8:00am-4:00pm y los viernes de 8:00am-12 del mediod\u00eda.<\/li>\n<\/ul>\n<p>La persona interesada deber\u00e1 contactar a la Dra. Marianela Rodr\u00edguez \u00a0al correo electr\u00f3nico\u00a0<a href=\"mailto:Marianela.rodriguez@upr.edu\">Marianela.rodriguez@upr.edu<\/a>. La doctora se comunicar\u00e1 para orientarte sobre los servicios, aclarar dudas, solicitar consentimiento informado y coordinar fecha de servicio.<\/p>\n<p><strong>En caso de una emergencia, se recomienda contactar a la l\u00ednea PAS al\u00a01-800-981-0023 o al 911.\u00a0<\/strong>[\/vc_column_text][vc_text_separator title=&#8221;Estos enlaces y videos te pueden ayudar a mantener la calma en estos tiempos&#8221; color=&#8221;juicy_pink&#8221;][vc_btn title=&#8221;Consejos psicol\u00f3gicos para largos periodos dentro de casa&#8221; color=&#8221;pink&#8221; align=&#8221;center&#8221; i_icon_fontawesome=&#8221;fas fa-external-link-alt&#8221; add_icon=&#8221;true&#8221; link=&#8221;url:https%3A%2F%2Fpuentesdigitales.com%2F2020%2F03%2F15%2Fconsejos-psicologicos-para-largos-periodos-dentro-de-casa%2F|||&#8221;][vc_video link=&#8221;https:\/\/www.youtube.com\/watch?v=0mXT7lc-la0&#8243; align=&#8221;center&#8221;][\/vc_column][\/vc_row][vc_row][vc_column][vc_custom_heading text=&#8221;Testimonios&#8221; font_container=&#8221;tag:h3|text_align:left|color:%232d9332&#8243; use_theme_fonts=&#8221;yes&#8221;]<style type=\"text\/css\" data-type=\"the7_shortcodes-inline-css\">.dt-testimonials-shortcode.testimonials-masonry-shortcode-id-6fd9357ce4968476572adc5ced5c1b8c .testimonial-item {\n  padding: 30px 30px 20px 30px;\n}\n.dt-testimonials-shortcode.testimonials-masonry-shortcode-id-6fd9357ce4968476572adc5ced5c1b8c .testimonial-name,\n.dt-testimonials-shortcode.testimonials-masonry-shortcode-id-6fd9357ce4968476572adc5ced5c1b8c .testimonial-name a,\n.dt-testimonials-shortcode.testimonials-masonry-shortcode-id-6fd9357ce4968476572adc5ced5c1b8c .testimonial-name span {\n  margin-bottom: 0px;\n  font-weight: bold;\n}\n.dt-testimonials-shortcode.testimonials-masonry-shortcode-id-6fd9357ce4968476572adc5ced5c1b8c .testimonial-position {\n  margin-bottom: 20px;\n}\n.dt-testimonials-shortcode.testimonials-masonry-shortcode-id-6fd9357ce4968476572adc5ced5c1b8c .testimonial-position,\n.dt-testimonials-shortcode.testimonials-masonry-shortcode-id-6fd9357ce4968476572adc5ced5c1b8c .testimonial-position span {\n  font-weight: bold;\n}\n.dt-testimonials-shortcode.testimonials-masonry-shortcode-id-6fd9357ce4968476572adc5ced5c1b8c  .testimonial-avatar {\n  padding: 0px 20px 20px 0px;\n}\n.dt-testimonials-shortcode.testimonials-masonry-shortcode-id-6fd9357ce4968476572adc5ced5c1b8c  .testimonial-avatar a,\n.dt-testimonials-shortcode.testimonials-masonry-shortcode-id-6fd9357ce4968476572adc5ced5c1b8c  .testimonial-avatar span,\n.dt-testimonials-shortcode.testimonials-masonry-shortcode-id-6fd9357ce4968476572adc5ced5c1b8c  .testimonial-avatar img {\n  max-width: 80px;\n}\n.dt-testimonials-shortcode.testimonials-masonry-shortcode-id-6fd9357ce4968476572adc5ced5c1b8c .dt-css-grid .testimonial-avatar img,\n.dt-testimonials-shortcode.testimonials-masonry-shortcode-id-6fd9357ce4968476572adc5ced5c1b8c .dt-css-grid .testimonial-avatar svg {\n  max-width: 100%;\n}\n.dt-testimonials-shortcode.testimonials-masonry-shortcode-id-6fd9357ce4968476572adc5ced5c1b8c.layout-5:not(.hide-testimonial-avatar) .content-wrap,\n.dt-testimonials-shortcode.testimonials-masonry-shortcode-id-6fd9357ce4968476572adc5ced5c1b8c.layout-6:not(.hide-testimonial-avatar) .content-wrap {\n  width: calc(100% - 80px - 20px - 0px);\n}\n.dt-testimonials-shortcode.testimonials-masonry-shortcode-id-6fd9357ce4968476572adc5ced5c1b8c .testimonial-content {\n  margin-bottom: 0px;\n}\n.dt-testimonials-shortcode.testimonials-masonry-shortcode-id-6fd9357ce4968476572adc5ced5c1b8c  .testimonial-avatar,\n.dt-testimonials-shortcode.testimonials-masonry-shortcode-id-6fd9357ce4968476572adc5ced5c1b8c  .testimonial-avatar a.rollover,\n.dt-testimonials-shortcode.testimonials-masonry-shortcode-id-6fd9357ce4968476572adc5ced5c1b8c  .testimonial-avatar a.rollover *,\n.dt-testimonials-shortcode.testimonials-masonry-shortcode-id-6fd9357ce4968476572adc5ced5c1b8c  .testimonial-avatar img,\n.dt-testimonials-shortcode.testimonials-masonry-shortcode-id-6fd9357ce4968476572adc5ced5c1b8c  .testimonial-avatar .no-avatar,\n.dt-testimonials-shortcode.testimonials-masonry-shortcode-id-6fd9357ce4968476572adc5ced5c1b8c  .testim-no-avatar {\n  border-radius: 0px;\n}\n.dt-testimonials-shortcode.testimonials-masonry-shortcode-id-6fd9357ce4968476572adc5ced5c1b8c  .testimonial-avatar .no-avatar {\n  height: 80px;\n}\n.dt-testimonials-shortcode.testimonials-masonry-shortcode-id-6fd9357ce4968476572adc5ced5c1b8c  .testimonial-avatar .no-avatar {\n  font-size: 80px;\n  width: 80px;\n}\n.dt-testimonials-shortcode.testimonials-masonry-shortcode-id-6fd9357ce4968476572adc5ced5c1b8c .filter-bg-decoration .filter-categories a.act {\n  color: #fff;\n}\n.dt-testimonials-shortcode.testimonials-masonry-shortcode-id-6fd9357ce4968476572adc5ced5c1b8c:not(.resize-by-browser-width) .dt-css-grid {\n  grid-row-gap: 30px;\n  grid-column-gap: 30px;\n  grid-template-columns: repeat(auto-fill,minmax(,1fr));\n}\n.cssgridlegacy.no-cssgrid .dt-testimonials-shortcode.testimonials-masonry-shortcode-id-6fd9357ce4968476572adc5ced5c1b8c:not(.resize-by-browser-width) .dt-css-grid,\n.no-cssgridlegacy.no-cssgrid .dt-testimonials-shortcode.testimonials-masonry-shortcode-id-6fd9357ce4968476572adc5ced5c1b8c:not(.resize-by-browser-width) .dt-css-grid {\n  display: flex;\n  flex-flow: row wrap;\n  margin: -15px;\n}\n.cssgridlegacy.no-cssgrid .dt-testimonials-shortcode.testimonials-masonry-shortcode-id-6fd9357ce4968476572adc5ced5c1b8c:not(.resize-by-browser-width) .dt-css-grid .wf-cell,\n.no-cssgridlegacy.no-cssgrid .dt-testimonials-shortcode.testimonials-masonry-shortcode-id-6fd9357ce4968476572adc5ced5c1b8c:not(.resize-by-browser-width) .dt-css-grid .wf-cell {\n  flex: 1 0 ;\n  max-width: 100%;\n  padding: 15px;\n  box-sizing: border-box;\n}\n.dt-testimonials-shortcode.testimonials-masonry-shortcode-id-6fd9357ce4968476572adc5ced5c1b8c.resize-by-browser-width .dt-css-grid {\n  grid-template-columns: repeat(3,1fr);\n  grid-template-rows: auto;\n  grid-column-gap: 30px;\n  grid-row-gap: 30px;\n}\n.cssgridlegacy.no-cssgrid .dt-testimonials-shortcode.testimonials-masonry-shortcode-id-6fd9357ce4968476572adc5ced5c1b8c.resize-by-browser-width .dt-css-grid,\n.no-cssgridlegacy.no-cssgrid .dt-testimonials-shortcode.testimonials-masonry-shortcode-id-6fd9357ce4968476572adc5ced5c1b8c.resize-by-browser-width .dt-css-grid {\n  margin: -15px;\n}\n.cssgridlegacy.no-cssgrid .dt-testimonials-shortcode.testimonials-masonry-shortcode-id-6fd9357ce4968476572adc5ced5c1b8c.resize-by-browser-width .dt-css-grid .wf-cell,\n.no-cssgridlegacy.no-cssgrid .dt-testimonials-shortcode.testimonials-masonry-shortcode-id-6fd9357ce4968476572adc5ced5c1b8c.resize-by-browser-width .dt-css-grid .wf-cell {\n  width: 33.333333333333%;\n  padding: 15px;\n}\n@media screen and (max-width: 1199px) {\n  .dt-testimonials-shortcode.testimonials-masonry-shortcode-id-6fd9357ce4968476572adc5ced5c1b8c.resize-by-browser-width .dt-css-grid {\n    grid-template-columns: repeat(3,1fr);\n  }\n  .cssgridlegacy.no-cssgrid .dt-testimonials-shortcode.testimonials-masonry-shortcode-id-6fd9357ce4968476572adc5ced5c1b8c.resize-by-browser-width .dt-css-grid .wf-cell,\n  .no-cssgridlegacy.no-cssgrid .dt-testimonials-shortcode.testimonials-masonry-shortcode-id-6fd9357ce4968476572adc5ced5c1b8c.resize-by-browser-width .dt-css-grid .wf-cell {\n    width: 33.333333333333%;\n  }\n}\n@media screen and (max-width: 991px) {\n  .dt-testimonials-shortcode.testimonials-masonry-shortcode-id-6fd9357ce4968476572adc5ced5c1b8c.resize-by-browser-width .dt-css-grid {\n    grid-template-columns: repeat(2,1fr);\n  }\n  .cssgridlegacy.no-cssgrid .dt-testimonials-shortcode.testimonials-masonry-shortcode-id-6fd9357ce4968476572adc5ced5c1b8c.resize-by-browser-width .dt-css-grid .wf-cell,\n  .no-cssgridlegacy.no-cssgrid .dt-testimonials-shortcode.testimonials-masonry-shortcode-id-6fd9357ce4968476572adc5ced5c1b8c.resize-by-browser-width .dt-css-grid .wf-cell {\n    width: 50%;\n  }\n}\n@media screen and (max-width: 767px) {\n  .dt-testimonials-shortcode.testimonials-masonry-shortcode-id-6fd9357ce4968476572adc5ced5c1b8c.resize-by-browser-width .dt-css-grid {\n    grid-template-columns: repeat(1,1fr);\n  }\n  .cssgridlegacy.no-cssgrid .dt-testimonials-shortcode.testimonials-masonry-shortcode-id-6fd9357ce4968476572adc5ced5c1b8c.resize-by-browser-width .dt-css-grid .wf-cell,\n  .no-cssgridlegacy.no-cssgrid .dt-testimonials-shortcode.testimonials-masonry-shortcode-id-6fd9357ce4968476572adc5ced5c1b8c.resize-by-browser-width .dt-css-grid .wf-cell {\n    width: 100%;\n  }\n}<\/style><div class=\"dt-testimonials-masonry-shortcode dt-testimonials-shortcode testimonials-masonry-shortcode-id-6fd9357ce4968476572adc5ced5c1b8c loading-effect-none content-align-left mode-grid content-bg-on layout-4 hide-testimonial-avatar scale-img dt-css-grid-wrap jquery-filter dt-css-grid-wrap resize-by-browser-width  \" data-padding=\"15px\" data-cur-page=\"1\" data-post-limit=\"-1\" data-pagination-mode=\"none\" data-desktop-columns-num=\"3\" data-v-tablet-columns-num=\"2\" data-h-tablet-columns-num=\"3\" data-phone-columns-num=\"1\" data-width=\"0px\" data-columns=\"0\"><div class=\"dt-css-grid\" ><div class=\"visible wf-cell\" data-post-id=\"16\" data-date=\"2019-01-17T22:02:05-04:00\" data-name=\"Organizaci\u00f3n\"><div class=\"testimonial-item post visible\"><div class=\"testimonial-author\"><div class=\"testimonial-vcard\"><div class=\"testimonial-position\"><\/div><\/div><\/div><div class=\"testimonial-content\"><p>\u201cSon ch\u00e9veres y bien organizadas. Las enfermeras son responsables y sobretodo bien puntuales\u201d.<\/p>\n<\/div><\/div><\/div><div class=\"visible wf-cell\" data-post-id=\"18\" data-date=\"2019-01-17T22:05:36-04:00\" data-name=\"El Mejor Servicio\"><div class=\"testimonial-item post visible\"><div class=\"testimonial-author\"><div class=\"testimonial-vcard\"><div class=\"testimonial-position\"><\/div><\/div><\/div><div class=\"testimonial-content\"><p>\u201cMe siento feliz en la cl\u00ednica. Es el mejor servicio que he recibido. Las enfermeras son muy buenas y las doctoras tambi\u00e9n. Llevo dos hijos nacidos bajo CEMI y si tuviera otro regresar\u00eda aqu\u00ed\u201d.<\/p>\n<\/div><\/div><\/div><div class=\"visible wf-cell\" data-post-id=\"20\" data-date=\"2019-01-17T22:07:13-04:00\" data-name=\"Familia\"><div class=\"testimonial-item post visible\"><div class=\"testimonial-author\"><div class=\"testimonial-vcard\"><div class=\"testimonial-position\"><\/div><\/div><\/div><div class=\"testimonial-content\"><p>\u201cAqu\u00ed me tratan como familia. Las quiero mucho\u201d.<\/p>\n<\/div><\/div><\/div><div class=\"visible wf-cell\" data-post-id=\"21\" data-date=\"2019-01-17T22:08:10-04:00\" data-name=\"Todo Coraz\u00f3n\"><div class=\"testimonial-item post visible\"><div class=\"testimonial-author\"><div class=\"testimonial-vcard\"><div class=\"testimonial-position\"><\/div><\/div><\/div><div class=\"testimonial-content\"><p>\u201cMi doctora en como una amiga. Las enfermeras son comas las t\u00edas que nunca tuve y la psic\u00f3loga siempre est\u00e1 ah\u00ed. Les estoy agradecida de coraz\u00f3n porque gracias a ellos y a sus tratamientos mi hija naci\u00f3 saludable y preciosa\u201d.<\/p>\n<\/div><\/div><\/div><\/div><!-- iso-container|iso-grid --><\/div>[vc_empty_space][vc_column_text]<strong>DISCLOSURE<\/strong><\/p>\n<p>This website is supported by the Health Resources and Services Administration (HRSA) of the U.S. Department of Health and Human Services (HHS) as part of an award totaling $_____________ with ______ percent financed with non-governmental sources. The contents are those of the author(s) and do not necessarily represent the official views of, nor an endorsement, by HRSA, HHS, or the U.S. Government. For more information, please visit HRSA.gov.<\/p>\n<p>[\/vc_column_text][\/vc_column][\/vc_row]<\/p>\n<\/div>","protected":false},"excerpt":{"rendered":"<p>[vc_row][vc_column width=&#8221;3\/4&#8243;][vc_column_text]El Centro de Estudios Materno-Infantiles (CEMI) se estableci\u00f3 debido a la necesidad de seguir a las mujeres embarazadas identificadas como mujeres que viven con VIH. Esto fue parte de un programa de cernimiento que comenz\u00f3 en el hospital de la Universidad de Puerto Rico para el 1987. A todas las mujeres que recib\u00edan cuidado&hellip;<\/p>\n","protected":false},"author":1,"featured_media":0,"parent":0,"menu_order":0,"comment_status":"closed","ping_status":"closed","template":"","meta":{"footnotes":""},"class_list":["post-11","page","type-page","status-publish","hentry","description-off"],"aioseo_notices":[],"_links":{"self":[{"href":"https:\/\/md.rcm.upr.edu\/cemi\/wp-json\/wp\/v2\/pages\/11","targetHints":{"allow":["GET"]}}],"collection":[{"href":"https:\/\/md.rcm.upr.edu\/cemi\/wp-json\/wp\/v2\/pages"}],"about":[{"href":"https:\/\/md.rcm.upr.edu\/cemi\/wp-json\/wp\/v2\/types\/page"}],"author":[{"embeddable":true,"href":"https:\/\/md.rcm.upr.edu\/cemi\/wp-json\/wp\/v2\/users\/1"}],"replies":[{"embeddable":true,"href":"https:\/\/md.rcm.upr.edu\/cemi\/wp-json\/wp\/v2\/comments?post=11"}],"version-history":[{"count":0,"href":"https:\/\/md.rcm.upr.edu\/cemi\/wp-json\/wp\/v2\/pages\/11\/revisions"}],"wp:attachment":[{"href":"https:\/\/md.rcm.upr.edu\/cemi\/wp-json\/wp\/v2\/media?parent=11"}],"curies":[{"name":"wp","href":"https:\/\/api.w.org\/{rel}","templated":true}]}}