{"id":208,"date":"2020-03-17T14:25:31","date_gmt":"2020-03-17T14:25:31","guid":{"rendered":"https:\/\/md.rcm.upr.edu\/cemi\/?page_id=208"},"modified":"2020-03-27T19:35:20","modified_gmt":"2020-03-27T19:35:20","slug":"entrevistas","status":"publish","type":"page","link":"https:\/\/md.rcm.upr.edu\/cemi\/entrevistas\/","title":{"rendered":"Entrevistas"},"content":{"rendered":"<div class=\"wpb-content-wrapper\"><p>[vc_row][vc_column]<div class=\"standard-arrow list-divider bullet-top\"><ul>\n<li>\n<p class=\"story-post-title\"><a href=\"https:\/\/www.elnuevodia.com\/opinion\/columnas\/lasembarazadasyelcoronavirus-columna-2555633\/\">Las Embarazadas y el Coronavirus<\/a><\/p>\n<\/li>\n<li class=\"entry-title\" style=\"text-align: left\"><a href=\"https:\/\/medicinaysaludpublica.com\/record-de-puerto-rico-16-anos-sin-nacimientos-con-vih-de-madres-con-sida\/\">R\u00e9cord de Puerto Rico: 16 a\u00f1os de nacimientos sin rastro del VIH<\/a><\/li>\n<li><a href=\"https:\/\/medicinaysaludpublica.com\/el-rol-de-la-ciencia-puertorriquena-en-la-reduccion-del-vih-en-el-mundo\/\">El Rol de la Ciencia Puertorrique\u00f1a en la Reducci\u00f3n del VIH en el Mundo<\/a><\/li>\n<li><a href=\"https:\/\/www.upr.edu\/investigadora-de-ciencias-medicas-es-reconocida-con-el-premio-bajari\/\">Investigadora de Ciencias M\u00e9dicas es Reconocida con el Premio Bajar\u00ed<\/a><\/li>\n<\/ul>\n<\/div>[\/vc_column][\/vc_row][vc_row][vc_column width=&#8221;1\/2&#8243;][vc_column_text]<\/p>\n<blockquote class=\"wp-embedded-content\" data-secret=\"qqkCHsTPuH\"><p><a href=\"https:\/\/medicinaysaludpublica.com\/puerto-rico-fue-el-primer-pais-del-mundo-que-se-deshizo-de-la-transmision-del-vih-de-madre-a-hijo\/\">Puerto Rico fue el primer pa\u00eds del mundo que se deshizo de la transmisi\u00f3n del VIH de madre a hijo<\/a><\/p><\/blockquote>\n<p><iframe loading=\"lazy\" title=\"&#171;Puerto Rico fue el primer pa\u00eds del mundo que se deshizo de la transmisi\u00f3n del VIH de madre a hijo&#187; &#8212; Medicina y Salud P\u00fablica\" class=\"wp-embedded-content\" sandbox=\"allow-scripts\" security=\"restricted\" style=\"position: absolute; clip: rect(1px, 1px, 1px, 1px);\" src=\"https:\/\/medicinaysaludpublica.com\/puerto-rico-fue-el-primer-pais-del-mundo-que-se-deshizo-de-la-transmision-del-vih-de-madre-a-hijo\/embed\/#?secret=qqkCHsTPuH\" data-secret=\"qqkCHsTPuH\" width=\"600\" height=\"338\" frameborder=\"0\" marginwidth=\"0\" marginheight=\"0\" scrolling=\"no\"><\/iframe><\/p>\n<p>[\/vc_column_text][\/vc_column][vc_column width=&#8221;1\/2&#8243;][vc_column_text]<\/p>\n<blockquote class=\"wp-embedded-content\" data-secret=\"pvLmxj7gZb\"><p><a href=\"https:\/\/medicinaysaludpublica.com\/investigadora-de-ciencias-medicas-es-reconocida-con-el-premio-bajari\/\">Reconocen prol\u00edfica trayectoria de la puertorrique\u00f1a que descubri\u00f3 c\u00f3mo evitar que mujeres con VIH infecten a sus hijos<\/a><\/p><\/blockquote>\n<p><iframe loading=\"lazy\" title=\"&#171;Reconocen prol\u00edfica trayectoria de la puertorrique\u00f1a que descubri\u00f3 c\u00f3mo evitar que mujeres con VIH infecten a sus hijos&#187; &#8212; Medicina y Salud P\u00fablica\" class=\"wp-embedded-content\" sandbox=\"allow-scripts\" security=\"restricted\" style=\"position: absolute; clip: rect(1px, 1px, 1px, 1px);\" src=\"https:\/\/medicinaysaludpublica.com\/investigadora-de-ciencias-medicas-es-reconocida-con-el-premio-bajari\/embed\/#?secret=pvLmxj7gZb\" data-secret=\"pvLmxj7gZb\" width=\"600\" height=\"338\" frameborder=\"0\" marginwidth=\"0\" marginheight=\"0\" scrolling=\"no\"><\/iframe><\/p>\n<p>[\/vc_column_text][\/vc_column][\/vc_row]<\/p>\n<\/div>","protected":false},"excerpt":{"rendered":"<p>[vc_row][vc_column][\/vc_column][\/vc_row][vc_row][vc_column width=&#8221;1\/2&#8243;][vc_column_text] [\/vc_column_text][\/vc_column][vc_column width=&#8221;1\/2&#8243;][vc_column_text] [\/vc_column_text][\/vc_column][\/vc_row]<\/p>\n","protected":false},"author":1,"featured_media":0,"parent":0,"menu_order":0,"comment_status":"closed","ping_status":"closed","template":"","meta":{"footnotes":""},"class_list":["post-208","page","type-page","status-publish","hentry","description-off"],"aioseo_notices":[],"_links":{"self":[{"href":"https:\/\/md.rcm.upr.edu\/cemi\/wp-json\/wp\/v2\/pages\/208","targetHints":{"allow":["GET"]}}],"collection":[{"href":"https:\/\/md.rcm.upr.edu\/cemi\/wp-json\/wp\/v2\/pages"}],"about":[{"href":"https:\/\/md.rcm.upr.edu\/cemi\/wp-json\/wp\/v2\/types\/page"}],"author":[{"embeddable":true,"href":"https:\/\/md.rcm.upr.edu\/cemi\/wp-json\/wp\/v2\/users\/1"}],"replies":[{"embeddable":true,"href":"https:\/\/md.rcm.upr.edu\/cemi\/wp-json\/wp\/v2\/comments?post=208"}],"version-history":[{"count":0,"href":"https:\/\/md.rcm.upr.edu\/cemi\/wp-json\/wp\/v2\/pages\/208\/revisions"}],"wp:attachment":[{"href":"https:\/\/md.rcm.upr.edu\/cemi\/wp-json\/wp\/v2\/media?parent=208"}],"curies":[{"name":"wp","href":"https:\/\/api.w.org\/{rel}","templated":true}]}}