{"id":24,"date":"2019-01-17T22:16:53","date_gmt":"2019-01-17T22:16:53","guid":{"rendered":"https:\/\/md.rcm.upr.edu\/cemi\/?page_id=24"},"modified":"2020-03-19T17:58:46","modified_gmt":"2020-03-19T17:58:46","slug":"quienes-somos","status":"publish","type":"page","link":"https:\/\/md.rcm.upr.edu\/cemi\/quienes-somos\/","title":{"rendered":"\u00bfQui\u00e9nes somos?"},"content":{"rendered":"<div class=\"wpb-content-wrapper\"><p>[vc_row][vc_column][vc_column_text]<strong>Visi\u00f3n<\/strong><\/p>\n<p>Ser un centro modelo que integre servicios cl\u00ednicos, investigaci\u00f3n y educaci\u00f3n para atender la salud del cuerpo, la mente y esp\u00edritu de las mujeres que viven con VIH y sus familiares y garantizar su salud, derechos reproductivos y participaci\u00f3n comunitaria.<\/p>\n<p>&nbsp;<\/p>\n<p><strong>Misi\u00f3n<\/strong><\/p>\n<p>Ofrecer servicios integrales y hacer investigaci\u00f3n cl\u00ednica y comunitaria acerca de salud reproductiva a mujeres a riesgo y viviendo con VIH con enfoque preventivo y biosicosocial para reducir la morbilidad y mortalidad asociados al VIH y prevenir transmisi\u00f3n a otros. \u00a0Nuestras poblaciones de especial inter\u00e9s son mujeres embarazadas y no-embarazadas, j\u00f3venes, y ni\u00f1os (en colaboraci\u00f3n con GAMMA).<\/p>\n<p>[\/vc_column_text][\/vc_column][\/vc_row][vc_row][vc_column]<div class=\"standard-arrow list-divider bullet-top\"><p><strong>Metas<\/strong><\/p>\n<ul>\n<li>Eliminar la epidemia del VIH en Puerto Rico.<\/li>\n<li>Reducir la transmisi\u00f3n del VIH de madre a infante o entre parejas.<\/li>\n<li>Ofrecer servicios de salud comprensivo y prevenci\u00f3n a mujeres y j\u00f3venes a riesgo o que viven con VIH.<\/li>\n<li>Implementar y evaluar modelos de cuidado m\u00e9dico de excelencia que integren el apoderamiento, consejer\u00eda y educaci\u00f3n de las mujeres que viven con VIH o a riesgo de contraer VIH.<\/li>\n<li>Reducir la mortalidad, morbilidad y comorbilidades en mujeres, j\u00f3venes y ni\u00f1os que viven con VIH.<\/li>\n<li>Mantener una agenda activa de investigaci\u00f3n que redunde en el desarrollo de nuevos modelos de servicios y el mejor entendimiento del VIH y su progresi\u00f3n en la poblaci\u00f3n servida.<\/li>\n<li>Fomentar la plena participaci\u00f3n comunitaria, eliminando estigma.<\/li>\n<li>Desarrollar capacidad y conocimiento en futuros profesionales e investigadores para que respondan con sensibilidad y excelencia a las necesidades de la poblaci\u00f3n servida.<\/li>\n<li>Desarrollar capacidad en las entidades de base comunitaria para que participen activamente en fomentar la visi\u00f3n y misi\u00f3n hol\u00edstica de cuidado y servicio a mujeres que viven con VIH.<\/li>\n<\/ul>\n<\/div>[\/vc_column][\/vc_row][vc_row][vc_column][vc_column_text]<strong>Historia<\/strong><\/p>\n<p>El Centro de Estudios Materno-Infantiles (CEMI) se estableci\u00f3 debido a la necesidad de seguir a las mujeres embarazadas identificadas como mujeres que viven con VIH. Esto fue parte de un programa de cernimiento que comenz\u00f3 en el hospital de la Universidad de Puerto Rico para el 1987. A todas las mujeres que recib\u00edan cuidado prenatal se les ofrec\u00eda realizarse la prueba de VIH luego de firmar un consentimiento informado. Este programa, fue quiz\u00e1s, el primero en la naci\u00f3n que decidi\u00f3 proveer consejer\u00eda y pruebas de VIH a mujeres embarazadas. La tasa de aceptaci\u00f3n fue de 97% y la sero-prevalencia fue de 1.4% en 1987-88. En comparaci\u00f3n, la sero-prevalencia de las mujeres embarazadas en NY fue de 1.3% durante el mismo periodo de tiempo.<\/p>\n<p>Esta prevalencia indica que una de cada 71 mujeres que daban a luz en el Hospital Universitario estaba infectada con el VIH. Sin embargo, aunque en esos momentos no hab\u00eda tratamientos, creemos que el paciente deb\u00eda conocer su status de VIH, ya que esto influye en sus decisiones sobre sus estilos de vida, futuros embarazos y otras estrategias de prevenci\u00f3n. La consejer\u00eda consist\u00eda en informaci\u00f3n sobre el resultado de embarazo, riesgo de transmisi\u00f3n perinatal, opciones de embarazo, cambios en estilos de vida y revelaci\u00f3n del diagn\u00f3stico. La cl\u00ednica se desarroll\u00f3 como el Centro de Estudios Materno-Infantiles (CEMI) porque todos los programas perinatales y de la cl\u00ednica longitudinal decidieron integrarse.<\/p>\n<p>Hoy d\u00eda la pol\u00edtica p\u00fablica en PR y en la pr\u00e1ctica, toda mujer embarazada debe ser evaluada con la prueba de cernimiento de VIH y se estableci\u00f3 una pol\u00edtica de ofrecer la prueba r\u00e1pida en las salas de parto a toda mujer que no haya tenido la prueba en el embarazo o la repetida durante el tercer trimestre. Las estrategias de reducci\u00f3n de riesgo de transmisi\u00f3n incluyen tratamiento antirretroviral en el embarazo, cuidado en el parto o ces\u00e1rea, tratamiento al bebe por 6 semanas y uso de f\u00f3rmula de alimentaci\u00f3n al infante (leche maternizada).<\/p>\n<p>Puerto Rico elimin\u00f3 la transmisi\u00f3n del VIH de madre a infante desde hace casi dos d\u00e9cadas.[\/vc_column_text][\/vc_column][\/vc_row]<\/p>\n<\/div>","protected":false},"excerpt":{"rendered":"<p>[vc_row][vc_column][vc_column_text]Visi\u00f3n Ser un centro modelo que integre servicios cl\u00ednicos, investigaci\u00f3n y educaci\u00f3n para atender la salud del cuerpo, la mente y esp\u00edritu de las mujeres que viven con VIH y sus familiares y garantizar su salud, derechos reproductivos y participaci\u00f3n comunitaria. &nbsp; Misi\u00f3n Ofrecer servicios integrales y hacer investigaci\u00f3n cl\u00ednica y comunitaria acerca de salud&hellip;<\/p>\n","protected":false},"author":1,"featured_media":0,"parent":0,"menu_order":0,"comment_status":"closed","ping_status":"closed","template":"","meta":{"footnotes":""},"class_list":["post-24","page","type-page","status-publish","hentry","description-off"],"aioseo_notices":[],"_links":{"self":[{"href":"https:\/\/md.rcm.upr.edu\/cemi\/wp-json\/wp\/v2\/pages\/24","targetHints":{"allow":["GET"]}}],"collection":[{"href":"https:\/\/md.rcm.upr.edu\/cemi\/wp-json\/wp\/v2\/pages"}],"about":[{"href":"https:\/\/md.rcm.upr.edu\/cemi\/wp-json\/wp\/v2\/types\/page"}],"author":[{"embeddable":true,"href":"https:\/\/md.rcm.upr.edu\/cemi\/wp-json\/wp\/v2\/users\/1"}],"replies":[{"embeddable":true,"href":"https:\/\/md.rcm.upr.edu\/cemi\/wp-json\/wp\/v2\/comments?post=24"}],"version-history":[{"count":0,"href":"https:\/\/md.rcm.upr.edu\/cemi\/wp-json\/wp\/v2\/pages\/24\/revisions"}],"wp:attachment":[{"href":"https:\/\/md.rcm.upr.edu\/cemi\/wp-json\/wp\/v2\/media?parent=24"}],"curies":[{"name":"wp","href":"https:\/\/api.w.org\/{rel}","templated":true}]}}