{"id":250,"date":"2020-03-18T18:36:10","date_gmt":"2020-03-18T18:36:10","guid":{"rendered":"https:\/\/md.rcm.upr.edu\/cemi\/?page_id=250"},"modified":"2020-03-18T18:36:10","modified_gmt":"2020-03-18T18:36:10","slug":"servicios-psicologicos","status":"publish","type":"page","link":"https:\/\/md.rcm.upr.edu\/cemi\/servicios-psicologicos\/","title":{"rendered":"Servicios Psicol\u00f3gicos"},"content":{"rendered":"<div class=\"wpb-content-wrapper\"><p>[vc_row][vc_column][vc_column_text]Ante la declaraci\u00f3n de \u201cestado de emergencia en todo Puerto Rico respecto al brote\u00a0del COVID-19 que actualmente aqueja la poblaci\u00f3n mundial\u201d y velando por la continuidad del servicio a nuestras pacientes estaremos ofreciendo seguimiento de los servicios psicol\u00f3gico por medios electr\u00f3nicos. Los medios electr\u00f3nicos pueden ser tel\u00e9fonos y computadoras.<\/p>\n<p><strong>Este servicio<\/strong>:<\/p>\n<ul>\n<li>ser\u00e1 provisto de manera temporera mientras dure la emergencia.<\/li>\n<li>est\u00e1 disponible solo para pacientes de CEMI.<\/li>\n<li>estar\u00e1 disponible los martes y jueves entre los horarios de 8:00am-4:00pm y los viernes de 8:00am-12 del mediod\u00eda.<\/li>\n<\/ul>\n<p>La persona interesada deber\u00e1 contactar a la Dra. Marianela Rodr\u00edguez \u00a0al correo electr\u00f3nico <a href=\"mailto:marianela.rodriguez@upr.edu\">marianela.rodriguez@upr.edu<\/a>. La doctora se comunicar\u00e1 para orientarte sobre los servicios, aclarar dudas, solicitar consentimiento informado y coordinar fecha de servicio.<\/p>\n<p>En caso de una emergencia, se recomienda contactar a la l\u00ednea PAS al\u00a01-800-981-0023 o al 911.[\/vc_column_text][vc_text_separator title=&#8221;Estos enlaces y videos te pueden ayudar a mantener la calma en estos tiempos&#8221; color=&#8221;juicy_pink&#8221;][vc_btn title=&#8221;Consejos psicol\u00f3gicos para largos periodos dentro de casa&#8221; color=&#8221;pink&#8221; align=&#8221;center&#8221; i_icon_fontawesome=&#8221;fas fa-external-link-alt&#8221; add_icon=&#8221;true&#8221; link=&#8221;url:https%3A%2F%2Fpuentesdigitales.com%2F2020%2F03%2F15%2Fconsejos-psicologicos-para-largos-periodos-dentro-de-casa%2F|||&#8221;][vc_video link=&#8221;https:\/\/www.youtube.com\/watch?v=0mXT7lc-la0&#8243; align=&#8221;center&#8221;][\/vc_column][\/vc_row]<\/p>\n<\/div>","protected":false},"excerpt":{"rendered":"<p>[vc_row][vc_column][vc_column_text]Ante la declaraci\u00f3n de \u201cestado de emergencia en todo Puerto Rico respecto al brote\u00a0del COVID-19 que actualmente aqueja la poblaci\u00f3n mundial\u201d y velando por la continuidad del servicio a nuestras pacientes estaremos ofreciendo seguimiento de los servicios psicol\u00f3gico por medios electr\u00f3nicos. Los medios electr\u00f3nicos pueden ser tel\u00e9fonos y computadoras. Este servicio: ser\u00e1 provisto de manera&hellip;<\/p>\n","protected":false},"author":1,"featured_media":0,"parent":0,"menu_order":0,"comment_status":"closed","ping_status":"closed","template":"","meta":{"footnotes":""},"class_list":["post-250","page","type-page","status-publish","hentry","description-off"],"aioseo_notices":[],"_links":{"self":[{"href":"https:\/\/md.rcm.upr.edu\/cemi\/wp-json\/wp\/v2\/pages\/250","targetHints":{"allow":["GET"]}}],"collection":[{"href":"https:\/\/md.rcm.upr.edu\/cemi\/wp-json\/wp\/v2\/pages"}],"about":[{"href":"https:\/\/md.rcm.upr.edu\/cemi\/wp-json\/wp\/v2\/types\/page"}],"author":[{"embeddable":true,"href":"https:\/\/md.rcm.upr.edu\/cemi\/wp-json\/wp\/v2\/users\/1"}],"replies":[{"embeddable":true,"href":"https:\/\/md.rcm.upr.edu\/cemi\/wp-json\/wp\/v2\/comments?post=250"}],"version-history":[{"count":0,"href":"https:\/\/md.rcm.upr.edu\/cemi\/wp-json\/wp\/v2\/pages\/250\/revisions"}],"wp:attachment":[{"href":"https:\/\/md.rcm.upr.edu\/cemi\/wp-json\/wp\/v2\/media?parent=250"}],"curies":[{"name":"wp","href":"https:\/\/api.w.org\/{rel}","templated":true}]}}