{"id":26,"date":"2019-01-17T22:26:23","date_gmt":"2019-01-17T22:26:23","guid":{"rendered":"https:\/\/md.rcm.upr.edu\/cemi\/?page_id=26"},"modified":"2021-03-04T20:07:36","modified_gmt":"2021-03-04T20:07:36","slug":"servicios","status":"publish","type":"page","link":"https:\/\/md.rcm.upr.edu\/cemi\/servicios\/","title":{"rendered":"Servicios"},"content":{"rendered":"<div class=\"wpb-content-wrapper\"><p>[vc_row][vc_column][vc_column_text]<strong>Visi\u00f3n de la cl\u00ednica y modelo de servicios integrales<\/strong><\/p>\n<p>Desde sus inicios en el a\u00f1o 1987 el enfoque principal de la cl\u00ednica era el manejo durante el embarazo de mujeres viviendo con el VIH. Participamos en los estudios cient\u00edficos que cambiaron el rumbo y manejo de la enfermedad.\u00a0 En este campo, la labor de dicho centro ha logrado y mantenido en CERO la \u00a0incidencia de casos de infantes infectados perinatalmente.\u00a0 A trav\u00e9s de los a\u00f1os, CEMI ha ampliado el espectro de servicios ofrecidos a la poblaci\u00f3n de personas viviendo con el VIH, y actualmente no tan solo se circunscribe al manejo y tratamiento de esta poblaci\u00f3n durante el embarazo, sino que ofrece todo el cuidado primario y gineco-obst\u00e9trico de sus pacientes.\u00a0 Luego de haber impactado casi 3000 mujeres VIH positivas de todo Puerto Rico, CEMI se ha establecido como uno de los centros de preferencia para muchas de las mujeres que viven con VIH en la isla.<\/p>\n<p>Como cl\u00ednica enfocada en el cuidado hol\u00edstico de las mujeres viviendo con VIH, CEMI ofrece un sinn\u00famero de servicios espec\u00edficos para esta poblaci\u00f3n.\u00a0 Con un enfoque de salud primario, en acorde con las m\u00e1s recientes gu\u00edas de mantenimiento de la salud, el fin principal de nuestra cl\u00ednica es disminuir la morbilidad y mortalidad asociados al VIH y sus co-morbilidades. Somos parte de la estrategia para la eliminaci\u00f3n de la epidemia del VIH.\u00a0 Ya que desde sus inicios CEMI ha sido una cl\u00ednica ginecol\u00f3gica especializada en mujeres que viven con VIH, la atenci\u00f3n a los problemas obst\u00e9tricos y ginecol\u00f3gicos de nuestras pacientes es una prioridad en nuestros servicios.\u00a0 La prevenci\u00f3n es inherente a todos los servicios que ofrecemos: prevenci\u00f3n de transmisi\u00f3n vertical del VIH, prevenci\u00f3n de malignidades del tracto genital, prevenci\u00f3n de embarazos no deseados y ETS y prevenci\u00f3n de parejos a riesgo de infecci\u00f3n por el VIH.<\/p>\n<p>La prevenci\u00f3n entre parejas utilizando lo que se conoce como PrEP (Pre Exposure Prophylaxis) se ofrece a parejas discordantes (una persona positiva y otra negativa) o a personas a riesgo, incluyendo embarazadas.<\/p>\n<p>En CEMI, el cuidado m\u00e9dico se enmarca en una cl\u00ednica acogedora, con un personal emp\u00e1tico y altamente comprometido con esta poblaci\u00f3n.\u00a0 A trav\u00e9s de talleres de apoderamiento, consejer\u00eda y educaci\u00f3n se busca fortalecer el \u201cyo\u201d de todas y cada una de nuestras pacientes, complementando as\u00ed el cuidado m\u00e9dico de excelencia que les es ofrecido.\u00a0 En fin, en CEMI se procura la salud de cuerpo, mente y esp\u00edritu de las mujeres que viven con VIH.[\/vc_column_text][\/vc_column][\/vc_row]<\/p>\n<\/div>","protected":false},"excerpt":{"rendered":"<p>[vc_row][vc_column][vc_column_text]Visi\u00f3n de la cl\u00ednica y modelo de servicios integrales Desde sus inicios en el a\u00f1o 1987 el enfoque principal de la cl\u00ednica era el manejo durante el embarazo de mujeres viviendo con el VIH. Participamos en los estudios cient\u00edficos que cambiaron el rumbo y manejo de la enfermedad.\u00a0 En este campo, la labor de dicho&hellip;<\/p>\n","protected":false},"author":1,"featured_media":0,"parent":0,"menu_order":0,"comment_status":"closed","ping_status":"closed","template":"","meta":{"footnotes":""},"class_list":["post-26","page","type-page","status-publish","hentry","description-off"],"aioseo_notices":[],"_links":{"self":[{"href":"https:\/\/md.rcm.upr.edu\/cemi\/wp-json\/wp\/v2\/pages\/26","targetHints":{"allow":["GET"]}}],"collection":[{"href":"https:\/\/md.rcm.upr.edu\/cemi\/wp-json\/wp\/v2\/pages"}],"about":[{"href":"https:\/\/md.rcm.upr.edu\/cemi\/wp-json\/wp\/v2\/types\/page"}],"author":[{"embeddable":true,"href":"https:\/\/md.rcm.upr.edu\/cemi\/wp-json\/wp\/v2\/users\/1"}],"replies":[{"embeddable":true,"href":"https:\/\/md.rcm.upr.edu\/cemi\/wp-json\/wp\/v2\/comments?post=26"}],"version-history":[{"count":0,"href":"https:\/\/md.rcm.upr.edu\/cemi\/wp-json\/wp\/v2\/pages\/26\/revisions"}],"wp:attachment":[{"href":"https:\/\/md.rcm.upr.edu\/cemi\/wp-json\/wp\/v2\/media?parent=26"}],"curies":[{"name":"wp","href":"https:\/\/api.w.org\/{rel}","templated":true}]}}