{"id":42,"date":"2019-01-17T22:33:29","date_gmt":"2019-01-17T22:33:29","guid":{"rendered":"https:\/\/md.rcm.upr.edu\/cemi\/?page_id=42"},"modified":"2020-04-01T17:21:04","modified_gmt":"2020-04-01T17:21:04","slug":"esperanza-de-embarazo-para-pareja-sero-discordante-al-vih","status":"publish","type":"page","link":"https:\/\/md.rcm.upr.edu\/cemi\/esperanza-de-embarazo-para-pareja-sero-discordante-al-vih\/","title":{"rendered":"Esperanza de Embarazo para Pareja Sero-Discordante al VIH"},"content":{"rendered":"<div class=\"wpb-content-wrapper\"><p>[vc_row][vc_column][vc_column_text]<strong>Este estudio pretende<\/strong><\/p>\n<ol>\n<li>Determinar las tasas de embarazo entre las parejas discordantes que son tratadas con Truvada como profilaxis preexposici\u00f3n (PrEP).<\/li>\n<li>Determinar la adherencia, la tolerabilidad, los efectos secundarios y la seguridad de Truvada entre las mujeres VIH negativas que reciben tratamiento durante el per\u00edodo de preconcepci\u00f3n.<\/li>\n<li>Determinar la viabilidad, el costo y la satisfacci\u00f3n de los pacientes que reciben dicho tratamiento.<\/li>\n<\/ol>\n<p>[\/vc_column_text]<style type=\"text\/css\" data-type=\"the7_shortcodes-inline-css\">#default-btn-c3fcce2aa78b3fcd9c0bee1fb8557a65 {\n  border-radius: 3px;\n  font-size: 12px;\n  line-height: 14px;\n}\n.btn-shadow#default-btn-c3fcce2aa78b3fcd9c0bee1fb8557a65 {\n  box-shadow: 0 1px 6px rgba(0,0,0,0.12);\n  transition: box-shadow 0.2s ease-out, opacity 0.45s;\n}\n.btn-shadow#default-btn-c3fcce2aa78b3fcd9c0bee1fb8557a65:hover {\n  box-shadow: 0 5px 11px 0 rgba(0,0,0,0.18), 0 4px 15px 0 rgba(0,0,0,0.15);\n}\n.btn-3d#default-btn-c3fcce2aa78b3fcd9c0bee1fb8557a65 {\n  box-shadow: 0px 2px 0px 0px #000000;\n}\n.btn-3d#default-btn-c3fcce2aa78b3fcd9c0bee1fb8557a65:hover {\n  box-shadow: 0px 2px 0px 0px #e0e0e0;\n}\n.btn-flat#default-btn-c3fcce2aa78b3fcd9c0bee1fb8557a65 {\n  box-shadow: none;\n}\n.btn-flat#default-btn-c3fcce2aa78b3fcd9c0bee1fb8557a65:hover {\n  box-shadow: none;\n}\n#default-btn-c3fcce2aa78b3fcd9c0bee1fb8557a65.ico-right-side > i {\n  margin-right: 0px;\n  margin-left: 8px;\n}\n#default-btn-c3fcce2aa78b3fcd9c0bee1fb8557a65 > i {\n  margin-right: 8px;\n  font-size: 12px;\n}\n#default-btn-c3fcce2aa78b3fcd9c0bee1fb8557a65:not(:hover) {\n  border-width: 0px;\n  color: #ffffff;\n  background: #000000 !important;\n  padding: 8px 14px 7px 14px;\n}\n#default-btn-c3fcce2aa78b3fcd9c0bee1fb8557a65:not(:hover) * {\n  color: #ffffff;\n}\n#default-btn-c3fcce2aa78b3fcd9c0bee1fb8557a65:hover {\n  border-width: 0px;\n  color: #000000;\n  background: #ffffff !important;\n  padding: 8px 14px 7px 14px;\n}\n#default-btn-c3fcce2aa78b3fcd9c0bee1fb8557a65:hover * {\n  color: #000000;\n}\n#default-btn-c3fcce2aa78b3fcd9c0bee1fb8557a65.ico-right-side > i {\n  margin-right: 0px;\n  margin-left: 8px;\n}\n#default-btn-c3fcce2aa78b3fcd9c0bee1fb8557a65 > i {\n  margin-right: 8px;\n}<\/style><a href=\"https:\/\/md.rcm.upr.edu\/cemi\/wp-content\/uploads\/sites\/61\/2019\/01\/esperanza_embarazo_pareja_sero_discordante_vih.pdf\" class=\"default-btn-shortcode dt-btn link-hover-off btn-inline-left btn-flat \" id=\"default-btn-c3fcce2aa78b3fcd9c0bee1fb8557a65\"><i class=\"far fa-file-pdf\"><\/i><span>Esperanza de Embarazo para Pareja SeroDiscordante al VIH<\/span><\/a>[\/vc_column][\/vc_row]<\/p>\n<\/div>","protected":false},"excerpt":{"rendered":"<p>[vc_row][vc_column][vc_column_text]Este estudio pretende Determinar las tasas de embarazo entre las parejas discordantes que son tratadas con Truvada como profilaxis preexposici\u00f3n (PrEP). Determinar la adherencia, la tolerabilidad, los efectos secundarios y la seguridad de Truvada entre las mujeres VIH negativas que reciben tratamiento durante el per\u00edodo de preconcepci\u00f3n. Determinar la viabilidad, el costo y la satisfacci\u00f3n&hellip;<\/p>\n","protected":false},"author":1,"featured_media":0,"parent":0,"menu_order":0,"comment_status":"closed","ping_status":"closed","template":"","meta":{"footnotes":""},"class_list":["post-42","page","type-page","status-publish","hentry","description-off"],"_links":{"self":[{"href":"https:\/\/md.rcm.upr.edu\/cemi\/wp-json\/wp\/v2\/pages\/42","targetHints":{"allow":["GET"]}}],"collection":[{"href":"https:\/\/md.rcm.upr.edu\/cemi\/wp-json\/wp\/v2\/pages"}],"about":[{"href":"https:\/\/md.rcm.upr.edu\/cemi\/wp-json\/wp\/v2\/types\/page"}],"author":[{"embeddable":true,"href":"https:\/\/md.rcm.upr.edu\/cemi\/wp-json\/wp\/v2\/users\/1"}],"replies":[{"embeddable":true,"href":"https:\/\/md.rcm.upr.edu\/cemi\/wp-json\/wp\/v2\/comments?post=42"}],"version-history":[{"count":0,"href":"https:\/\/md.rcm.upr.edu\/cemi\/wp-json\/wp\/v2\/pages\/42\/revisions"}],"wp:attachment":[{"href":"https:\/\/md.rcm.upr.edu\/cemi\/wp-json\/wp\/v2\/media?parent=42"}],"curies":[{"name":"wp","href":"https:\/\/api.w.org\/{rel}","templated":true}]}}