{"id":49,"date":"2019-01-17T22:41:31","date_gmt":"2019-01-17T22:41:31","guid":{"rendered":"https:\/\/md.rcm.upr.edu\/cemi\/?page_id=49"},"modified":"2019-01-17T22:41:31","modified_gmt":"2019-01-17T22:41:31","slug":"mentoring-institute-for-hiv-and-mental-health","status":"publish","type":"page","link":"https:\/\/md.rcm.upr.edu\/cemi\/mentoring-institute-for-hiv-and-mental-health\/","title":{"rendered":"Mentoring Institute for HIV and Mental Health"},"content":{"rendered":"<p>Aunque contamos con un grupo de investigadores en Puerto Rico que han realizado contribuciones significativas al campo del VIH\/SIDA, necesitamos continuar desarrollando investigadores que est\u00e9n preparados en diferentes \u00e1reas dentro de este campo para que as\u00ed puedan responder ante los nuevos retos y adversidades que enfrentan las personas que viven con VIH\/SIDA. El Instituto de Mentor\u00eda para la Investigaci\u00f3n del VIH y Salud Mental de la Universidad de Puerto Rico se ocupa de continuar desarrollando estos nuevos investigadores que ser\u00e1n los pioneros en el futuro provey\u00e9ndoles apoyo y satisfaciendo las necesidades particulares de cada cual. Somos responsables de garantizar que estos nuevos investigadores est\u00e1n preparados adecuadamente y adquieren las herramientas necesarias para as\u00ed poder responder en un futuro a las complejidades de la epidemia del VIH.<\/p>\n<p>&nbsp;<\/p>\n<p>Para mas informaci\u00f3n:<\/p>\n<p><a href=\"http:\/\/mentoringinstituteforhivandmentalhealth.weebly.com\">http:\/\/mentoringinstituteforhivandmentalhealth.weebly.com<\/a><\/p>\n","protected":false},"excerpt":{"rendered":"<p>Aunque contamos con un grupo de investigadores en Puerto Rico que han realizado contribuciones significativas al campo del VIH\/SIDA, necesitamos continuar desarrollando investigadores que est\u00e9n preparados en diferentes \u00e1reas dentro de este campo para que as\u00ed puedan responder ante los nuevos retos y adversidades que enfrentan las personas que viven con VIH\/SIDA. El Instituto de&hellip;<\/p>\n","protected":false},"author":1,"featured_media":0,"parent":0,"menu_order":0,"comment_status":"closed","ping_status":"closed","template":"","meta":{"footnotes":""},"class_list":["post-49","page","type-page","status-publish","hentry","description-off"],"_links":{"self":[{"href":"https:\/\/md.rcm.upr.edu\/cemi\/wp-json\/wp\/v2\/pages\/49","targetHints":{"allow":["GET"]}}],"collection":[{"href":"https:\/\/md.rcm.upr.edu\/cemi\/wp-json\/wp\/v2\/pages"}],"about":[{"href":"https:\/\/md.rcm.upr.edu\/cemi\/wp-json\/wp\/v2\/types\/page"}],"author":[{"embeddable":true,"href":"https:\/\/md.rcm.upr.edu\/cemi\/wp-json\/wp\/v2\/users\/1"}],"replies":[{"embeddable":true,"href":"https:\/\/md.rcm.upr.edu\/cemi\/wp-json\/wp\/v2\/comments?post=49"}],"version-history":[{"count":0,"href":"https:\/\/md.rcm.upr.edu\/cemi\/wp-json\/wp\/v2\/pages\/49\/revisions"}],"wp:attachment":[{"href":"https:\/\/md.rcm.upr.edu\/cemi\/wp-json\/wp\/v2\/media?parent=49"}],"curies":[{"name":"wp","href":"https:\/\/api.w.org\/{rel}","templated":true}]}}