{"id":69,"date":"2019-01-17T23:06:04","date_gmt":"2019-01-17T23:06:04","guid":{"rendered":"https:\/\/md.rcm.upr.edu\/cemi\/?page_id=69"},"modified":"2019-01-17T23:06:04","modified_gmt":"2019-01-17T23:06:04","slug":"publicaciones","status":"publish","type":"page","link":"https:\/\/md.rcm.upr.edu\/cemi\/publicaciones\/","title":{"rendered":"Publicaciones"},"content":{"rendered":"<p>Zorrilla CD, Reyes Baez F, Gonzalez Colon K, Ibarra J, Garcia I, et al. HIV seroconversion during pregnancy and the need for pre-exposure prophylaxis (PrEP). HIV\/AIDS &#8211; Research and Palliative Care . 2018 April; 10(22):57-61.<\/p>\n<p>S.K. Shah, J. Kimmelman, A. D. Lyerly, H. F. Lynch, F. G. Miller, R. Palacios, C. A. Pardo, C. Zorrilla; Bystander risk, social value, and ethics of human research; Science13 Apr 2018: 158-159.<\/p>\n<p>Zorrilla CD, Garc\u00eda Garc\u00eda I, Garc\u00eda Fragoso L, De La Vega A. Zika Virus Infection in Pregnancy: Maternal, Fetal, and Neonatal Considerations. J Infect Dis. 2017 Dec 16; 216(suppl_10):S891-S896. doi: 10.1093\/infdis\/jix448. PubMed PMID: 29267916.<\/p>\n<p>Zorrilla CD. The View from Puerto Rico &#8211; Hurricane Maria and Its Aftermath. N Engl J Med. 2017 Oct 11. doi: 10.1056\/NEJMp1713196. [Epub ahead of print] PubMed PMID: 29019710.<\/p>\n<p>Zorrilla CD, Mosquera AM, Rabionet SE, Rivera-Vinas JI, Sierra Vega DJ, et al.\u00a0Cost Savings Related to Decreased Preterm Birth in a Program of Centering Pregnancy for Hispanic Women.\u00a0<em>MOJ Women\u2019s Health<\/em>. 2017 April 19; 5(1):1-5.<\/p>\n<p>Zorrilla CD, Sanchez I,\u00a0Mosquera AM, Sierra D, Lopez-Perez L, et al.\u00a0Improved Infant Outcomes with Group Prenatal Care in Puerto Rico.\u00a0<em>Source Journal of Obstetrics and Gynaecolog<\/em>y . 2017 February 06; 1(1).<\/p>\n<p>Zorrilla CD, Mosquera AM, Rabionet SE, Rivera-Vinas J. HIV and ZIKA in Pregnancy: Parallel Stories and New Challenges. Obstetrics &amp; Gynecology International Journal. 2016 December 15; 5(6)<\/p>\n<p>Deschamps, M.M., Zorrilla, C.D., Morgan, C.A, Donastorg, Y., Metch, B., Madenwald, T.,\u00a0et al. (2013). Recruitment of Caribbean female commercial sex workers at high risk of HIV infection.\u00a0<em>Revista Panamericana de Salud P\u00fablica<\/em>, 34(2), 92-98.<\/p>\n<p>CD Zorrilla, R Wright, O. Osiyemi, S Yasin, B Baugh, K Brown, B Coate, P Verboven, J Mrus, R Falcon and TN Kakuda; Total and unbound darunavir pharmacokinetics in pregnant women infected with HIV-1: results of a study of darunavir\/ritonavir 600\/100 mg administered twice daily; HIV Medicine (2013) DOI: 10.1111\/hiv.12047; PMID: 23731450.<\/p>\n<p>Eley, T., Huang, S.P., Conradie, F., Zorrilla, C.D., Josipovic, D., Botes, M., et al. (2013).\u00a0Clinical and pharmacogenetic factors affecting neonatal bilirubinemia following atazanavir treatment of mothers during pregnancy.\u00a0<em>Aids Research and Human Retroviruses,<\/em>\u00a029(10), 1287-1292.<\/p>\n<p>Nelson, M., Amaya, G., Clumeck, N., Arns da cunha, C., Jayaweera, D., Junod, P., Li, T., Tebas, P., Stevens, M., Buelens, A., Vanveggel, S., Boven, K., Abusamra, L., Cahn, P, Zorrilla C. et al; Efficacy and safety of rilpivirine in treatment-naive, HIV-1-infected patients with hepatitis B virus\/hepatitis C virus coinfection enrolled in the phase III randomized, double-blind ECHO and THRIVE trials; Journal of Antimicrobial Chemotherapy; volume 67, issue 8, year 2012, pp. 2020 &#8211; 2028<\/p>\n<p>Jim\u00e9nez, J., Morales, M., Castro, E., Puig, M., V\u00e9lez, C.N., Santiago, L., et al. (2012).\u00a0Levels of felt stigma among a group of people with HIV in Puerto Rico.\u00a0<em>Puerto Rico Health Sciences Journal<\/em>, 31(2), 64-70.<\/p>\n<p>Zorrilla, C.D., Rabionet S.E., Mosquera, A.M., &amp; Ram\u00edrez, A.B. (2012). Biomedical HIV Prevention Strategies: state of the art and implications for public health policy in the Caribbean.\u00a0<em>Puerto Rico Health Sciences Journal<\/em>, 31(3), 170-179.<\/p>\n<p>L\u00f3pez-Cepero, R., Lynch, L., Zorrilla, C., Leavitt, K., &amp; de la Vega, A. (2011). Antenatal\u00a0screening for Down syndrome with special considerations in the Puerto Rican population.\u00a0<em>Puerto Rico Health Sciences Journal<\/em>, 30(4), 206-210.<\/p>\n<p>F Conradie, C Zorrilla,D Josipovic,M Botes,O Osiyemi,E Vandeloise, T Eley, M Child, R Bertz,W Hu, V Wirtzand D McGrath; Safety and exposure of once-daily ritonavir-boosted atazanavir in HIV-infected pregnant women; 2011 British HIV Association HIV Medicine (2011); DOI: 10.1111\/j.1468-1293.2011.00927 PMID: 21569187.<\/p>\n<p>Cohen, C.J., Andrade-Villanueva, J., Clotet, B., Fourie, J., Johnson, M.A., Ruxrungtham, K.,\u00a0et al. (2011). Rilpivirine versus efavirenz with two background nucleoside or nucleotide reverse transcriptase inhibitors in treatment-naive adults infected with HIV-1 (THRIVE): a phase 3, randomised, non-inferiority trial.\u00a0<em>Lancet<\/em>, 378(9787), 229-237.<\/p>\n","protected":false},"excerpt":{"rendered":"<p>Zorrilla CD, Reyes Baez F, Gonzalez Colon K, Ibarra J, Garcia I, et al. HIV seroconversion during pregnancy and the need for pre-exposure prophylaxis (PrEP). HIV\/AIDS &#8211; Research and Palliative Care . 2018 April; 10(22):57-61. S.K. Shah, J. Kimmelman, A. D. Lyerly, H. F. Lynch, F. G. Miller, R. Palacios, C. A. Pardo, C. Zorrilla;&hellip;<\/p>\n","protected":false},"author":1,"featured_media":0,"parent":0,"menu_order":0,"comment_status":"closed","ping_status":"closed","template":"","meta":{"footnotes":""},"class_list":["post-69","page","type-page","status-publish","hentry","description-off"],"aioseo_notices":[],"_links":{"self":[{"href":"https:\/\/md.rcm.upr.edu\/cemi\/wp-json\/wp\/v2\/pages\/69","targetHints":{"allow":["GET"]}}],"collection":[{"href":"https:\/\/md.rcm.upr.edu\/cemi\/wp-json\/wp\/v2\/pages"}],"about":[{"href":"https:\/\/md.rcm.upr.edu\/cemi\/wp-json\/wp\/v2\/types\/page"}],"author":[{"embeddable":true,"href":"https:\/\/md.rcm.upr.edu\/cemi\/wp-json\/wp\/v2\/users\/1"}],"replies":[{"embeddable":true,"href":"https:\/\/md.rcm.upr.edu\/cemi\/wp-json\/wp\/v2\/comments?post=69"}],"version-history":[{"count":0,"href":"https:\/\/md.rcm.upr.edu\/cemi\/wp-json\/wp\/v2\/pages\/69\/revisions"}],"wp:attachment":[{"href":"https:\/\/md.rcm.upr.edu\/cemi\/wp-json\/wp\/v2\/media?parent=69"}],"curies":[{"name":"wp","href":"https:\/\/api.w.org\/{rel}","templated":true}]}}