{"id":72,"date":"2019-01-17T23:18:46","date_gmt":"2019-01-17T23:18:46","guid":{"rendered":"https:\/\/md.rcm.upr.edu\/cemi\/?page_id=72"},"modified":"2020-03-20T13:30:18","modified_gmt":"2020-03-20T13:30:18","slug":"contacto","status":"publish","type":"page","link":"https:\/\/md.rcm.upr.edu\/cemi\/contacto\/","title":{"rendered":"Contacto"},"content":{"rendered":"<div class=\"wpb-content-wrapper\"><p>[vc_row][vc_column][vc_column_text]<strong>Horario<\/strong>: Lunes a Viernes, 7:00am a 4:00pm<\/p>\n<p><strong>Direcci\u00f3n F\u00edsica<\/strong>:<\/p>\n<p>Universidad de Puerto Rico, Recinto de Ciencias M\u00e9dicas<br \/>\nEdifico Biom\u00e9dico II, Primer Piso<br \/>\nSan Juan, Puerto Rico 00935[\/vc_column_text][vc_gmaps link=&#8221;#E-8_JTNDaWZyYW1lJTIwc3JjJTNEJTIyaHR0cHMlM0ElMkYlMkZ3d3cuZ29vZ2xlLmNvbSUyRm1hcHMlMkZlbWJlZCUzRnBiJTNEJTIxMW0xOCUyMTFtMTIlMjExbTMlMjExZDYxNzEuODg2MTk3NDIyNDkyJTIxMmQtNjYuMDc3NDI5NzI3Nzk5ODclMjEzZDE4LjM5NTE1MDY0OTkyODQxOCUyMTJtMyUyMTFmMCUyMTJmMCUyMTNmMCUyMTNtMiUyMTFpMTAyNCUyMTJpNzY4JTIxNGYxMy4xJTIxM20zJTIxMW0yJTIxMXMweDhjMDM2ODVmYjNmY2U1YTklMjUzQTB4Y2Y5OGQyODNmNjAzZjYzNCUyMTJzMTA0MyUyQkNhbGxlJTJCVGVuaWVudGUlMkJDJTI1QzMlMjVBOXNhciUyQkx1aXMlMkJHb256JTI1QzMlMjVBMWxleiUyNTJDJTJCU2FuJTJCSnVhbiUyNTJDJTJCMDA5MjclMjE1ZTElMjEzbTIlMjExc2VuJTIxMnNwciUyMTR2MTU0Nzc2NjkzODM0MyUyMiUyMHdpZHRoJTNEJTIyNjAwJTIyJTIwaGVpZ2h0JTNEJTIyNDUwJTIyJTIwZnJhbWVib3JkZXIlM0QlMjIwJTIyJTIwc3R5bGUlM0QlMjJib3JkZXIlM0EwJTIyJTIwYWxsb3dmdWxsc2NyZWVuJTNFJTNDJTJGaWZyYW1lJTNF&#8221;][vc_column_text]<strong>Direcci\u00f3n Postal<\/strong>:<\/p>\n<p>PO Box 365067<br \/>\nSan Juan, PR 00936-5067<\/p>\n<p>&nbsp;<\/p>\n<p><strong>Tel\u00e9fonos<\/strong>:<\/p>\n<p>787-753-5913<br \/>\n787-766-0025<\/p>\n<p><strong>Fax<\/strong>:<\/p>\n<p>787-771-4739<\/p>\n<p>&nbsp;<\/p>\n<p>Para m\u00e1s informaci\u00f3n puede escribirnos a:<\/p>\n<p><a href=\"mailto:cemi.rcm@upr.edu\">cemi.rcm@upr.edu<\/a>[\/vc_column_text][\/vc_column][\/vc_row]<\/p>\n<\/div>","protected":false},"excerpt":{"rendered":"<p>[vc_row][vc_column][vc_column_text]Horario: Lunes a Viernes, 7:00am a 4:00pm Direcci\u00f3n F\u00edsica: Universidad de Puerto Rico, Recinto de Ciencias M\u00e9dicas Edifico Biom\u00e9dico II, Primer Piso San Juan, Puerto Rico 00935[\/vc_column_text][vc_gmaps link=&#8221;#E-8_JTNDaWZyYW1lJTIwc3JjJTNEJTIyaHR0cHMlM0ElMkYlMkZ3d3cuZ29vZ2xlLmNvbSUyRm1hcHMlMkZlbWJlZCUzRnBiJTNEJTIxMW0xOCUyMTFtMTIlMjExbTMlMjExZDYxNzEuODg2MTk3NDIyNDkyJTIxMmQtNjYuMDc3NDI5NzI3Nzk5ODclMjEzZDE4LjM5NTE1MDY0OTkyODQxOCUyMTJtMyUyMTFmMCUyMTJmMCUyMTNmMCUyMTNtMiUyMTFpMTAyNCUyMTJpNzY4JTIxNGYxMy4xJTIxM20zJTIxMW0yJTIxMXMweDhjMDM2ODVmYjNmY2U1YTklMjUzQTB4Y2Y5OGQyODNmNjAzZjYzNCUyMTJzMTA0MyUyQkNhbGxlJTJCVGVuaWVudGUlMkJDJTI1QzMlMjVBOXNhciUyQkx1aXMlMkJHb256JTI1QzMlMjVBMWxleiUyNTJDJTJCU2FuJTJCSnVhbiUyNTJDJTJCMDA5MjclMjE1ZTElMjEzbTIlMjExc2VuJTIxMnNwciUyMTR2MTU0Nzc2NjkzODM0MyUyMiUyMHdpZHRoJTNEJTIyNjAwJTIyJTIwaGVpZ2h0JTNEJTIyNDUwJTIyJTIwZnJhbWVib3JkZXIlM0QlMjIwJTIyJTIwc3R5bGUlM0QlMjJib3JkZXIlM0EwJTIyJTIwYWxsb3dmdWxsc2NyZWVuJTNFJTNDJTJGaWZyYW1lJTNF&#8221;][vc_column_text]Direcci\u00f3n Postal: PO Box 365067 San Juan, PR 00936-5067 &nbsp; Tel\u00e9fonos: 787-753-5913 787-766-0025 Fax: 787-771-4739 &nbsp; Para m\u00e1s informaci\u00f3n puede escribirnos a: cemi.rcm@upr.edu[\/vc_column_text][\/vc_column][\/vc_row]<\/p>\n","protected":false},"author":1,"featured_media":0,"parent":0,"menu_order":0,"comment_status":"closed","ping_status":"closed","template":"","meta":{"footnotes":""},"class_list":["post-72","page","type-page","status-publish","hentry","description-off"],"aioseo_notices":[],"_links":{"self":[{"href":"https:\/\/md.rcm.upr.edu\/cemi\/wp-json\/wp\/v2\/pages\/72","targetHints":{"allow":["GET"]}}],"collection":[{"href":"https:\/\/md.rcm.upr.edu\/cemi\/wp-json\/wp\/v2\/pages"}],"about":[{"href":"https:\/\/md.rcm.upr.edu\/cemi\/wp-json\/wp\/v2\/types\/page"}],"author":[{"embeddable":true,"href":"https:\/\/md.rcm.upr.edu\/cemi\/wp-json\/wp\/v2\/users\/1"}],"replies":[{"embeddable":true,"href":"https:\/\/md.rcm.upr.edu\/cemi\/wp-json\/wp\/v2\/comments?post=72"}],"version-history":[{"count":0,"href":"https:\/\/md.rcm.upr.edu\/cemi\/wp-json\/wp\/v2\/pages\/72\/revisions"}],"wp:attachment":[{"href":"https:\/\/md.rcm.upr.edu\/cemi\/wp-json\/wp\/v2\/media?parent=72"}],"curies":[{"name":"wp","href":"https:\/\/api.w.org\/{rel}","templated":true}]}}