{"id":10,"date":"2015-07-22T14:50:03","date_gmt":"2015-07-22T14:50:03","guid":{"rendered":"http:\/\/md.rcm.upr.edu\/clinicappmi\/?page_id=10"},"modified":"2019-11-20T16:25:49","modified_gmt":"2019-11-20T16:25:49","slug":"inicio","status":"publish","type":"page","link":"https:\/\/md.rcm.upr.edu\/clinicappmi\/","title":{"rendered":"Cl\u00ednicas"},"content":{"rendered":"<p style=\"text-align: justify;\"><strong>Misi\u00f3n<\/strong><\/p>\n<p style=\"text-align: justify;\">Proveer servicios de salud de alta calidad a la comunidad, a un precio razonable acorde con el mercado, y costo efectivos. Promover e incrementar la presencia, participaci\u00f3n y contribuci\u00f3n de la Universidad de Puerto Rico en los procesos sociales y econ\u00f3micos de la Isla, \u00a0a trav\u00e9s de un grupo de profesionales de la salud responsables, capacitados y comprometidos con el servicio p\u00fablico.<\/p>\n<p style=\"text-align: justify;\"><strong>Visi\u00f3n<\/strong><\/p>\n<p style=\"text-align: justify;\">Ser reconocidos como una Cl\u00ednica de servicios ambulatorios que\u00a0 brinda servicios de calidad a nivel local e internacional y contar con el mayor n\u00famero de grupos multidisciplinarios en la Regi\u00f3n del Caribe. \u00a0\u00a0Adem\u00e1s,\u00a0 promover la integraci\u00f3n de la investigaci\u00f3n a los servicios ofrecidos.<\/p>\n<p style=\"text-align: justify;\">Valores<\/p>\n<ul>\n<li style=\"text-align: justify;\">Excelencia<\/li>\n<li style=\"text-align: justify;\">Innovaci\u00f3n<\/li>\n<li style=\"text-align: justify;\">Trabajo en equipo<\/li>\n<li style=\"text-align: justify;\">Eficiencia<\/li>\n<li style=\"text-align: justify;\">Compromiso<\/li>\n<\/ul>\n","protected":false},"excerpt":{"rendered":"<p>Misi\u00f3n Proveer servicios de salud de alta calidad a la comunidad, a un precio razonable acorde con el mercado, y costo efectivos. Promover e incrementar la presencia, participaci\u00f3n y contribuci\u00f3n de la Universidad de Puerto Rico en los procesos sociales y econ\u00f3micos de la Isla, \u00a0a trav\u00e9s de un grupo de profesionales de la salud&hellip;<\/p>\n","protected":false},"author":20,"featured_media":0,"parent":0,"menu_order":0,"comment_status":"closed","ping_status":"closed","template":"","meta":{"footnotes":""},"class_list":["post-10","page","type-page","status-publish","hentry","description-off"],"aioseo_notices":[],"_links":{"self":[{"href":"https:\/\/md.rcm.upr.edu\/clinicappmi\/wp-json\/wp\/v2\/pages\/10","targetHints":{"allow":["GET"]}}],"collection":[{"href":"https:\/\/md.rcm.upr.edu\/clinicappmi\/wp-json\/wp\/v2\/pages"}],"about":[{"href":"https:\/\/md.rcm.upr.edu\/clinicappmi\/wp-json\/wp\/v2\/types\/page"}],"author":[{"embeddable":true,"href":"https:\/\/md.rcm.upr.edu\/clinicappmi\/wp-json\/wp\/v2\/users\/20"}],"replies":[{"embeddable":true,"href":"https:\/\/md.rcm.upr.edu\/clinicappmi\/wp-json\/wp\/v2\/comments?post=10"}],"version-history":[{"count":0,"href":"https:\/\/md.rcm.upr.edu\/clinicappmi\/wp-json\/wp\/v2\/pages\/10\/revisions"}],"wp:attachment":[{"href":"https:\/\/md.rcm.upr.edu\/clinicappmi\/wp-json\/wp\/v2\/media?parent=10"}],"curies":[{"name":"wp","href":"https:\/\/api.w.org\/{rel}","templated":true}]}}