{"id":29,"date":"2015-07-22T16:02:42","date_gmt":"2015-07-22T16:02:42","guid":{"rendered":"http:\/\/md.rcm.upr.edu\/clinicappmi\/?page_id=29"},"modified":"2015-07-22T16:02:42","modified_gmt":"2015-07-22T16:02:42","slug":"especialidades-y-sub-especialidades","status":"publish","type":"page","link":"https:\/\/md.rcm.upr.edu\/clinicappmi\/especialidades-y-sub-especialidades\/","title":{"rendered":"Especialidades y Sub-especialidades"},"content":{"rendered":"<ul>\n<li>Alergia e Inmunolog\u00eda<\/li>\n<li>Audiolog\u00eda<\/li>\n<li>Cirug\u00eda General<\/li>\n<li>Cirug\u00eda Periferovascular<\/li>\n<li>Dermatolog\u00eda Adulta y Pedi\u00e1trica<\/li>\n<li>Endocrinolog\u00eda Adulta y Pedi\u00e1trica<\/li>\n<li>Gastroenterolog\u00eda<\/li>\n<li>Ginecolog\u00eda<\/li>\n<li>Hematolog\u00eda Pedi\u00e1trica<\/li>\n<li>Manejo de Dolor<\/li>\n<li>Medicina F\u00edsica, Rehabilitaci\u00f3n y Deportiva<\/li>\n<li>Medicina Interna<\/li>\n<li>Nefrolog\u00eda Pedi\u00e1trica<\/li>\n<li>Neumolog\u00eda<\/li>\n<li>Neurocirug\u00eda Adulta y Pedi\u00e1trica<\/li>\n<li>Neurocirug\u00eda Endovascular<\/li>\n<li>\u00a0Neurolog\u00eda Adulta y Pedi\u00e1trica<\/li>\n<li>\u00a0Oftalmolog\u00eda<\/li>\n<li>\u00a0Ortopedia<\/li>\n<li>\u00a0OTO-CCC (ENT) Adulta y Pedi\u00e1trica<\/li>\n<li>\u00a0Psiquiatr\u00eda Adulta, Ni\u00f1os y Adolescentes<\/li>\n<li>\u00a0Psicolog\u00eda Adulta, Ni\u00f1os y Adolescentes<\/li>\n<li>\u00a0Reumatolog\u00eda Adulta y Pedi\u00e1trica<\/li>\n<li>\u00a0Urolog\u00eda<\/li>\n<\/ul>\n","protected":false},"excerpt":{"rendered":"<p>Alergia e Inmunolog\u00eda Audiolog\u00eda Cirug\u00eda General Cirug\u00eda Periferovascular Dermatolog\u00eda Adulta y Pedi\u00e1trica Endocrinolog\u00eda Adulta y Pedi\u00e1trica Gastroenterolog\u00eda Ginecolog\u00eda Hematolog\u00eda Pedi\u00e1trica Manejo de Dolor Medicina F\u00edsica, Rehabilitaci\u00f3n y Deportiva Medicina Interna Nefrolog\u00eda Pedi\u00e1trica Neumolog\u00eda Neurocirug\u00eda Adulta y Pedi\u00e1trica Neurocirug\u00eda Endovascular \u00a0Neurolog\u00eda Adulta y Pedi\u00e1trica \u00a0Oftalmolog\u00eda \u00a0Ortopedia \u00a0OTO-CCC (ENT) Adulta y Pedi\u00e1trica \u00a0Psiquiatr\u00eda Adulta, Ni\u00f1os y Adolescentes&hellip;<\/p>\n","protected":false},"author":20,"featured_media":0,"parent":0,"menu_order":0,"comment_status":"closed","ping_status":"closed","template":"","meta":{"footnotes":""},"class_list":["post-29","page","type-page","status-publish","hentry","description-off"],"_links":{"self":[{"href":"https:\/\/md.rcm.upr.edu\/clinicappmi\/wp-json\/wp\/v2\/pages\/29","targetHints":{"allow":["GET"]}}],"collection":[{"href":"https:\/\/md.rcm.upr.edu\/clinicappmi\/wp-json\/wp\/v2\/pages"}],"about":[{"href":"https:\/\/md.rcm.upr.edu\/clinicappmi\/wp-json\/wp\/v2\/types\/page"}],"author":[{"embeddable":true,"href":"https:\/\/md.rcm.upr.edu\/clinicappmi\/wp-json\/wp\/v2\/users\/20"}],"replies":[{"embeddable":true,"href":"https:\/\/md.rcm.upr.edu\/clinicappmi\/wp-json\/wp\/v2\/comments?post=29"}],"version-history":[{"count":0,"href":"https:\/\/md.rcm.upr.edu\/clinicappmi\/wp-json\/wp\/v2\/pages\/29\/revisions"}],"wp:attachment":[{"href":"https:\/\/md.rcm.upr.edu\/clinicappmi\/wp-json\/wp\/v2\/media?parent=29"}],"curies":[{"name":"wp","href":"https:\/\/api.w.org\/{rel}","templated":true}]}}