{"id":31,"date":"2015-07-22T16:06:45","date_gmt":"2015-07-22T16:06:45","guid":{"rendered":"http:\/\/md.rcm.upr.edu\/clinicappmi\/?page_id=31"},"modified":"2015-07-22T16:17:11","modified_gmt":"2015-07-22T16:17:11","slug":"procedimientos-y-estudios","status":"publish","type":"page","link":"https:\/\/md.rcm.upr.edu\/clinicappmi\/procedimientos-y-estudios\/","title":{"rendered":"Procedimientos y Estudios"},"content":{"rendered":"<p>Centro de Cirug\u00eda Ambulatoria especializada en:<\/p>\n<ul>\n<li>Manejo de Dolor<\/li>\n<li>Endoscop\u00edas , Colonoscop\u00edas<\/li>\n<li>Terapias con Arg\u00f3n (APC)<\/li>\n<\/ul>\n<p>Centro de Infusi\u00f3n<\/p>\n<p>Certificados de Salud<\/p>\n<p>Ecocardiogramas<\/p>\n<p>Evaluaciones Audiol\u00f3gicas<\/p>\n<p>Procedimientos Dermatol\u00f3gicos<\/p>\n<ul>\n<li>Cirug\u00eda de lesiones malignas y benignas<\/li>\n<li>Remoci\u00f3n quistes de piel<\/li>\n<li>Escleroterapia<\/li>\n<li>Fotorejuvenecimiento\n<ul>\n<li>L\u00e1ser para remoci\u00f3n de cabello<\/li>\n<li>B\u00f3tox<\/li>\n<li>Restylane\/Perlane\/Juvederm<\/li>\n<li>Tratamiento para Cicatrices y<\/li>\n<\/ul>\n<\/li>\n<\/ul>\n<p>Acn\u00e9<\/p>\n<ul>\n<li>Tratamientos de PUVA para:\n<ul>\n<li>Psoriasis, Vitiligo, Dermatitis<\/li>\n<li>At\u00f3pica y Mycosis Fungoides<\/li>\n<\/ul>\n<\/li>\n<\/ul>\n<p>Procedimientos ENT<\/p>\n<ul>\n<li>Laringoscop\u00edas<\/li>\n<\/ul>\n<p>Procedimientos Ginecol\u00f3gicos<\/p>\n<ul>\n<li>Colposcop\u00edas, Conizaci\u00f3n Cervical, LEEP, Papanicolau<\/li>\n<\/ul>\n<p>Procedimientos Oft\u00e1lmicos<\/p>\n<ul>\n<li>Rayos L\u00e1ser, OCT y Campo Visual<\/li>\n<li>Angiograf\u00eda con Fluoresce\u00edna<\/li>\n<\/ul>\n<p>Procedimientos Neurol\u00f3gicos<\/p>\n<ul>\n<li>EEG<\/li>\n<li>EMG<\/li>\n<\/ul>\n<p>Procedimientos Urol\u00f3gicos<\/p>\n<ul>\n<li>Litotricia<\/li>\n<li>Biopsias de Pr\u00f3stata<\/li>\n<\/ul>\n","protected":false},"excerpt":{"rendered":"<p>Centro de Cirug\u00eda Ambulatoria especializada en: Manejo de Dolor Endoscop\u00edas , Colonoscop\u00edas Terapias con Arg\u00f3n (APC) Centro de Infusi\u00f3n Certificados de Salud Ecocardiogramas Evaluaciones Audiol\u00f3gicas Procedimientos Dermatol\u00f3gicos Cirug\u00eda de lesiones malignas y benignas Remoci\u00f3n quistes de piel Escleroterapia Fotorejuvenecimiento L\u00e1ser para remoci\u00f3n de cabello B\u00f3tox Restylane\/Perlane\/Juvederm Tratamiento para Cicatrices y Acn\u00e9 Tratamientos de PUVA para:&hellip;<\/p>\n","protected":false},"author":20,"featured_media":0,"parent":0,"menu_order":0,"comment_status":"closed","ping_status":"closed","template":"","meta":{"footnotes":""},"class_list":["post-31","page","type-page","status-publish","hentry","description-off"],"aioseo_notices":[],"_links":{"self":[{"href":"https:\/\/md.rcm.upr.edu\/clinicappmi\/wp-json\/wp\/v2\/pages\/31","targetHints":{"allow":["GET"]}}],"collection":[{"href":"https:\/\/md.rcm.upr.edu\/clinicappmi\/wp-json\/wp\/v2\/pages"}],"about":[{"href":"https:\/\/md.rcm.upr.edu\/clinicappmi\/wp-json\/wp\/v2\/types\/page"}],"author":[{"embeddable":true,"href":"https:\/\/md.rcm.upr.edu\/clinicappmi\/wp-json\/wp\/v2\/users\/20"}],"replies":[{"embeddable":true,"href":"https:\/\/md.rcm.upr.edu\/clinicappmi\/wp-json\/wp\/v2\/comments?post=31"}],"version-history":[{"count":0,"href":"https:\/\/md.rcm.upr.edu\/clinicappmi\/wp-json\/wp\/v2\/pages\/31\/revisions"}],"wp:attachment":[{"href":"https:\/\/md.rcm.upr.edu\/clinicappmi\/wp-json\/wp\/v2\/media?parent=31"}],"curies":[{"name":"wp","href":"https:\/\/api.w.org\/{rel}","templated":true}]}}