{"id":21,"date":"2024-06-12T17:18:42","date_gmt":"2024-06-12T17:18:42","guid":{"rendered":"https:\/\/md.rcm.upr.edu\/csc\/?page_id=21"},"modified":"2024-06-12T17:18:42","modified_gmt":"2024-06-12T17:18:42","slug":"faculty","status":"publish","type":"page","link":"https:\/\/md.rcm.upr.edu\/csc\/faculty\/","title":{"rendered":"Faculty"},"content":{"rendered":"<p>Dra. Mar\u00eda L\u00f3pez Quintero<br \/>\nClinical Director<br \/>\nEmail: <a href=\"mailto:maria.lopez40@upr.edu\">maria.lopez40@upr.edu<\/a><\/p>\n<p>&nbsp;<\/p>\n<p>Mrs. Lizette A. Garc\u00eda-Rodr\u00edguez<br \/>\nProgram Officer<br \/>\nEmail: <a href=\"mailto:lizette.garcia@upr.edu\">lizette.garcia@upr.edu<\/a><\/p>\n<p>&nbsp;<\/p>\n<p>Mrs. Brenda G. L\u00f3pez Santiago<br \/>\nStatistic Officer<br \/>\nEmail: <a href=\"mailto:brenda.lopez7@upr.edu\">brenda.lopez7@upr.edu<\/a><\/p>\n<p>&nbsp;<\/p>\n<p>Mrs. Vannessa Cartagena Rodr\u00edguez<br \/>\nAdministration Assistant<br \/>\nEmail: <a href=\"mailto:vannessa.cartagena@upr.edu\">vannessa.cartagena@upr.edu<\/a><\/p>\n<p>&nbsp;<\/p>\n<p>Mrs. Marisol Acevedo Acevedo<br \/>\nAdministrative Secretary<br \/>\nEmail: <a href=\"mailto:marisol.acevedo@upr.edu\">marisol.acevedo@upr.edu<\/a><\/p>\n","protected":false},"excerpt":{"rendered":"<p>Dra. Mar\u00eda L\u00f3pez Quintero Clinical Director Email: maria.lopez40@upr.edu &nbsp; Mrs. Lizette A. Garc\u00eda-Rodr\u00edguez Program Officer Email: lizette.garcia@upr.edu &nbsp; Mrs. Brenda G. L\u00f3pez Santiago Statistic Officer Email: brenda.lopez7@upr.edu &nbsp; Mrs. Vannessa Cartagena Rodr\u00edguez Administration Assistant Email: vannessa.cartagena@upr.edu &nbsp; Mrs. Marisol Acevedo Acevedo Administrative Secretary Email: marisol.acevedo@upr.edu<\/p>\n","protected":false},"author":1,"featured_media":0,"parent":0,"menu_order":0,"comment_status":"closed","ping_status":"closed","template":"","meta":{"footnotes":""},"class_list":["post-21","page","type-page","status-publish","hentry","description-off"],"aioseo_notices":[],"_links":{"self":[{"href":"https:\/\/md.rcm.upr.edu\/csc\/wp-json\/wp\/v2\/pages\/21","targetHints":{"allow":["GET"]}}],"collection":[{"href":"https:\/\/md.rcm.upr.edu\/csc\/wp-json\/wp\/v2\/pages"}],"about":[{"href":"https:\/\/md.rcm.upr.edu\/csc\/wp-json\/wp\/v2\/types\/page"}],"author":[{"embeddable":true,"href":"https:\/\/md.rcm.upr.edu\/csc\/wp-json\/wp\/v2\/users\/1"}],"replies":[{"embeddable":true,"href":"https:\/\/md.rcm.upr.edu\/csc\/wp-json\/wp\/v2\/comments?post=21"}],"version-history":[{"count":1,"href":"https:\/\/md.rcm.upr.edu\/csc\/wp-json\/wp\/v2\/pages\/21\/revisions"}],"predecessor-version":[{"id":22,"href":"https:\/\/md.rcm.upr.edu\/csc\/wp-json\/wp\/v2\/pages\/21\/revisions\/22"}],"wp:attachment":[{"href":"https:\/\/md.rcm.upr.edu\/csc\/wp-json\/wp\/v2\/media?parent=21"}],"curies":[{"name":"wp","href":"https:\/\/api.w.org\/{rel}","templated":true}]}}