{"id":107,"date":"2014-07-16T13:46:52","date_gmt":"2014-07-16T17:46:52","guid":{"rendered":"http:\/\/md.rcm.upr.edu\/emp\/?page_id=107"},"modified":"2024-08-12T13:21:14","modified_gmt":"2024-08-12T17:21:14","slug":"our-residents","status":"publish","type":"page","link":"https:\/\/md.rcm.upr.edu\/emp\/our-residents\/","title":{"rendered":"Our Residents"},"content":{"rendered":"<p><strong>2025<\/strong><\/p>\n<p>Adriana Candelaria Jim\u00e9nez<\/p>\n<p>Zilmarie D\u00edaz Pacheco<\/p>\n<p>Jos\u00e9 Hern\u00e1ndez Flores<\/p>\n<p>Eraysy Mach\u00edn Mart\u00ednez<\/p>\n<p>Alex Negr\u00f3n Morales<\/p>\n<p>Xiomara O&#8217;Farrill Rivera<\/p>\n<p>Natalia Rivera Mendoza<\/p>\n<p>Dagmar Roig Roa<\/p>\n<p>Alejandro V\u00e1zquez Lugo<\/p>\n<p><strong>2026<\/strong><\/p>\n<p>Jos\u00e9 Acevedo Rodr\u00edguez<\/p>\n<p>Jael Camacho Matos<\/p>\n<p>Daniel Cancio Amadeo<\/p>\n<p>Nicole Carrillo Col\u00f3n<\/p>\n<p>Rafael Carrillo Torres<\/p>\n<p>Raysa L\u00f3pez Alvarado<\/p>\n<p>Lina M\u00e1rtir Ramirez<\/p>\n<p>Emmanuel Morales Monsanto<\/p>\n<p>Laiza Rivera Figueroa<\/p>\n<p>Geovanny Ruiz Rios<\/p>\n<p><strong>2027<\/strong><\/p>\n<p>Christian C. Colon Vega<\/p>\n<p>Jose M. Cruz Garcia<\/p>\n<p>Jorge I. Gutierrez Velez<\/p>\n<p>Faviola N. Laureano Torres<\/p>\n<p>Eva E. Morell Ramirez<\/p>\n<p>Axel A. Nu\u00f1ez Rivera<\/p>\n<p>Haydee M. Rincon Peona<\/p>\n<p>Carlos A. Rodriguez Prado<\/p>\n<p>Kristina Torres Vazquez<\/p>\n<p>Jean M. Valentin Maldonado<\/p>\n","protected":false},"excerpt":{"rendered":"<p>2025 Adriana Candelaria Jim\u00e9nez Zilmarie D\u00edaz Pacheco Jos\u00e9 Hern\u00e1ndez Flores Eraysy Mach\u00edn Mart\u00ednez Alex Negr\u00f3n Morales Xiomara O&#8217;Farrill Rivera Natalia Rivera Mendoza Dagmar Roig Roa Alejandro V\u00e1zquez Lugo 2026 Jos\u00e9 Acevedo Rodr\u00edguez Jael Camacho Matos Daniel Cancio Amadeo Nicole Carrillo Col\u00f3n Rafael Carrillo Torres Raysa L\u00f3pez Alvarado Lina M\u00e1rtir Ramirez Emmanuel Morales Monsanto Laiza Rivera&hellip;<\/p>\n","protected":false},"author":1,"featured_media":0,"parent":0,"menu_order":0,"comment_status":"closed","ping_status":"closed","template":"","meta":{"footnotes":""},"class_list":["post-107","page","type-page","status-publish","hentry","description-off"],"aioseo_notices":[],"_links":{"self":[{"href":"https:\/\/md.rcm.upr.edu\/emp\/wp-json\/wp\/v2\/pages\/107","targetHints":{"allow":["GET"]}}],"collection":[{"href":"https:\/\/md.rcm.upr.edu\/emp\/wp-json\/wp\/v2\/pages"}],"about":[{"href":"https:\/\/md.rcm.upr.edu\/emp\/wp-json\/wp\/v2\/types\/page"}],"author":[{"embeddable":true,"href":"https:\/\/md.rcm.upr.edu\/emp\/wp-json\/wp\/v2\/users\/1"}],"replies":[{"embeddable":true,"href":"https:\/\/md.rcm.upr.edu\/emp\/wp-json\/wp\/v2\/comments?post=107"}],"version-history":[{"count":2,"href":"https:\/\/md.rcm.upr.edu\/emp\/wp-json\/wp\/v2\/pages\/107\/revisions"}],"predecessor-version":[{"id":1266,"href":"https:\/\/md.rcm.upr.edu\/emp\/wp-json\/wp\/v2\/pages\/107\/revisions\/1266"}],"wp:attachment":[{"href":"https:\/\/md.rcm.upr.edu\/emp\/wp-json\/wp\/v2\/media?parent=107"}],"curies":[{"name":"wp","href":"https:\/\/api.w.org\/{rel}","templated":true}]}}