{"id":168,"date":"2014-07-16T14:05:50","date_gmt":"2014-07-16T18:05:50","guid":{"rendered":"http:\/\/md.rcm.upr.edu\/emp\/?page_id=168"},"modified":"2024-08-12T13:19:56","modified_gmt":"2024-08-12T17:19:56","slug":"alumni","status":"publish","type":"page","link":"https:\/\/md.rcm.upr.edu\/emp\/alumni\/","title":{"rendered":"Alumni"},"content":{"rendered":"<div class=\"wpb-content-wrapper\"><p>[vc_row][vc_column][vc_tour interval=&#8221;0&#8243; style=&#8221;tab-style-three&#8221;][vc_tab title=&#8221;2024&#8243; tab_id=&#8221;1723483061550-28-9&#8243;]<div class=\"standard-arrow\"><ul>\n<li>Jorge Arroyo Roldan&nbsp;<\/li>\n<li>Robert Axtmayer Carcache&nbsp;<\/li>\n<li>Nazaret Colon Fern\u00e1ndez&nbsp;<\/li>\n<li>Osvaldo Duran Mel\u00e9ndez&nbsp;<\/li>\n<li>Carolina Fuentes Suarez&nbsp;<\/li>\n<li>Amanda Icazatti Burtell&nbsp;<\/li>\n<li>John Negr\u00f3n Medina&nbsp;<\/li>\n<li>Israel Rodr\u00edguez Ruiz&nbsp;<\/li>\n<li>Saul Santiago Rodr\u00edguez&nbsp;<\/li>\n<li>Julio V\u00e9lez Rivera<\/li>\n<\/ul>\n<\/div>[\/vc_tab][vc_tab title=&#8221;2023&#8243; tab_id=&#8221;e551f4ef-b10f-9&#8243;]<div class=\"standard-arrow\"><ul>\n<li>Christian J. Cintr\u00f3n Gonz\u00e1lez<\/li>\n<li>Nelson A. Crespo Mart\u00ednez<\/li>\n<li>Alexis A. D\u00edaz<\/li>\n<li>Aisha E. Droz L\u00f3pez<\/li>\n<li>Carlos A. Gonz\u00e1lez Cobos<\/li>\n<li>Yedidiach Ortiz Gonz\u00e1lez<\/li>\n<li>Luis Pacheco Par\u00e9s<\/li>\n<li>Lidalee Silva Baucage<\/li>\n<li>Pablo Vega Parra<\/li>\n<li>Frank Zorrilla Caballero<\/li>\n<\/ul>\n<\/div>[\/vc_tab][vc_tab title=&#8221;2022&#8243; tab_id=&#8221;1688561892500-27-5&#8243;]<div class=\"standard-arrow\"><ul>\n<li>Eileen Guzm\u00e1n Rojas<\/li>\n<li>Jaritza P\u00e9rez Hern\u00e1ndez<\/li>\n<li>Michael Rivera R\u00edos<\/li>\n<li>Yamilette Rivera Rivera<\/li>\n<li>Ricardo Rodr\u00edguez P\u00e9rez<\/li>\n<li>Analaura Santiago P\u00e9rez<\/li>\n<li>Andrea Segarra Salcedo<\/li>\n<li>Cristian Vargas Ramos<\/li>\n<li>Roger Vazquez G\u00f3mez<\/li>\n<li>Kamen Yan Huang<\/li>\n<\/ul>\n<\/div>[\/vc_tab][vc_tab title=&#8221;2021&#8243; tab_id=&#8221;2c90103c-ba11-1&#8243;]<div class=\"standard-arrow\"><ul>\n<li>Jessica Aquino Raffa<\/li>\n<li>Priscila M. Cordero Fontanez<\/li>\n<li>Wilfredo Gutierrez Cotto<\/li>\n<li>Carlos L\u00f3pez Ortiz<\/li>\n<li>Naysha L\u00f3pez Garc\u00eda<\/li>\n<li>Giovanni Ramirez Arroyo<\/li>\n<li>Jeylin Rodr\u00edguez Fern\u00e1ndez<\/li>\n<li>Camila V. Trinidad Green<\/li>\n<li>Andres Vel\u00e1zquez Garc\u00eda<\/li>\n<li>Maria T. Zavala Col\u00f3n<\/li>\n<\/ul>\n<\/div>[\/vc_tab][vc_tab title=&#8221;2020&#8243; tab_id=&#8221;1673636278824-2-10&#8243;]<div class=\"standard-arrow\"><ul>\n<li>Eduardo G. Alema\u00f1y Colom<\/li>\n<li>Stephanie Michelle Garmer<\/li>\n<li>Beatriz Gonz\u00e1lez Bouza<\/li>\n<li>Andr\u00e9s J.Guzm\u00e1n Soto<\/li>\n<li>Jos\u00e9 C. Mar\u00eda R\u00edos<\/li>\n<li>Roberto C. Marrero Zeda<\/li>\n<li>Carlos A. Mu\u00f1oz Torres<\/li>\n<li>Lizabeth M. P\u00e9rez Pascual<\/li>\n<li>Christelle Rodr\u00edguez Moreno<\/li>\n<li>Beatriz I. S\u00e1nchez Rodr\u00edguez<\/li>\n<\/ul>\n<\/div>[\/vc_tab][vc_tab title=&#8221;2019&#8243; tab_id=&#8221;1673636328409-3-5&#8243;]<div class=\"standard-arrow list-divider bullet-top\"><ul>\n<li>Felipe Aguayo Romero<\/li>\n<li>Paola A. Arias Mendoza<\/li>\n<li>Daniela Caballero Varona<\/li>\n<li>Mariecely Luciano Feijo\u00f3<\/li>\n<li>Michelle M. Osorio Rodr\u00edguez<\/li>\n<li>Wilmar G. Pantoja Portugal<\/li>\n<li>Bianca L. Rivera Castillo<\/li>\n<li>Adriana Rodr\u00edguez V\u00e1zquez<\/li>\n<li>Louis A. Ru\u00edz Gonz\u00e1lez<\/li>\n<li>Jos\u00e9 M. Ruiz Sep\u00falveda<\/li>\n<\/ul>\n<\/div>[\/vc_tab][vc_tab title=&#8221;2018&#8243; tab_id=&#8221;1673636329512-4-4&#8243;]<div class=\"standard-arrow list-divider bullet-top\"><ul>\n<li>Thaer Abukhalil<\/li>\n<li>Alex Alers Fuentes<\/li>\n<li>V\u00edctor \u00a0M. Aquino Jos\u00e9<\/li>\n<li>Lizmari Carreras Rivera<\/li>\n<li>Priscilla M. Cruz Menoyo<\/li>\n<li>Michelle M. Escobar Medina<\/li>\n<li>B\u00e1rbara N. Flores Gonz\u00e1lez<\/li>\n<li>Ediriel Hern\u00e1ndez Salas<\/li>\n<li>Esteban J. Lugo Ramos<\/li>\n<li>Gerald L. Mar\u00edn Garc\u00eda<\/li>\n<\/ul>\n<\/div>[\/vc_tab][vc_tab title=&#8221;2017&#8243; tab_id=&#8221;1673636330344-5-1&#8243;]<div class=\"standard-arrow list-divider bullet-top\"><ul>\n<li>Stephanny Acevedo Mart\u00ednez<\/li>\n<li>Fernando M. Batista Morales<\/li>\n<li>Gabriel A. Cabrera Correa<\/li>\n<li>Miguel A. Cabrera Mart\u00edn<\/li>\n<li>Cecile C. Le Bron Aponte<\/li>\n<li>Sarah Marrero Medina<\/li>\n<li>Luis A. Mel\u00e9ndez Serrano<\/li>\n<li>Edgar J. Miranda Gonz\u00e1lez<\/li>\n<li>Alejandro Ram\u00f3n Cubillos<\/li>\n<li>Alex F. Reyes Santos<\/li>\n<\/ul>\n<\/div>[\/vc_tab][vc_tab title=&#8221;2016&#8243; tab_id=&#8221;1673636331143-6-8&#8243;]<div class=\"standard-arrow list-divider bullet-top\"><ul>\n<li>Claudia A. Deliz Guzm\u00e1n<\/li>\n<li>Roberto J. D\u00edaz Balzac<\/li>\n<li>Glaymar Z. Dom\u00ednguez Rivera<\/li>\n<li>Juan R. Fern\u00e1ndez Fern\u00e1ndez<\/li>\n<li>Leslie A. Juarbe Rivera<\/li>\n<li>Eddie G. Rodr\u00edguez Aquino<\/li>\n<li>Caterina N. Rovoletto del Manzano<\/li>\n<li>Daniella M. Santiago Haddock<\/li>\n<li>Ver\u00f3nica A. Santiago Rivera<\/li>\n<li>Alexandra del C. Ubilla Ram\u00edrez<\/li>\n<\/ul>\n<\/div>[\/vc_tab][vc_tab title=&#8221;2015&#8243; tab_id=&#8221;1673636333398-7-4&#8243;]<div class=\"standard-arrow list-divider bullet-top\"><ul>\n<li>Miguel F. Agrait Gonz\u00e1lez<\/li>\n<li>Isabel M. Algaze Gonz\u00e1lez<\/li>\n<li>Adriana Chersich<\/li>\n<li>Emily Goldman Huertas<\/li>\n<li>Maelisa Mel\u00e9ndez Mulero<\/li>\n<li>Fabiana Ortiz Figueroa<\/li>\n<li>Alexander R\u00edos Castro<\/li>\n<li>Melissa Rosado Rivera<\/li>\n<li>Ariel E. Vera Arnaldi<\/li>\n<li>Juan C. Zequeira D\u00edaz<\/li>\n<\/ul>\n<\/div>[\/vc_tab][vc_tab title=&#8221;2014&#8243; tab_id=&#8221;1673636334118-8-3&#8243;]<div class=\"standard-arrow list-divider bullet-top\"><ul>\n<li>Jos\u00e9 R. Cepeda Brito<\/li>\n<li>Eddid D. Col\u00f3n Cruz<\/li>\n<li>Susana Coronado<\/li>\n<li>Joakyna De Santiago Pag\u00e1n<\/li>\n<li>Juan M. Garza<\/li>\n<li>Melannie Mel\u00e9ndez Garc\u00eda<\/li>\n<li>Melannie Rodriguez Carri\u00f3n<\/li>\n<li>Javier E. Rosario Hern\u00e1ndez<\/li>\n<li>Melissa Santiago Garrat\u00f3n<\/li>\n<\/ul>\n<\/div>[\/vc_tab][vc_tab title=&#8221;2013&#8243; tab_id=&#8221;1673636334934-9-3&#8243;]<div class=\"standard-arrow list-divider bullet-top\"><ul>\n<li>Angelisse Almod\u00f3var Bernier<\/li>\n<li>C\u00e9sar I. Andino Col\u00f3n<\/li>\n<li>Javier B\u00e1ez Lorenzo<\/li>\n<li>Marino A. Chanlatte Ithier<\/li>\n<li>Kyle N. Cramer<\/li>\n<li>Melissa Figueroa Massanet<\/li>\n<li>Vanessa Torres Navarro<\/li>\n<li>Mar\u00eda Uzcategui Santos<\/li>\n<\/ul>\n<\/div>[\/vc_tab][vc_tab title=&#8221;2012&#8243; tab_id=&#8221;1673636717094-10-1&#8243;]<div class=\"standard-arrow list-divider bullet-top\"><ul>\n<li>Rachelly Abreu Mercado<\/li>\n<li>Roberto Medero Col\u00f3n<\/li>\n<li>Lorraine M\u00e9ndez Carre\u00f1o<\/li>\n<li>Brian L. M\u00e9ndez Miranda<\/li>\n<li>Jessica M. Qui\u00f1ones Echegaray<\/li>\n<li>Hilsa Qui\u00f1ones Ramos<\/li>\n<li>Jos\u00e9 O. Rivera Rivera<\/li>\n<li>David Rodr\u00edguez Fern\u00e1ndez<\/li>\n<li>Tito Suero Salvador<\/li>\n<\/ul>\n<\/div>[\/vc_tab][vc_tab title=&#8221;2011&#8243; tab_id=&#8221;1673636718243-11-5&#8243;]<div class=\"standard-arrow list-divider bullet-top\"><ul>\n<li>Isabel J. Brea P\u00e9rez<\/li>\n<li>Yemal Calder\u00f3n Amezquita<\/li>\n<li>Gardine M. Col\u00f3n Guerra<\/li>\n<li>Omar Corujo V\u00e1zquez<\/li>\n<li>Edwin J. Garc\u00eda La Torre<\/li>\n<li>Yassir G. Irizarry Cruz<\/li>\n<li>Pablo L. Lizardi Vila<\/li>\n<li>Luis M. Perezalonso<\/li>\n<li>Jos\u00e9 L. Rivera M\u00e9ndez<\/li>\n<li>Carmen Ruiz Valc\u00e1rcel<\/li>\n<\/ul>\n<\/div>[\/vc_tab][vc_tab title=&#8221;2010&#8243; tab_id=&#8221;1673636719906-12-5&#8243;]<div class=\"standard-arrow list-divider bullet-top\"><ul>\n<li>David M. Bad\u00eda Rivera<\/li>\n<li>Carmen J. Mart\u00ednez Mart\u00ednez<\/li>\n<li>Gadiel E. Merced Alvarez<\/li>\n<li>Caroline Marie Molins<\/li>\n<li>Carene A. Oliveras Garc\u00eda<\/li>\n<li>Enrique M. Robles Garc\u00eda<\/li>\n<li>Julio J. Rodr\u00edguez Qui\u00f1ones<\/li>\n<li>Xavier Salinas<\/li>\n<li>Yamila V\u00e1squez Gonz\u00e1lez<\/li>\n<li>Vanessa Vel\u00e1zquez Ru\u00edz<\/li>\n<\/ul>\n<\/div>[\/vc_tab][vc_tab title=&#8221;2009&#8243; tab_id=&#8221;1673636720833-13-0&#8243;]<div class=\"standard-arrow list-divider bullet-top\"><ul>\n<li>Raphael A. Col\u00f3n Hern\u00e1ndez<\/li>\n<li>Jenniffer M. Gonz\u00e1lez Torres<\/li>\n<li>H\u00e9ctor \u00a0L. Pag\u00e1n Torres<\/li>\n<li>Mar\u00eda R. Ramos Fern\u00e1ndez<\/li>\n<li>Helen Rovira Figueroa<\/li>\n<li>Dorcas L. Ru\u00edz Rodr\u00edguez<\/li>\n<li>Roxana Soltero Lugo<\/li>\n<li>Ivonne V\u00e9lez Acevedo<\/li>\n<\/ul>\n<\/div>[\/vc_tab][vc_tab title=&#8221;2008&#8243; tab_id=&#8221;1673636721570-14-0&#8243;]<div class=\"standard-arrow list-divider bullet-top\"><ul>\n<li>Edil J. Agosto D\u00edaz<\/li>\n<li>Jos\u00e9 G. Caba\u00f1as Rivera<\/li>\n<li>Julio M. De Pe\u00f1a Batista<\/li>\n<li>Juan A. Morales Torres<\/li>\n<li>Daniel Mu\u00f1oz Acab\u00e1<\/li>\n<li>Yadira Ramos Arias<\/li>\n<li>Luis A. Reyes Mercado<\/li>\n<li>Mariela Romero D\u00edaz<\/li>\n<li>Harold A. Serrano Vega<\/li>\n<\/ul>\n<\/div>[\/vc_tab][vc_tab title=&#8221;2007&#8243; tab_id=&#8221;1673636722282-15-9&#8243;]<div class=\"standard-arrow list-divider bullet-top\"><ul>\n<li>Madeline M. Aponte L\u00f3pez<\/li>\n<li>Cristina Bultr\u00f3n Rodr\u00edguez<\/li>\n<li>Idaliz Canales Col\u00f3n<\/li>\n<li>Migdalia I. Garc\u00eda Gonz\u00e1lez<\/li>\n<li>Betzaida Gonz\u00e1lez Valent\u00edn<\/li>\n<li>Kate M. Gonz\u00e1lez Candelario<\/li>\n<li>Luis Serrano Rivera<\/li>\n<li>Francisco Torres Galarza<\/li>\n<li>Elizabeth V\u00e1zquez Guzm\u00e1n<\/li>\n<li>Onier Villarreal Alejandro<\/li>\n<\/ul>\n<\/div>[\/vc_tab][vc_tab title=&#8221;2006&#8243; tab_id=&#8221;1673636723121-16-8&#8243;]<div class=\"standard-arrow list-divider bullet-top\"><ul>\n<li>Wilfredo J. Cordero Torres<\/li>\n<li>Solisis Deynes L\u00f3pez<\/li>\n<li>Noris M. D\u00edaz Romero<\/li>\n<li>Ninci L. Llanos Figueroa<\/li>\n<li>Katia M. Lugo Enriquez<\/li>\n<li>Guillermo M. Martorell Mill\u00e1n<\/li>\n<li>Susana Ram\u00edrez Aponte<\/li>\n<li>Yonaida D. Santoni Soto<\/li>\n<li>Alfredo Tirado Gonz\u00e1lez<\/li>\n<\/ul>\n<\/div>[\/vc_tab][vc_tab title=&#8221;2005&#8243; tab_id=&#8221;1673636723784-17-8&#8243;]<div class=\"standard-arrow list-divider bullet-top\"><ul>\n<li>Brad Harrison<\/li>\n<li>Marifel Juarbe Torres<\/li>\n<li>Abhishek Katiyar<\/li>\n<li>Sylvia A. Martir P\u00e9rez<\/li>\n<li>Roberto C. Portela L\u00f3pez<\/li>\n<li>M\u00f3nica Rodr\u00edguez de Jes\u00fas<\/li>\n<li>Fernando L. Soto Torres<\/li>\n<\/ul>\n<\/div>[\/vc_tab][vc_tab title=&#8221;2004&#8243; tab_id=&#8221;1673636724513-18-4&#8243;]<div class=\"standard-arrow list-divider bullet-top\"><ul>\n<li>Javier R. Caldera Nieves<\/li>\n<li>Juan A. Kuilan Collazo<\/li>\n<li>Joanna Mercado Alvarado<\/li>\n<li>Luis A. Pellicia Ramos<\/li>\n<li>Rouhollah Prueitt Foroughi<\/li>\n<li>Ibrahim Qui\u00f1ones Rodr\u00edguez<\/li>\n<li>Anines Qui\u00f1ones Rosado<\/li>\n<li>V\u00edctor J. Rivera Cruz<\/li>\n<li>Tirza S. Santiago Rodr\u00edguez<\/li>\n<li>Rafael A. Santiago Aponte<\/li>\n<\/ul>\n<\/div>[\/vc_tab][vc_tab title=&#8221;2003&#8243; tab_id=&#8221;1673636725271-19-9&#8243;]<div class=\"standard-arrow list-divider bullet-top\"><ul>\n<li>Elisa M. Arrillaga Lalley<\/li>\n<li>Manuel A. Col\u00f3n Garc\u00eda de la Noceda<\/li>\n<li>Jorge L. Falc\u00f3n Ch\u00e9vere<\/li>\n<li>Jorge L. L\u00f3pez Rocafort<\/li>\n<li>Norma I. Rodr\u00edguez Morales<\/li>\n<li>Luis A. Rodr\u00edguez Rivera<\/li>\n<li>Carluis Torres Torres<\/li>\n<li>Roberto V\u00e9lez Berm\u00fadez<\/li>\n<\/ul>\n<\/div>[\/vc_tab][vc_tab title=&#8221;2002&#8243; tab_id=&#8221;1673637147421-20-1&#8243;]<div class=\"standard-arrow list-divider bullet-top\"><ul>\n<li>H\u00e9ctor Acosta Tapia<\/li>\n<li>\u00c1ngel L. Casanova Nater<\/li>\n<li>Beatriz Col\u00f3n Cintr\u00f3n<\/li>\n<li>Minette E. Col\u00f3n Jim\u00e9nez<\/li>\n<li>Lissandra Col\u00f3n Rol\u00f3n<\/li>\n<li>Manuel Jr. Fern\u00e1ndez Concepci\u00f3n<\/li>\n<li>Samuel Guzm\u00e1n Mart\u00ednez<\/li>\n<li>Ren\u00e9 Purcell Jord\u00e1n<\/li>\n<li>Wanda L. Rivera Bou<\/li>\n<\/ul>\n<\/div>[\/vc_tab][vc_tab title=&#8221;2001&#8243; tab_id=&#8221;1673637148452-21-3&#8243;]<div class=\"standard-arrow list-divider bullet-top\"><ul>\n<li>Rosalie E. Barrios Ru\u00edz<\/li>\n<li>Marco A. Godoy L\u00f3pez<\/li>\n<li>Jos\u00e9 M. L\u00f3pez Estrada<\/li>\n<li>Geovannie Marcano Centeno<\/li>\n<li>Jonathan A. Mel\u00e9ndez Hern\u00e1ndez<\/li>\n<li>Dorayd\u00e9 Qui\u00f1ones Foster<\/li>\n<li>Wilfredo Rivera Febres<\/li>\n<\/ul>\n<\/div>[\/vc_tab][vc_tab title=&#8221;2000&#8243; tab_id=&#8221;1673637149339-22-5&#8243;]<div class=\"standard-arrow list-divider bullet-top\"><ul>\n<li>Guillermo F. Campos Silva<\/li>\n<li>Marie D. De Le\u00f3n Travesier<\/li>\n<li>Vanessa D\u00edaz Cruz<\/li>\n<li>Luis E. M\u00e1rquez S\u00e1nchez<\/li>\n<li>Carlos J. Morales Serrano<\/li>\n<li>Yanira Morales Torres<\/li>\n<li>\u00c1ngel L. Rocafort M\u00e1rquez<\/li>\n<li>Virgilio Rodr\u00edguez Santana<\/li>\n<\/ul>\n<\/div>[\/vc_tab][vc_tab title=&#8221;1999&#8243; tab_id=&#8221;1673637150345-23-7&#8243;]<div class=\"standard-arrow list-divider bullet-top\"><ul>\n<li>Fernando L. Ben\u00edtez Monserrate<\/li>\n<li>Yazm\u00edn M. Febres Arroyo<\/li>\n<li>Carlos F. Garc\u00eda Gubern<\/li>\n<li>Alex Pag\u00e9 Rodr\u00edguez<\/li>\n<li>Beatriz Pirazzi M\u00e1rquez<\/li>\n<li>Jaime A. Reyes Cardona<\/li>\n<li>Karen M. Silva Almeyda<\/li>\n<li>Carmen G. Valc\u00e1rcel Mercado<\/li>\n<li>Larissa I. V\u00e9lez Daub\u00f3n<\/li>\n<li>Salvador E. Villanueva Rodr\u00edguez<\/li>\n<\/ul>\n<\/div>[\/vc_tab][vc_tab title=&#8221;1998&#8243; tab_id=&#8221;1673637151827-24-8&#8243;]<div class=\"standard-arrow list-divider bullet-top\"><ul>\n<li>Vinicio A. Almonte Dur\u00e1n<\/li>\n<li>Mar\u00eda Y. Batlle Quidgley<\/li>\n<li>Alexis Bay\u00f3 McGrath<\/li>\n<li>Jes\u00fas Gonz\u00e1lez V\u00e1zquez<\/li>\n<li>Ferm\u00edn Hern\u00e1ndez Abad<\/li>\n<li>Eduardo A. Jim\u00e9nez Matta<\/li>\n<li>Melissa Perfetto Perales<\/li>\n<li>Jos\u00e9 I. Ruiz Qui\u00f1ones<\/li>\n<li>William Velasco P\u00e9rez<\/li>\n<\/ul>\n<\/div>[\/vc_tab][vc_tab title=&#8221;1997&#8243; tab_id=&#8221;1673637152619-25-2&#8243;]<div class=\"standard-arrow list-divider bullet-top\"><ul>\n<li>Jos\u00e9 A. Col\u00f3n Grau<\/li>\n<li>Jos\u00e9 J. Garc\u00eda Morales<\/li>\n<li>Yolanda Gonz\u00e1lez Alamo<\/li>\n<li>Jorge L. Guti\u00e9rrez Irizarry<\/li>\n<li>Carlo A. Hern\u00e1ndez Rom\u00e1n<\/li>\n<li>Ruth E. Jim\u00e9nez Herrera<\/li>\n<li>Pablo Laureano Mart\u00ed<\/li>\n<li>Manuel E. L\u00f3pez D\u00edaz<\/li>\n<li>Edward A. P\u00e9rez Conde<\/li>\n<li>Noem\u00ed Rivera Rodr\u00edguez<\/li>\n<\/ul>\n<\/div>[\/vc_tab][vc_tab title=&#8221;1995&#8243; tab_id=&#8221;1673637154304-27-0&#8243;]<div class=\"standard-arrow list-divider bullet-top\"><ul>\n<li>Flor M. Garc\u00eda Ricardo<\/li>\n<li>Jorge L. Guzm\u00e1n Villaronga<\/li>\n<li>Jes\u00fas M. Mar\u00edn de Gracia<\/li>\n<li>Daniel Urtarte Mart\u00ednez<\/li>\n<\/ul>\n<\/div>[\/vc_tab][\/vc_tour][\/vc_column][\/vc_row]<\/p>\n<\/div>","protected":false},"excerpt":{"rendered":"<p>[vc_row][vc_column][vc_tour interval=&#8221;0&#8243; style=&#8221;tab-style-three&#8221;][vc_tab title=&#8221;2024&#8243; tab_id=&#8221;1723483061550-28-9&#8243;][\/vc_tab][vc_tab title=&#8221;2023&#8243; tab_id=&#8221;e551f4ef-b10f-9&#8243;][\/vc_tab][vc_tab title=&#8221;2022&#8243; tab_id=&#8221;1688561892500-27-5&#8243;][\/vc_tab][vc_tab title=&#8221;2021&#8243; tab_id=&#8221;2c90103c-ba11-1&#8243;][\/vc_tab][vc_tab title=&#8221;2020&#8243; tab_id=&#8221;1673636278824-2-10&#8243;][\/vc_tab][vc_tab title=&#8221;2019&#8243; tab_id=&#8221;1673636328409-3-5&#8243;][\/vc_tab][vc_tab title=&#8221;2018&#8243; tab_id=&#8221;1673636329512-4-4&#8243;][\/vc_tab][vc_tab title=&#8221;2017&#8243; tab_id=&#8221;1673636330344-5-1&#8243;][\/vc_tab][vc_tab title=&#8221;2016&#8243; tab_id=&#8221;1673636331143-6-8&#8243;][\/vc_tab][vc_tab title=&#8221;2015&#8243; tab_id=&#8221;1673636333398-7-4&#8243;][\/vc_tab][vc_tab title=&#8221;2014&#8243; tab_id=&#8221;1673636334118-8-3&#8243;][\/vc_tab][vc_tab title=&#8221;2013&#8243; tab_id=&#8221;1673636334934-9-3&#8243;][\/vc_tab][vc_tab title=&#8221;2012&#8243; tab_id=&#8221;1673636717094-10-1&#8243;][\/vc_tab][vc_tab title=&#8221;2011&#8243; tab_id=&#8221;1673636718243-11-5&#8243;][\/vc_tab][vc_tab title=&#8221;2010&#8243; tab_id=&#8221;1673636719906-12-5&#8243;][\/vc_tab][vc_tab title=&#8221;2009&#8243; tab_id=&#8221;1673636720833-13-0&#8243;][\/vc_tab][vc_tab title=&#8221;2008&#8243; tab_id=&#8221;1673636721570-14-0&#8243;][\/vc_tab][vc_tab title=&#8221;2007&#8243; tab_id=&#8221;1673636722282-15-9&#8243;][\/vc_tab][vc_tab title=&#8221;2006&#8243; tab_id=&#8221;1673636723121-16-8&#8243;][\/vc_tab][vc_tab title=&#8221;2005&#8243; tab_id=&#8221;1673636723784-17-8&#8243;][\/vc_tab][vc_tab title=&#8221;2004&#8243; tab_id=&#8221;1673636724513-18-4&#8243;][\/vc_tab][vc_tab title=&#8221;2003&#8243; tab_id=&#8221;1673636725271-19-9&#8243;][\/vc_tab][vc_tab title=&#8221;2002&#8243; tab_id=&#8221;1673637147421-20-1&#8243;][\/vc_tab][vc_tab title=&#8221;2001&#8243; tab_id=&#8221;1673637148452-21-3&#8243;][\/vc_tab][vc_tab title=&#8221;2000&#8243; tab_id=&#8221;1673637149339-22-5&#8243;][\/vc_tab][vc_tab title=&#8221;1999&#8243; tab_id=&#8221;1673637150345-23-7&#8243;][\/vc_tab][vc_tab&hellip;<\/p>\n","protected":false},"author":1,"featured_media":0,"parent":0,"menu_order":0,"comment_status":"closed","ping_status":"closed","template":"","meta":{"footnotes":""},"class_list":["post-168","page","type-page","status-publish","hentry","description-off"],"aioseo_notices":[],"_links":{"self":[{"href":"https:\/\/md.rcm.upr.edu\/emp\/wp-json\/wp\/v2\/pages\/168","targetHints":{"allow":["GET"]}}],"collection":[{"href":"https:\/\/md.rcm.upr.edu\/emp\/wp-json\/wp\/v2\/pages"}],"about":[{"href":"https:\/\/md.rcm.upr.edu\/emp\/wp-json\/wp\/v2\/types\/page"}],"author":[{"embeddable":true,"href":"https:\/\/md.rcm.upr.edu\/emp\/wp-json\/wp\/v2\/users\/1"}],"replies":[{"embeddable":true,"href":"https:\/\/md.rcm.upr.edu\/emp\/wp-json\/wp\/v2\/comments?post=168"}],"version-history":[{"count":2,"href":"https:\/\/md.rcm.upr.edu\/emp\/wp-json\/wp\/v2\/pages\/168\/revisions"}],"predecessor-version":[{"id":1263,"href":"https:\/\/md.rcm.upr.edu\/emp\/wp-json\/wp\/v2\/pages\/168\/revisions\/1263"}],"wp:attachment":[{"href":"https:\/\/md.rcm.upr.edu\/emp\/wp-json\/wp\/v2\/media?parent=168"}],"curies":[{"name":"wp","href":"https:\/\/api.w.org\/{rel}","templated":true}]}}