{"id":844,"date":"2022-03-09T14:03:45","date_gmt":"2022-03-09T14:03:45","guid":{"rendered":"https:\/\/md.rcm.upr.edu\/familymedicine\/?page_id=844"},"modified":"2023-09-27T14:54:20","modified_gmt":"2023-09-27T14:54:20","slug":"current-residents","status":"publish","type":"page","link":"https:\/\/md.rcm.upr.edu\/familymedicine\/current-residents\/","title":{"rendered":"Meet our Residents"},"content":{"rendered":"<div class=\"wpb-content-wrapper\"><p>[vc_row][vc_column]<div id=\"ultimate-heading-476269f5bfe00249b\" class=\"uvc-heading ult-adjust-bottom-margin ultimate-heading-476269f5bfe00249b uvc-2610  uvc-heading-default-font-sizes\" data-hspacer=\"no_spacer\"  data-halign=\"center\" style=\"text-align:center\"><div class=\"uvc-heading-spacer no_spacer\" style=\"top\"><\/div><div class=\"uvc-main-heading ult-responsive\"  data-ultimate-target='.uvc-heading.ultimate-heading-476269f5bfe00249b h2'  data-responsive-json-new='{\"font-size\":\"\",\"line-height\":\"\"}' ><h2 style=\"--font-weight:theme;\">PGY1- Class 2025<\/h2><\/div><div class=\"uvc-sub-heading ult-responsive\"  data-ultimate-target='.uvc-heading.ultimate-heading-476269f5bfe00249b .uvc-sub-heading '  data-responsive-json-new='{\"font-size\":\"\",\"line-height\":\"\"}'  style=\"font-weight:normal;\"><\/p>\r\n<p><strong>Class Name: &#8221; Los Coquis&#8221;<\/strong><\/p>\r\n<p><\/div><\/div>[\/vc_column][\/vc_row][vc_row][vc_column][vc_media_grid element_width=&#8221;6&#8243; grid_id=&#8221;vc_gid:1694523265303-a5abd576-9d0a-0&#8243; include=&#8221;928,1015&#8243;][\/vc_column][\/vc_row][vc_row][vc_column]<div id=\"ultimate-heading-586369f5bfe00252a\" class=\"uvc-heading ult-adjust-bottom-margin ultimate-heading-586369f5bfe00252a uvc-8051  uvc-heading-default-font-sizes\" data-hspacer=\"no_spacer\"  data-halign=\"center\" style=\"text-align:center\"><div class=\"uvc-heading-spacer no_spacer\" style=\"top\"><\/div><div class=\"uvc-main-heading ult-responsive\"  data-ultimate-target='.uvc-heading.ultimate-heading-586369f5bfe00252a h2'  data-responsive-json-new='{\"font-size\":\"\",\"line-height\":\"\"}' ><h2 style=\"--font-weight:theme;\">PGY2- Class 2024<\/h2><\/div><div class=\"uvc-sub-heading ult-responsive\"  data-ultimate-target='.uvc-heading.ultimate-heading-586369f5bfe00252a .uvc-sub-heading '  data-responsive-json-new='{\"font-size\":\"\",\"line-height\":\"\"}'  style=\"font-weight:normal;\"><\/p>\r\n<p><strong><!-- \/wp:post-content --><\/strong><\/p>\r\n<p><!-- wp:paragraph --><strong>Class Name: &#8221; Las Estrellas&#8221;<\/strong><\/p>\r\n<p><strong>\u00a0<\/strong><\/p>\r\n<p><\/div><\/div>[\/vc_column][\/vc_row][vc_row][vc_column][vc_media_grid element_width=&#8221;6&#8243; grid_id=&#8221;vc_gid:1694523265305-7d07bb72-9f78-2&#8243; include=&#8221;852,1017&#8243;][\/vc_column][\/vc_row][vc_row][vc_column]<div id=\"ultimate-heading-862369f5bfe002592\" class=\"uvc-heading ult-adjust-bottom-margin ultimate-heading-862369f5bfe002592 uvc-2481  uvc-heading-default-font-sizes\" data-hspacer=\"no_spacer\"  data-halign=\"center\" style=\"text-align:center\"><div class=\"uvc-heading-spacer no_spacer\" style=\"top\"><\/div><div class=\"uvc-main-heading ult-responsive\"  data-ultimate-target='.uvc-heading.ultimate-heading-862369f5bfe002592 h2'  data-responsive-json-new='{\"font-size\":\"\",\"line-height\":\"\"}' ><h2 style=\"--font-weight:theme;\">PGY3- Class 2023<\/h2><\/div><div class=\"uvc-sub-heading ult-responsive\"  data-ultimate-target='.uvc-heading.ultimate-heading-862369f5bfe002592 .uvc-sub-heading '  data-responsive-json-new='{\"font-size\":\"\",\"line-height\":\"\"}'  style=\"font-weight:normal;\"><\/p>\r\n<p><strong><!-- \/wp:paragraph --><\/strong><\/p>\r\n<p><!-- wp:paragraph --><strong>Class Name: \u201cLos Flamingos\u201d<\/strong><\/p>\r\n<p><strong>\u00a0<\/strong><\/p>\r\n<p><\/div><\/div>[\/vc_column][\/vc_row][vc_row][vc_column][vc_media_grid element_width=&#8221;6&#8243; grid_id=&#8221;vc_gid:1694523265308-04384256-a9a2-8&#8243; include=&#8221;850,1018&#8243;][\/vc_column][\/vc_row][vc_row][vc_column]<div id=\"ultimate-heading-428469f5bfe002603\" class=\"uvc-heading ult-adjust-bottom-margin ultimate-heading-428469f5bfe002603 uvc-9249  uvc-heading-default-font-sizes\" data-hspacer=\"no_spacer\"  data-halign=\"center\" style=\"text-align:center\"><div class=\"uvc-heading-spacer no_spacer\" style=\"top\"><\/div><div class=\"uvc-main-heading ult-responsive\"  data-ultimate-target='.uvc-heading.ultimate-heading-428469f5bfe002603 h2'  data-responsive-json-new='{\"font-size\":\"\",\"line-height\":\"\"}' ><h2 style=\"--font-weight:theme;\">Past- Residents<\/h2><\/div><div class=\"uvc-sub-heading ult-responsive\"  data-ultimate-target='.uvc-heading.ultimate-heading-428469f5bfe002603 .uvc-sub-heading '  data-responsive-json-new='{\"font-size\":\"\",\"line-height\":\"\"}'  style=\"font-weight:normal;\"><\/p>\r\n<p><strong><!-- \/wp:paragraph --><\/strong><\/p>\r\n<p><!-- wp:paragraph --><strong>Graduating Class 2022<\/strong><\/p>\r\n<p><\/div><\/div>[\/vc_column][\/vc_row][vc_row][vc_column][vc_single_image image=&#8221;851&#8243; img_size=&#8221;full&#8221; alignment=&#8221;center&#8221;][vc_empty_space][vc_column_text]<\/p>\r\n<p style=\"text-align: center;\"><strong>Graduating Class 2021<\/strong><\/p>\r\n<p>[\/vc_column_text][vc_single_image image=&#8221;1034&#8243; img_size=&#8221;full&#8221; alignment=&#8221;center&#8221;][vc_column_text]<\/p>\r\n<p style=\"text-align: center;\">Dr. Elyn LanFranco, Dr. Gabriel P\u00e9rez, Dr. Viviana Mel\u00e9ndez, Dr. Milagros Florian, Dr. Noeli Pinelo, Dr.Jose Camu\u00f1as Jr., Dr Grettel \u00c1lvarez, Dr. Ovadi Alem\u00e1n<\/p>\r\n<p>[\/vc_column_text][vc_empty_space][vc_column_text]<\/p>\r\n<p style=\"text-align: center;\"><strong>Graduating Class 2020<\/strong><\/p>\r\n<p>[\/vc_column_text][vc_single_image image=&#8221;1035&#8243; img_size=&#8221;full&#8221; alignment=&#8221;center&#8221;][vc_empty_space][\/vc_column][\/vc_row][vc_row][vc_column]<div id=\"ultimate-heading-336469f5bfe00266c\" class=\"uvc-heading ult-adjust-bottom-margin ultimate-heading-336469f5bfe00266c uvc-2594  uvc-heading-default-font-sizes\" data-hspacer=\"no_spacer\"  data-halign=\"center\" style=\"text-align:center\"><div class=\"uvc-heading-spacer no_spacer\" style=\"top\"><\/div><div class=\"uvc-main-heading ult-responsive\"  data-ultimate-target='.uvc-heading.ultimate-heading-336469f5bfe00266c h2'  data-responsive-json-new='{\"font-size\":\"\",\"line-height\":\"\"}' ><h2 style=\"--font-weight:theme;\">Resident Activities<\/h2><\/div><\/div>[\/vc_column][\/vc_row][vc_row][vc_column][vc_masonry_media_grid grid_id=&#8221;vc_gid:1694524129092-fb650849-9bd0-8&#8243; include=&#8221;1022,1023,1024&#8243;][\/vc_column][\/vc_row]<\/p><\/div>","protected":false},"excerpt":{"rendered":"<p>[vc_row][vc_column][\/vc_column][\/vc_row][vc_row][vc_column][vc_media_grid element_width=&#8221;6&#8243; grid_id=&#8221;vc_gid:1694523265303-a5abd576-9d0a-0&#8243; include=&#8221;928,1015&#8243;][\/vc_column][\/vc_row][vc_row][vc_column][\/vc_column][\/vc_row][vc_row][vc_column][vc_media_grid element_width=&#8221;6&#8243; grid_id=&#8221;vc_gid:1694523265305-7d07bb72-9f78-2&#8243; include=&#8221;852,1017&#8243;][\/vc_column][\/vc_row][vc_row][vc_column][\/vc_column][\/vc_row][vc_row][vc_column][vc_media_grid element_width=&#8221;6&#8243; grid_id=&#8221;vc_gid:1694523265308-04384256-a9a2-8&#8243; include=&#8221;850,1018&#8243;][\/vc_column][\/vc_row][vc_row][vc_column][\/vc_column][\/vc_row][vc_row][vc_column][vc_single_image image=&#8221;851&#8243; img_size=&#8221;full&#8221; alignment=&#8221;center&#8221;][vc_empty_space][vc_column_text] Graduating Class 2021 [\/vc_column_text][vc_single_image image=&#8221;1034&#8243; img_size=&#8221;full&#8221; alignment=&#8221;center&#8221;][vc_column_text] Dr. Elyn LanFranco, Dr. Gabriel P\u00e9rez, Dr. Viviana Mel\u00e9ndez, Dr. Milagros Florian, Dr. Noeli Pinelo, Dr.Jose Camu\u00f1as Jr., Dr Grettel \u00c1lvarez, Dr. Ovadi Alem\u00e1n [\/vc_column_text][vc_empty_space][vc_column_text] Graduating Class 2020 [\/vc_column_text][vc_single_image image=&#8221;1035&#8243; img_size=&#8221;full&#8221; alignment=&#8221;center&#8221;][vc_empty_space][\/vc_column][\/vc_row][vc_row][vc_column][\/vc_column][\/vc_row][vc_row][vc_column][vc_masonry_media_grid grid_id=&#8221;vc_gid:1694524129092-fb650849-9bd0-8&#8243; include=&#8221;1022,1023,1024&#8243;][\/vc_column][\/vc_row]<\/p>\n","protected":false},"author":35,"featured_media":0,"parent":0,"menu_order":0,"comment_status":"closed","ping_status":"closed","template":"","meta":{"footnotes":""},"class_list":["post-844","page","type-page","status-publish","hentry","description-off"],"_links":{"self":[{"href":"https:\/\/md.rcm.upr.edu\/familymedicine\/wp-json\/wp\/v2\/pages\/844","targetHints":{"allow":["GET"]}}],"collection":[{"href":"https:\/\/md.rcm.upr.edu\/familymedicine\/wp-json\/wp\/v2\/pages"}],"about":[{"href":"https:\/\/md.rcm.upr.edu\/familymedicine\/wp-json\/wp\/v2\/types\/page"}],"author":[{"embeddable":true,"href":"https:\/\/md.rcm.upr.edu\/familymedicine\/wp-json\/wp\/v2\/users\/35"}],"replies":[{"embeddable":true,"href":"https:\/\/md.rcm.upr.edu\/familymedicine\/wp-json\/wp\/v2\/comments?post=844"}],"version-history":[{"count":0,"href":"https:\/\/md.rcm.upr.edu\/familymedicine\/wp-json\/wp\/v2\/pages\/844\/revisions"}],"wp:attachment":[{"href":"https:\/\/md.rcm.upr.edu\/familymedicine\/wp-json\/wp\/v2\/media?parent=844"}],"curies":[{"name":"wp","href":"https:\/\/api.w.org\/{rel}","templated":true}]}}