{"id":160,"date":"2019-06-20T15:08:38","date_gmt":"2019-06-20T15:08:38","guid":{"rendered":"https:\/\/md.rcm.upr.edu\/gamma\/?page_id=160"},"modified":"2021-02-11T14:57:48","modified_gmt":"2021-02-11T14:57:48","slug":"preguntas-frecuentes","status":"publish","type":"page","link":"https:\/\/md.rcm.upr.edu\/gamma\/preguntas-frecuentes\/","title":{"rendered":"Preguntas Frecuentes"},"content":{"rendered":"<div class=\"wpb-content-wrapper\"><p>[vc_row][vc_column][vc_column_text]<strong>\u00bfQu\u00e9 podemos hacer por usted y su familia?<\/strong><\/p>\n<p>Proyecto Gamma le ofrece una mejor calidad de vida para su ni\u00f1o, ni\u00f1a y adolescente con VIH\/SIDA o a riesgo, provey\u00e9ndole orientaci\u00f3n, educaci\u00f3n, servicio de investigaci\u00f3n, evaluaciones m\u00e9dicas y sociales, tratamiento, referido a vacunaci\u00f3n, laboratorios, y farmacia, entre otros.<\/p>\n<p><strong>\u00bfQui\u00e9nes somos? <\/strong><\/p>\n<p>El Proyecto Gamma est\u00e1 adscrito a la Universidad de Puerto Rico, Recinto de Ciencias M\u00e9dicas. Es auspiciado por los Institutos Nacionales de la Salud (NIH), Instituto de Alergias y Enfermedades Infecciosas, Divisi\u00f3n de SIDA (NIAID-DAIDS) e Instituto Nacional de Investigaci\u00f3n de Desarrollo de y Salud de los ni\u00f1os , NICHD.<\/p>\n<p>Proyecto Gamma tiene como meta proveer prevenci\u00f3n, investigaci\u00f3n, educaci\u00f3n, tratamiento y servicios comprensivos a ni\u00f1os, ni\u00f1as, adolescentes, mujeres embarazadas y adultos en relaci\u00f3n al VIH. Nuestros servicios de investigaci\u00f3n cubren a toda la isla lo cual impactan diferentes comunidades.<\/p>\n<p><strong>\u00bfQu\u00e9 es el CAB (Community Advisory Boards)?<\/strong><\/p>\n<p>Los consejos consultivos comunitarios (CAB) benefician a las instituciones de investigaci\u00f3n al brindar asesoramiento sobre la eficacia del proceso de consentimiento informado y la implementaci\u00f3n de protocolos de investigaci\u00f3n. La composici\u00f3n del CAB es representativa de la comunidad que participa en la investigaci\u00f3n que se est\u00e1 revisando.<\/p>\n<p><strong>\u00bfQu\u00e9 es IMPAACT? <\/strong><\/p>\n<p>La Red Internacional de Ensayos Cl\u00ednicos del SIDA Infantil Materno (IMPAACT) es una colaboraci\u00f3n mundial de investigadores, instituciones, representantes de la comunidad y otros socios organizados con el fin de evaluar las intervenciones para tratar y prevenir la infecci\u00f3n por VIH y sus consecuencias en beb\u00e9s, ni\u00f1os, adolescentes y embarazadas. \/ Mujeres posparto a trav\u00e9s de la realizaci\u00f3n de ensayos cl\u00ednicos de alta calidad.<\/p>\n<p>IMPAACT se form\u00f3 en 2006 a trav\u00e9s de una fusi\u00f3n de investigadores del Grupo de Ensayos Cl\u00ednicos del SIDA Pedi\u00e1trico (PACTG) y el Grupo de Trabajo Cient\u00edfico Perinatal de la Red de Estudios de Prevenci\u00f3n del VIH (HPTN). La Red est\u00e1 dirigida por un grupo de liderazgo dirigido por la Presidenta, Sharon Nachman, MD, de la Universidad de Nueva York en Stony Brook, y el Vicepresidente James McIntyre, MD, del Instituto de Salud Anova y la Universidad de Ciudad del Cabo, en Africa del Sur.<\/p>\n<p>IMPAACT es financiado principalmente por la Divisi\u00f3n de SIDA (DAIDS), el Instituto Nacional de Alergias y Enfermedades Infecciosas (NIAID), los Institutos Nacionales de Salud (NIH) de los EE. UU. Y el Instituto Nacional de Salud Infantil y Desarrollo Humano Eunice Kennedy (NICHD). NIH, y el Instituto Nacional de Salud Mental (NIMH), NIH<\/p>\n<p><strong>\u00bfQu\u00e9 es un estudio cl\u00ednico? <\/strong><\/p>\n<p>Un estudio cient\u00edfico de naturaleza que a veces incluye procesos relacionados con la salud y la enfermedad. Por ejemplo, los ensayos cl\u00ednicos son estudios de investigaci\u00f3n que involucran a personas. Estos estudios pueden estar relacionados con nuevas formas de detectar, prevenir, diagnosticar y tratar enfermedades. Tambi\u00e9n pueden estudiar ciertos resultados y ciertos grupos de personas al observar los datos recopilados en el pasado o en el futuro.<\/p>\n<p><strong>\u00bfQui\u00e9nes pueden ser parte de un estudio de investigaci\u00f3n?<\/strong><\/p>\n<p>La participaci\u00f3n voluntaria en estudios de investigaci\u00f3n depender\u00e1 de los criterios establecidos por cada uno de los protocolos. Los servicios ofrecidos en los estudios de investigaci\u00f3n son completamente gratuitos.<\/p>\n<p><strong>\u00bfQu\u00e9 es el programa de VIH \/ SIDA Ryan White?<\/strong><\/p>\n<p>El Programa de VIH \/ SIDA Ryan White de la Administraci\u00f3n de Servicios y Salud (HRSA, por sus siglas en ingl\u00e9s) brinda un sistema integral de atenci\u00f3n m\u00e9dica primaria para el VIH, servicios de apoyo esenciales y medicamentos para las personas de bajos ingresos que viven con el VIH que no tienen seguro ni atenci\u00f3n suficiente. El Programa financia subvenciones a estados, ciudades \/ condados y organizaciones comunitarias locales para proporcionar servicios de atenci\u00f3n y tratamiento a personas que viven con el VIH para mejorar los resultados de salud y reducir la transmisi\u00f3n del VIH entre las poblaciones de dif\u00edcil acceso.<\/p>\n<p><strong>\u00bfQu\u00e9 es la Parte D del programa de VIH \/ SIDA Ryan White?<\/strong><\/p>\n<p>La Parte D administra los fondos para las organizaciones locales y comunitarias para proporcionar atenci\u00f3n m\u00e9dica, ambulatoria, primaria centrada en la familia y atenci\u00f3n m\u00e9dica especializada para mujeres, beb\u00e9s, ni\u00f1os y j\u00f3venes que viven con VIH. Los fondos de la Parte D tambi\u00e9n se pueden usar para brindar servicios de apoyo a las personas que viven con el VIH y a los miembros de sus familias afectados.[\/vc_column_text][\/vc_column][\/vc_row]<\/p>\n<\/div>","protected":false},"excerpt":{"rendered":"<p>[vc_row][vc_column][vc_column_text]\u00bfQu\u00e9 podemos hacer por usted y su familia? Proyecto Gamma le ofrece una mejor calidad de vida para su ni\u00f1o, ni\u00f1a y adolescente con VIH\/SIDA o a riesgo, provey\u00e9ndole orientaci\u00f3n, educaci\u00f3n, servicio de investigaci\u00f3n, evaluaciones m\u00e9dicas y sociales, tratamiento, referido a vacunaci\u00f3n, laboratorios, y farmacia, entre otros. \u00bfQui\u00e9nes somos? El Proyecto Gamma est\u00e1 adscrito a&hellip;<\/p>\n","protected":false},"author":67,"featured_media":0,"parent":0,"menu_order":0,"comment_status":"closed","ping_status":"closed","template":"","meta":{"footnotes":""},"class_list":["post-160","page","type-page","status-publish","hentry","description-off"],"aioseo_notices":[],"_links":{"self":[{"href":"https:\/\/md.rcm.upr.edu\/gamma\/wp-json\/wp\/v2\/pages\/160","targetHints":{"allow":["GET"]}}],"collection":[{"href":"https:\/\/md.rcm.upr.edu\/gamma\/wp-json\/wp\/v2\/pages"}],"about":[{"href":"https:\/\/md.rcm.upr.edu\/gamma\/wp-json\/wp\/v2\/types\/page"}],"author":[{"embeddable":true,"href":"https:\/\/md.rcm.upr.edu\/gamma\/wp-json\/wp\/v2\/users\/67"}],"replies":[{"embeddable":true,"href":"https:\/\/md.rcm.upr.edu\/gamma\/wp-json\/wp\/v2\/comments?post=160"}],"version-history":[{"count":0,"href":"https:\/\/md.rcm.upr.edu\/gamma\/wp-json\/wp\/v2\/pages\/160\/revisions"}],"wp:attachment":[{"href":"https:\/\/md.rcm.upr.edu\/gamma\/wp-json\/wp\/v2\/media?parent=160"}],"curies":[{"name":"wp","href":"https:\/\/api.w.org\/{rel}","templated":true}]}}