{"id":234,"date":"2019-06-21T14:56:41","date_gmt":"2019-06-21T14:56:41","guid":{"rendered":"https:\/\/md.rcm.upr.edu\/gamma\/?page_id=234"},"modified":"2021-02-11T14:47:59","modified_gmt":"2021-02-11T14:47:59","slug":"cab","status":"publish","type":"page","link":"https:\/\/md.rcm.upr.edu\/gamma\/cab\/","title":{"rendered":"CAB"},"content":{"rendered":"<div class=\"wpb-content-wrapper\"><p>[vc_row][vc_column width=&#8221;1\/6&#8243;][vc_single_image image=&#8221;61&#8243; img_size=&#8221;full&#8221; alignment=&#8221;center&#8221;][vc_single_image image=&#8221;89&#8243; img_size=&#8221;full&#8221; alignment=&#8221;center&#8221;][vc_single_image image=&#8221;241&#8243; img_size=&#8221;full&#8221; alignment=&#8221;center&#8221;][\/vc_column][vc_column width=&#8221;2\/3&#8243;][vc_column_text]<strong>\u00bfQu\u00e9 es el CAB?<\/strong><\/p>\n<p>Es la Junta Asesora de La Comunidad (CAB, por sus siglas en ingl\u00e9s) es un grupo de personas voluntarias e interesadas en la investigaci\u00f3n sobre el VIH\/SIDA en Puerto Rico y el mundo tambi\u00e9n como funci\u00f3n tiene la promoci\u00f3n y reclutamiento de mujeres, j\u00f3venes y ni\u00f1os\/as en los estudios de investigaci\u00f3n. El CAB es el enlace entre la unidad de investigaci\u00f3n y la comunidad, vigilando el bienestar de las comunidades.<\/p>\n<p><strong>Misi\u00f3n del CAB<\/strong><\/p>\n<p>La misi\u00f3n de la Junta Asesora de la Comunidad es ser la voz de la poblaci\u00f3n impacta por el VIH\/SIDA mediante la participaci\u00f3n activa de sus miembros en el dise\u00f1o, implementaci\u00f3n, evaluaci\u00f3n y desimanaci\u00f3n de la informaci\u00f3n; adem\u00e1s de ayudar a esta poblaci\u00f3n a tener actitud positiva para la investigaci\u00f3n.<\/p>\n<p><strong>Visi\u00f3n <\/strong><\/p>\n<p>Una comunidad movilizada a luchar contra el VIH\/SIDA. Ser la acci\u00f3n el cambio en la disminuci\u00f3n del VIH\/SIDA mediante la movilizaci\u00f3n, educaci\u00f3n y participaci\u00f3n de la comunidad en todos los aspectos relacionados a la investigaci\u00f3n y al mejoramiento de la salud de la poblaci\u00f3n.<\/p>\n<p><strong>\u00bfQu\u00e9 hacemos?<\/strong><\/p>\n<p>Aportar ideas para desarrollar investigaci\u00f3n en Puerto Rico, evaluar y opinar sobre las investigaciones existentes y promover informaci\u00f3n y resultados de esas investigaciones a la comunidad.<\/p>\n<p><strong>\u00bfQui\u00e9n puede ser parte del CAB?<\/strong><\/p>\n<p>Si eres una persona de 12 a\u00f1os o m\u00e1s, infectada o afectada por el VIH o simplemente deseas hacer algo por las personas que viven con el HIH\/SIDA, representar a alguna agencia p\u00fablica o privada o solo a ti mismo, tu puedes ser parte del CAB.<\/p>\n<p><strong>Si estas interesado en ser parte del CAB puedes contactar a la Sra. Ruth Santos o al Sr. Raynier Crespo al 787-759-9595 en horario de 9:00 am a 5:00 pm. <\/strong>[\/vc_column_text][\/vc_column][vc_column width=&#8221;1\/6&#8243;][\/vc_column][\/vc_row][vc_row][vc_column offset=&#8221;vc_col-lg-3\/5 vc_col-md-3\/5&#8243;][\/vc_column][\/vc_row]<\/p>\n<\/div>","protected":false},"excerpt":{"rendered":"<p>[vc_row][vc_column width=&#8221;1\/6&#8243;][vc_single_image image=&#8221;61&#8243; img_size=&#8221;full&#8221; alignment=&#8221;center&#8221;][vc_single_image image=&#8221;89&#8243; img_size=&#8221;full&#8221; alignment=&#8221;center&#8221;][vc_single_image image=&#8221;241&#8243; img_size=&#8221;full&#8221; alignment=&#8221;center&#8221;][\/vc_column][vc_column width=&#8221;2\/3&#8243;][vc_column_text]\u00bfQu\u00e9 es el CAB? Es la Junta Asesora de La Comunidad (CAB, por sus siglas en ingl\u00e9s) es un grupo de personas voluntarias e interesadas en la investigaci\u00f3n sobre el VIH\/SIDA en Puerto Rico y el mundo tambi\u00e9n como funci\u00f3n tiene la promoci\u00f3n y&hellip;<\/p>\n","protected":false},"author":67,"featured_media":0,"parent":0,"menu_order":0,"comment_status":"closed","ping_status":"closed","template":"","meta":{"footnotes":""},"class_list":["post-234","page","type-page","status-publish","hentry","description-off"],"_links":{"self":[{"href":"https:\/\/md.rcm.upr.edu\/gamma\/wp-json\/wp\/v2\/pages\/234","targetHints":{"allow":["GET"]}}],"collection":[{"href":"https:\/\/md.rcm.upr.edu\/gamma\/wp-json\/wp\/v2\/pages"}],"about":[{"href":"https:\/\/md.rcm.upr.edu\/gamma\/wp-json\/wp\/v2\/types\/page"}],"author":[{"embeddable":true,"href":"https:\/\/md.rcm.upr.edu\/gamma\/wp-json\/wp\/v2\/users\/67"}],"replies":[{"embeddable":true,"href":"https:\/\/md.rcm.upr.edu\/gamma\/wp-json\/wp\/v2\/comments?post=234"}],"version-history":[{"count":0,"href":"https:\/\/md.rcm.upr.edu\/gamma\/wp-json\/wp\/v2\/pages\/234\/revisions"}],"wp:attachment":[{"href":"https:\/\/md.rcm.upr.edu\/gamma\/wp-json\/wp\/v2\/media?parent=234"}],"curies":[{"name":"wp","href":"https:\/\/api.w.org\/{rel}","templated":true}]}}