{"id":267,"date":"2019-06-21T19:56:16","date_gmt":"2019-06-21T19:56:16","guid":{"rendered":"https:\/\/md.rcm.upr.edu\/gamma\/?page_id=267"},"modified":"2021-08-25T04:48:54","modified_gmt":"2021-08-25T04:48:54","slug":"estudios-abiertos-a-reclutamiento","status":"publish","type":"page","link":"https:\/\/md.rcm.upr.edu\/gamma\/estudios-abiertos-a-reclutamiento\/","title":{"rendered":"Estudios Cerrados a Reclutamiento"},"content":{"rendered":"<div class=\"wpb-content-wrapper\"><p>[vc_row][vc_column][vc_column_text]<strong>P1026s (10040): Propiedades farmacocin\u00e9ticas de la terapia antirretroviral durante el embarazo<\/strong><\/p>\n<p id=\"tw-target-text\" class=\"tw-data-text tw-ta tw-text-small\" dir=\"ltr\" data-placeholder=\"Translation\"><span lang=\"es\">P1026s es un estudio prospectivo farmacocin\u00e9tico (PK) de Fase IV de medicamentos ARV seleccionados que se utilizan actualmente en la atenci\u00f3n cl\u00ednica de mujeres embarazadas infectadas con VIH durante el embarazo y el posparto. Este estudio est\u00e1 dise\u00f1ado para evaluar lo siguiente: la farmacocin\u00e9tica de los medicamentos antirretrovirales cuando se usan solos o se administran conjuntamente con medicamentos para la tuberculosis durante el embarazo; los par\u00e1metros farmacocin\u00e9ticos de lopinavir \/ ritonavir y atazanavir \/ ritonavir \/ tenofovir en mujeres despu\u00e9s del parto antes y despu\u00e9s del inicio de los anticonceptivos hormonales; y las concentraciones de etinilestradiol, etonogestrel y otras progestinas en mujeres que usan anticonceptivos hormonales e inhibidores de la proteasa.<\/span><\/p>\n<p>[\/vc_column_text][\/vc_column][\/vc_row][vc_row][vc_column][vc_column_text]<strong>IMPAACT 2014: Estudio de Fase I \/ II de la Farmacocin\u00e9tica, Seguridad y Tolerabilidad de Doravirina (MK-1439) y Doravirina \/ Lamivudina \/ Tenofovir Disoproxil Fumarate (MK-1439A) en ni\u00f1os y adolescentes infectados por VIH-1<\/strong><\/p>\n<p id=\"tw-target-text\" class=\"tw-data-text tw-ta tw-text-small\" dir=\"ltr\" data-placeholder=\"Translation\"><span lang=\"es\">IMPAACT 2014 es un estudio farmacocin\u00e9tico (PK), no comparativo, multic\u00e9ntrico, abierto, de Fase I \/ II y multic\u00e9ntrico, de doravirina (DOR, MK-1439) y una combinaci\u00f3n de dosis fija de doravirina, lamivudina y tenofovir disoproxil fumarato ( DOR \/ 3TC \/ TDF, MK-1439a) en adolescentes infectados por el VIH (menores de 18 a\u00f1os y con un peso m\u00ednimo de 35 kg). Se inscribir\u00e1n dos cohortes de dosificaci\u00f3n secuencial: Hasta 20 adolescentes suprimidos virol\u00f3gicamente se inscribir\u00e1n en la cohorte 1. Los participantes que reciban un r\u00e9gimen ARV de dolutegravir (DTG) o raltegravir (RAL) m\u00e1s 2 NRTI recibir\u00e1n una dosis \u00fanica de DOR, se agregar\u00e1n al r\u00e9gimen ARV y se tomar\u00e1 una muestra intensiva de PK se llevar\u00e1 a cabo alrededor de DOR. Estos participantes ser\u00e1n seguidos durante dos semanas por seguridad. Se inscribir\u00e1n en la cohorte 2 adolescentes no tratados viralmente o suprimidos virol\u00f3gicamente con ARV. DOR \/ 3TC \/ TDF se iniciar\u00e1 en la entrada y estos participantes ser\u00e1n seguidos durante 96 semanas para obtener resultados de seguridad, virol\u00f3gicos e inmunol\u00f3gicos<\/span><\/p>\n<p>[\/vc_column_text][\/vc_column][\/vc_row][vc_row][vc_column][vc_column_text]<\/p>\n<p id=\"tw-target-text\" class=\"tw-data-text tw-ta tw-text-small\" data-placeholder=\"Translation\"><strong><span lang=\"es\">IMPAACT 2015: Evaluaci\u00f3n del reservorio de VIH en el sistema nervioso central de j\u00f3venes infectados perinatalmente y adultos j\u00f3venes con deterioro neurocognitivo<\/span><\/strong><\/p>\n<p>IMPAACT 2015 is a cross-sectional study that will investigate the central nervous system reservoir in perinatally HIV-infected adolescents and young adults on effective antiretroviral therapy with neurocognitive impairment. The study will assess the frequency with which HIV is detected in the cerebral spinal fluid (CSF) in this population and assess whether detectable HIV in the CSF correlates with markers of inflammation and neuronal injury.[\/vc_column_text][\/vc_column][\/vc_row][vc_row][vc_column][vc_column_text]<strong>IMPAACT 2017: Estudio de Fase I \/ II de Seguridad, Aceptabilidad, Tolerabilidad y Farmacocin\u00e9tica de Cabotegravir Inyectable Oral y de Acci\u00f3n Larga y Rilpivirina Inyectable de Acci\u00f3n Larga en Ni\u00f1os y Adolescentes Infectados con Virolog\u00eda Viralmente Suprimidos<\/strong><\/p>\n<p>IMPAACT 2017 es un estudio no comparativo Fase I \/ II, multic\u00e9ntrico, de etiqueta abierta, para confirmar la dosis y evaluar la seguridad, tolerabilidad, aceptabilidad y PK del CAB oral, CAB inyectable de acci\u00f3n prolongada (CAB LA), y RPV inyectable de acci\u00f3n prolongada (RPV LA) entre hasta 155 ni\u00f1os y adolescentes infectados con VIH-1 con virolog\u00eda suprimida de 12 a &lt;18 a\u00f1os. Hasta 60 padres \/ cuidadores de adolescentes participantes tambi\u00e9n se inscribir\u00e1n para participar en entrevistas cualitativas en profundidad. El estudio MOCHA (M\u00e1s opciones para ni\u00f1os y adolescentes) incluir\u00e1 dos cohortes secuenciales (cohorte 1 y cohorte 2), cada una con una fase de introducci\u00f3n oral seguida de una fase de inyecci\u00f3n. La cohorte 1 se seguir\u00e1 durante 16 semanas, mientras que la cohorte 2 se seguir\u00e1 durante 96 semanas. Los participantes que suspendan las inyecciones de productos del estudio ser\u00e1n seguidos durante 48 semanas adicionales para evaluar la tolerabilidad y la aceptabilidad, y caracterizar la seguridad a largo plazo y la eliminaci\u00f3n de PK.[\/vc_column_text][\/vc_column][\/vc_row]<\/p>\n<\/div>","protected":false},"excerpt":{"rendered":"<p>[vc_row][vc_column][vc_column_text]P1026s (10040): Propiedades farmacocin\u00e9ticas de la terapia antirretroviral durante el embarazo P1026s es un estudio prospectivo farmacocin\u00e9tico (PK) de Fase IV de medicamentos ARV seleccionados que se utilizan actualmente en la atenci\u00f3n cl\u00ednica de mujeres embarazadas infectadas con VIH durante el embarazo y el posparto. Este estudio est\u00e1 dise\u00f1ado para evaluar lo siguiente: la farmacocin\u00e9tica&hellip;<\/p>\n","protected":false},"author":67,"featured_media":0,"parent":0,"menu_order":0,"comment_status":"closed","ping_status":"closed","template":"","meta":{"footnotes":""},"class_list":["post-267","page","type-page","status-publish","hentry","description-off"],"aioseo_notices":[],"_links":{"self":[{"href":"https:\/\/md.rcm.upr.edu\/gamma\/wp-json\/wp\/v2\/pages\/267","targetHints":{"allow":["GET"]}}],"collection":[{"href":"https:\/\/md.rcm.upr.edu\/gamma\/wp-json\/wp\/v2\/pages"}],"about":[{"href":"https:\/\/md.rcm.upr.edu\/gamma\/wp-json\/wp\/v2\/types\/page"}],"author":[{"embeddable":true,"href":"https:\/\/md.rcm.upr.edu\/gamma\/wp-json\/wp\/v2\/users\/67"}],"replies":[{"embeddable":true,"href":"https:\/\/md.rcm.upr.edu\/gamma\/wp-json\/wp\/v2\/comments?post=267"}],"version-history":[{"count":0,"href":"https:\/\/md.rcm.upr.edu\/gamma\/wp-json\/wp\/v2\/pages\/267\/revisions"}],"wp:attachment":[{"href":"https:\/\/md.rcm.upr.edu\/gamma\/wp-json\/wp\/v2\/media?parent=267"}],"curies":[{"name":"wp","href":"https:\/\/api.w.org\/{rel}","templated":true}]}}