{"id":33,"date":"2019-02-20T15:56:36","date_gmt":"2019-02-20T15:56:36","guid":{"rendered":"https:\/\/md.rcm.upr.edu\/gamma\/?page_id=33"},"modified":"2021-02-11T14:52:25","modified_gmt":"2021-02-11T14:52:25","slug":"informacion-de-contacto","status":"publish","type":"page","link":"https:\/\/md.rcm.upr.edu\/gamma\/informacion-de-contacto\/","title":{"rendered":"Informaci\u00f3n de Contacto"},"content":{"rendered":"<div class=\"wpb-content-wrapper\"><p>[vc_row][vc_column]<style type=\"text\/css\" data-type=\"the7_shortcodes-inline-css\">.gallery-carousel-shortcode.gallery-carousel-shortcode-id-6a172ac0325ed8d0fa12cbc9c09ff804.owl-carousel .owl-nav div {\n  width: 36px;\n  height: 36px;\n  border-radius: 500px;\n}\n.dt-arrow-border-on.gallery-carousel-shortcode.gallery-carousel-shortcode-id-6a172ac0325ed8d0fa12cbc9c09ff804.owl-carousel .owl-nav div:not(:hover):before {\n  border-width: 0px;\n}\n.dt-arrow-hover-border-on.gallery-carousel-shortcode.gallery-carousel-shortcode-id-6a172ac0325ed8d0fa12cbc9c09ff804.owl-carousel .owl-nav div:hover:after {\n  border-width: 0px;\n}\n.gallery-carousel-shortcode.gallery-carousel-shortcode-id-6a172ac0325ed8d0fa12cbc9c09ff804.owl-carousel .owl-nav div.owl-prev {\n  top: 50%;\n  transform: translateY(calc(-50% + 0px));\n  left: -43px;\n}\n@media all and (-ms-high-contrast: none) {\n  .gallery-carousel-shortcode.gallery-carousel-shortcode-id-6a172ac0325ed8d0fa12cbc9c09ff804.owl-carousel .owl-nav div.owl-prev {\n    transform: translateY(-50%);\n    margin-top: 0px;\n  }\n}\n.gallery-carousel-shortcode.gallery-carousel-shortcode-id-6a172ac0325ed8d0fa12cbc9c09ff804.owl-carousel .owl-nav div.owl-prev i {\n  padding: 0px 0px 0px 0px;\n}\n.gallery-carousel-shortcode.gallery-carousel-shortcode-id-6a172ac0325ed8d0fa12cbc9c09ff804.owl-carousel .owl-nav div.owl-next {\n  top: 50%;\n  transform: translateY(calc(-50% + 0px));\n  right: -43px;\n}\n@media all and (-ms-high-contrast: none) {\n  .gallery-carousel-shortcode.gallery-carousel-shortcode-id-6a172ac0325ed8d0fa12cbc9c09ff804.owl-carousel .owl-nav div.owl-next {\n    transform: translateY(-50%);\n    margin-top: 0px;\n  }\n}\n.gallery-carousel-shortcode.gallery-carousel-shortcode-id-6a172ac0325ed8d0fa12cbc9c09ff804.owl-carousel .owl-nav div.owl-next i {\n  padding: 0px 0px 0px 0px;\n}\n.gallery-carousel-shortcode.gallery-carousel-shortcode-id-6a172ac0325ed8d0fa12cbc9c09ff804.owl-carousel .owl-nav i {\n  font-size: 18px;\n}\n.gallery-carousel-shortcode.gallery-carousel-shortcode-id-6a172ac0325ed8d0fa12cbc9c09ff804.owl-carousel .owl-nav div:not(:hover) i,\n.gallery-carousel-shortcode.gallery-carousel-shortcode-id-6a172ac0325ed8d0fa12cbc9c09ff804.owl-carousel .owl-nav div:not(:hover) i:before {\n  color: #ffffff;\n  background: none;\n}\n.gallery-carousel-shortcode.gallery-carousel-shortcode-id-6a172ac0325ed8d0fa12cbc9c09ff804.owl-carousel .owl-nav div:hover i,\n.gallery-carousel-shortcode.gallery-carousel-shortcode-id-6a172ac0325ed8d0fa12cbc9c09ff804.owl-carousel .owl-nav div:hover i:before {\n  color: rgba(255,255,255,0.75);\n  background: none;\n}\n.gallery-carousel-shortcode.gallery-carousel-shortcode-id-6a172ac0325ed8d0fa12cbc9c09ff804 .owl-dots {\n  top: calc(100% + 20px);\n  left: 50%;\n  transform: translateX(calc(-50% + 0px));\n}\n@media all and (-ms-high-contrast: none) {\n  .gallery-carousel-shortcode.gallery-carousel-shortcode-id-6a172ac0325ed8d0fa12cbc9c09ff804 .owl-dots {\n    transform: translateX(-50%);\n    margin-left: 0px;\n  }\n}\n.gallery-carousel-shortcode.gallery-carousel-shortcode-id-6a172ac0325ed8d0fa12cbc9c09ff804 .owl-dot {\n  width: 10px;\n  height: 10px;\n  margin: 0 8px;\n}\n@media screen and (max-width: 778px) {\n  .gallery-carousel-shortcode.gallery-carousel-shortcode-id-6a172ac0325ed8d0fa12cbc9c09ff804.hide-arrows .owl-nav a {\n    display: none;\n  }\n}\n@media screen and (max-width: 778px) {\n  .gallery-carousel-shortcode.gallery-carousel-shortcode-id-6a172ac0325ed8d0fa12cbc9c09ff804.reposition-arrows .owl-nav .owl-prev {\n    top: 50%;\n    transform: translateY(calc(-50% + 0px));\n    left: 10px;\n  }\n  .gallery-carousel-shortcode.gallery-carousel-shortcode-id-6a172ac0325ed8d0fa12cbc9c09ff804.reposition-arrows .owl-nav .owl-next {\n    top: 50%;\n    transform: translateY(calc(-50% + 0px));\n    right: 10px;\n  }\n}\n@media screen and (max-width: 778px) and all and (-ms-high-contrast: none) {\n  .gallery-carousel-shortcode.gallery-carousel-shortcode-id-6a172ac0325ed8d0fa12cbc9c09ff804.reposition-arrows .owl-nav .owl-prev {\n    transform: translateY(-50%);\n    margin-top: 0px;\n  }\n}\n@media screen and (max-width: 778px) and all and (-ms-high-contrast: none) {\n  .gallery-carousel-shortcode.gallery-carousel-shortcode-id-6a172ac0325ed8d0fa12cbc9c09ff804.reposition-arrows .owl-nav .owl-next {\n    transform: translateY(-50%);\n    margin-top: 0px;\n  }\n}\n.gallery-carousel-shortcode.gallery-carousel-shortcode-id-6a172ac0325ed8d0fa12cbc9c09ff804 figure,\n.gallery-carousel-shortcode.gallery-carousel-shortcode-id-6a172ac0325ed8d0fa12cbc9c09ff804 .rollover,\n.gallery-carousel-shortcode.gallery-carousel-shortcode-id-6a172ac0325ed8d0fa12cbc9c09ff804 img,\n.gallery-carousel-shortcode.gallery-carousel-shortcode-id-6a172ac0325ed8d0fa12cbc9c09ff804 .gallery-rollover {\n  border-radius: 0px;\n}\n.gallery-carousel-shortcode.gallery-carousel-shortcode-id-6a172ac0325ed8d0fa12cbc9c09ff804.enable-bg-rollover .gallery-rollover {\n  background: -webkit-linear-gradient();\n  background: linear-gradient();\n}\n.gallery-carousel-shortcode.gallery-carousel-shortcode-id-6a172ac0325ed8d0fa12cbc9c09ff804.enable-img-shadow .owl-stage-outer {\n  padding: 14px 0;\n}\n.gallery-carousel-shortcode.gallery-carousel-shortcode-id-6a172ac0325ed8d0fa12cbc9c09ff804.enable-bg-rollover.hover-scale figure .rollover:after {\n  background: -webkit-linear-gradient();\n  background: linear-gradient();\n}\n.gallery-carousel-shortcode.gallery-carousel-shortcode-id-6a172ac0325ed8d0fa12cbc9c09ff804.gallery-shortcode .gallery-zoom-ico {\n  width: 44px;\n  height: 44px;\n  line-height: 44px;\n  border-radius: 100px;\n  margin: -22px 0 0 -22px;\n  border-width: 0px;\n}\n.dt-icon-bg-on.gallery-carousel-shortcode.gallery-carousel-shortcode-id-6a172ac0325ed8d0fa12cbc9c09ff804.gallery-shortcode .gallery-zoom-ico {\n  background: rgba(255,255,255,0.3);\n  box-shadow: none;\n}\n.gallery-carousel-shortcode.gallery-carousel-shortcode-id-6a172ac0325ed8d0fa12cbc9c09ff804.gallery-shortcode .gallery-zoom-ico:before,\n.gallery-carousel-shortcode.gallery-carousel-shortcode-id-6a172ac0325ed8d0fa12cbc9c09ff804.gallery-shortcode .gallery-zoom-ico span {\n  font-size: 32px;\n  line-height: 44px;\n  color: #ffffff;\n  background: none;\n}<\/style><div class=\"owl-carousel gallery-carousel-shortcode gallery-shortcode  dt-gallery-container dt-owl-carousel-call gallery-carousel-shortcode-id-6a172ac0325ed8d0fa12cbc9c09ff804 quick-scale-img enable-bg-rollover meta-info-off dt-arrow-border-on dt-arrow-hover-border-on bullets-small-dot-stroke reposition-arrows dt-icon-bg-off arrows-bg-on disable-arrows-hover-bg arrows-hover-bg-on  hover-fade \" data-scroll-mode=\"1\" data-col-num=\"6\" data-wide-col-num=\"6\" data-laptop-col=\"5\" data-h-tablet-columns-num=\"4\" data-v-tablet-columns-num=\"3\" data-phone-columns-num=\"1\" data-col-gap=\"10\" data-stage-padding=\"0\" data-speed=\"600\" data-autoplay=\"false\" data-autoplay_speed=\"6000\" data-arrows=\"true\" data-bullet=\"false\" data-next-icon=\"icon-ar-017-r\" data-prev-icon=\"icon-ar-017-l\" data-img-shadow-size=\"12px\" data-img-shadow-spread=\"3px\"><div data-post-id=\"222\" data-date=\"2019-06-21T14:11:27+00:00\" data-name=\"Edificio\"><figure class=\"post\"><a href=\"https:\/\/md.rcm.upr.edu\/gamma\/wp-content\/uploads\/sites\/53\/2019\/06\/Edificio-.jpg\" class=\"rollover dt-pswp-item layzr-bg\" data-large_image_width=\"4032\" data-large_image_height=\"2203\" data-dt-img-description=\"\" title=\"Edificio\"><img fetchpriority=\"high\" decoding=\"async\" class=\"preload-me owl-lazy-load aspect\" src=\"data:image\/svg+xml,%3Csvg%20xmlns%3D&#39;http%3A%2F%2Fwww.w3.org%2F2000%2Fsvg&#39;%20viewBox%3D&#39;0%200%202203%202203&#39;%2F%3E\" data-src=\"https:\/\/md.rcm.upr.edu\/gamma\/wp-content\/uploads\/sites\/53\/2019\/06\/Edificio--2203x2203.jpg\" data-srcset=\"https:\/\/md.rcm.upr.edu\/gamma\/wp-content\/uploads\/sites\/53\/2019\/06\/Edificio--2203x2203.jpg 2203w\" loading=\"eager\" style=\"--ratio: 2203 \/ 2203\" sizes=\"(max-width: 2203px) 100vw, 2203px\" alt=\"Edificio\" width=\"2203\" height=\"2203\"  \/><span class=\"gallery-rollover\"><span class=\"gallery-zoom-ico icomoon-the7-font-the7-zoom-06\"><span><\/span><\/span><\/span><\/a><\/figure><\/div><div data-post-id=\"223\" data-date=\"2019-06-21T14:13:03+00:00\" data-name=\"Recepci\u00f3n\"><figure class=\"post\"><a href=\"https:\/\/md.rcm.upr.edu\/gamma\/wp-content\/uploads\/sites\/53\/2019\/06\/Recepci\u00f3n.jpg\" class=\"rollover dt-pswp-item layzr-bg\" data-large_image_width=\"3979\" data-large_image_height=\"2457\" data-dt-img-description=\"\" title=\"Recepci\u00f3n\"><img decoding=\"async\" class=\"preload-me owl-lazy-load aspect\" src=\"data:image\/svg+xml,%3Csvg%20xmlns%3D&#39;http%3A%2F%2Fwww.w3.org%2F2000%2Fsvg&#39;%20viewBox%3D&#39;0%200%202457%202457&#39;%2F%3E\" data-src=\"https:\/\/md.rcm.upr.edu\/gamma\/wp-content\/uploads\/sites\/53\/2019\/06\/Recepci\u00f3n-2457x2457.jpg\" data-srcset=\"https:\/\/md.rcm.upr.edu\/gamma\/wp-content\/uploads\/sites\/53\/2019\/06\/Recepci\u00f3n-2457x2457.jpg 2457w\" loading=\"eager\" style=\"--ratio: 2457 \/ 2457\" sizes=\"(max-width: 2457px) 100vw, 2457px\" alt=\"Recepci\u00f3n\" width=\"2457\" height=\"2457\"  \/><span class=\"gallery-rollover\"><span class=\"gallery-zoom-ico icomoon-the7-font-the7-zoom-06\"><span><\/span><\/span><\/span><\/a><\/figure><\/div><div data-post-id=\"224\" data-date=\"2019-06-21T14:20:02+00:00\" data-name=\"Estacionamiento\"><figure class=\"post\"><a href=\"https:\/\/md.rcm.upr.edu\/gamma\/wp-content\/uploads\/sites\/53\/2019\/06\/Estacionamiento.png\" class=\"rollover dt-pswp-item layzr-bg\" data-large_image_width=\"720\" data-large_image_height=\"350\" data-dt-img-description=\"\" title=\"Estacionamiento\"><img decoding=\"async\" class=\"preload-me owl-lazy-load aspect\" src=\"data:image\/svg+xml,%3Csvg%20xmlns%3D&#39;http%3A%2F%2Fwww.w3.org%2F2000%2Fsvg&#39;%20viewBox%3D&#39;0%200%20350%20350&#39;%2F%3E\" data-src=\"https:\/\/md.rcm.upr.edu\/gamma\/wp-content\/uploads\/sites\/53\/2019\/06\/Estacionamiento-350x350.png\" data-srcset=\"https:\/\/md.rcm.upr.edu\/gamma\/wp-content\/uploads\/sites\/53\/2019\/06\/Estacionamiento-350x350.png 350w\" loading=\"eager\" style=\"--ratio: 350 \/ 350\" sizes=\"(max-width: 350px) 100vw, 350px\" alt=\"Estacionamiento\" width=\"350\" height=\"350\"  \/><span class=\"gallery-rollover\"><span class=\"gallery-zoom-ico icomoon-the7-font-the7-zoom-06\"><span><\/span><\/span><\/span><\/a><\/figure><\/div><div data-post-id=\"225\" data-date=\"2019-06-21T14:20:30+00:00\" data-name=\"CEMI\"><figure class=\"post\"><a href=\"https:\/\/md.rcm.upr.edu\/gamma\/wp-content\/uploads\/sites\/53\/2019\/06\/CEMI.png\" class=\"rollover dt-pswp-item layzr-bg\" data-large_image_width=\"874\" data-large_image_height=\"462\" data-dt-img-description=\"\" title=\"CEMI\"><img decoding=\"async\" class=\"preload-me owl-lazy-load aspect\" src=\"data:image\/svg+xml,%3Csvg%20xmlns%3D&#39;http%3A%2F%2Fwww.w3.org%2F2000%2Fsvg&#39;%20viewBox%3D&#39;0%200%20462%20462&#39;%2F%3E\" data-src=\"https:\/\/md.rcm.upr.edu\/gamma\/wp-content\/uploads\/sites\/53\/2019\/06\/CEMI-462x462.png\" data-srcset=\"https:\/\/md.rcm.upr.edu\/gamma\/wp-content\/uploads\/sites\/53\/2019\/06\/CEMI-462x462.png 462w\" loading=\"eager\" style=\"--ratio: 462 \/ 462\" sizes=\"(max-width: 462px) 100vw, 462px\" alt=\"CEMI\" width=\"462\" height=\"462\"  \/><span class=\"gallery-rollover\"><span class=\"gallery-zoom-ico icomoon-the7-font-the7-zoom-06\"><span><\/span><\/span><\/span><\/a><\/figure><\/div><\/div>[\/vc_column][\/vc_row][vc_row][vc_column width=&#8221;1\/2&#8243;][vc_gmaps link=&#8221;#E-8_JTNDaWZyYW1lJTIwc3JjJTNEJTIyaHR0cHMlM0ElMkYlMkZ3d3cuZ29vZ2xlLmNvbSUyRm1hcHMlMkZlbWJlZCUzRnBiJTNEJTIxMW0xOSUyMTFtOCUyMTFtMyUyMTFkMTg5Mi45NTQ0MDQ0NjUyMTc3JTIxMmQtNjYuMDcyMzU2JTIxM2QxOC4zOTcwMDElMjEzbTIlMjExaTEwMjQlMjEyaTc2OCUyMTRmMTMuMSUyMTRtOCUyMTNlMCUyMTRtMCUyMTRtNSUyMTFzMHg4YzAzNjg1ZmIzZmNlNWE5JTI1M0EweGNmOThkMjgzZjYwM2Y2MzQlMjEyczEwNDMlMkJDYWxsZSUyQlRlbmllbnRlJTJCQyUyNUMzJTI1QTlzYXIlMkJMdWlzJTJCR29ueiUyNUMzJTI1QTFsZXolMjUyQyUyQlNhbiUyQkp1YW4lMjUyQyUyQjAwOTI3JTIxM20yJTIxMWQxOC4zOTY3OTM5JTIxMmQtNjYuMDcyMDQyMiUyMTVlMCUyMTNtMiUyMTFzZW4lMjEyc3ByJTIxNHYxNTUwNjc3OTY2NjUzJTIyJTIwd2lkdGglM0QlMjI2MDAlMjIlMjBoZWlnaHQlM0QlMjI0NTAlMjIlMjBmcmFtZWJvcmRlciUzRCUyMjAlMjIlMjBzdHlsZSUzRCUyMmJvcmRlciUzQTAlMjIlMjBhbGxvd2Z1bGxzY3JlZW4lM0UlM0MlMkZpZnJhbWUlM0U=&#8221; title=&#8221;Localizaci\u00f3n&#8221; el_id=&#8221;Localizaci\u00f3n&#8221; el_class=&#8221;Localizaci\u00f3n&#8221;][\/vc_column][vc_column width=&#8221;1\/2&#8243;][vc_separator][vc_column_text]<\/p>\n<h5><span style=\"color: #000000\"><strong>Tel. 787-759-9595, (787) 767-9193 \/-9192<\/strong><\/span><\/h5>\n<h5><span style=\"color: #000000\"><strong>Fax\u00a0 (787) 754-8002<\/strong><\/span><\/h5>\n<p><span style=\"color: #008000\"><strong>Direcci\u00f3n F\u00edsica:<\/strong><\/span><\/p>\n<p>Edifico Biom\u00e9dico II, Suite 100, Contiguo al Centro Comprensivo de C\u00e1ncer en Centro M\u00e9dico,\u00a0 San Juan, PR 00935<\/p>\n<p><span style=\"color: #008000\"><strong>Direcci\u00f3n Postal:<\/strong><\/span><\/p>\n<p>P.O.Box 365067, Recinto de Ciencia Medicas-UPR, San Juan, PR 00936-5067[\/vc_column_text][\/vc_column][\/vc_row]<\/p>\n<\/div>","protected":false},"excerpt":{"rendered":"<p>[vc_row][vc_column][\/vc_column][\/vc_row][vc_row][vc_column width=&#8221;1\/2&#8243;][vc_gmaps link=&#8221;#E-8_JTNDaWZyYW1lJTIwc3JjJTNEJTIyaHR0cHMlM0ElMkYlMkZ3d3cuZ29vZ2xlLmNvbSUyRm1hcHMlMkZlbWJlZCUzRnBiJTNEJTIxMW0xOSUyMTFtOCUyMTFtMyUyMTFkMTg5Mi45NTQ0MDQ0NjUyMTc3JTIxMmQtNjYuMDcyMzU2JTIxM2QxOC4zOTcwMDElMjEzbTIlMjExaTEwMjQlMjEyaTc2OCUyMTRmMTMuMSUyMTRtOCUyMTNlMCUyMTRtMCUyMTRtNSUyMTFzMHg4YzAzNjg1ZmIzZmNlNWE5JTI1M0EweGNmOThkMjgzZjYwM2Y2MzQlMjEyczEwNDMlMkJDYWxsZSUyQlRlbmllbnRlJTJCQyUyNUMzJTI1QTlzYXIlMkJMdWlzJTJCR29ueiUyNUMzJTI1QTFsZXolMjUyQyUyQlNhbiUyQkp1YW4lMjUyQyUyQjAwOTI3JTIxM20yJTIxMWQxOC4zOTY3OTM5JTIxMmQtNjYuMDcyMDQyMiUyMTVlMCUyMTNtMiUyMTFzZW4lMjEyc3ByJTIxNHYxNTUwNjc3OTY2NjUzJTIyJTIwd2lkdGglM0QlMjI2MDAlMjIlMjBoZWlnaHQlM0QlMjI0NTAlMjIlMjBmcmFtZWJvcmRlciUzRCUyMjAlMjIlMjBzdHlsZSUzRCUyMmJvcmRlciUzQTAlMjIlMjBhbGxvd2Z1bGxzY3JlZW4lM0UlM0MlMkZpZnJhbWUlM0U=&#8221; title=&#8221;Localizaci\u00f3n&#8221; el_id=&#8221;Localizaci\u00f3n&#8221; el_class=&#8221;Localizaci\u00f3n&#8221;][\/vc_column][vc_column width=&#8221;1\/2&#8243;][vc_separator][vc_column_text] Tel. 787-759-9595, (787) 767-9193 \/-9192 Fax\u00a0 (787) 754-8002 Direcci\u00f3n F\u00edsica: Edifico Biom\u00e9dico II, Suite 100, Contiguo al Centro Comprensivo de C\u00e1ncer en Centro M\u00e9dico,\u00a0 San Juan, PR 00935 Direcci\u00f3n Postal: P.O.Box 365067, Recinto de Ciencia Medicas-UPR, San Juan, PR 00936-5067[\/vc_column_text][\/vc_column][\/vc_row]<\/p>\n","protected":false},"author":67,"featured_media":0,"parent":0,"menu_order":0,"comment_status":"closed","ping_status":"closed","template":"","meta":{"footnotes":""},"class_list":["post-33","page","type-page","status-publish","hentry","description-off"],"_links":{"self":[{"href":"https:\/\/md.rcm.upr.edu\/gamma\/wp-json\/wp\/v2\/pages\/33","targetHints":{"allow":["GET"]}}],"collection":[{"href":"https:\/\/md.rcm.upr.edu\/gamma\/wp-json\/wp\/v2\/pages"}],"about":[{"href":"https:\/\/md.rcm.upr.edu\/gamma\/wp-json\/wp\/v2\/types\/page"}],"author":[{"embeddable":true,"href":"https:\/\/md.rcm.upr.edu\/gamma\/wp-json\/wp\/v2\/users\/67"}],"replies":[{"embeddable":true,"href":"https:\/\/md.rcm.upr.edu\/gamma\/wp-json\/wp\/v2\/comments?post=33"}],"version-history":[{"count":0,"href":"https:\/\/md.rcm.upr.edu\/gamma\/wp-json\/wp\/v2\/pages\/33\/revisions"}],"wp:attachment":[{"href":"https:\/\/md.rcm.upr.edu\/gamma\/wp-json\/wp\/v2\/media?parent=33"}],"curies":[{"name":"wp","href":"https:\/\/api.w.org\/{rel}","templated":true}]}}