{"id":451,"date":"2021-06-11T15:19:18","date_gmt":"2021-06-11T15:19:18","guid":{"rendered":"https:\/\/md.rcm.upr.edu\/gamma\/?page_id=451"},"modified":"2023-11-07T15:59:56","modified_gmt":"2023-11-07T15:59:56","slug":"mosaico","status":"publish","type":"page","link":"https:\/\/md.rcm.upr.edu\/gamma\/mosaico\/","title":{"rendered":"MOSAICO"},"content":{"rendered":"<p><img loading=\"lazy\" decoding=\"async\" class=\" wp-image-452 aligncenter\" src=\"https:\/\/md.rcm.upr.edu\/gamma\/wp-content\/uploads\/sites\/53\/2021\/06\/Mosaico-300x59.png\" alt=\"\" width=\"569\" height=\"112\" srcset=\"https:\/\/md.rcm.upr.edu\/gamma\/wp-content\/uploads\/sites\/53\/2021\/06\/Mosaico-300x59.png 300w, https:\/\/md.rcm.upr.edu\/gamma\/wp-content\/uploads\/sites\/53\/2021\/06\/Mosaico.png 569w\" sizes=\"auto, (max-width: 569px) 100vw, 569px\" \/><\/p>\n<p>&nbsp;<\/p>\n<p><img loading=\"lazy\" decoding=\"async\" class=\"size-full wp-image-455 alignright\" src=\"https:\/\/md.rcm.upr.edu\/gamma\/wp-content\/uploads\/sites\/53\/2021\/06\/HVTN-logo.png\" alt=\"\" width=\"297\" height=\"107\" \/><\/p>\n<p><strong>Objetivos<\/strong><\/p>\n<div class=\"answer\">\n<ul>\n<li>Evaluar si las vacunas del estudio pueden prevenir la infecci\u00f3n por VIH.<\/li>\n<li>Proporcionar m\u00e1s informaci\u00f3n sobre la seguridad de las vacunas del estudio.<\/li>\n<li>Averiguar c\u00f3mo responde el sistema inmunol\u00f3gico de las personas a las vacunas del estudio.<\/li>\n<li>Recolectar datos que nos ayuden a predecir si una vacuna puede prevenir la infecci\u00f3n por VIH.<\/li>\n<\/ul>\n<\/div>\n<p><strong>\u00bfQui\u00e9n puede participar de este estudio?\u00a0<\/strong><\/p>\n<p><img loading=\"lazy\" decoding=\"async\" class=\"wp-image-456 alignright\" src=\"https:\/\/md.rcm.upr.edu\/gamma\/wp-content\/uploads\/sites\/53\/2021\/06\/ACTU-logo-300x137.png\" alt=\"\" width=\"291\" height=\"133\" srcset=\"https:\/\/md.rcm.upr.edu\/gamma\/wp-content\/uploads\/sites\/53\/2021\/06\/ACTU-logo-300x137.png 300w, https:\/\/md.rcm.upr.edu\/gamma\/wp-content\/uploads\/sites\/53\/2021\/06\/ACTU-logo.png 703w\" sizes=\"auto, (max-width: 291px) 100vw, 291px\" \/><\/p>\n<ul>\n<li>Hombres cisg\u00e9nero que tienen relaciones sexuales con hombres cisg\u00e9nero<\/li>\n<li>Hombres o mujeres transg\u00e9nero que tienen relaciones sexuales con hombres cisg\u00e9nero y\/o personas transg\u00e9nero.<\/li>\n<li>Personas de 18 a 60 a\u00f1os de edad.<\/li>\n<li>Personas VIH negativo.<\/li>\n<\/ul>\n<p>&nbsp;<\/p>\n<p>&nbsp;<\/p>\n<p>&nbsp;<\/p>\n<p><img loading=\"lazy\" decoding=\"async\" class=\"wp-image-461 aligncenter\" src=\"https:\/\/md.rcm.upr.edu\/gamma\/wp-content\/uploads\/sites\/53\/2021\/06\/MOSAICO-Brochure-1-300x232.jpg\" alt=\"\" width=\"877\" height=\"678\" srcset=\"https:\/\/md.rcm.upr.edu\/gamma\/wp-content\/uploads\/sites\/53\/2021\/06\/MOSAICO-Brochure-1-300x232.jpg 300w, https:\/\/md.rcm.upr.edu\/gamma\/wp-content\/uploads\/sites\/53\/2021\/06\/MOSAICO-Brochure-1-1024x790.jpg 1024w, https:\/\/md.rcm.upr.edu\/gamma\/wp-content\/uploads\/sites\/53\/2021\/06\/MOSAICO-Brochure-1-768x593.jpg 768w, https:\/\/md.rcm.upr.edu\/gamma\/wp-content\/uploads\/sites\/53\/2021\/06\/MOSAICO-Brochure-1.jpg 1052w\" sizes=\"auto, (max-width: 877px) 100vw, 877px\" \/><\/p>\n<p><img loading=\"lazy\" decoding=\"async\" class=\"wp-image-462 aligncenter\" src=\"https:\/\/md.rcm.upr.edu\/gamma\/wp-content\/uploads\/sites\/53\/2021\/06\/MOSAICO-Brochure-2-300x232.jpg\" alt=\"\" width=\"875\" height=\"676\" srcset=\"https:\/\/md.rcm.upr.edu\/gamma\/wp-content\/uploads\/sites\/53\/2021\/06\/MOSAICO-Brochure-2-300x232.jpg 300w, https:\/\/md.rcm.upr.edu\/gamma\/wp-content\/uploads\/sites\/53\/2021\/06\/MOSAICO-Brochure-2-1024x792.jpg 1024w, https:\/\/md.rcm.upr.edu\/gamma\/wp-content\/uploads\/sites\/53\/2021\/06\/MOSAICO-Brochure-2-768x594.jpg 768w, https:\/\/md.rcm.upr.edu\/gamma\/wp-content\/uploads\/sites\/53\/2021\/06\/MOSAICO-Brochure-2.jpg 1051w\" sizes=\"auto, (max-width: 875px) 100vw, 875px\" \/><\/p>\n<p>&nbsp;<\/p>\n<p><strong>Presentaci\u00f3n del estudio MOSAICO\u00a0<\/strong><\/p>\n<p><img loading=\"lazy\" decoding=\"async\" class=\"alignnone wp-image-463\" src=\"https:\/\/md.rcm.upr.edu\/gamma\/wp-content\/uploads\/sites\/53\/2021\/06\/PHOTO-2021-06-08-17-18-00-300x169.jpg\" alt=\"\" width=\"438\" height=\"247\" srcset=\"https:\/\/md.rcm.upr.edu\/gamma\/wp-content\/uploads\/sites\/53\/2021\/06\/PHOTO-2021-06-08-17-18-00-300x169.jpg 300w, https:\/\/md.rcm.upr.edu\/gamma\/wp-content\/uploads\/sites\/53\/2021\/06\/PHOTO-2021-06-08-17-18-00-1024x576.jpg 1024w, https:\/\/md.rcm.upr.edu\/gamma\/wp-content\/uploads\/sites\/53\/2021\/06\/PHOTO-2021-06-08-17-18-00-768x432.jpg 768w, https:\/\/md.rcm.upr.edu\/gamma\/wp-content\/uploads\/sites\/53\/2021\/06\/PHOTO-2021-06-08-17-18-00-1536x864.jpg 1536w, https:\/\/md.rcm.upr.edu\/gamma\/wp-content\/uploads\/sites\/53\/2021\/06\/PHOTO-2021-06-08-17-18-00.jpg 2048w\" sizes=\"auto, (max-width: 438px) 100vw, 438px\" \/><img loading=\"lazy\" decoding=\"async\" class=\"alignnone wp-image-464\" src=\"https:\/\/md.rcm.upr.edu\/gamma\/wp-content\/uploads\/sites\/53\/2021\/06\/PHOTO-2021-06-08-17-17-59-1-300x225.jpg\" alt=\"\" width=\"330\" height=\"247\" srcset=\"https:\/\/md.rcm.upr.edu\/gamma\/wp-content\/uploads\/sites\/53\/2021\/06\/PHOTO-2021-06-08-17-17-59-1-300x225.jpg 300w, https:\/\/md.rcm.upr.edu\/gamma\/wp-content\/uploads\/sites\/53\/2021\/06\/PHOTO-2021-06-08-17-17-59-1.jpg 640w\" sizes=\"auto, (max-width: 330px) 100vw, 330px\" \/><img loading=\"lazy\" decoding=\"async\" class=\"alignnone wp-image-465\" src=\"https:\/\/md.rcm.upr.edu\/gamma\/wp-content\/uploads\/sites\/53\/2021\/06\/PHOTO-2021-06-08-17-17-59-300x225.jpg\" alt=\"\" width=\"331\" height=\"248\" srcset=\"https:\/\/md.rcm.upr.edu\/gamma\/wp-content\/uploads\/sites\/53\/2021\/06\/PHOTO-2021-06-08-17-17-59-300x225.jpg 300w, https:\/\/md.rcm.upr.edu\/gamma\/wp-content\/uploads\/sites\/53\/2021\/06\/PHOTO-2021-06-08-17-17-59.jpg 640w\" sizes=\"auto, (max-width: 331px) 100vw, 331px\" \/><\/p>\n<p><strong>Publicaciones\u00a0<\/strong><\/p>\n<p class=\"article-title selectionShareable\"><strong>Puerto Rico participar\u00e1 de estudio de vacunas experimentales para prevenci\u00f3n del VIH<\/strong><\/p>\n<p><a href=\"https:\/\/www.metro.pr\/pr\/noticias\/2021\/06\/04\/puerto-rico-participara-de-estudio-de-vacunas-experimentales-para-prevencion-del-vih.html\">Puerto Rico participar\u00e1 de estudio de vacunas experimentales para prevenci\u00f3n del VIH | Metro<\/a><\/p>\n<p class=\"entry-title\"><strong>Puerto Rico se une a pa\u00edses que realizan estudio de vacunas experimentales para la prevenci\u00f3n del VIH<\/strong><\/p>\n<p><a href=\"http:\/\/www.laesquina.com\/web\/salud\/puerto-rico-se-une-a-paises-que-realizan-estudio-de-vacunas-experimentales-para-la-prevencion-del-vih\/\">Puerto Rico se une a pa\u00edses que realizan estudio de vacunas experimentales para la prevenci\u00f3n del VIH \u2013 Peri\u00f3dico La Esquina<\/a><\/p>\n<p><strong>Para informaci\u00f3n adicional puede acceder a:\u00a0<\/strong><\/p>\n<p><a href=\"https:\/\/www.mosaicostudy.com\/es\/\">Inicio (mosaicostudy.com)<\/a><\/p>\n<p>&nbsp;<\/p>\n<p>&nbsp;<\/p>\n<p>&nbsp;<\/p>\n<p>&nbsp;<\/p>\n","protected":false},"excerpt":{"rendered":"<p>&nbsp; Objetivos Evaluar si las vacunas del estudio pueden prevenir la infecci\u00f3n por VIH. Proporcionar m\u00e1s informaci\u00f3n sobre la seguridad de las vacunas del estudio. Averiguar c\u00f3mo responde el sistema inmunol\u00f3gico de las personas a las vacunas del estudio. Recolectar datos que nos ayuden a predecir si una vacuna puede prevenir la infecci\u00f3n por VIH.&hellip;<\/p>\n","protected":false},"author":1,"featured_media":0,"parent":0,"menu_order":0,"comment_status":"closed","ping_status":"closed","template":"","meta":{"footnotes":""},"class_list":["post-451","page","type-page","status-publish","hentry","description-off"],"_links":{"self":[{"href":"https:\/\/md.rcm.upr.edu\/gamma\/wp-json\/wp\/v2\/pages\/451","targetHints":{"allow":["GET"]}}],"collection":[{"href":"https:\/\/md.rcm.upr.edu\/gamma\/wp-json\/wp\/v2\/pages"}],"about":[{"href":"https:\/\/md.rcm.upr.edu\/gamma\/wp-json\/wp\/v2\/types\/page"}],"author":[{"embeddable":true,"href":"https:\/\/md.rcm.upr.edu\/gamma\/wp-json\/wp\/v2\/users\/1"}],"replies":[{"embeddable":true,"href":"https:\/\/md.rcm.upr.edu\/gamma\/wp-json\/wp\/v2\/comments?post=451"}],"version-history":[{"count":0,"href":"https:\/\/md.rcm.upr.edu\/gamma\/wp-json\/wp\/v2\/pages\/451\/revisions"}],"wp:attachment":[{"href":"https:\/\/md.rcm.upr.edu\/gamma\/wp-json\/wp\/v2\/media?parent=451"}],"curies":[{"name":"wp","href":"https:\/\/api.w.org\/{rel}","templated":true}]}}