{"id":7,"date":"2018-12-04T19:41:14","date_gmt":"2018-12-04T19:41:14","guid":{"rendered":"https:\/\/md.rcm.upr.edu\/gamma\/?page_id=7"},"modified":"2023-11-07T15:53:16","modified_gmt":"2023-11-07T15:53:16","slug":"home","status":"publish","type":"page","link":"https:\/\/md.rcm.upr.edu\/gamma\/","title":{"rendered":"Home"},"content":{"rendered":"<div class=\"wpb-content-wrapper\"><p>[vc_row][vc_column][vc_single_image image=&#8221;89&#8243; img_size=&#8221;full&#8221; alignment=&#8221;center&#8221;][vc_column_text]<strong>Prop\u00f3sito y Servicios<\/strong><\/p>\n<p>Proyecto Gamma-IMPAACT tiene como meta proveer investigaci\u00f3n, educaci\u00f3n, tratamiento y servicios comprensivos a ni\u00f1os, ni\u00f1as y adolescentes con VIH\/SIDA, o expuestos al VIH, \u00a0de tal manera que se pueda maximizar el disfrute de una mejor calidad de vida.[\/vc_column_text][vc_column_text]<strong>Prop\u00f3sito y Servicios<\/strong><\/p>\n<p>Proyecto Gamma-IMPAACT tiene como meta proveer investigaci\u00f3n, educaci\u00f3n, tratamiento y servicios comprensivos a ni\u00f1os, ni\u00f1as y adolescentes con VIH\/SIDA, o expuestos al VIH, \u00a0de tal manera que se pueda maximizar el disfrute de una mejor calidad de vida.[\/vc_column_text][vc_column_text]<strong>Con tal prop\u00f3sito, ofrecemos los siguientes servicios a la comunidad:<\/strong><\/p>\n<ul>\n<li>Evaluaci\u00f3n M\u00e9dica<\/li>\n<li>Investigaci\u00f3n<\/li>\n<li>Tratamiento<\/li>\n<li>Referidos a Vacunaci\u00f3n<\/li>\n<li>Laboratorios<\/li>\n<li>Orientaci\u00f3n y Educaci\u00f3n<\/li>\n<li>Farmacia de investigacion<\/li>\n<li>Evaluaci\u00f3n y Seguimiento Social<\/li>\n<\/ul>\n<p>[\/vc_column_text][\/vc_column][\/vc_row][vc_row][vc_column width=&#8221;1\/3&#8243;][vc_column_text]<\/p>\n<p style=\"text-align: center;\"><a href=\"https:\/\/impaactnetwork.org\/index.htm\"><img loading=\"lazy\" decoding=\"async\" class=\"alignnone wp-image-49\" src=\"https:\/\/md.rcm.upr.edu\/gamma\/wp-content\/uploads\/sites\/53\/2019\/02\/impaact-network-logo.png\" alt=\"Logo IMPAACT\" width=\"310\" height=\"100\" \/><\/a><\/p>\n<p>[\/vc_column_text][\/vc_column][vc_column width=&#8221;1\/3&#8243;][vc_column_text]<a href=\"https:\/\/www.hrsa.gov\/\"><img loading=\"lazy\" decoding=\"async\" class=\"aligncenter wp-image-329\" src=\"https:\/\/md.rcm.upr.edu\/gamma\/wp-content\/uploads\/sites\/53\/2019\/06\/HRSA-Logo.png\" alt=\"Logo HRSA\" width=\"307\" height=\"100\" \/><\/a>[\/vc_column_text][\/vc_column][vc_column width=&#8221;1\/3&#8243;][vc_column_text]<\/p>\n<p style=\"text-align: center;\"><a href=\"https:\/\/www.nih.gov\/\"><img loading=\"lazy\" decoding=\"async\" class=\"alignnone wp-image-341\" src=\"https:\/\/md.rcm.upr.edu\/gamma\/wp-content\/uploads\/sites\/53\/2019\/06\/nih-logo-color-300x46.png\" alt=\"Logo NIH\" width=\"652\" height=\"100\" srcset=\"https:\/\/md.rcm.upr.edu\/gamma\/wp-content\/uploads\/sites\/53\/2019\/06\/nih-logo-color-300x46.png 300w, https:\/\/md.rcm.upr.edu\/gamma\/wp-content\/uploads\/sites\/53\/2019\/06\/nih-logo-color-768x118.png 768w, https:\/\/md.rcm.upr.edu\/gamma\/wp-content\/uploads\/sites\/53\/2019\/06\/nih-logo-color.png 780w\" sizes=\"auto, (max-width: 652px) 100vw, 652px\" \/><\/a><\/p>\n<p>[\/vc_column_text][\/vc_column][\/vc_row][vc_row][vc_column][vc_column_text]<\/p>\n<p style=\"text-align: center;\"><a href=\"https:\/\/md.rcm.upr.edu\/gamma\/cab\/\"><img loading=\"lazy\" decoding=\"async\" class=\"aligncenter wp-image-61\" src=\"https:\/\/md.rcm.upr.edu\/gamma\/wp-content\/uploads\/sites\/53\/2019\/02\/CAB-Logo.png\" alt=\"Logo\" width=\"132\" height=\"150\" \/><\/a>.<\/p>\n<p>[\/vc_column_text][\/vc_column][\/vc_row]<\/p>\n<\/div>","protected":false},"excerpt":{"rendered":"<p>[vc_row][vc_column][vc_single_image image=&#8221;89&#8243; img_size=&#8221;full&#8221; alignment=&#8221;center&#8221;][vc_column_text]Prop\u00f3sito y Servicios Proyecto Gamma-IMPAACT tiene como meta proveer investigaci\u00f3n, educaci\u00f3n, tratamiento y servicios comprensivos a ni\u00f1os, ni\u00f1as y adolescentes con VIH\/SIDA, o expuestos al VIH, \u00a0de tal manera que se pueda maximizar el disfrute de una mejor calidad de vida.[\/vc_column_text][vc_column_text]Prop\u00f3sito y Servicios Proyecto Gamma-IMPAACT tiene como meta proveer investigaci\u00f3n, educaci\u00f3n, tratamiento&hellip;<\/p>\n","protected":false},"author":1,"featured_media":0,"parent":0,"menu_order":0,"comment_status":"closed","ping_status":"closed","template":"","meta":{"footnotes":""},"class_list":["post-7","page","type-page","status-publish","hentry","description-off"],"aioseo_notices":[],"_links":{"self":[{"href":"https:\/\/md.rcm.upr.edu\/gamma\/wp-json\/wp\/v2\/pages\/7","targetHints":{"allow":["GET"]}}],"collection":[{"href":"https:\/\/md.rcm.upr.edu\/gamma\/wp-json\/wp\/v2\/pages"}],"about":[{"href":"https:\/\/md.rcm.upr.edu\/gamma\/wp-json\/wp\/v2\/types\/page"}],"author":[{"embeddable":true,"href":"https:\/\/md.rcm.upr.edu\/gamma\/wp-json\/wp\/v2\/users\/1"}],"replies":[{"embeddable":true,"href":"https:\/\/md.rcm.upr.edu\/gamma\/wp-json\/wp\/v2\/comments?post=7"}],"version-history":[{"count":0,"href":"https:\/\/md.rcm.upr.edu\/gamma\/wp-json\/wp\/v2\/pages\/7\/revisions"}],"wp:attachment":[{"href":"https:\/\/md.rcm.upr.edu\/gamma\/wp-json\/wp\/v2\/media?parent=7"}],"curies":[{"name":"wp","href":"https:\/\/api.w.org\/{rel}","templated":true}]}}