{"id":634,"date":"2015-09-08T10:44:22","date_gmt":"2015-09-08T14:44:22","guid":{"rendered":"http:\/\/md.rcm.upr.edu\/head-neck\/?page_id=634"},"modified":"2025-05-19T11:11:05","modified_gmt":"2025-05-19T15:11:05","slug":"contact","status":"publish","type":"page","link":"https:\/\/md.rcm.upr.edu\/head-neck\/contact\/","title":{"rendered":"Contact"},"content":{"rendered":"<div class=\"wpb-content-wrapper\"><p>[vc_row][vc_column][vc_column_text css=&#8221;&#8221;]Dr. Carlos Gonz\u00e1lez Aquino, MD, FACS<br \/>\nProfessor &amp; Chairman<br \/>\n<a href=\"mailto:carlos.gonzalez47@upr.edu\">carlos.gonzalez47@upr.edu<\/a><\/p>\n<p>Dr. Jos\u00e9 Busquets Ferriol, MD<br \/>\nAssociate Professor &amp; Residency Program Director<br \/>\n<a href=\"mailto:jose.busquets@upr.edu\">jose.busquets@upr.edu<\/a><\/p>\n<p>Mrs. Mar\u00eda Hern\u00e1ndez Gonz\u00e1lez<br \/>\nSecretary &amp; Residency Program Coordinator<br \/>\n<a href=\"mailto:maria.hernandez16@upr.edu\">maria.hernandez16@upr.edu<\/a><\/p>\n<p>Phone: (787) 758-2525 ext. 1910, (787) 765-0240<br \/>\nFax: (787) 296-1641<\/p>\n<p>Otolaryngology\u2013Head &amp; Neck Surgery Section, Surgery Department<br \/>\nUniversity of Puerto Rico, Medical Sciences Campus<br \/>\nA-972 Main Building<br \/>\nPO Box 365067<br \/>\nSan Juan, PR 00936-5067[\/vc_column_text][\/vc_column][\/vc_row]<\/p>\n<\/div>","protected":false},"excerpt":{"rendered":"<p>[vc_row][vc_column][vc_column_text css=&#8221;&#8221;]Dr. Carlos Gonz\u00e1lez Aquino, MD, FACS Professor &amp; Chairman carlos.gonzalez47@upr.edu Dr. Jos\u00e9 Busquets Ferriol, MD Associate Professor &amp; Residency Program Director jose.busquets@upr.edu Mrs. Mar\u00eda Hern\u00e1ndez Gonz\u00e1lez Secretary &amp; Residency Program Coordinator maria.hernandez16@upr.edu Phone: (787) 758-2525 ext. 1910, (787) 765-0240 Fax: (787) 296-1641 Otolaryngology\u2013Head &amp; Neck Surgery Section, Surgery Department University of Puerto Rico, Medical&hellip;<\/p>\n","protected":false},"author":1,"featured_media":0,"parent":0,"menu_order":0,"comment_status":"closed","ping_status":"closed","template":"","meta":{"footnotes":""},"class_list":["post-634","page","type-page","status-publish","hentry","description-off"],"aioseo_notices":[],"_links":{"self":[{"href":"https:\/\/md.rcm.upr.edu\/head-neck\/wp-json\/wp\/v2\/pages\/634","targetHints":{"allow":["GET"]}}],"collection":[{"href":"https:\/\/md.rcm.upr.edu\/head-neck\/wp-json\/wp\/v2\/pages"}],"about":[{"href":"https:\/\/md.rcm.upr.edu\/head-neck\/wp-json\/wp\/v2\/types\/page"}],"author":[{"embeddable":true,"href":"https:\/\/md.rcm.upr.edu\/head-neck\/wp-json\/wp\/v2\/users\/1"}],"replies":[{"embeddable":true,"href":"https:\/\/md.rcm.upr.edu\/head-neck\/wp-json\/wp\/v2\/comments?post=634"}],"version-history":[{"count":1,"href":"https:\/\/md.rcm.upr.edu\/head-neck\/wp-json\/wp\/v2\/pages\/634\/revisions"}],"predecessor-version":[{"id":1022,"href":"https:\/\/md.rcm.upr.edu\/head-neck\/wp-json\/wp\/v2\/pages\/634\/revisions\/1022"}],"wp:attachment":[{"href":"https:\/\/md.rcm.upr.edu\/head-neck\/wp-json\/wp\/v2\/media?parent=634"}],"curies":[{"name":"wp","href":"https:\/\/api.w.org\/{rel}","templated":true}]}}