{"id":665,"date":"2015-09-11T15:19:42","date_gmt":"2015-09-11T19:19:42","guid":{"rendered":"http:\/\/md.rcm.upr.edu\/head-neck\/?page_id=665"},"modified":"2025-09-25T08:34:24","modified_gmt":"2025-09-25T12:34:24","slug":"graduates","status":"publish","type":"page","link":"https:\/\/md.rcm.upr.edu\/head-neck\/graduates\/","title":{"rendered":"Graduates"},"content":{"rendered":"<div class=\"wpb-content-wrapper\"><p>[vc_row][vc_column]<div class=\"ult_pricing_table_wrap ult_info_table ult_design_2  ult-cs-custom \">\n\t\t\t\t\t<div class=\"ult_pricing_table \" style=\"background:#ffffff;color:#000000; \"><div id=\"Info-table-wrap-3811\" class=\"ult_pricing_heading\" style=\"\">\n\t\t\t\t\t\t\t<h3 class=\"ult-responsive\"  data-ultimate-target='#Info-table-wrap-3811 h3'  data-responsive-json-new='{\"font-size\":\"\",\"line-height\":\"\"}'  style=\"font-weight:normal;color:#ffffff;\">OTOLARYNGOLOGIST WHICH TRAINED AT THE U.P.R SCHOOL OF MEDICINE RESIDENCY TRAINING PROGRAM<\/h3><h5 class=\"ult-responsive\"  data-ultimate-target='#Info-table-wrap-3811 h5'  data-responsive-json-new='{\"font-size\":\"\",\"line-height\":\"\"}'  style=\"font-weight:normal;color:#ffffff;\">Note: Program Started on July 1, 1959 at San Juan City Hospital. On July 1, 1970 the UPR School of Medicine took the Program over.<\/h5><\/div><!--ult_pricing_heading--><div id=\"info_table_features_wrap-8676\"  data-ultimate-target='#info_table_features_wrap-8676.ult_price_features'  data-responsive-json-new='{\"font-size\":\"\",\"line-height\":\"\"}'  class=\"ult-responsive ult_price_features\" style=\"font-weight:normal;\">\n\t\t\t\t\t\t\t<table width=\"100%\" align=\"center\">\n<tbody>\n<tr>\n<td align=\"left\" width=\"424\"><strong>\u00a0<\/strong><\/p>\n<p><strong>NAME<\/strong><\/td>\n<td align=\"center\" width=\"163\"><strong>\u00a0<\/strong><\/p>\n<p><strong>YEAR RES. END<\/strong><\/td>\n<td align=\"center\" width=\"156\"><strong>\u00a0<\/strong><\/p>\n<p><strong>CLASS<\/strong><\/td>\n<\/tr>\n<tr>\n<td align=\"left\" width=\"424\">1. Nelson Fern\u00e1ndez Blasini<\/td>\n<td align=\"center\" width=\"163\">1962<\/td>\n<td align=\"center\" width=\"156\">I<\/td>\n<\/tr>\n<tr>\n<td align=\"left\" width=\"424\">2. Dr. Ivan Clavell<\/td>\n<td align=\"center\" width=\"163\">1962<\/td>\n<td align=\"center\" width=\"156\">I<\/td>\n<\/tr>\n<tr>\n<td align=\"left\" width=\"424\">3. Dr. Idelfonso Padr\u00f3n Toledo<\/td>\n<td align=\"center\" width=\"163\">1963<\/td>\n<td align=\"center\" width=\"156\">II<\/td>\n<\/tr>\n<tr>\n<td align=\"left\" width=\"424\">4. Dr. Prisco Hern\u00e1ndez<\/td>\n<td align=\"center\" width=\"163\">1965<\/td>\n<td align=\"center\" width=\"156\">III<\/td>\n<\/tr>\n<tr>\n<td align=\"left\" width=\"424\">5. Dr. Iv\u00e1n Riera<\/td>\n<td align=\"center\" width=\"163\">1965<\/td>\n<td align=\"center\" width=\"156\">III<\/td>\n<\/tr>\n<tr>\n<td align=\"left\" width=\"424\">6. Dr. Horacio Cartagena Garc\u00eda<\/td>\n<td align=\"center\" width=\"163\">1966<\/td>\n<td align=\"center\" width=\"156\">IV<\/td>\n<\/tr>\n<tr>\n<td align=\"left\" width=\"424\">7. Dr. Rafael L. Rivera Garc\u00eda<\/td>\n<td align=\"center\" width=\"163\">1966<\/td>\n<td align=\"center\" width=\"156\">IV<\/td>\n<\/tr>\n<tr>\n<td align=\"left\" width=\"424\">8. Dr. Germ\u00e1n Gonz\u00e1lez<\/td>\n<td align=\"center\" width=\"163\">1968<\/td>\n<td align=\"center\" width=\"156\">V<\/td>\n<\/tr>\n<tr>\n<td align=\"left\" width=\"424\">9. Dr. Pedro Vendrell<\/td>\n<td align=\"center\" width=\"163\">1969<\/td>\n<td align=\"center\" width=\"156\">VI<\/td>\n<\/tr>\n<tr>\n<td align=\"left\" width=\"424\">10. Dr. Fernando Longo<\/td>\n<td align=\"center\" width=\"163\">1970<\/td>\n<td align=\"center\" width=\"156\">VII<\/td>\n<\/tr>\n<tr>\n<td align=\"left\" width=\"424\">11. Dr. Ricardo Mulero<\/td>\n<td align=\"center\" width=\"163\">1970<\/td>\n<td align=\"center\" width=\"156\">VII<\/td>\n<\/tr>\n<tr>\n<td align=\"left\" width=\"424\">12. Dr. Francisco Estrada<\/td>\n<td align=\"center\" width=\"163\">1971<\/td>\n<td align=\"center\" width=\"156\">VIII<\/td>\n<\/tr>\n<tr>\n<td align=\"left\" width=\"424\">13. Dr. Juan Miranda Ram\u00edrez<\/td>\n<td align=\"center\" width=\"163\">1971<\/td>\n<td align=\"center\" width=\"156\">VIII<\/td>\n<\/tr>\n<tr>\n<td align=\"left\" width=\"424\">14. Dr. Marco A. Berrios Delanoy<\/td>\n<td align=\"center\" width=\"163\">1972<\/td>\n<td align=\"center\" width=\"156\">IX<\/td>\n<\/tr>\n<tr>\n<td align=\"left\" width=\"424\">15. Dr. Juan J. Santiago Plaza<\/td>\n<td align=\"center\" width=\"163\">1972<\/td>\n<td align=\"center\" width=\"156\">IX<\/td>\n<\/tr>\n<tr>\n<td align=\"left\" width=\"424\">16. Dr. Ismael Aldrich<\/td>\n<td align=\"center\" width=\"163\">1973<\/td>\n<td align=\"center\" width=\"156\">X<\/td>\n<\/tr>\n<tr>\n<td align=\"left\" width=\"424\">17. Dr. Ferdinand Mel\u00e9ndez<\/td>\n<td align=\"center\" width=\"163\">1974<\/td>\n<td align=\"center\" width=\"156\">XI<\/td>\n<\/tr>\n<tr>\n<td align=\"left\" width=\"424\">18. Dr. Heriberto Cintr\u00f3n Ortiz<\/td>\n<td align=\"center\" width=\"163\">1974<\/td>\n<td align=\"center\" width=\"156\">XI<\/td>\n<\/tr>\n<tr>\n<td align=\"left\" width=\"424\">19. Dr. Jorge Hern\u00e1ndez D\u00edaz<\/td>\n<td align=\"center\" width=\"163\">1974<\/td>\n<td align=\"center\" width=\"156\">XI<\/td>\n<\/tr>\n<tr>\n<td align=\"left\" width=\"424\">20. Dr. H\u00e9ctor Marty Carrillo<\/td>\n<td align=\"center\" width=\"163\">1975<\/td>\n<td align=\"center\" width=\"156\">XII<\/td>\n<\/tr>\n<tr>\n<td align=\"left\" width=\"424\">21. Dr. Anibal Navarro Badui<\/td>\n<td align=\"center\" width=\"163\">1975<\/td>\n<td align=\"center\" width=\"156\">XII<\/td>\n<\/tr>\n<tr>\n<td align=\"left\" width=\"424\">22. Dr. Arturo Hern\u00e1ndez Recio<\/td>\n<td align=\"center\" width=\"163\">1975<\/td>\n<td align=\"center\" width=\"156\">XII<\/td>\n<\/tr>\n<tr>\n<td align=\"left\" width=\"424\">23. Dr. Luis D. Agostini<\/td>\n<td align=\"center\" width=\"163\">1976<\/td>\n<td align=\"center\" width=\"156\">XIII<\/td>\n<\/tr>\n<tr>\n<td align=\"left\" width=\"424\">24. Dr. Eduardo Mattei<\/td>\n<td align=\"center\" width=\"163\">1976<\/td>\n<td align=\"center\" width=\"156\">XIII<\/td>\n<\/tr>\n<tr>\n<td align=\"left\" width=\"424\">25. Dr. Juan Trinidad Pinedo<\/td>\n<td align=\"center\" width=\"163\">1977<\/td>\n<td align=\"center\" width=\"156\">XIV<\/td>\n<\/tr>\n<tr>\n<td align=\"left\" width=\"424\">26. Carlos Cedo Alzamora<\/td>\n<td align=\"center\" width=\"163\">1977<\/td>\n<td align=\"center\" width=\"156\">XIV<\/td>\n<\/tr>\n<tr>\n<td align=\"left\" width=\"424\">27. Dr. Josue Santana<\/td>\n<td align=\"center\" width=\"163\">1978<\/td>\n<td align=\"center\" width=\"156\">XV<\/td>\n<\/tr>\n<tr>\n<td align=\"left\" width=\"424\">28. Dr. Jos\u00e9 R. L\u00f3pez<\/td>\n<td align=\"center\" width=\"163\">1978<\/td>\n<td align=\"center\" width=\"156\">XV<\/td>\n<\/tr>\n<tr>\n<td align=\"left\" width=\"424\">29.\u00a0 Dr. Jos\u00e9 D. Torres<\/td>\n<td align=\"center\" width=\"163\">1978<\/td>\n<td align=\"center\" width=\"156\">XV<\/td>\n<\/tr>\n<tr>\n<td align=\"left\" width=\"424\">30. Dr. Pedro F. Berdeguer<\/td>\n<td align=\"center\" width=\"163\">1979<\/td>\n<td align=\"center\" width=\"156\">XVI<\/td>\n<\/tr>\n<tr>\n<td align=\"left\" width=\"424\">31. Dr. Assad Sasbbag Tiscare\u00f1o<\/td>\n<td align=\"center\" width=\"163\">1979<\/td>\n<td align=\"center\" width=\"156\">XVI<\/td>\n<\/tr>\n<tr>\n<td align=\"left\" width=\"424\">32. Dr. Eugenio A. Portela Ascencio<\/td>\n<td align=\"center\" width=\"163\">1979<\/td>\n<td align=\"center\" width=\"156\">XVI<\/td>\n<\/tr>\n<tr>\n<td align=\"left\" width=\"424\">33. Dr. Waldo Pincheira Valladares<\/td>\n<td align=\"center\" width=\"163\">1980<\/td>\n<td align=\"center\" width=\"156\">XVII<\/td>\n<\/tr>\n<tr>\n<td align=\"left\" width=\"424\">34. Dr. Emilio Casillas Santos<\/td>\n<td align=\"center\" width=\"163\">1980<\/td>\n<td align=\"center\" width=\"156\">XVII<\/td>\n<\/tr>\n<tr>\n<td align=\"left\" width=\"424\">35. Dr. Regino Rodr\u00edguez Flores<\/td>\n<td align=\"center\" width=\"163\">1980<\/td>\n<td align=\"center\" width=\"156\">XVII<\/td>\n<\/tr>\n<tr>\n<td align=\"left\" width=\"424\">36. Dr. Miguel A. Vega Maldonado<\/td>\n<td align=\"center\" width=\"163\">1981<\/td>\n<td align=\"center\" width=\"156\">XVIII<\/td>\n<\/tr>\n<tr>\n<td align=\"left\" width=\"424\">37. Dr. Pablo L\u00f3pez Baez<\/td>\n<td align=\"center\" width=\"163\">1981<\/td>\n<td align=\"center\" width=\"156\">XVIII<\/td>\n<\/tr>\n<tr>\n<td align=\"left\" width=\"424\">38. Dr. Jorge Crespo Bithorn<\/td>\n<td align=\"center\" width=\"163\">1981<\/td>\n<td align=\"center\" width=\"156\">XVIII<\/td>\n<\/tr>\n<tr>\n<td align=\"left\" width=\"424\">39. Dr. Hector Armaiz P\u00e9rez<\/td>\n<td align=\"center\" width=\"163\">1982<\/td>\n<td align=\"center\" width=\"156\">XIX<\/td>\n<\/tr>\n<tr>\n<td align=\"left\" width=\"424\">40. Dr. Vivian Urdaz \u00c1lvarez<\/td>\n<td align=\"center\" width=\"163\">1982<\/td>\n<td align=\"center\" width=\"156\">XIX<\/td>\n<\/tr>\n<tr>\n<td align=\"left\" width=\"424\">41. Dr. Carlos Jim\u00e9nez Ferrer<\/td>\n<td align=\"center\" width=\"163\">1982<\/td>\n<td align=\"center\" width=\"156\">XIX<\/td>\n<\/tr>\n<tr>\n<td align=\"left\" width=\"424\">42. Dr. Fernando De Zengotita<\/td>\n<td align=\"center\" width=\"163\">1984<\/td>\n<td align=\"center\" width=\"156\">XX<\/td>\n<\/tr>\n<tr>\n<td align=\"left\" width=\"424\">43. Dr. Edgar Frank Comas<\/td>\n<td align=\"center\" width=\"163\">1984<\/td>\n<td align=\"center\" width=\"156\">XX<\/td>\n<\/tr>\n<tr>\n<td align=\"left\" width=\"424\">44. Dr. Vicente L\u00f3pez Hidalgo<\/td>\n<td align=\"center\" width=\"163\">1984<\/td>\n<td align=\"center\" width=\"156\">XX<\/td>\n<\/tr>\n<tr>\n<td align=\"left\" width=\"424\">45. Dr. Lionel Fern\u00e1ndez L\u00f3pez<\/td>\n<td align=\"center\" width=\"163\">1985<\/td>\n<td align=\"center\" width=\"156\">XXI<\/td>\n<\/tr>\n<tr>\n<td align=\"left\" width=\"424\">46. Dr. Benjam\u00edn Rodr\u00edguez Gonz\u00e1lez<\/td>\n<td align=\"center\" width=\"163\">1985<\/td>\n<td align=\"center\" width=\"156\">XXI<\/td>\n<\/tr>\n<tr>\n<td align=\"left\" width=\"424\">47. Dr. H\u00e9ctor Correa Gonz\u00e1lez<\/td>\n<td align=\"center\" width=\"163\">1985<\/td>\n<td align=\"center\" width=\"156\">XXI<\/td>\n<\/tr>\n<tr>\n<td align=\"left\" width=\"424\">48. Dr. Maritza Homs Guilloty<\/td>\n<td align=\"center\" width=\"163\">1986<\/td>\n<td align=\"center\" width=\"156\">XXII<\/td>\n<\/tr>\n<tr>\n<td align=\"left\" width=\"424\">49. Dr. Guillermo Mart\u00ednez R\u00edos<\/td>\n<td align=\"center\" width=\"163\">1986<\/td>\n<td align=\"center\" width=\"156\">XXII<\/td>\n<\/tr>\n<tr>\n<td align=\"left\" width=\"424\">50.Dr. Antonio Pereira L\u00f3pez<\/td>\n<td align=\"center\" width=\"163\">1986<\/td>\n<td align=\"center\" width=\"156\">XXII<\/td>\n<\/tr>\n<tr>\n<td align=\"left\" width=\"424\">51. Dr. Jos\u00e9 L. Arsuaga Collazo<\/td>\n<td align=\"center\" width=\"163\">1987<\/td>\n<td align=\"center\" width=\"156\">XXIII<\/td>\n<\/tr>\n<tr>\n<td align=\"left\" width=\"424\">52. Dr. Ricardo L. Carrau Mar\u00edn<\/td>\n<td align=\"center\" width=\"163\">1987<\/td>\n<td align=\"center\" width=\"156\">XXIII<\/td>\n<\/tr>\n<tr>\n<td align=\"left\" width=\"424\">53. Dr. Pedro J. Rull\u00e1n Mar\u00edn<\/td>\n<td align=\"center\" width=\"163\">1987<\/td>\n<td align=\"center\" width=\"156\">XXIII<\/td>\n<\/tr>\n<tr>\n<td align=\"left\" width=\"424\">54. Dr. Jos\u00e9 Alvarez Villa<\/td>\n<td align=\"center\" width=\"163\">1988<\/td>\n<td align=\"center\" width=\"156\">XXIV<\/td>\n<\/tr>\n<tr>\n<td align=\"left\" width=\"424\">55. Dr. Giancarlo Luigi<\/td>\n<td align=\"center\" width=\"163\">1988<\/td>\n<td align=\"center\" width=\"156\">XXIV<\/td>\n<\/tr>\n<tr>\n<td align=\"left\" width=\"424\">56. Dr. Jose M. Bird Trilla<\/td>\n<td align=\"center\" width=\"163\">1989<\/td>\n<td align=\"center\" width=\"156\">XXV<\/td>\n<\/tr>\n<tr>\n<td align=\"left\" width=\"424\">57. Dr. Jaime L. Ortiz<\/td>\n<td align=\"center\" width=\"163\">1989<\/td>\n<td align=\"center\" width=\"156\">XXV<\/td>\n<\/tr>\n<tr>\n<td align=\"left\" width=\"424\">58. Dr. Francisco Su\u00e1rez Lozada<\/td>\n<td align=\"center\" width=\"163\">1989<\/td>\n<td align=\"center\" width=\"156\">XXV<\/td>\n<\/tr>\n<tr>\n<td align=\"left\" width=\"424\">59. Dr. Mariano E. Gonz\u00e1lez Diez<\/td>\n<td align=\"center\" width=\"163\">1990<\/td>\n<td align=\"center\" width=\"156\">XXVI<\/td>\n<\/tr>\n<tr>\n<td align=\"left\" width=\"424\">60. Dr. Jos\u00e9 L. Ruiz Col\u00f3n<\/td>\n<td align=\"center\" width=\"163\">1990<\/td>\n<td align=\"center\" width=\"156\">XXVI<\/td>\n<\/tr>\n<tr>\n<td align=\"left\" width=\"424\">61. Dr. Jorge Arango Vincent<\/td>\n<td align=\"center\" width=\"163\">1991<\/td>\n<td align=\"center\" width=\"156\">XXVII<\/td>\n<\/tr>\n<tr>\n<td align=\"left\" width=\"424\">62. Dr. Antonio Collazo Llorens<\/td>\n<td align=\"center\" width=\"163\">1991<\/td>\n<td align=\"center\" width=\"156\">XXVII<\/td>\n<\/tr>\n<tr>\n<td align=\"left\" width=\"424\">63. Dr. Miguel Garrat\u00f3n Mart\u00edn<\/td>\n<td align=\"center\" width=\"163\">1991<\/td>\n<td align=\"center\" width=\"156\">XXVII<\/td>\n<\/tr>\n<tr>\n<td align=\"left\" width=\"424\">64. Dr. Rafael I. Garc\u00eda Garc\u00eda<\/td>\n<td align=\"center\" width=\"163\">1992<\/td>\n<td align=\"center\" width=\"156\">XXVIII<\/td>\n<\/tr>\n<tr>\n<td align=\"left\" width=\"424\">65. Dr. Edgar Reyes Col\u00f3n<\/td>\n<td align=\"center\" width=\"163\">1992<\/td>\n<td align=\"center\" width=\"156\">XXVIII<\/td>\n<\/tr>\n<tr>\n<td align=\"left\" width=\"424\">66. Dr. Antonio Riera March<\/td>\n<td align=\"center\" width=\"163\">1992<\/td>\n<td align=\"center\" width=\"156\">XXVIII<\/td>\n<\/tr>\n<tr>\n<td align=\"left\" width=\"424\">67. Dr. Germ\u00e1n Gonz\u00e1lez Yanes<\/td>\n<td align=\"center\" width=\"163\">1994<\/td>\n<td align=\"center\" width=\"156\">XXIX<\/td>\n<\/tr>\n<tr>\n<td align=\"left\" width=\"424\">68. Dr. Lisette Y. P\u00e9rez D\u00edaz<\/td>\n<td align=\"center\" width=\"163\">1994<\/td>\n<td align=\"center\" width=\"156\">XXIX<\/td>\n<\/tr>\n<tr>\n<td align=\"left\" width=\"424\">69. Dr. F\u00e9lix J. Seda D\u00edaz<\/td>\n<td align=\"center\" width=\"163\">1995<\/td>\n<td align=\"center\" width=\"156\">XXX<\/td>\n<\/tr>\n<tr>\n<td align=\"left\" width=\"424\">70. Dr. Luis E. Valledor Maeso<\/td>\n<td align=\"center\" width=\"163\">1995<\/td>\n<td align=\"center\" width=\"156\">XXX<\/td>\n<\/tr>\n<tr>\n<td align=\"left\" width=\"424\">71. Dr. Palmira Mart\u00ednez Romero<\/td>\n<td align=\"center\" width=\"163\">1996<\/td>\n<td align=\"center\" width=\"156\">XXXI<\/td>\n<\/tr>\n<tr>\n<td align=\"left\" width=\"424\">72. Dr. Jos\u00e9 R. S\u00e1nchez Mendiola<\/td>\n<td align=\"center\" width=\"163\">1996<\/td>\n<td align=\"center\" width=\"156\">XXX!<\/td>\n<\/tr>\n<tr>\n<td align=\"left\" width=\"424\">73. Dr. Michael Arruza Elias<\/td>\n<td align=\"center\" width=\"163\">1997<\/td>\n<td align=\"center\" width=\"156\">XXXII<\/td>\n<\/tr>\n<tr>\n<td align=\"left\" width=\"424\">74. Dr. Antonio Due\u00f1o Santos<\/td>\n<td align=\"center\" width=\"163\">1997<\/td>\n<td align=\"center\" width=\"156\">XXXII<\/td>\n<\/tr>\n<tr>\n<td align=\"left\" width=\"424\">75. Dr. Jos\u00e9 R. De Le\u00f3n<\/td>\n<td align=\"center\" width=\"163\">1998<\/td>\n<td align=\"center\" width=\"156\">XXXIII<\/td>\n<\/tr>\n<tr>\n<td align=\"left\" width=\"424\">76. Dr. Sara I. P\u00e9rez<\/td>\n<td align=\"center\" width=\"163\">1998<\/td>\n<td align=\"center\" width=\"156\">XXXIII<\/td>\n<\/tr>\n<tr>\n<td align=\"left\" width=\"424\">77. Dr. Jos\u00e9 I. Almodovar<\/td>\n<td align=\"center\" width=\"163\">1999<\/td>\n<td align=\"center\" width=\"156\">XXXIV<\/td>\n<\/tr>\n<tr>\n<td align=\"left\" width=\"424\">78. Dr. Miguel A. Lasalle<\/td>\n<td align=\"center\" width=\"163\">1999<\/td>\n<td align=\"center\" width=\"156\">XXXIV<\/td>\n<\/tr>\n<tr>\n<td align=\"left\" width=\"424\">79. Dr. Gustavo A. Melero<\/td>\n<td align=\"center\" width=\"163\">2000<\/td>\n<td align=\"center\" width=\"156\">XXXV<\/td>\n<\/tr>\n<tr>\n<td align=\"left\" width=\"424\">80. Dr. Jos\u00e9 E. Otero<\/td>\n<td align=\"center\" width=\"163\">2000<\/td>\n<td align=\"center\" width=\"156\">XXXV<\/td>\n<\/tr>\n<tr>\n<td align=\"left\" width=\"424\">81. Dr. Omar Gonz\u00e1lez<\/td>\n<td align=\"center\" width=\"163\">2001<\/td>\n<td align=\"center\" width=\"156\">XXXVI<\/td>\n<\/tr>\n<tr>\n<td align=\"left\" width=\"424\">82. Dr. Ra\u00fal Vil\u00e1<\/td>\n<td align=\"center\" width=\"163\">2001<\/td>\n<td align=\"center\" width=\"156\">XXXVI<\/td>\n<\/tr>\n<tr>\n<td align=\"left\" width=\"424\">83. Dr. Ileana Enamorado<\/td>\n<td align=\"center\" width=\"163\">2002<\/td>\n<td align=\"center\" width=\"156\">XXXVII<\/td>\n<\/tr>\n<tr>\n<td align=\"left\" width=\"424\">84. Dr. Juan\u00a0 C. Portela<\/td>\n<td align=\"center\" width=\"163\">2002<\/td>\n<td align=\"center\" width=\"156\">XXXVII<\/td>\n<\/tr>\n<tr>\n<td align=\"left\" width=\"424\">85. Dr. Gustavo A. D\u00edaz<\/td>\n<td align=\"center\" width=\"163\">2003<\/td>\n<td align=\"center\" width=\"156\">XXXVIII<\/td>\n<\/tr>\n<tr>\n<td align=\"left\" width=\"424\">86. Dr. H\u00e9ctor Garc\u00eda<\/td>\n<td align=\"center\" width=\"163\">2003<\/td>\n<td align=\"center\" width=\"156\">XXXVIII<\/td>\n<\/tr>\n<tr>\n<td align=\"left\" width=\"424\">87. Dr. Jos\u00e9 Busquets<\/td>\n<td align=\"center\" width=\"163\">2004<\/td>\n<td align=\"center\" width=\"156\">XXXIX<\/td>\n<\/tr>\n<tr>\n<td align=\"left\" width=\"424\">88. Dr. Tonya S\u00e1nchez<\/td>\n<td align=\"center\" width=\"163\">2004<\/td>\n<td align=\"center\" width=\"156\">XXXIX<\/td>\n<\/tr>\n<tr>\n<td align=\"left\" width=\"424\">89. Dr. Jorge Aldrich Novoa<\/td>\n<td align=\"center\" width=\"163\">2005<\/td>\n<td align=\"center\" width=\"156\">XL<\/td>\n<\/tr>\n<tr>\n<td align=\"left\" width=\"424\">90. Dr. Giovanni Casillas Murphy<\/td>\n<td align=\"center\" width=\"163\">2006<\/td>\n<td align=\"center\" width=\"156\">XLI<\/td>\n<\/tr>\n<tr>\n<td align=\"left\" width=\"424\">91. Dr. Patricia Maeso<\/td>\n<td align=\"center\" width=\"163\">2007<\/td>\n<td align=\"center\" width=\"156\">XLII<\/td>\n<\/tr>\n<tr>\n<td align=\"left\" width=\"424\">92. Dr. Carlos P\u00e9rez Mitchell<\/td>\n<td align=\"center\" width=\"163\">2008<\/td>\n<td align=\"center\" width=\"156\">XLIII<\/td>\n<\/tr>\n<tr>\n<td align=\"left\" width=\"424\">93. Dr. Yadiel Alameda R\u00edos<\/td>\n<td align=\"center\" width=\"163\">2009<\/td>\n<td align=\"center\" width=\"156\">XLIV<\/td>\n<\/tr>\n<tr>\n<td align=\"left\" width=\"424\">94. Dr. Leonardo Torres Pag\u00e1n<\/td>\n<td align=\"center\" width=\"163\">2010<\/td>\n<td align=\"center\" width=\"156\">XLV<\/td>\n<\/tr>\n<tr>\n<td align=\"left\" width=\"424\">95. Dr. Melissa Ortiz Hern\u00e1ndez<\/td>\n<td align=\"center\" width=\"163\">2011<\/td>\n<td align=\"center\" width=\"156\">XLVI<\/td>\n<\/tr>\n<tr>\n<td align=\"left\" width=\"424\">96. Dr. Laureano Giraldez Rodriguez<\/td>\n<td align=\"center\" width=\"163\">2012<\/td>\n<td align=\"center\" width=\"156\">XLVII<\/td>\n<\/tr>\n<tr>\n<td align=\"left\" width=\"424\">97. Dr. Paulette Pacheco<\/td>\n<td align=\"center\" width=\"163\">2013<\/td>\n<td align=\"center\" width=\"156\">XLVVIII<\/td>\n<\/tr>\n<tr>\n<td align=\"left\" width=\"424\">98. Dr. Javier Gonz\u00e1lez Castro<\/td>\n<td align=\"center\" width=\"163\">2014<\/td>\n<td align=\"center\" width=\"156\">XLVVIX<\/td>\n<\/tr>\n<tr>\n<td align=\"left\" width=\"424\">99. Dr. Carlos Torre De Le\u00f3n<\/td>\n<td align=\"center\" width=\"163\">2014<\/td>\n<td align=\"center\" width=\"156\">XLVVIX<\/td>\n<\/tr>\n<tr>\n<td align=\"left\">100. Dr. Gustavo Almodovar Mercado<\/td>\n<td align=\"center\">2015<\/td>\n<td align=\"center\">L<\/td>\n<\/tr>\n<tr>\n<td align=\"left\">101. Dr. Luis Tarrats Ortolaza<\/td>\n<td align=\"center\">2016<\/td>\n<td align=\"center\">LI<\/td>\n<\/tr>\n<tr>\n<td align=\"left\">102. Dr. Francisco Ruiz Fullana<\/td>\n<td align=\"center\">2016<\/td>\n<td align=\"center\">LI<\/td>\n<\/tr>\n<tr>\n<td align=\"left\">103. Dra. Jeamarie Pascual Marrero<\/td>\n<td align=\"center\">2017<\/td>\n<td align=\"center\">LII<\/td>\n<\/tr>\n<tr>\n<td align=\"left\">104. Dr. Fernando Morell<\/td>\n<td align=\"center\">2018<\/td>\n<td align=\"center\">LIII<\/td>\n<\/tr>\n<tr>\n<td align=\"left\">105. Dra. Mariana Ortiz Mart\u00ednez<\/td>\n<td align=\"center\">2018<\/td>\n<td align=\"center\">LIII<\/td>\n<\/tr>\n<tr>\n<td align=\"left\">106. Dr. Gabriel Hern\u00e1ndez Martin<\/td>\n<td align=\"center\">2019<\/td>\n<td align=\"center\">LIV<\/td>\n<\/tr>\n<tr>\n<td align=\"left\">107. Dra. Bianca Rullan Oliver<\/td>\n<td align=\"center\">2020<\/td>\n<td align=\"center\">LV<\/td>\n<\/tr>\n<tr>\n<td align=\"left\">108. Dr. Francis Beauchamp<\/td>\n<td align=\"center\">2020<\/td>\n<td align=\"center\">LV<\/td>\n<\/tr>\n<tr>\n<td align=\"left\">109. \u00a0Dr. Mario Corona<\/td>\n<td align=\"center\">2021<\/td>\n<td align=\"center\">LVI<\/td>\n<\/tr>\n<tr>\n<td align=\"left\">110. Dr. Shayanne Lajud<\/td>\n<td align=\"center\">2021<\/td>\n<td align=\"center\">LVI<\/td>\n<\/tr>\n<tr>\n<td align=\"left\">111. Dr. Mario Gonz\u00e1lez<\/td>\n<td align=\"center\">2022<\/td>\n<td align=\"center\">LVII<\/td>\n<\/tr>\n<tr>\n<td align=\"left\">112. Dr. Gabriel Rivera<\/td>\n<td align=\"center\">2022<\/td>\n<td align=\"center\">LVII<\/td>\n<\/tr>\n<tr>\n<td align=\"left\">113. Dr. Jos\u00e9 S\u00e1nchez<\/td>\n<td align=\"center\">2023<\/td>\n<td align=\"center\">LVIII<\/td>\n<\/tr>\n<tr>\n<td align=\"left\">114. Dr. Gabriel Pujol<\/td>\n<td align=\"center\">2023<\/td>\n<td align=\"center\">LVIII<\/td>\n<\/tr>\n<tr>\n<td align=\"left\">115. Dr. Soraya Abdul-Hadi<\/td>\n<td align=\"center\">2024<\/td>\n<td align=\"center\">LIX<\/td>\n<\/tr>\n<tr>\n<td align=\"left\">116. Dr. Coral Ruiz<\/td>\n<td align=\"center\">2024<\/td>\n<td align=\"center\">LIX<\/td>\n<\/tr>\n<tr>\n<td align=\"left\">117. Dr. Antonio Bures<\/td>\n<td align=\"center\">2025<\/td>\n<td align=\"center\">LX<\/td>\n<\/tr>\n<tr>\n<td align=\"left\">118. Dr. Edgar Del Toro<\/td>\n<td align=\"center\">2025<\/td>\n<td align=\"center\">LX<\/td>\n<\/tr>\n<\/tbody>\n<\/table>\n\n\t\t\t\t\t\t<\/div><!--ult_price_features--><div class=\"ult_clr\"><\/div>\n\t\t\t<\/div><!--pricing_table-->\n\t\t<\/div><!--pricing_table_wrap-->[\/vc_column][\/vc_row]<\/p>\n<\/div>","protected":false},"excerpt":{"rendered":"<p>[vc_row][vc_column][\/vc_column][\/vc_row]<\/p>\n","protected":false},"author":109,"featured_media":0,"parent":0,"menu_order":0,"comment_status":"closed","ping_status":"closed","template":"","meta":{"footnotes":""},"class_list":["post-665","page","type-page","status-publish","hentry","description-off"],"aioseo_notices":[],"_links":{"self":[{"href":"https:\/\/md.rcm.upr.edu\/head-neck\/wp-json\/wp\/v2\/pages\/665","targetHints":{"allow":["GET"]}}],"collection":[{"href":"https:\/\/md.rcm.upr.edu\/head-neck\/wp-json\/wp\/v2\/pages"}],"about":[{"href":"https:\/\/md.rcm.upr.edu\/head-neck\/wp-json\/wp\/v2\/types\/page"}],"author":[{"embeddable":true,"href":"https:\/\/md.rcm.upr.edu\/head-neck\/wp-json\/wp\/v2\/users\/109"}],"replies":[{"embeddable":true,"href":"https:\/\/md.rcm.upr.edu\/head-neck\/wp-json\/wp\/v2\/comments?post=665"}],"version-history":[{"count":2,"href":"https:\/\/md.rcm.upr.edu\/head-neck\/wp-json\/wp\/v2\/pages\/665\/revisions"}],"predecessor-version":[{"id":1045,"href":"https:\/\/md.rcm.upr.edu\/head-neck\/wp-json\/wp\/v2\/pages\/665\/revisions\/1045"}],"wp:attachment":[{"href":"https:\/\/md.rcm.upr.edu\/head-neck\/wp-json\/wp\/v2\/media?parent=665"}],"curies":[{"name":"wp","href":"https:\/\/api.w.org\/{rel}","templated":true}]}}