{"id":559,"date":"2020-04-06T16:56:31","date_gmt":"2020-04-06T16:56:31","guid":{"rendered":"https:\/\/md.rcm.upr.edu\/humanitiesinmedicine\/?page_id=559"},"modified":"2021-03-01T16:53:19","modified_gmt":"2021-03-01T16:53:19","slug":"humanities-and-medicine-podcasts","status":"publish","type":"page","link":"https:\/\/md.rcm.upr.edu\/humanitiesinmedicine\/humanities-and-medicine-podcasts\/","title":{"rendered":"Humanities and Medicine Podcasts"},"content":{"rendered":"<div class=\"wpb-content-wrapper\"><p>[vc_row][vc_column][vc_column_text]<\/p>\n<h3><strong>Podcasts de Humanidades en la Medicina<\/strong><\/h3>\n<p>[\/vc_column_text][vc_column_text]En estos podcasts podr\u00e1s encontrar una variedad de temas relacionados con la medicina y las humanidades. Comenzamos con la serie de epidemias y enfermedades infecciosas ocurridas en Puerto Rico durante los siglos XIX y XX. Esta serie de podcasts de <strong>Enfermedades<\/strong> y <strong>Epidemias<\/strong> es moderada por el Mtro. Daniel Mora Ortiz. Daniel Mora Ortiz obtuvo su Maestr\u00eda en Historia en la Universidad de Puerto Rico con su tesis La epidemia del c\u00f3lera en Arecibo: 1855-1856. Actualmente es doctorando en el Programa Graduado de Historia en la Universidad de Puerto Rico, Recinto de R\u00edo Piedras.[\/vc_column_text][\/vc_column][\/vc_row][vc_row][vc_column width=&#8221;1\/3&#8243;][vc_raw_html]JTNDaWZyYW1lJTIwc3JjJTNEJTIyaHR0cHMlM0ElMkYlMkZhbmNob3IuZm0lMkZzY2hvb2wtb2YtbWVkaWNpbmUlMkZlbWJlZCUyRmVwaXNvZGVzJTJGRWwtY2xlcmEtZW4tUHVlcnRvLVJpY28tZWVjNmxyJTJGYS1hMjhwMjluJTIyJTIwaGVpZ2h0JTNEJTIyMTAwJTI1JTIyJTIwd2lkdGglM0QlMjIxMDAlMjUlMjIlMjBmcmFtZWJvcmRlciUzRCUyMjAlMjIlMjBzY3JvbGxpbmclM0QlMjJubyUyMiUzRSUzQyUyRmlmcmFtZSUzRQ==[\/vc_raw_html][vc_column_text]<\/p>\n<h3 class=\"episode-title\">El c\u00f3lera en Puerto Rico<\/h3>\n<p>En este episodio tratamos el tema del c\u00f3lera en Puerto Rico con la participaci\u00f3n del Dr. \u00c1ngel Rom\u00e1n Franco y el Dr. Vincent Sifres Fern\u00e1ndez. El Dr. Rom\u00e1n Franco es profesor Em\u00e9rito del Departamento de Patolog\u00eda de la Escuela de Medicina del Recinto de Ciencias M\u00e9dicas de la Universidad de Puerto Rico. El Dr. Sifres Fern\u00e1ndez obtuvo su Doctorado en Historia de Puerto Rico y el Caribe en la Universidad de Puerto Rico con su tesis Poderes, sanidad y marginaci\u00f3n: El c\u00f3lera morbo en la ciudad de San Juan Bautista de Puerto Rico a mediados del siglo XIX.<\/p>\n<p>Moderador: Daniel Mora Ortiz, M.A. Escuela de Medicina \u2013 Recinto de Ciencias Medicas | UPR[\/vc_column_text][\/vc_column][vc_column width=&#8221;1\/3&#8243;][vc_raw_html]JTNDaWZyYW1lJTIwc3JjJTNEJTIyaHR0cHMlM0ElMkYlMkZhbmNob3IuZm0lMkZzY2hvb2wtb2YtbWVkaWNpbmUlMkZlbWJlZCUyRmVwaXNvZGVzJTJGTGEtVmlydWVsYS1lbi1QdWVydG8tUmljby1lY2hsdDMlMkZhLWEyYjMycTAlMjIlMjBoZWlnaHQlM0QlMjIxMDAlMjUlMjIlMjB3aWR0aCUzRCUyMjEwMCUyNSUyMiUyMGZyYW1lYm9yZGVyJTNEJTIyMCUyMiUyMHNjcm9sbGluZyUzRCUyMm5vJTIyJTNFJTNDJTJGaWZyYW1lJTNF[\/vc_raw_html][vc_column_text]<\/p>\n<h3 class=\"episode-title\">La Viruela en Puerto Rico<\/h3>\n<p>En este episodio tratamos el tema de la viruela en Puerto Rico con la participaci\u00f3n del Dr. Jos\u00e9 Rigau P\u00e9rez. Es miembro de la Academia Puertorrique\u00f1a de la Historia y Catedr\u00e1tico Auxiliar Ad Honoren del Departamento de Pediatr\u00eda de la Escuela de Medicina y del Departamento de Epidemiolog\u00eda de la Escuela de Salud Publica del Recinto de Ciencias M\u00e9dicas de la Universidad de Puerto Rico.<\/p>\n<p>Moderador: Daniel Mora Ortiz, M.A.<br \/>\nEscuela de Medicina \u2013 Recinto de Ciencias Medicas | UPR[\/vc_column_text][\/vc_column][vc_column width=&#8221;1\/3&#8243;][vc_raw_html]JTNDaWZyYW1lJTIwc3JjJTNEJTIyaHR0cHMlM0ElMkYlMkZhbmNob3IuZm0lMkZzY2hvb2wtb2YtbWVkaWNpbmUlMkZlbWJlZCUyRmVwaXNvZGVzJTJGTGEtRW5mZXJtZWRhZC1kZS1IYW5zZW4tdGFtYmluLWNvbm9jaWRhLWNvbW8tbGVwcmEtZW4tUHVlcnRvLVJpY28tZWVjODN2JTJGYS1hMjhwOWs2JTIyJTIwaGVpZ2h0JTNEJTIyMTAwJTI1JTIyJTIwd2lkdGglM0QlMjIxMDAlMjUlMjIlMjBmcmFtZWJvcmRlciUzRCUyMjAlMjIlMjBzY3JvbGxpbmclM0QlMjJubyUyMiUzRSUzQyUyRmlmcmFtZSUzRQ==[\/vc_raw_html][vc_column_text]<\/p>\n<h3 class=\"episode-title\">La Enfermedad de Hansen (tambi\u00e9n conocida como lepra) en Puerto Rico<\/h3>\n<div class=\"episode-content\">\n<p>En este episodio tratamos el tema de la enfermedad de Hansen con la participaci\u00f3n de la Dra. Ayin Aida Quintero, Directora de la Cl\u00ednica de Dermatolog\u00eda Tropical de la Escuela de Medicina del Recinto de Ciencias M\u00e9dicas de la Universidad de Puerto Rico.<\/p>\n<p>Moderador: Daniel Mora Ortiz, M.A. Escuela de Medicina \u2013 Recinto de Ciencias Medicas | UPR<\/p>\n<\/div>\n<div class=\"podcast_player\">\n<p><span class=\"mejs-offscreen\">Audio Player<\/span><\/p>\n<div id=\"mep_2\" class=\"mejs-container mejs-container-keyboard-inactive wp-audio-shortcode mejs-audio\" tabindex=\"0\" role=\"application\" aria-label=\"Audio Player\">\n<div class=\"mejs-inner\"><\/div>\n<\/div>\n<\/div>\n<p>[\/vc_column_text][\/vc_column][\/vc_row]<\/p>\n<\/div>","protected":false},"excerpt":{"rendered":"<p>[vc_row][vc_column][vc_column_text] Podcasts de Humanidades en la Medicina [\/vc_column_text][vc_column_text]En estos podcasts podr\u00e1s encontrar una variedad de temas relacionados con la medicina y las humanidades. Comenzamos con la serie de epidemias y enfermedades infecciosas ocurridas en Puerto Rico durante los siglos XIX y XX. Esta serie de podcasts de Enfermedades y Epidemias es moderada por el Mtro.&hellip;<\/p>\n","protected":false},"author":1,"featured_media":535,"parent":0,"menu_order":0,"comment_status":"closed","ping_status":"closed","template":"","meta":{"footnotes":""},"class_list":["post-559","page","type-page","status-publish","has-post-thumbnail","hentry","description-off"],"aioseo_notices":[],"_links":{"self":[{"href":"https:\/\/md.rcm.upr.edu\/humanitiesinmedicine\/wp-json\/wp\/v2\/pages\/559","targetHints":{"allow":["GET"]}}],"collection":[{"href":"https:\/\/md.rcm.upr.edu\/humanitiesinmedicine\/wp-json\/wp\/v2\/pages"}],"about":[{"href":"https:\/\/md.rcm.upr.edu\/humanitiesinmedicine\/wp-json\/wp\/v2\/types\/page"}],"author":[{"embeddable":true,"href":"https:\/\/md.rcm.upr.edu\/humanitiesinmedicine\/wp-json\/wp\/v2\/users\/1"}],"replies":[{"embeddable":true,"href":"https:\/\/md.rcm.upr.edu\/humanitiesinmedicine\/wp-json\/wp\/v2\/comments?post=559"}],"version-history":[{"count":0,"href":"https:\/\/md.rcm.upr.edu\/humanitiesinmedicine\/wp-json\/wp\/v2\/pages\/559\/revisions"}],"wp:featuredmedia":[{"embeddable":true,"href":"https:\/\/md.rcm.upr.edu\/humanitiesinmedicine\/wp-json\/wp\/v2\/media\/535"}],"wp:attachment":[{"href":"https:\/\/md.rcm.upr.edu\/humanitiesinmedicine\/wp-json\/wp\/v2\/media?parent=559"}],"curies":[{"name":"wp","href":"https:\/\/api.w.org\/{rel}","templated":true}]}}