{"id":699,"date":"2024-05-16T19:14:18","date_gmt":"2024-05-16T19:14:18","guid":{"rendered":"https:\/\/md.rcm.upr.edu\/humanitiesinmedicine\/?page_id=699"},"modified":"2024-05-17T08:04:22","modified_gmt":"2024-05-17T12:04:22","slug":"arsbrevis","status":"publish","type":"page","link":"https:\/\/md.rcm.upr.edu\/humanitiesinmedicine\/arsbrevis\/","title":{"rendered":"ArsBrevis"},"content":{"rendered":"<div class=\"wpb-content-wrapper\"><p>[vc_row type=&#8221;vc_default&#8221; content_placement=&#8221;middle&#8221;][vc_column width=&#8221;1\/3&#8243;][vc_single_image image=&#8221;700&#8243; img_size=&#8221;full&#8221; alignment=&#8221;center&#8221; css=&#8221;&#8221;][\/vc_column][vc_column width=&#8221;2\/3&#8243;][vc_row_inner][vc_column_inner width=&#8221;1\/2&#8243;][vc_single_image image=&#8221;723&#8243; img_size=&#8221;full&#8221; alignment=&#8221;center&#8221; css=&#8221;&#8221;][vc_column_text css=&#8221;&#8221;]<\/p>\n<p style=\"text-align: center;\"><strong>Editor en Jefe &#8211; Beatriz H. Bueno Plata<\/strong><\/p>\n<p>[\/vc_column_text][\/vc_column_inner][vc_column_inner width=&#8221;1\/2&#8243;][vc_single_image image=&#8221;722&#8243; img_size=&#8221;full&#8221; alignment=&#8221;center&#8221; css=&#8221;&#8221;][vc_column_text css=&#8221;&#8221;]<\/p>\n<p style=\"text-align: center;\"><strong>Co-editor &#8211; Roberto Lapetina Arroyo<\/strong><\/p>\n<p>[\/vc_column_text][\/vc_column_inner][\/vc_row_inner][\/vc_column][\/vc_row][vc_row][vc_column][vc_column_text css=&#8221;&#8221;]La revista Ars Brevis es una publicaci\u00f3n anual del Grupo de Inter\u00e9s de Humanismo M\u00e9dico del Recinto de Ciencias M\u00e9dicas. Inspirada en la frase latina &#8220;Ars longa, vita brevis&#8221; (El arte es largo, la vida breve), la revista explora c\u00f3mo el arte y la medicina se entrelazan para dar prop\u00f3sito y alargar la vida. La misma promueve una medicina con sensibilidades art\u00edsticas que entienda al pr\u00f3jimo de una manera genuina, creyendo en un arte met\u00f3dico e inquisitivo con el cual podamos entender la vida tan solo un poco m\u00e1s. Ars Brevis es un reflejo de esta visi\u00f3n, donde artistas, escritores y fot\u00f3grafos del Recinto de Ciencias M\u00e9dicas comparten sus historias, vivencias y reflexiones, exponiendo trozos de sus almas[\/vc_column_text][\/vc_column][\/vc_row][vc_row][vc_column width=&#8221;1\/2&#8243;][vc_single_image image=&#8221;707&#8243; img_size=&#8221;full&#8221; alignment=&#8221;center&#8221; css=&#8221;&#8221;][vc_column_text css=&#8221;&#8221;]<\/p>\n<p style=\"text-align: center;\"><strong>Vol. 2, N\u00fam. 2:<\/strong><\/p>\n<p>[\/vc_column_text][vc_btn title=&#8221;Descargar&#8221; color=&#8221;black&#8221; size=&#8221;sm&#8221; align=&#8221;center&#8221; css=&#8221;&#8221; link=&#8221;url:https%3A%2F%2Fmd.rcm.upr.edu%2Fhumanitiesinmedicine%2Fwp-content%2Fuploads%2Fsites%2F41%2F2024%2F05%2FArsBrevis_vol2_num2_2024.pdf&#8221;][\/vc_column][vc_column width=&#8221;1\/2&#8243;][vc_single_image image=&#8221;703&#8243; img_size=&#8221;full&#8221; alignment=&#8221;center&#8221; css=&#8221;&#8221;][vc_column_text css=&#8221;&#8221;]<\/p>\n<p style=\"text-align: center;\"><strong>Vol. 1, N\u00fam. 1:<\/strong><\/p>\n<p>[\/vc_column_text][vc_btn title=&#8221;Descargar&#8221; color=&#8221;black&#8221; size=&#8221;sm&#8221; align=&#8221;center&#8221; css=&#8221;&#8221; link=&#8221;url:https%3A%2F%2Fmd.rcm.upr.edu%2Fhumanitiesinmedicine%2Fwp-content%2Fuploads%2Fsites%2F41%2F2024%2F05%2FArsBrevis_vol1_num1_2023.pdf&#8221;][\/vc_column][\/vc_row]<\/p>\n<\/div>","protected":false},"excerpt":{"rendered":"<p>[vc_row type=&#8221;vc_default&#8221; content_placement=&#8221;middle&#8221;][vc_column width=&#8221;1\/3&#8243;][vc_single_image image=&#8221;700&#8243; img_size=&#8221;full&#8221; alignment=&#8221;center&#8221; css=&#8221;&#8221;][\/vc_column][vc_column width=&#8221;2\/3&#8243;][vc_row_inner][vc_column_inner width=&#8221;1\/2&#8243;][vc_single_image image=&#8221;723&#8243; img_size=&#8221;full&#8221; alignment=&#8221;center&#8221; css=&#8221;&#8221;][vc_column_text css=&#8221;&#8221;] Editor en Jefe &#8211; Beatriz H. Bueno Plata [\/vc_column_text][\/vc_column_inner][vc_column_inner width=&#8221;1\/2&#8243;][vc_single_image image=&#8221;722&#8243; img_size=&#8221;full&#8221; alignment=&#8221;center&#8221; css=&#8221;&#8221;][vc_column_text css=&#8221;&#8221;] Co-editor &#8211; Roberto Lapetina Arroyo [\/vc_column_text][\/vc_column_inner][\/vc_row_inner][\/vc_column][\/vc_row][vc_row][vc_column][vc_column_text css=&#8221;&#8221;]La revista Ars Brevis es una publicaci\u00f3n anual del Grupo de Inter\u00e9s de Humanismo M\u00e9dico del Recinto de Ciencias&hellip;<\/p>\n","protected":false},"author":1,"featured_media":700,"parent":0,"menu_order":0,"comment_status":"closed","ping_status":"closed","template":"template-microsite.php","meta":{"footnotes":""},"class_list":["post-699","page","type-page","status-publish","has-post-thumbnail","hentry","description-off"],"aioseo_notices":[],"_links":{"self":[{"href":"https:\/\/md.rcm.upr.edu\/humanitiesinmedicine\/wp-json\/wp\/v2\/pages\/699","targetHints":{"allow":["GET"]}}],"collection":[{"href":"https:\/\/md.rcm.upr.edu\/humanitiesinmedicine\/wp-json\/wp\/v2\/pages"}],"about":[{"href":"https:\/\/md.rcm.upr.edu\/humanitiesinmedicine\/wp-json\/wp\/v2\/types\/page"}],"author":[{"embeddable":true,"href":"https:\/\/md.rcm.upr.edu\/humanitiesinmedicine\/wp-json\/wp\/v2\/users\/1"}],"replies":[{"embeddable":true,"href":"https:\/\/md.rcm.upr.edu\/humanitiesinmedicine\/wp-json\/wp\/v2\/comments?post=699"}],"version-history":[{"count":11,"href":"https:\/\/md.rcm.upr.edu\/humanitiesinmedicine\/wp-json\/wp\/v2\/pages\/699\/revisions"}],"predecessor-version":[{"id":725,"href":"https:\/\/md.rcm.upr.edu\/humanitiesinmedicine\/wp-json\/wp\/v2\/pages\/699\/revisions\/725"}],"wp:featuredmedia":[{"embeddable":true,"href":"https:\/\/md.rcm.upr.edu\/humanitiesinmedicine\/wp-json\/wp\/v2\/media\/700"}],"wp:attachment":[{"href":"https:\/\/md.rcm.upr.edu\/humanitiesinmedicine\/wp-json\/wp\/v2\/media?parent=699"}],"curies":[{"name":"wp","href":"https:\/\/api.w.org\/{rel}","templated":true}]}}