{"id":14,"date":"2018-09-14T18:00:16","date_gmt":"2018-09-14T18:00:16","guid":{"rendered":"https:\/\/md.rcm.upr.edu\/ibd\/?page_id=14"},"modified":"2018-09-14T18:00:16","modified_gmt":"2018-09-14T18:00:16","slug":"mision","status":"publish","type":"page","link":"https:\/\/md.rcm.upr.edu\/ibd\/mision\/","title":{"rendered":"Misi\u00f3n"},"content":{"rendered":"<p>La MISI\u00d3N del Centro para Enfermedades Inflamatorias del Intestino (EII) de la Universidad de Puerto Rico es mejorar la calidad de vida de personas con EII a trav\u00e9s de educaci\u00f3n, cuidado m\u00e9dico experto, apoyo e investigaci\u00f3n cient\u00edfica. Nuestra facultad ofrece charlas de educaci\u00f3n m\u00e9dica continua para la comunidad, adem\u00e1s de servir de consultores para m\u00e9dicos y pacientes. La actividad de investigaci\u00f3n cl\u00ednica es apoyada por la Unidad de Investigaci\u00f3n de Gastroenterolog\u00eda de la Universidad de Puerto<br \/>\nRico, donde se estudian las EII m\u00e1s a fondo. La enfermedad de Crohn y la colitis ulcerosa son las enfermedades inflamatorias de intestino m\u00e1s importantes. Nuestro est\u00e1ndar es ofrecer cuidado experto, emp\u00e1tico, human\u00edstico y profesional.<\/p>\n","protected":false},"excerpt":{"rendered":"<p>La MISI\u00d3N del Centro para Enfermedades Inflamatorias del Intestino (EII) de la Universidad de Puerto Rico es mejorar la calidad de vida de personas con EII a trav\u00e9s de educaci\u00f3n, cuidado m\u00e9dico experto, apoyo e investigaci\u00f3n cient\u00edfica. Nuestra facultad ofrece charlas de educaci\u00f3n m\u00e9dica continua para la comunidad, adem\u00e1s de servir de consultores para m\u00e9dicos&hellip;<\/p>\n","protected":false},"author":1,"featured_media":0,"parent":0,"menu_order":0,"comment_status":"closed","ping_status":"closed","template":"","meta":{"footnotes":""},"class_list":["post-14","page","type-page","status-publish","hentry","description-off"],"aioseo_notices":[],"_links":{"self":[{"href":"https:\/\/md.rcm.upr.edu\/ibd\/wp-json\/wp\/v2\/pages\/14","targetHints":{"allow":["GET"]}}],"collection":[{"href":"https:\/\/md.rcm.upr.edu\/ibd\/wp-json\/wp\/v2\/pages"}],"about":[{"href":"https:\/\/md.rcm.upr.edu\/ibd\/wp-json\/wp\/v2\/types\/page"}],"author":[{"embeddable":true,"href":"https:\/\/md.rcm.upr.edu\/ibd\/wp-json\/wp\/v2\/users\/1"}],"replies":[{"embeddable":true,"href":"https:\/\/md.rcm.upr.edu\/ibd\/wp-json\/wp\/v2\/comments?post=14"}],"version-history":[{"count":0,"href":"https:\/\/md.rcm.upr.edu\/ibd\/wp-json\/wp\/v2\/pages\/14\/revisions"}],"wp:attachment":[{"href":"https:\/\/md.rcm.upr.edu\/ibd\/wp-json\/wp\/v2\/media?parent=14"}],"curies":[{"name":"wp","href":"https:\/\/api.w.org\/{rel}","templated":true}]}}