{"id":17,"date":"2018-09-14T18:04:39","date_gmt":"2018-09-14T18:04:39","guid":{"rendered":"https:\/\/md.rcm.upr.edu\/ibd\/?page_id=17"},"modified":"2018-09-14T18:04:39","modified_gmt":"2018-09-14T18:04:39","slug":"facultad","status":"publish","type":"page","link":"https:\/\/md.rcm.upr.edu\/ibd\/facultad\/","title":{"rendered":"Facultad"},"content":{"rendered":"<p>Esther A. Torres MD, MACP,<br \/>\nMACG, AGAF, FAASLD<br \/>\nDirectora<strong> del Centro <\/strong>EII<\/p>\n<p>&nbsp;<\/p>\n<p><strong>Gastroenter\u00f3logos<\/strong><\/p>\n<p>V\u00edctor L. Carlo MD<\/p>\n<p>Roberto Vendrell MD<\/p>\n<p>Irene S. Villamil MD<\/p>\n<p>Aura Delgado MD, FACS<br \/>\nCirujana Colorrectal<\/p>\n<p>Juan J. Lojo MD, FACS<br \/>\nDirector Quir\u00fargico<\/p>\n<p>Antonio Del Valle MD, FAAP<br \/>\nGastroenter\u00f3logo Pedi\u00e1trico<\/p>\n<p>Mar\u00eda C. Jim\u00e9nez MD<br \/>\nGastroenter\u00f3loga Pedi\u00e1trica<\/p>\n<p>Grace Vi\u00f1as Psy D<br \/>\nPsic\u00f3loga de Salud<\/p>\n<p>Sonia Serrano RD, MPH, LND<br \/>\nNutricionista<\/p>\n","protected":false},"excerpt":{"rendered":"<p>Esther A. Torres MD, MACP, MACG, AGAF, FAASLD Directora del Centro EII &nbsp; Gastroenter\u00f3logos V\u00edctor L. Carlo MD Roberto Vendrell MD Irene S. Villamil MD Aura Delgado MD, FACS Cirujana Colorrectal Juan J. Lojo MD, FACS Director Quir\u00fargico Antonio Del Valle MD, FAAP Gastroenter\u00f3logo Pedi\u00e1trico Mar\u00eda C. Jim\u00e9nez MD Gastroenter\u00f3loga Pedi\u00e1trica Grace Vi\u00f1as Psy D&hellip;<\/p>\n","protected":false},"author":1,"featured_media":0,"parent":0,"menu_order":0,"comment_status":"closed","ping_status":"closed","template":"","meta":{"footnotes":""},"class_list":["post-17","page","type-page","status-publish","hentry","description-off"],"aioseo_notices":[],"_links":{"self":[{"href":"https:\/\/md.rcm.upr.edu\/ibd\/wp-json\/wp\/v2\/pages\/17","targetHints":{"allow":["GET"]}}],"collection":[{"href":"https:\/\/md.rcm.upr.edu\/ibd\/wp-json\/wp\/v2\/pages"}],"about":[{"href":"https:\/\/md.rcm.upr.edu\/ibd\/wp-json\/wp\/v2\/types\/page"}],"author":[{"embeddable":true,"href":"https:\/\/md.rcm.upr.edu\/ibd\/wp-json\/wp\/v2\/users\/1"}],"replies":[{"embeddable":true,"href":"https:\/\/md.rcm.upr.edu\/ibd\/wp-json\/wp\/v2\/comments?post=17"}],"version-history":[{"count":0,"href":"https:\/\/md.rcm.upr.edu\/ibd\/wp-json\/wp\/v2\/pages\/17\/revisions"}],"wp:attachment":[{"href":"https:\/\/md.rcm.upr.edu\/ibd\/wp-json\/wp\/v2\/media?parent=17"}],"curies":[{"name":"wp","href":"https:\/\/api.w.org\/{rel}","templated":true}]}}