{"id":4,"date":"2018-09-14T17:50:04","date_gmt":"2018-09-14T17:50:04","guid":{"rendered":"https:\/\/md.rcm.upr.edu\/ibd\/?page_id=4"},"modified":"2018-09-14T18:29:02","modified_gmt":"2018-09-14T18:29:02","slug":"inicio","status":"publish","type":"page","link":"https:\/\/md.rcm.upr.edu\/ibd\/","title":{"rendered":"Inicio"},"content":{"rendered":"<p>BIENVENIDO a las cl\u00ednicas interdisciplinarias de cuidado integrado para Enfermedades Inflamatorias del Intestino (EII). Usted recibir\u00e1 servicios m\u00e9dicos en un ambiente distinto, donde la facultad del Recinto de Ciencias M\u00e9dicas se une a los m\u00e9dicos en adiestramiento y estudiantes para ofrecer un servicio de excelencia. Nos honra la confianza que deposita en nosotros y esperamos que sus expectativas sean realizadas. Su disposici\u00f3n para participar en el desarrollo profesional de j\u00f3venes m\u00e9dicos y profesionales de la salud garantiza el futuro del cuidado m\u00e9dico en Puerto Rico.<\/p>\n<p>El cuidado de los pacientes de Enfermedades Inflamatorias del Intestino, la enfermedad de Crohn y la colitis ulcerosa, tiene varios\u00a0 omponentes. Nuestras cl\u00ednicas ofrecen un servicio innovador interdisciplinario integrado para optimizar la\u00a0calidad de vida y bienestar de nuestros pacientes. Adem\u00e1s de ofrecer los servicios de Gastroenterolog\u00eda de adultos y pedi\u00e1trica, en nuestras cl\u00ednicas se ofrecen consultas con Cirug\u00eda, Nutrici\u00f3n, Psicolog\u00eda y Terapia Enterostomal. Estas consultas especiales se realizan de forma integrada durante su cita. Recientemente abrimos una cl\u00ednica de transici\u00f3n para adolescentes.<\/p>\n<p>LA INVESTIGACI\u00d3N es esencial para desarrollar el conocimiento m\u00e9dico. Es posible que a usted se le ofrezca la oportunidad de participar en alg\u00fan estudio relacionada a su condici\u00f3n. Si\u00e9ntase en la libertad de preguntar los detalles y aclarar dudas sobre el mismo, y no se sienta obligado. Su participaci\u00f3n no impacta de ninguna forma su cuidado m\u00e9dico.<\/p>\n<p>Aunque damos las citas por hora, el proceso de ense\u00f1anza integrado al cuidado m\u00e9dico requiere m\u00e1s tiempo y las visitas tienden a extenderse m\u00e1s. La naturaleza de nuestras cl\u00ednicas nos trae pacientes de alta complejidad que requieren m\u00e1s tiempo. Usted\u00a0 ecibir\u00e1 toda la atenci\u00f3n que su caso amerita, al igual que los otros pacientes. A cambio de esta ligera inconveniencia, le ofrecemos una facultad con experiencia profesional del m\u00e1s alto calibre, y una oportunidad de que su caso sea consultado por varios expertos en el campo en una sola cita.<\/p>\n","protected":false},"excerpt":{"rendered":"<p>BIENVENIDO a las cl\u00ednicas interdisciplinarias de cuidado integrado para Enfermedades Inflamatorias del Intestino (EII). Usted recibir\u00e1 servicios m\u00e9dicos en un ambiente distinto, donde la facultad del Recinto de Ciencias M\u00e9dicas se une a los m\u00e9dicos en adiestramiento y estudiantes para ofrecer un servicio de excelencia. Nos honra la confianza que deposita en nosotros y esperamos&hellip;<\/p>\n","protected":false},"author":1,"featured_media":0,"parent":0,"menu_order":0,"comment_status":"closed","ping_status":"closed","template":"","meta":{"footnotes":""},"class_list":["post-4","page","type-page","status-publish","hentry","description-off"],"aioseo_notices":[],"_links":{"self":[{"href":"https:\/\/md.rcm.upr.edu\/ibd\/wp-json\/wp\/v2\/pages\/4","targetHints":{"allow":["GET"]}}],"collection":[{"href":"https:\/\/md.rcm.upr.edu\/ibd\/wp-json\/wp\/v2\/pages"}],"about":[{"href":"https:\/\/md.rcm.upr.edu\/ibd\/wp-json\/wp\/v2\/types\/page"}],"author":[{"embeddable":true,"href":"https:\/\/md.rcm.upr.edu\/ibd\/wp-json\/wp\/v2\/users\/1"}],"replies":[{"embeddable":true,"href":"https:\/\/md.rcm.upr.edu\/ibd\/wp-json\/wp\/v2\/comments?post=4"}],"version-history":[{"count":0,"href":"https:\/\/md.rcm.upr.edu\/ibd\/wp-json\/wp\/v2\/pages\/4\/revisions"}],"wp:attachment":[{"href":"https:\/\/md.rcm.upr.edu\/ibd\/wp-json\/wp\/v2\/media?parent=4"}],"curies":[{"name":"wp","href":"https:\/\/api.w.org\/{rel}","templated":true}]}}