{"id":575,"date":"2015-06-15T09:44:48","date_gmt":"2015-06-15T13:44:48","guid":{"rendered":"http:\/\/md.rcm.upr.edu\/medicine\/?page_id=575"},"modified":"2019-05-30T10:30:34","modified_gmt":"2019-05-30T14:30:34","slug":"past-residents","status":"publish","type":"page","link":"https:\/\/md.rcm.upr.edu\/medicine\/past-residents\/","title":{"rendered":"Past Residents"},"content":{"rendered":"<div class=\"wpb-content-wrapper\"><p>[vc_row][vc_column][vc_column_text]<strong>Previous Trainees<\/strong>[\/vc_column_text][vc_column_text]Resident<\/p>\n<p>Pedro Acevedo Rodr\u00edguez<\/p>\n<p>University of Puerto Rico School of Medicine<\/p>\n<p>Amanda L. Caban Herrera<\/p>\n<p>University of Puerto Rico School of Medicine<\/p>\n<p>Glorimar Caldera Alvarado<\/p>\n<p>University of Puerto Rico School of Medicine<\/p>\n<p>Jonathan Cordero Jim\u00e9nez<\/p>\n<p>University of Puerto Rico School of Medicine<\/p>\n<p>Alberto J. Grana Santini<\/p>\n<p>Ponce Health Science University<\/p>\n<p>Keysha M. Lopez Vega<\/p>\n<p>San Juan Bautista School of Medicine<\/p>\n<p>Maria del C. Marrero M\u00e9ndez<\/p>\n<p>University of Puerto Rico School of Medicine<\/p>\n<p>Sharlene Medina Avil\u00e9s<\/p>\n<p>Universidad Autonoma de Guadalajara<\/p>\n<p>Walter J. Morales Borrero<\/p>\n<p>University of Puerto Rico School of Medicine<\/p>\n<p>Karid L. Nieves Borrero<\/p>\n<p>University of Puerto Rico School of Medicine<\/p>\n<p>Roberto A. Rivera Dominguez<\/p>\n<p>San Juan Bautista School of Medicine<\/p>\n<p>Jinetsy I. Rivera Ortiz<\/p>\n<p>Universidad Central del Caribe School of Medicine<\/p>\n<p>Christina Rodr\u00edguez Ruiz<\/p>\n<p>University of Puerto Rico School of Medicine<\/p>\n<p>Mariela Rodr\u00edguez Saurez<\/p>\n<p>University of Puerto Rico School of Medicine<\/p>\n<p>Erika T. Watts Oquendo<\/p>\n<p>University of Puerto Rico School of Medicine<\/p>\n<p>Resident<\/p>\n<p>Medical School<\/p>\n<p>Onelys A. \u00a0Carrasquillo Morales<\/p>\n<p>University of Puerto Rico School of Medicine<\/p>\n<p>Monica B. Corzo Pedrosa<\/p>\n<p>University of Puerto Rico School of Medicine<\/p>\n<p>Angel F. Delgado Garrastegui<\/p>\n<p>Universidad Central del Caribe School of Medicine<\/p>\n<p>Dagmar F. Hern\u00e1ndez Su\u00e1rez<\/p>\n<p>Instituto Superior de Ciencias Medicas de la Habana<\/p>\n<p>Melanie Malav\u00e9 Sanchez<\/p>\n<p>University of Puerto Rico School of Medicine<\/p>\n<p>Sheila Mercado M\u00e9ndez<\/p>\n<p>Universidad Autonoma de Guadalajara<\/p>\n<p>Javier E. Mirabal Arroyo<\/p>\n<p>University of Puerto Rico School of Medicine<\/p>\n<p>Eduardo Nieves Olabarrieta<\/p>\n<p>Universidad Central del Caribe School of Medicine<\/p>\n<p>Arlenne J. Ponce M\u00e9ndez<\/p>\n<p>Universidad Autonoma de Guadalajara<\/p>\n<p>Reinaldo Ram\u00edrez Amill<\/p>\n<p>University of Puerto Rico School of Medicine<\/p>\n<p>Bayoan M. Ramos Parra<\/p>\n<p>Universidad Central del Caribe School of Medicine<\/p>\n<p>Eduardo Rodr\u00edguez D\u00edaz<\/p>\n<p>University of Puerto Rico School of Medicine<\/p>\n<p>Melissa Ruiz Rodr\u00edguez<\/p>\n<p>University of Puerto Rico School of Medicine<\/p>\n<p>Neysha S\u00e1nchez Rivera<\/p>\n<p>University of Puerto Rico School of Medicine<\/p>\n<p>Carla V\u00e1zquez Santos<\/p>\n<p>University of Puerto Rico School of Medicine<\/p>\n<p>Ileana V\u00e1zquez Otero<\/p>\n<p>University of Puerto Rico School of Medicine<\/p>\n<p>Alejandra Villagrasa Flores A.<\/p>\n<p>San Juan Bautista School of Medicine<\/p>\n<p>Resident<\/p>\n<p>Medical School<\/p>\n<p>Gustavo R. Armaiz Pe\u00f1a<\/p>\n<p>Universidad Central del Caribe School of Medicine<\/p>\n<p>Naomi Collazo Guti\u00e9rrez<\/p>\n<p>Universidad Autonoma de Guadalajara<\/p>\n<p>Santiago Coste Sibilia<\/p>\n<p>Universidad Central del Caribe School of Medicine<\/p>\n<p>Jorge J. Cruz Cruz<\/p>\n<p>Universidad Central del Caribe School of Medicine<\/p>\n<p>Alexandra Deya Quinquilla<\/p>\n<p>University of Puerto Rico School of Medicine<\/p>\n<p>Alexis Gonz\u00e1lez Rivera<\/p>\n<p>Universidad Central del Caribe School of Medicine<\/p>\n<p>Yearim de J. Guti\u00e9rrez Cotto<\/p>\n<p>University of Puerto Rico School of Medicine<\/p>\n<p>Muay C. Hern\u00e1ndez Pons<\/p>\n<p>University of Puerto Rico School of Medicine<\/p>\n<p>Frantony P. Mercado Cabrera<\/p>\n<p>San Juan Bautista School of Medicine<\/p>\n<p>Joel Mu\u00f1oz Coreano<\/p>\n<p>University of Puerto Rico School of Medicine<\/p>\n<p>Arelis M. Santana Marrero<\/p>\n<p>Universidad Central del Caribe School of Medicine<\/p>\n<p>Artemio S. Santiago Molina<\/p>\n<p>Universidad Central del Caribe School of Medicine<\/p>\n<p>Isamuel J. Santos Roales<\/p>\n<p>Universidad Autonoma de Guadalajara<\/p>\n<p>Katherine Soto Moreno<\/p>\n<p>University of Puerto Rico School of Medicine<\/p>\n<p>Class of 2014<\/p>\n<p>Stella B\u00e1ez Corujo<\/p>\n<p>Chief Medical Resident 2014-2015, University of Puerto Rico<\/p>\n<p>Pneumology \/ Critical Care fellowship, VA Caribbean Hospital<\/p>\n<p>Anthony D. Osterman Pl\u00e1<\/p>\n<p>Chief Medical Resident 2014-2015, University of Puerto Rico<\/p>\n<p>Cardiology fellowship, University of Puerto Rico<\/p>\n<p>Harold A. Contreras Mart\u00ednez<\/p>\n<p>Private Practice, Massachusetts<\/p>\n<p>Roc\u00edo Feli\u00fa Dom\u00ednguez<\/p>\n<p>Gastroenterology fellowship, University of Puerto Rico<\/p>\n<p>Mar\u00eda del Pilar Fern\u00e1ndez Mart\u00ed<\/p>\n<p>Nephrology fellowship, MD Anderson Cancer Center<\/p>\n<p>Alejandro Figuera Navarro<\/p>\n<p>Cardiology fellowship, University of Puerto Rico<\/p>\n<p>Anette Garc\u00e9s Dom\u00ednguez<\/p>\n<p>Endocrinology fellowship, University of Puerto Rico<\/p>\n<p>Francisco E. Garc\u00eda Gonz\u00e1lez<\/p>\n<p>Gastroenterology fellowship, Johns Hopkins University<\/p>\n<p>Jos\u00e9 B. Hern\u00e1ndez Gil de Lamadrid<\/p>\n<p>Cardiology fellowship, University of Puerto Rico<\/p>\n<p>Cristina M. Larrazaleta Fajardo<\/p>\n<p>Geriatrics fellowship, University of Puerto Rico<\/p>\n<p>Juan M. \u00a0Marqu\u00e9s Lespier<\/p>\n<p>Gastroenterology fellowship, University of Puerto Rico<\/p>\n<p>Bladimir S\u00e1nchez P\u00e9rez<\/p>\n<p>Cardiology Fellowship, University of Puerto Rico<\/p>\n<p>Lee Ming Shum<\/p>\n<p>Rheumatology fellowship, University of Puerto Rico<\/p>\n<p>Antonio J. Sotolongo Fern\u00e1ndez<\/p>\n<p>Cardiology fellowship, University of Puerto Rico<\/p>\n<p>Wasilah Suleiman Suleiman<\/p>\n<p>Private Practice, New York<\/p>\n<p>&nbsp;<\/p>\n<p>Class of 2013<\/p>\n<p>H\u00e9ctor J. D\u00edaz Rodr\u00edguez<\/p>\n<p>Chief Medical Resident 2013-2014, University of Puerto Rico<\/p>\n<p>Nephrology fellowship, University of Puerto Rico<\/p>\n<p>Marcel A. Mesa Pab\u00f3n<\/p>\n<p>Chief Medical Resident 2013-2014, University of Puerto Rico<\/p>\n<p>Cardiology fellowship, University of Puerto Rico<\/p>\n<p>Milliette Alvarado Santiago<\/p>\n<p>Endocrinology fellowship, University of Puerto Rico<\/p>\n<p>Juan C. Arraut Gonz\u00e1lez<\/p>\n<p>General Internal Medicine Faculty, University of Puerto Rico<\/p>\n<p>H\u00e9ctor Banchs Vi\u00f1as<\/p>\n<p>Cardiology fellowship, University of Puerto Rico<\/p>\n<p>James M. Bryan D\u00edaz<\/p>\n<p>General Internal Medicine Faculty, University of Puerto Rico<\/p>\n<p>Juan A. Flores Gonz\u00e1lez<\/p>\n<p>Pneumology \/ Critical Care fellowship, VA Caribbean Hospital<\/p>\n<p>H\u00e9ctor R. Claudio Hern\u00e1ndez<\/p>\n<p>Cardiology fellowship, University of Puerto Rico<\/p>\n<p>F\u00e9lix M. Gonz\u00e1lez Santiago<\/p>\n<p>Private Practice, Puerto Rico<\/p>\n<p>Jos\u00e9 M. Marcial Su\u00e1rez<\/p>\n<p>Cardiology fellowship, University of Puerto Rico<\/p>\n<p>Edgardo R. Ortiz Flores<\/p>\n<p>Hematology \/ Oncology fellowship, University of Puerto Rico<\/p>\n<p>Roberto Osorio Manotas<\/p>\n<p>Gastroenterology fellowship, University of Puerto Rico<\/p>\n<p>Anmelys Rivera Valent\u00edn<\/p>\n<p>Nephrology fellowship, University of Puerto Rico<\/p>\n<p>Maristely Rodr\u00edguez Roa<\/p>\n<p>Allergy and Immunology fellowship, University of Puerto Rico<\/p>\n<p>Natalie Rodr\u00edguez Desalden<\/p>\n<p>Geriatrics fellowship, University of Puerto Rico<\/p>\n<p>Sulimar Rodr\u00edguez Santiago<\/p>\n<p>Gastroenterology fellowship, University of Puerto Rico<\/p>\n<p>Alexis Silva Vega<\/p>\n<p>Private Practice, Florida<\/p>\n<p>&nbsp;<\/p>\n<p>Class of 2012<\/p>\n<p>Mervin Figueroa Pinto<\/p>\n<p>Chief Medical Resident 2012-2013, University of Puerto Rico<\/p>\n<p>Gastroenterology Fellowship, University of Puerto Rico<\/p>\n<p>Pedro Vargas Otero<\/p>\n<p>Chief Medical Resident 2012-2013, University of Puerto Rico<\/p>\n<p>Cardiology Fellowship, University of Puerto Rico<\/p>\n<p>Ronald Collazo Pagan<\/p>\n<p>Private Practice, Puerto Rico<\/p>\n<p>Esteban \u00a0Del Pilar Morales<\/p>\n<p>Infectious Diseases fellowship, University of Puerto Rico<\/p>\n<p>Leyda M. D\u00edaz Correa<\/p>\n<p>Rheumatology fellowship, University of Puerto Rico<\/p>\n<p>Ruth M. Fred Jim\u00e9nez<\/p>\n<p>Rheumatology fellowship, University of Puerto Rico<\/p>\n<p>Roxanna M. Llanos V\u00e1zquez<\/p>\n<p>Private Practice, Puerto Rico<\/p>\n<p>Cristina Nev\u00e1rez De Jesus<\/p>\n<p>Geriatrics fellowship, University of Puerto Rico<\/p>\n<p>Ileana E. Ocasio Mel\u00e9ndez<\/p>\n<p>Nephrology fellowship, University of Puerto Rico<\/p>\n<p>Reynerio E. \u00a0P\u00e9rez Ram\u00edrez<\/p>\n<p>Cardiology fellowship, University of Puerto Rico<\/p>\n<p>Yomarid Qui\u00f1ones Badillo<\/p>\n<p>Gastroenterology fellowship, University of Puerto Rico<\/p>\n<p>Lilliana M. Ram\u00edrez Garcia<\/p>\n<p>Dermatology Residency, University of Puerto Rico<\/p>\n<p>Nicole Rassi Stella<\/p>\n<p>Geriatrics fellowship, University of Puerto Rico<\/p>\n<p>M\u00f3nica A. Vega V\u00e1zquez<\/p>\n<p>Endocrinology fellowship, University of Puerto Rico[\/vc_column_text][\/vc_column][\/vc_row]<\/p>\n<\/div>","protected":false},"excerpt":{"rendered":"<p>[vc_row][vc_column][vc_column_text]Previous Trainees[\/vc_column_text][vc_column_text]Resident Pedro Acevedo Rodr\u00edguez University of Puerto Rico School of Medicine Amanda L. Caban Herrera University of Puerto Rico School of Medicine Glorimar Caldera Alvarado University of Puerto Rico School of Medicine Jonathan Cordero Jim\u00e9nez University of Puerto Rico School of Medicine Alberto J. Grana Santini Ponce Health Science University Keysha M. Lopez Vega&hellip;<\/p>\n","protected":false},"author":20,"featured_media":0,"parent":0,"menu_order":0,"comment_status":"closed","ping_status":"closed","template":"","meta":{"footnotes":""},"class_list":["post-575","page","type-page","status-publish","hentry","description-off"],"aioseo_notices":[],"_links":{"self":[{"href":"https:\/\/md.rcm.upr.edu\/medicine\/wp-json\/wp\/v2\/pages\/575","targetHints":{"allow":["GET"]}}],"collection":[{"href":"https:\/\/md.rcm.upr.edu\/medicine\/wp-json\/wp\/v2\/pages"}],"about":[{"href":"https:\/\/md.rcm.upr.edu\/medicine\/wp-json\/wp\/v2\/types\/page"}],"author":[{"embeddable":true,"href":"https:\/\/md.rcm.upr.edu\/medicine\/wp-json\/wp\/v2\/users\/20"}],"replies":[{"embeddable":true,"href":"https:\/\/md.rcm.upr.edu\/medicine\/wp-json\/wp\/v2\/comments?post=575"}],"version-history":[{"count":0,"href":"https:\/\/md.rcm.upr.edu\/medicine\/wp-json\/wp\/v2\/pages\/575\/revisions"}],"wp:attachment":[{"href":"https:\/\/md.rcm.upr.edu\/medicine\/wp-json\/wp\/v2\/media?parent=575"}],"curies":[{"name":"wp","href":"https:\/\/api.w.org\/{rel}","templated":true}]}}