{"id":596,"date":"2015-06-15T12:11:05","date_gmt":"2015-06-15T16:11:05","guid":{"rendered":"http:\/\/md.rcm.upr.edu\/medicine\/?page_id=596"},"modified":"2015-12-03T09:44:15","modified_gmt":"2015-12-03T13:44:15","slug":"department-leadership","status":"publish","type":"page","link":"https:\/\/md.rcm.upr.edu\/medicine\/department-leadership\/","title":{"rendered":"Department Leadership"},"content":{"rendered":"<p><strong>Administration<\/strong><\/p>\n<p>Internal Medicine Department Chair<br \/>\nIvonne Z. Jim\u00e9nez-Vel\u00e1zquez, MD, FACP<\/p>\n<p>Vice-Chair for Clinical Affairs<br \/>\nCarlos G. Rivera Berm\u00fadez, MD<\/p>\n<p>Vice-Chair for Education<br \/>\nHumberto Guiot Martinez, MD, FACP<\/p>\n<p>Director of Faculty Development<br \/>\nYohana de Jes\u00fas Berrios, MD<\/p>\n<p>Director of Research Affairs<br \/>\nJuan M. Aranda Ramirez, MD, FACC, FACP<\/p>\n<p>Director of Quality &amp; Safety<br \/>\nWendy Matos Negr\u00f3n, PhD<\/p>\n<p>Deputy Chairman UPR Carolina Hospital<br \/>\nManuel Gonz\u00e1lez Rodr\u00edguez, MD<\/p>\n<p>Director Internal Medicine Residency Training Program<br \/>\nJos\u00e9 Colon-M\u00e1rquez, MD, FACP<\/p>\n<p>Department Administrator<br \/>\nOsvaldo Cajigas Rosario, MHSA<\/p>\n<p><strong>Section Chiefs<\/strong><\/p>\n<p>Cardiology<br \/>\n\u00c1ngel L\u00f3pez-Candales, MD, FACC, FASE<\/p>\n<p>Endocrinology &amp; Metabolism (Interim)<br \/>\nMargarita Ramirez Vick, MD, FACE<\/p>\n<p>Gastroenterology and Liver Diseases (Interim)<br \/>\nV\u00edctor L.Carlo Chevere, MD<\/p>\n<p>General Internal Medicine<br \/>\nJos\u00e9 A. Col\u00f3n Marquez, MD, FACP<\/p>\n<p>Geriatrics<br \/>\nJuan A. Rosado Matos, MD, JD<\/p>\n<p>Hematology-Medical Oncology<br \/>\nEileen Pacheco Hern\u00e1ndez, MD<\/p>\n<p>Infectious Diseases<br \/>\nCarlos S\u00e1nchez Sergent\u00f3n, MD<\/p>\n<p>Nephrology<br \/>\nCarlos G. Rivera Berm\u00fadez, MD<\/p>\n<p>Neurology<br \/>\nCarlos A. Luciano Rom\u00e1n, MD, FAAN, FAANEM<\/p>\n<p>Pneumology<br \/>\n\u00c1ngel F. Laureano Cuadrado, MD, FACP, FCCP<\/p>\n<p>Rheumatology, Allergy &amp; Immunology<br \/>\nLuis M. Vil\u00e1 P\u00e9rez, MD<\/p>\n<p><strong>IM-Residency Program Director and Associate Program Directors<\/strong><\/p>\n<p>Chair, Department of Medicine<br \/>\nIvonne Jim\u00e9nez, MD, FACP<\/p>\n<p>Program Director<br \/>\nJose Col\u00f3n M\u00e1rquez, MD, FACP<\/p>\n<p>Associate Program Director<br \/>\nCarlos Fernandez Sifre, MD<\/p>\n<p>Associate Program Director<br \/>\nVanessa Sep\u00falveda, MD<\/p>\n<p>Program Administrator<br \/>\nGlorimar Caraballo-Correa, MS<\/p>\n<p>Program Coordinator<br \/>\nVanessa Caraballo, MBA<\/p>\n<p><strong>IM-Residency Program Core Faculty<\/strong><\/p>\n<p>The core faculty are the expert competency evaluators who work closely with the<br \/>\nProgram Director and Associate Program Directors, who assist developing and implementing<br \/>\nthe evaluation system, and who teach and advise residents.<\/p>\n<p>Dr. Carlos Gonz\u00e1lez Oppenheimer<br \/>\nDr. David Mart\u00ednez<br \/>\nDr. Carlos Fern\u00e1ndez Sifre<br \/>\nDr. Vanessa Sep\u00falveda<br \/>\nDr. Jes\u00fas Mu\u00f1iz<br \/>\nDr. Juan Rosado Matos<br \/>\nDr. Esther Torres<br \/>\nDr. Adelaida Ort\u00edz<br \/>\nDr. Mar\u00eda L\u00f3pez<\/p>\n","protected":false},"excerpt":{"rendered":"<p>Administration Internal Medicine Department Chair Ivonne Z. Jim\u00e9nez-Vel\u00e1zquez, MD, FACP Vice-Chair for Clinical Affairs Carlos G. Rivera Berm\u00fadez, MD Vice-Chair for Education Humberto Guiot Martinez, MD, FACP Director of Faculty Development Yohana de Jes\u00fas Berrios, MD Director of Research Affairs Juan M. Aranda Ramirez, MD, FACC, FACP Director of Quality &amp; Safety Wendy Matos Negr\u00f3n,&hellip;<\/p>\n","protected":false},"author":20,"featured_media":0,"parent":0,"menu_order":0,"comment_status":"closed","ping_status":"closed","template":"","meta":{"footnotes":""},"class_list":["post-596","page","type-page","status-publish","hentry","description-off"],"aioseo_notices":[],"_links":{"self":[{"href":"https:\/\/md.rcm.upr.edu\/medicine\/wp-json\/wp\/v2\/pages\/596","targetHints":{"allow":["GET"]}}],"collection":[{"href":"https:\/\/md.rcm.upr.edu\/medicine\/wp-json\/wp\/v2\/pages"}],"about":[{"href":"https:\/\/md.rcm.upr.edu\/medicine\/wp-json\/wp\/v2\/types\/page"}],"author":[{"embeddable":true,"href":"https:\/\/md.rcm.upr.edu\/medicine\/wp-json\/wp\/v2\/users\/20"}],"replies":[{"embeddable":true,"href":"https:\/\/md.rcm.upr.edu\/medicine\/wp-json\/wp\/v2\/comments?post=596"}],"version-history":[{"count":0,"href":"https:\/\/md.rcm.upr.edu\/medicine\/wp-json\/wp\/v2\/pages\/596\/revisions"}],"wp:attachment":[{"href":"https:\/\/md.rcm.upr.edu\/medicine\/wp-json\/wp\/v2\/media?parent=596"}],"curies":[{"name":"wp","href":"https:\/\/api.w.org\/{rel}","templated":true}]}}